{"id":7232,"date":"2021-12-02T17:32:16","date_gmt":"2021-12-02T16:32:16","guid":{"rendered":"https:\/\/att-investments.eu\/?post_type=product&#038;p=7232"},"modified":"2022-01-19T10:23:02","modified_gmt":"2022-01-19T09:23:02","slug":"nahrdelnik-artemis-3","status":"publish","type":"product","link":"https:\/\/att-investments.eu\/sk\/produkt\/nahrdelnik-artemis-3\/","title":{"rendered":"N\u00e1hrdeln\u00edk Artemis"},"content":{"rendered":"","protected":false},"excerpt":{"rendered":"<p><strong>Cena je uveden\u00e1 s DPH<\/strong><\/p>\n","protected":false},"featured_media":7653,"template":"","meta":{"_acf_changed":false},"product_cat":[86,84],"product_tag":[],"class_list":{"0":"post-7232","1":"product","2":"type-product","3":"status-publish","4":"has-post-thumbnail","6":"product_cat-nahrdelniky-sk","7":"product_cat-sperky-sk","8":"pa_barva-kovu-ruzove-zlato-sk","9":"pa_kameny-diamant-sk","10":"pa_material-zlato-sk","11":"pa_ryzost-14-kt-sk","13":"first","14":"instock","15":"shipping-taxable","16":"product-type-simple"},"acf":[],"yoast_head":"<!-- This site is optimized with the Yoast SEO plugin v22.8 - https:\/\/yoast.com\/wordpress\/plugins\/seo\/ -->\n<title>N\u00e1hrdeln\u00edk Artemis - Investujte do budoucnosti - ATT Investments<\/title>\n<meta name=\"description\" content=\"N\u00e1hrdeln\u00edk ARTEMIS. Diamantov\u00fd n\u00e1hrdeln\u00edk z ru\u017eov\u00e9ho zlata. Ponuka \u0161perkov od ATT Investments. Prstene, n\u00e1u\u0161nice, n\u00e1hrdeln\u00edky a pr\u00edvesky.\" \/>\n<meta name=\"robots\" content=\"index, follow, max-snippet:-1, max-image-preview:large, max-video-preview:-1\" \/>\n<link rel=\"canonical\" href=\"https:\/\/att-investments.eu\/sk\/produkt\/nahrdelnik-artemis-3\/\" \/>\n<meta property=\"og:locale\" content=\"sk_SK\" \/>\n<meta property=\"og:type\" content=\"article\" \/>\n<meta property=\"og:title\" content=\"N\u00e1hrdeln\u00edk Artemis - Investujte do budoucnosti - ATT Investments\" \/>\n<meta property=\"og:description\" content=\"N\u00e1hrdeln\u00edk ARTEMIS. Diamantov\u00fd n\u00e1hrdeln\u00edk z ru\u017eov\u00e9ho zlata. Ponuka \u0161perkov od ATT Investments. Prstene, n\u00e1u\u0161nice, n\u00e1hrdeln\u00edky a pr\u00edvesky.\" \/>\n<meta property=\"og:url\" content=\"https:\/\/att-investments.eu\/sk\/produkt\/nahrdelnik-artemis-3\/\" \/>\n<meta property=\"og:site_name\" content=\"Investujte do budoucnosti - ATT Investments\" \/>\n<meta property=\"article:modified_time\" content=\"2022-01-19T09:23:02+00:00\" \/>\n<meta property=\"og:image\" content=\"https:\/\/att-investments.eu\/wp-content\/uploads\/2021\/12\/Artemis-ruzove-zlato-1.jpg\" \/>\n\t<meta property=\"og:image:width\" content=\"1920\" \/>\n\t<meta property=\"og:image:height\" content=\"1150\" \/>\n\t<meta property=\"og:image:type\" content=\"image\/jpeg\" \/>\n<meta name=\"twitter:card\" content=\"summary_large_image\" \/>\n<script type=\"application\/ld+json\" class=\"yoast-schema-graph\">{\"@context\":\"https:\/\/schema.org\",\"@graph\":[{\"@type\":\"WebPage\",\"@id\":\"https:\/\/att-investments.eu\/sk\/produkt\/nahrdelnik-artemis-3\/\",\"url\":\"https:\/\/att-investments.eu\/sk\/produkt\/nahrdelnik-artemis-3\/\",\"name\":\"N\u00e1hrdeln\u00edk Artemis - Investujte do budoucnosti - ATT Investments\",\"isPartOf\":{\"@id\":\"https:\/\/att-investments.eu\/#website\"},\"primaryImageOfPage\":{\"@id\":\"https:\/\/att-investments.eu\/sk\/produkt\/nahrdelnik-artemis-3\/#primaryimage\"},\"image\":{\"@id\":\"https:\/\/att-investments.eu\/sk\/produkt\/nahrdelnik-artemis-3\/#primaryimage\"},\"thumbnailUrl\":\"https:\/\/att-investments.eu\/wp-content\/uploads\/2021\/12\/Artemis-ruzove-zlato-1.jpg\",\"datePublished\":\"2021-12-02T16:32:16+00:00\",\"dateModified\":\"2022-01-19T09:23:02+00:00\",\"description\":\"N\u00e1hrdeln\u00edk ARTEMIS. Diamantov\u00fd n\u00e1hrdeln\u00edk z ru\u017eov\u00e9ho zlata. Ponuka \u0161perkov od ATT Investments. Prstene, n\u00e1u\u0161nice, n\u00e1hrdeln\u00edky a pr\u00edvesky.\",\"breadcrumb\":{\"@id\":\"https:\/\/att-investments.eu\/sk\/produkt\/nahrdelnik-artemis-3\/#breadcrumb\"},\"inLanguage\":\"sk-SK\",\"potentialAction\":[{\"@type\":\"ReadAction\",\"target\":[\"https:\/\/att-investments.eu\/sk\/produkt\/nahrdelnik-artemis-3\/\"]}]},{\"@type\":\"ImageObject\",\"inLanguage\":\"sk-SK\",\"@id\":\"https:\/\/att-investments.eu\/sk\/produkt\/nahrdelnik-artemis-3\/#primaryimage\",\"url\":\"https:\/\/att-investments.eu\/wp-content\/uploads\/2021\/12\/Artemis-ruzove-zlato-1.jpg\",\"contentUrl\":\"https:\/\/att-investments.eu\/wp-content\/uploads\/2021\/12\/Artemis-ruzove-zlato-1.jpg\",\"width\":1920,\"height\":1150},{\"@type\":\"BreadcrumbList\",\"@id\":\"https:\/\/att-investments.eu\/sk\/produkt\/nahrdelnik-artemis-3\/#breadcrumb\",\"itemListElement\":[{\"@type\":\"ListItem\",\"position\":1,\"name\":\"Dom\u016f\",\"item\":\"https:\/\/att-investments.eu\/sk\/\"},{\"@type\":\"ListItem\",\"position\":2,\"name\":\"Shop\",\"item\":\"https:\/\/att-investments.eu\/sk\/shop\/\"},{\"@type\":\"ListItem\",\"position\":3,\"name\":\"N\u00e1hrdeln\u00edk Artemis\"}]},{\"@type\":\"WebSite\",\"@id\":\"https:\/\/att-investments.eu\/#website\",\"url\":\"https:\/\/att-investments.eu\/\",\"name\":\"Investujte do budoucnosti - ATT Investments\",\"description\":\"Chr\u00e1n\u00edme hodnotu Va\u0161ich pen\u011bz\",\"publisher\":{\"@id\":\"https:\/\/att-investments.eu\/#organization\"},\"potentialAction\":[{\"@type\":\"SearchAction\",\"target\":{\"@type\":\"EntryPoint\",\"urlTemplate\":\"https:\/\/att-investments.eu\/?s={search_term_string}\"},\"query-input\":\"required name=search_term_string\"}],\"inLanguage\":\"sk-SK\"},{\"@type\":\"Organization\",\"@id\":\"https:\/\/att-investments.eu\/#organization\",\"name\":\"Investujte do budoucnosti - ATT Investments\",\"url\":\"https:\/\/att-investments.eu\/\",\"logo\":{\"@type\":\"ImageObject\",\"inLanguage\":\"sk-SK\",\"@id\":\"https:\/\/att-investments.eu\/#\/schema\/logo\/image\/\",\"url\":\"https:\/\/att-investments.eu\/wp-content\/uploads\/2021\/10\/SvgjsG1008.png\",\"contentUrl\":\"https:\/\/att-investments.eu\/wp-content\/uploads\/2021\/10\/SvgjsG1008.png\",\"width\":857,\"height\":138,\"caption\":\"Investujte do budoucnosti - ATT Investments\"},\"image\":{\"@id\":\"https:\/\/att-investments.eu\/#\/schema\/logo\/image\/\"}}]}<\/script>\n<!-- \/ Yoast SEO plugin. -->","yoast_head_json":{"title":"N\u00e1hrdeln\u00edk Artemis - Investujte do budoucnosti - ATT Investments","description":"N\u00e1hrdeln\u00edk ARTEMIS. Diamantov\u00fd n\u00e1hrdeln\u00edk z ru\u017eov\u00e9ho zlata. Ponuka \u0161perkov od ATT Investments. Prstene, n\u00e1u\u0161nice, n\u00e1hrdeln\u00edky a pr\u00edvesky.","robots":{"index":"index","follow":"follow","max-snippet":"max-snippet:-1","max-image-preview":"max-image-preview:large","max-video-preview":"max-video-preview:-1"},"canonical":"https:\/\/att-investments.eu\/sk\/produkt\/nahrdelnik-artemis-3\/","og_locale":"sk_SK","og_type":"article","og_title":"N\u00e1hrdeln\u00edk Artemis - Investujte do budoucnosti - ATT Investments","og_description":"N\u00e1hrdeln\u00edk ARTEMIS. Diamantov\u00fd n\u00e1hrdeln\u00edk z ru\u017eov\u00e9ho zlata. Ponuka \u0161perkov od ATT Investments. Prstene, n\u00e1u\u0161nice, n\u00e1hrdeln\u00edky a pr\u00edvesky.","og_url":"https:\/\/att-investments.eu\/sk\/produkt\/nahrdelnik-artemis-3\/","og_site_name":"Investujte do budoucnosti - ATT Investments","article_modified_time":"2022-01-19T09:23:02+00:00","og_image":[{"width":1920,"height":1150,"url":"https:\/\/att-investments.eu\/wp-content\/uploads\/2021\/12\/Artemis-ruzove-zlato-1.jpg","type":"image\/jpeg"}],"twitter_card":"summary_large_image","schema":{"@context":"https:\/\/schema.org","@graph":[{"@type":"WebPage","@id":"https:\/\/att-investments.eu\/sk\/produkt\/nahrdelnik-artemis-3\/","url":"https:\/\/att-investments.eu\/sk\/produkt\/nahrdelnik-artemis-3\/","name":"N\u00e1hrdeln\u00edk Artemis - Investujte do budoucnosti - ATT Investments","isPartOf":{"@id":"https:\/\/att-investments.eu\/#website"},"primaryImageOfPage":{"@id":"https:\/\/att-investments.eu\/sk\/produkt\/nahrdelnik-artemis-3\/#primaryimage"},"image":{"@id":"https:\/\/att-investments.eu\/sk\/produkt\/nahrdelnik-artemis-3\/#primaryimage"},"thumbnailUrl":"https:\/\/att-investments.eu\/wp-content\/uploads\/2021\/12\/Artemis-ruzove-zlato-1.jpg","datePublished":"2021-12-02T16:32:16+00:00","dateModified":"2022-01-19T09:23:02+00:00","description":"N\u00e1hrdeln\u00edk ARTEMIS. Diamantov\u00fd n\u00e1hrdeln\u00edk z ru\u017eov\u00e9ho zlata. Ponuka \u0161perkov od ATT Investments. Prstene, n\u00e1u\u0161nice, n\u00e1hrdeln\u00edky a pr\u00edvesky.","breadcrumb":{"@id":"https:\/\/att-investments.eu\/sk\/produkt\/nahrdelnik-artemis-3\/#breadcrumb"},"inLanguage":"sk-SK","potentialAction":[{"@type":"ReadAction","target":["https:\/\/att-investments.eu\/sk\/produkt\/nahrdelnik-artemis-3\/"]}]},{"@type":"ImageObject","inLanguage":"sk-SK","@id":"https:\/\/att-investments.eu\/sk\/produkt\/nahrdelnik-artemis-3\/#primaryimage","url":"https:\/\/att-investments.eu\/wp-content\/uploads\/2021\/12\/Artemis-ruzove-zlato-1.jpg","contentUrl":"https:\/\/att-investments.eu\/wp-content\/uploads\/2021\/12\/Artemis-ruzove-zlato-1.jpg","width":1920,"height":1150},{"@type":"BreadcrumbList","@id":"https:\/\/att-investments.eu\/sk\/produkt\/nahrdelnik-artemis-3\/#breadcrumb","itemListElement":[{"@type":"ListItem","position":1,"name":"Dom\u016f","item":"https:\/\/att-investments.eu\/sk\/"},{"@type":"ListItem","position":2,"name":"Shop","item":"https:\/\/att-investments.eu\/sk\/shop\/"},{"@type":"ListItem","position":3,"name":"N\u00e1hrdeln\u00edk Artemis"}]},{"@type":"WebSite","@id":"https:\/\/att-investments.eu\/#website","url":"https:\/\/att-investments.eu\/","name":"Investujte do budoucnosti - ATT Investments","description":"Chr\u00e1n\u00edme hodnotu Va\u0161ich pen\u011bz","publisher":{"@id":"https:\/\/att-investments.eu\/#organization"},"potentialAction":[{"@type":"SearchAction","target":{"@type":"EntryPoint","urlTemplate":"https:\/\/att-investments.eu\/?s={search_term_string}"},"query-input":"required name=search_term_string"}],"inLanguage":"sk-SK"},{"@type":"Organization","@id":"https:\/\/att-investments.eu\/#organization","name":"Investujte do budoucnosti - ATT Investments","url":"https:\/\/att-investments.eu\/","logo":{"@type":"ImageObject","inLanguage":"sk-SK","@id":"https:\/\/att-investments.eu\/#\/schema\/logo\/image\/","url":"https:\/\/att-investments.eu\/wp-content\/uploads\/2021\/10\/SvgjsG1008.png","contentUrl":"https:\/\/att-investments.eu\/wp-content\/uploads\/2021\/10\/SvgjsG1008.png","width":857,"height":138,"caption":"Investujte do budoucnosti - ATT Investments"},"image":{"@id":"https:\/\/att-investments.eu\/#\/schema\/logo\/image\/"}}]}},"_links":{"self":[{"href":"https:\/\/att-investments.eu\/sk\/wp-json\/wp\/v2\/product\/7232","targetHints":{"allow":["GET"]}}],"collection":[{"href":"https:\/\/att-investments.eu\/sk\/wp-json\/wp\/v2\/product"}],"about":[{"href":"https:\/\/att-investments.eu\/sk\/wp-json\/wp\/v2\/types\/product"}],"wp:featuredmedia":[{"embeddable":true,"href":"https:\/\/att-investments.eu\/sk\/wp-json\/wp\/v2\/media\/7653"}],"wp:attachment":[{"href":"https:\/\/att-investments.eu\/sk\/wp-json\/wp\/v2\/media?parent=7232"}],"wp:term":[{"taxonomy":"product_cat","embeddable":true,"href":"https:\/\/att-investments.eu\/sk\/wp-json\/wp\/v2\/product_cat?post=7232"},{"taxonomy":"product_tag","embeddable":true,"href":"https:\/\/att-investments.eu\/sk\/wp-json\/wp\/v2\/product_tag?post=7232"}],"curies":[{"name":"wp","href":"https:\/\/api.w.org\/{rel}","templated":true}]}}