{"id":7117,"date":"2021-12-02T13:09:26","date_gmt":"2021-12-02T12:09:26","guid":{"rendered":"https:\/\/att-investments.eu\/?post_type=product&#038;p=7117"},"modified":"2022-01-18T10:00:57","modified_gmt":"2022-01-18T09:00:57","slug":"ceska-znamka-1993-maly-statni-znak","status":"publish","type":"product","link":"https:\/\/att-investments.eu\/sk\/produkt\/ceska-znamka-1993-maly-statni-znak\/","title":{"rendered":"\u010cesk\u00e1 zn\u00e1mka 1993 <br>Mal\u00fd \u0161t\u00e1tny znak"},"content":{"rendered":"<p><strong>\u010cesk\u00e1 zn\u00e1mka 1993 &#8211; Mal\u00fd \u0161t\u00e1tny znak<\/strong><\/p>\n<div>\n<p>Materi\u00e1l: Au 986\/1000<br \/>\nHmotnos\u0165: 9 g<br \/>\nRozmer: 33 x 33 mm<br \/>\nN\u00e1klad: 200 ks<br \/>\nV\u00fdrobca: Mincov\u0148a Kremnica \u0161.p.<\/p>\n<p>Materi\u00e1l: Ag\u00a0 925\/1000<br \/>\nHmotnos\u0165: 6,5 g<br \/>\nRozmer: 33 x 33 mm<br \/>\nN\u00e1klad: 200 ks<br \/>\nV\u00fdrobca: Mincov\u0148a Kremnica \u0161.p.<\/p>\n<p><strong>(set dvoch znakov Au, Ag &#8211; nepred\u00e1va sa samostatne)<\/strong><\/p>\n<\/div>\n","protected":false},"excerpt":{"rendered":"<p><strong>Cena je uveden\u00e1 s DPH<\/strong><\/p>\n","protected":false},"featured_media":7116,"template":"","meta":{"_acf_changed":false},"product_cat":[248,80],"product_tag":[],"class_list":{"0":"post-7117","1":"product","2":"type-product","3":"status-publish","4":"has-post-thumbnail","6":"product_cat-ceska-znamka-1993-sk","7":"product_cat-investicne-mince","9":"first","10":"instock","11":"shipping-taxable","12":"purchasable","13":"product-type-simple"},"acf":[],"yoast_head":"<!-- This site is optimized with the Yoast SEO plugin v22.8 - https:\/\/yoast.com\/wordpress\/plugins\/seo\/ -->\n<title>\u010cesk\u00e1 zn\u00e1mka 1993 Mal\u00fd \u0161t\u00e1tny znak - Investujte do budoucnosti - ATT Investments<\/title>\n<meta name=\"description\" content=\"\u010cesk\u00e1 zn\u00e1mka 1993. Mal\u00fd \u0161t\u00e1tny znak. Set dvoch znakov Au, Ag. Predaj zlatej a striebornej zn\u00e1mky mal\u00fd \u0161t\u00e1tny znak v ATT Investments.\" \/>\n<meta name=\"robots\" content=\"index, follow, max-snippet:-1, max-image-preview:large, max-video-preview:-1\" \/>\n<link rel=\"canonical\" href=\"https:\/\/att-investments.eu\/sk\/produkt\/ceska-znamka-1993-maly-statni-znak\/\" \/>\n<meta property=\"og:locale\" content=\"sk_SK\" \/>\n<meta property=\"og:type\" content=\"article\" \/>\n<meta property=\"og:title\" content=\"\u010cesk\u00e1 zn\u00e1mka 1993 Mal\u00fd \u0161t\u00e1tny znak - Investujte do budoucnosti - ATT Investments\" \/>\n<meta property=\"og:description\" content=\"\u010cesk\u00e1 zn\u00e1mka 1993. Mal\u00fd \u0161t\u00e1tny znak. Set dvoch znakov Au, Ag. Predaj zlatej a striebornej zn\u00e1mky mal\u00fd \u0161t\u00e1tny znak v ATT Investments.\" \/>\n<meta property=\"og:url\" content=\"https:\/\/att-investments.eu\/sk\/produkt\/ceska-znamka-1993-maly-statni-znak\/\" \/>\n<meta property=\"og:site_name\" content=\"Investujte do budoucnosti - ATT Investments\" \/>\n<meta property=\"article:modified_time\" content=\"2022-01-18T09:00:57+00:00\" \/>\n<meta property=\"og:image\" content=\"https:\/\/att-investments.eu\/wp-content\/uploads\/2021\/12\/@att-december-12.png\" \/>\n\t<meta property=\"og:image:width\" content=\"1080\" \/>\n\t<meta property=\"og:image:height\" content=\"1350\" \/>\n\t<meta property=\"og:image:type\" content=\"image\/png\" \/>\n<meta name=\"twitter:card\" content=\"summary_large_image\" \/>\n<script type=\"application\/ld+json\" class=\"yoast-schema-graph\">{\"@context\":\"https:\/\/schema.org\",\"@graph\":[{\"@type\":\"WebPage\",\"@id\":\"https:\/\/att-investments.eu\/sk\/produkt\/ceska-znamka-1993-maly-statni-znak\/\",\"url\":\"https:\/\/att-investments.eu\/sk\/produkt\/ceska-znamka-1993-maly-statni-znak\/\",\"name\":\"\u010cesk\u00e1 zn\u00e1mka 1993 Mal\u00fd \u0161t\u00e1tny znak - Investujte do budoucnosti - ATT Investments\",\"isPartOf\":{\"@id\":\"https:\/\/att-investments.eu\/#website\"},\"primaryImageOfPage\":{\"@id\":\"https:\/\/att-investments.eu\/sk\/produkt\/ceska-znamka-1993-maly-statni-znak\/#primaryimage\"},\"image\":{\"@id\":\"https:\/\/att-investments.eu\/sk\/produkt\/ceska-znamka-1993-maly-statni-znak\/#primaryimage\"},\"thumbnailUrl\":\"https:\/\/att-investments.eu\/wp-content\/uploads\/2021\/12\/@att-december-12.png\",\"datePublished\":\"2021-12-02T12:09:26+00:00\",\"dateModified\":\"2022-01-18T09:00:57+00:00\",\"description\":\"\u010cesk\u00e1 zn\u00e1mka 1993. Mal\u00fd \u0161t\u00e1tny znak. Set dvoch znakov Au, Ag. Predaj zlatej a striebornej zn\u00e1mky mal\u00fd \u0161t\u00e1tny znak v ATT Investments.\",\"breadcrumb\":{\"@id\":\"https:\/\/att-investments.eu\/sk\/produkt\/ceska-znamka-1993-maly-statni-znak\/#breadcrumb\"},\"inLanguage\":\"sk-SK\",\"potentialAction\":[{\"@type\":\"ReadAction\",\"target\":[\"https:\/\/att-investments.eu\/sk\/produkt\/ceska-znamka-1993-maly-statni-znak\/\"]}]},{\"@type\":\"ImageObject\",\"inLanguage\":\"sk-SK\",\"@id\":\"https:\/\/att-investments.eu\/sk\/produkt\/ceska-znamka-1993-maly-statni-znak\/#primaryimage\",\"url\":\"https:\/\/att-investments.eu\/wp-content\/uploads\/2021\/12\/@att-december-12.png\",\"contentUrl\":\"https:\/\/att-investments.eu\/wp-content\/uploads\/2021\/12\/@att-december-12.png\",\"width\":1080,\"height\":1350},{\"@type\":\"BreadcrumbList\",\"@id\":\"https:\/\/att-investments.eu\/sk\/produkt\/ceska-znamka-1993-maly-statni-znak\/#breadcrumb\",\"itemListElement\":[{\"@type\":\"ListItem\",\"position\":1,\"name\":\"Dom\u016f\",\"item\":\"https:\/\/att-investments.eu\/sk\/\"},{\"@type\":\"ListItem\",\"position\":2,\"name\":\"Shop\",\"item\":\"https:\/\/att-investments.eu\/sk\/shop\/\"},{\"@type\":\"ListItem\",\"position\":3,\"name\":\"\u010cesk\u00e1 zn\u00e1mka 1993 Mal\u00fd \u0161t\u00e1tny znak\"}]},{\"@type\":\"WebSite\",\"@id\":\"https:\/\/att-investments.eu\/#website\",\"url\":\"https:\/\/att-investments.eu\/\",\"name\":\"Investujte do budoucnosti - ATT Investments\",\"description\":\"Chr\u00e1n\u00edme hodnotu Va\u0161ich pen\u011bz\",\"publisher\":{\"@id\":\"https:\/\/att-investments.eu\/#organization\"},\"potentialAction\":[{\"@type\":\"SearchAction\",\"target\":{\"@type\":\"EntryPoint\",\"urlTemplate\":\"https:\/\/att-investments.eu\/?s={search_term_string}\"},\"query-input\":\"required name=search_term_string\"}],\"inLanguage\":\"sk-SK\"},{\"@type\":\"Organization\",\"@id\":\"https:\/\/att-investments.eu\/#organization\",\"name\":\"Investujte do budoucnosti - ATT Investments\",\"url\":\"https:\/\/att-investments.eu\/\",\"logo\":{\"@type\":\"ImageObject\",\"inLanguage\":\"sk-SK\",\"@id\":\"https:\/\/att-investments.eu\/#\/schema\/logo\/image\/\",\"url\":\"https:\/\/att-investments.eu\/wp-content\/uploads\/2021\/10\/SvgjsG1008.png\",\"contentUrl\":\"https:\/\/att-investments.eu\/wp-content\/uploads\/2021\/10\/SvgjsG1008.png\",\"width\":857,\"height\":138,\"caption\":\"Investujte do budoucnosti - ATT Investments\"},\"image\":{\"@id\":\"https:\/\/att-investments.eu\/#\/schema\/logo\/image\/\"}}]}<\/script>\n<!-- \/ Yoast SEO plugin. -->","yoast_head_json":{"title":"\u010cesk\u00e1 zn\u00e1mka 1993 Mal\u00fd \u0161t\u00e1tny znak - Investujte do budoucnosti - ATT Investments","description":"\u010cesk\u00e1 zn\u00e1mka 1993. Mal\u00fd \u0161t\u00e1tny znak. Set dvoch znakov Au, Ag. Predaj zlatej a striebornej zn\u00e1mky mal\u00fd \u0161t\u00e1tny znak v ATT Investments.","robots":{"index":"index","follow":"follow","max-snippet":"max-snippet:-1","max-image-preview":"max-image-preview:large","max-video-preview":"max-video-preview:-1"},"canonical":"https:\/\/att-investments.eu\/sk\/produkt\/ceska-znamka-1993-maly-statni-znak\/","og_locale":"sk_SK","og_type":"article","og_title":"\u010cesk\u00e1 zn\u00e1mka 1993 Mal\u00fd \u0161t\u00e1tny znak - Investujte do budoucnosti - ATT Investments","og_description":"\u010cesk\u00e1 zn\u00e1mka 1993. Mal\u00fd \u0161t\u00e1tny znak. Set dvoch znakov Au, Ag. Predaj zlatej a striebornej zn\u00e1mky mal\u00fd \u0161t\u00e1tny znak v ATT Investments.","og_url":"https:\/\/att-investments.eu\/sk\/produkt\/ceska-znamka-1993-maly-statni-znak\/","og_site_name":"Investujte do budoucnosti - ATT Investments","article_modified_time":"2022-01-18T09:00:57+00:00","og_image":[{"width":1080,"height":1350,"url":"https:\/\/att-investments.eu\/wp-content\/uploads\/2021\/12\/@att-december-12.png","type":"image\/png"}],"twitter_card":"summary_large_image","schema":{"@context":"https:\/\/schema.org","@graph":[{"@type":"WebPage","@id":"https:\/\/att-investments.eu\/sk\/produkt\/ceska-znamka-1993-maly-statni-znak\/","url":"https:\/\/att-investments.eu\/sk\/produkt\/ceska-znamka-1993-maly-statni-znak\/","name":"\u010cesk\u00e1 zn\u00e1mka 1993 Mal\u00fd \u0161t\u00e1tny znak - Investujte do budoucnosti - ATT Investments","isPartOf":{"@id":"https:\/\/att-investments.eu\/#website"},"primaryImageOfPage":{"@id":"https:\/\/att-investments.eu\/sk\/produkt\/ceska-znamka-1993-maly-statni-znak\/#primaryimage"},"image":{"@id":"https:\/\/att-investments.eu\/sk\/produkt\/ceska-znamka-1993-maly-statni-znak\/#primaryimage"},"thumbnailUrl":"https:\/\/att-investments.eu\/wp-content\/uploads\/2021\/12\/@att-december-12.png","datePublished":"2021-12-02T12:09:26+00:00","dateModified":"2022-01-18T09:00:57+00:00","description":"\u010cesk\u00e1 zn\u00e1mka 1993. Mal\u00fd \u0161t\u00e1tny znak. Set dvoch znakov Au, Ag. Predaj zlatej a striebornej zn\u00e1mky mal\u00fd \u0161t\u00e1tny znak v ATT Investments.","breadcrumb":{"@id":"https:\/\/att-investments.eu\/sk\/produkt\/ceska-znamka-1993-maly-statni-znak\/#breadcrumb"},"inLanguage":"sk-SK","potentialAction":[{"@type":"ReadAction","target":["https:\/\/att-investments.eu\/sk\/produkt\/ceska-znamka-1993-maly-statni-znak\/"]}]},{"@type":"ImageObject","inLanguage":"sk-SK","@id":"https:\/\/att-investments.eu\/sk\/produkt\/ceska-znamka-1993-maly-statni-znak\/#primaryimage","url":"https:\/\/att-investments.eu\/wp-content\/uploads\/2021\/12\/@att-december-12.png","contentUrl":"https:\/\/att-investments.eu\/wp-content\/uploads\/2021\/12\/@att-december-12.png","width":1080,"height":1350},{"@type":"BreadcrumbList","@id":"https:\/\/att-investments.eu\/sk\/produkt\/ceska-znamka-1993-maly-statni-znak\/#breadcrumb","itemListElement":[{"@type":"ListItem","position":1,"name":"Dom\u016f","item":"https:\/\/att-investments.eu\/sk\/"},{"@type":"ListItem","position":2,"name":"Shop","item":"https:\/\/att-investments.eu\/sk\/shop\/"},{"@type":"ListItem","position":3,"name":"\u010cesk\u00e1 zn\u00e1mka 1993 Mal\u00fd \u0161t\u00e1tny znak"}]},{"@type":"WebSite","@id":"https:\/\/att-investments.eu\/#website","url":"https:\/\/att-investments.eu\/","name":"Investujte do budoucnosti - ATT Investments","description":"Chr\u00e1n\u00edme hodnotu Va\u0161ich pen\u011bz","publisher":{"@id":"https:\/\/att-investments.eu\/#organization"},"potentialAction":[{"@type":"SearchAction","target":{"@type":"EntryPoint","urlTemplate":"https:\/\/att-investments.eu\/?s={search_term_string}"},"query-input":"required name=search_term_string"}],"inLanguage":"sk-SK"},{"@type":"Organization","@id":"https:\/\/att-investments.eu\/#organization","name":"Investujte do budoucnosti - ATT Investments","url":"https:\/\/att-investments.eu\/","logo":{"@type":"ImageObject","inLanguage":"sk-SK","@id":"https:\/\/att-investments.eu\/#\/schema\/logo\/image\/","url":"https:\/\/att-investments.eu\/wp-content\/uploads\/2021\/10\/SvgjsG1008.png","contentUrl":"https:\/\/att-investments.eu\/wp-content\/uploads\/2021\/10\/SvgjsG1008.png","width":857,"height":138,"caption":"Investujte do budoucnosti - ATT Investments"},"image":{"@id":"https:\/\/att-investments.eu\/#\/schema\/logo\/image\/"}}]}},"_links":{"self":[{"href":"https:\/\/att-investments.eu\/sk\/wp-json\/wp\/v2\/product\/7117","targetHints":{"allow":["GET"]}}],"collection":[{"href":"https:\/\/att-investments.eu\/sk\/wp-json\/wp\/v2\/product"}],"about":[{"href":"https:\/\/att-investments.eu\/sk\/wp-json\/wp\/v2\/types\/product"}],"wp:featuredmedia":[{"embeddable":true,"href":"https:\/\/att-investments.eu\/sk\/wp-json\/wp\/v2\/media\/7116"}],"wp:attachment":[{"href":"https:\/\/att-investments.eu\/sk\/wp-json\/wp\/v2\/media?parent=7117"}],"wp:term":[{"taxonomy":"product_cat","embeddable":true,"href":"https:\/\/att-investments.eu\/sk\/wp-json\/wp\/v2\/product_cat?post=7117"},{"taxonomy":"product_tag","embeddable":true,"href":"https:\/\/att-investments.eu\/sk\/wp-json\/wp\/v2\/product_tag?post=7117"}],"curies":[{"name":"wp","href":"https:\/\/api.w.org\/{rel}","templated":true}]}}