{"id":7069,"date":"2021-11-29T16:17:20","date_gmt":"2021-11-29T15:17:20","guid":{"rendered":"https:\/\/att-investments.eu\/produkt\/nausnice-carla\/"},"modified":"2021-12-03T08:38:20","modified_gmt":"2021-12-03T07:38:20","slug":"nausnice-carla","status":"publish","type":"product","link":"https:\/\/att-investments.eu\/sk\/produkt\/nausnice-carla\/","title":{"rendered":"N\u00e1u\u0161nice CARLA"},"content":{"rendered":"","protected":false},"excerpt":{"rendered":"<p><strong>Cena je uveden\u00e1 s DPH<\/strong><\/p>\n","protected":false},"featured_media":6285,"template":"","meta":{"_acf_changed":false},"product_cat":[87,84],"product_tag":[],"class_list":{"0":"post-7069","1":"product","2":"type-product","3":"status-publish","4":"has-post-thumbnail","6":"product_cat-nausnice-sk","7":"product_cat-sperky-sk","8":"pa_barva-kovu-zlte-zlato-sk","9":"pa_material-zlato-sk","10":"pa_prilezitost-darek-pro-ni-sk","11":"pa_prilezitost-narozeni-ditete-sk","12":"pa_prilezitost-narozeniny-sk","13":"pa_prilezitost-vyroci-sk","14":"pa_ryzost-14-kt-sk","16":"first","17":"instock","18":"shipping-taxable","19":"purchasable","20":"product-type-simple"},"acf":[],"yoast_head":"<!-- This site is optimized with the Yoast SEO plugin v22.8 - https:\/\/yoast.com\/wordpress\/plugins\/seo\/ -->\n<title>N\u00e1u\u0161nice CARLA - Investujte do budoucnosti - ATT Investments<\/title>\n<meta name=\"robots\" content=\"index, follow, max-snippet:-1, max-image-preview:large, max-video-preview:-1\" \/>\n<link rel=\"canonical\" href=\"https:\/\/att-investments.eu\/sk\/produkt\/nausnice-carla\/\" \/>\n<meta property=\"og:locale\" content=\"sk_SK\" \/>\n<meta property=\"og:type\" content=\"article\" \/>\n<meta property=\"og:title\" content=\"N\u00e1u\u0161nice CARLA - Investujte do budoucnosti - ATT Investments\" \/>\n<meta property=\"og:description\" content=\"Cena je uveden\u00e1 s DPH\" \/>\n<meta property=\"og:url\" content=\"https:\/\/att-investments.eu\/sk\/produkt\/nausnice-carla\/\" \/>\n<meta property=\"og:site_name\" content=\"Investujte do budoucnosti - ATT Investments\" \/>\n<meta property=\"article:modified_time\" content=\"2021-12-03T07:38:20+00:00\" \/>\n<meta property=\"og:image\" content=\"https:\/\/att-investments.eu\/wp-content\/uploads\/2021\/11\/N1-1.jpg\" \/>\n\t<meta property=\"og:image:width\" content=\"1800\" \/>\n\t<meta property=\"og:image:height\" content=\"1119\" \/>\n\t<meta property=\"og:image:type\" content=\"image\/jpeg\" \/>\n<meta name=\"twitter:card\" content=\"summary_large_image\" \/>\n<script type=\"application\/ld+json\" class=\"yoast-schema-graph\">{\"@context\":\"https:\/\/schema.org\",\"@graph\":[{\"@type\":\"WebPage\",\"@id\":\"https:\/\/att-investments.eu\/sk\/produkt\/nausnice-carla\/\",\"url\":\"https:\/\/att-investments.eu\/sk\/produkt\/nausnice-carla\/\",\"name\":\"N\u00e1u\u0161nice CARLA - Investujte do budoucnosti - ATT Investments\",\"isPartOf\":{\"@id\":\"https:\/\/att-investments.eu\/#website\"},\"primaryImageOfPage\":{\"@id\":\"https:\/\/att-investments.eu\/sk\/produkt\/nausnice-carla\/#primaryimage\"},\"image\":{\"@id\":\"https:\/\/att-investments.eu\/sk\/produkt\/nausnice-carla\/#primaryimage\"},\"thumbnailUrl\":\"https:\/\/att-investments.eu\/wp-content\/uploads\/2021\/11\/N1-1.jpg\",\"datePublished\":\"2021-11-29T15:17:20+00:00\",\"dateModified\":\"2021-12-03T07:38:20+00:00\",\"breadcrumb\":{\"@id\":\"https:\/\/att-investments.eu\/sk\/produkt\/nausnice-carla\/#breadcrumb\"},\"inLanguage\":\"sk-SK\",\"potentialAction\":[{\"@type\":\"ReadAction\",\"target\":[\"https:\/\/att-investments.eu\/sk\/produkt\/nausnice-carla\/\"]}]},{\"@type\":\"ImageObject\",\"inLanguage\":\"sk-SK\",\"@id\":\"https:\/\/att-investments.eu\/sk\/produkt\/nausnice-carla\/#primaryimage\",\"url\":\"https:\/\/att-investments.eu\/wp-content\/uploads\/2021\/11\/N1-1.jpg\",\"contentUrl\":\"https:\/\/att-investments.eu\/wp-content\/uploads\/2021\/11\/N1-1.jpg\",\"width\":1800,\"height\":1119},{\"@type\":\"BreadcrumbList\",\"@id\":\"https:\/\/att-investments.eu\/sk\/produkt\/nausnice-carla\/#breadcrumb\",\"itemListElement\":[{\"@type\":\"ListItem\",\"position\":1,\"name\":\"Dom\u016f\",\"item\":\"https:\/\/att-investments.eu\/sk\/\"},{\"@type\":\"ListItem\",\"position\":2,\"name\":\"Shop\",\"item\":\"https:\/\/att-investments.eu\/sk\/shop\/\"},{\"@type\":\"ListItem\",\"position\":3,\"name\":\"N\u00e1u\u0161nice CARLA\"}]},{\"@type\":\"WebSite\",\"@id\":\"https:\/\/att-investments.eu\/#website\",\"url\":\"https:\/\/att-investments.eu\/\",\"name\":\"Investujte do budoucnosti - ATT Investments\",\"description\":\"Chr\u00e1n\u00edme hodnotu Va\u0161ich pen\u011bz\",\"publisher\":{\"@id\":\"https:\/\/att-investments.eu\/#organization\"},\"potentialAction\":[{\"@type\":\"SearchAction\",\"target\":{\"@type\":\"EntryPoint\",\"urlTemplate\":\"https:\/\/att-investments.eu\/?s={search_term_string}\"},\"query-input\":\"required name=search_term_string\"}],\"inLanguage\":\"sk-SK\"},{\"@type\":\"Organization\",\"@id\":\"https:\/\/att-investments.eu\/#organization\",\"name\":\"Investujte do budoucnosti - ATT Investments\",\"url\":\"https:\/\/att-investments.eu\/\",\"logo\":{\"@type\":\"ImageObject\",\"inLanguage\":\"sk-SK\",\"@id\":\"https:\/\/att-investments.eu\/#\/schema\/logo\/image\/\",\"url\":\"https:\/\/att-investments.eu\/wp-content\/uploads\/2021\/10\/SvgjsG1008.png\",\"contentUrl\":\"https:\/\/att-investments.eu\/wp-content\/uploads\/2021\/10\/SvgjsG1008.png\",\"width\":857,\"height\":138,\"caption\":\"Investujte do budoucnosti - ATT Investments\"},\"image\":{\"@id\":\"https:\/\/att-investments.eu\/#\/schema\/logo\/image\/\"}}]}<\/script>\n<!-- \/ Yoast SEO plugin. -->","yoast_head_json":{"title":"N\u00e1u\u0161nice CARLA - Investujte do budoucnosti - ATT Investments","robots":{"index":"index","follow":"follow","max-snippet":"max-snippet:-1","max-image-preview":"max-image-preview:large","max-video-preview":"max-video-preview:-1"},"canonical":"https:\/\/att-investments.eu\/sk\/produkt\/nausnice-carla\/","og_locale":"sk_SK","og_type":"article","og_title":"N\u00e1u\u0161nice CARLA - Investujte do budoucnosti - ATT Investments","og_description":"Cena je uveden\u00e1 s DPH","og_url":"https:\/\/att-investments.eu\/sk\/produkt\/nausnice-carla\/","og_site_name":"Investujte do budoucnosti - ATT Investments","article_modified_time":"2021-12-03T07:38:20+00:00","og_image":[{"width":1800,"height":1119,"url":"https:\/\/att-investments.eu\/wp-content\/uploads\/2021\/11\/N1-1.jpg","type":"image\/jpeg"}],"twitter_card":"summary_large_image","schema":{"@context":"https:\/\/schema.org","@graph":[{"@type":"WebPage","@id":"https:\/\/att-investments.eu\/sk\/produkt\/nausnice-carla\/","url":"https:\/\/att-investments.eu\/sk\/produkt\/nausnice-carla\/","name":"N\u00e1u\u0161nice CARLA - Investujte do budoucnosti - ATT Investments","isPartOf":{"@id":"https:\/\/att-investments.eu\/#website"},"primaryImageOfPage":{"@id":"https:\/\/att-investments.eu\/sk\/produkt\/nausnice-carla\/#primaryimage"},"image":{"@id":"https:\/\/att-investments.eu\/sk\/produkt\/nausnice-carla\/#primaryimage"},"thumbnailUrl":"https:\/\/att-investments.eu\/wp-content\/uploads\/2021\/11\/N1-1.jpg","datePublished":"2021-11-29T15:17:20+00:00","dateModified":"2021-12-03T07:38:20+00:00","breadcrumb":{"@id":"https:\/\/att-investments.eu\/sk\/produkt\/nausnice-carla\/#breadcrumb"},"inLanguage":"sk-SK","potentialAction":[{"@type":"ReadAction","target":["https:\/\/att-investments.eu\/sk\/produkt\/nausnice-carla\/"]}]},{"@type":"ImageObject","inLanguage":"sk-SK","@id":"https:\/\/att-investments.eu\/sk\/produkt\/nausnice-carla\/#primaryimage","url":"https:\/\/att-investments.eu\/wp-content\/uploads\/2021\/11\/N1-1.jpg","contentUrl":"https:\/\/att-investments.eu\/wp-content\/uploads\/2021\/11\/N1-1.jpg","width":1800,"height":1119},{"@type":"BreadcrumbList","@id":"https:\/\/att-investments.eu\/sk\/produkt\/nausnice-carla\/#breadcrumb","itemListElement":[{"@type":"ListItem","position":1,"name":"Dom\u016f","item":"https:\/\/att-investments.eu\/sk\/"},{"@type":"ListItem","position":2,"name":"Shop","item":"https:\/\/att-investments.eu\/sk\/shop\/"},{"@type":"ListItem","position":3,"name":"N\u00e1u\u0161nice CARLA"}]},{"@type":"WebSite","@id":"https:\/\/att-investments.eu\/#website","url":"https:\/\/att-investments.eu\/","name":"Investujte do budoucnosti - ATT Investments","description":"Chr\u00e1n\u00edme hodnotu Va\u0161ich pen\u011bz","publisher":{"@id":"https:\/\/att-investments.eu\/#organization"},"potentialAction":[{"@type":"SearchAction","target":{"@type":"EntryPoint","urlTemplate":"https:\/\/att-investments.eu\/?s={search_term_string}"},"query-input":"required name=search_term_string"}],"inLanguage":"sk-SK"},{"@type":"Organization","@id":"https:\/\/att-investments.eu\/#organization","name":"Investujte do budoucnosti - ATT Investments","url":"https:\/\/att-investments.eu\/","logo":{"@type":"ImageObject","inLanguage":"sk-SK","@id":"https:\/\/att-investments.eu\/#\/schema\/logo\/image\/","url":"https:\/\/att-investments.eu\/wp-content\/uploads\/2021\/10\/SvgjsG1008.png","contentUrl":"https:\/\/att-investments.eu\/wp-content\/uploads\/2021\/10\/SvgjsG1008.png","width":857,"height":138,"caption":"Investujte do budoucnosti - ATT Investments"},"image":{"@id":"https:\/\/att-investments.eu\/#\/schema\/logo\/image\/"}}]}},"_links":{"self":[{"href":"https:\/\/att-investments.eu\/sk\/wp-json\/wp\/v2\/product\/7069","targetHints":{"allow":["GET"]}}],"collection":[{"href":"https:\/\/att-investments.eu\/sk\/wp-json\/wp\/v2\/product"}],"about":[{"href":"https:\/\/att-investments.eu\/sk\/wp-json\/wp\/v2\/types\/product"}],"wp:featuredmedia":[{"embeddable":true,"href":"https:\/\/att-investments.eu\/sk\/wp-json\/wp\/v2\/media\/6285"}],"wp:attachment":[{"href":"https:\/\/att-investments.eu\/sk\/wp-json\/wp\/v2\/media?parent=7069"}],"wp:term":[{"taxonomy":"product_cat","embeddable":true,"href":"https:\/\/att-investments.eu\/sk\/wp-json\/wp\/v2\/product_cat?post=7069"},{"taxonomy":"product_tag","embeddable":true,"href":"https:\/\/att-investments.eu\/sk\/wp-json\/wp\/v2\/product_tag?post=7069"}],"curies":[{"name":"wp","href":"https:\/\/api.w.org\/{rel}","templated":true}]}}