{"id":7028,"date":"2021-09-29T08:27:02","date_gmt":"2021-09-29T06:27:02","guid":{"rendered":"https:\/\/att-investments.eu\/produkt\/senora-sol-y-estrellas-3\/"},"modified":"2022-01-19T11:35:02","modified_gmt":"2022-01-19T10:35:02","slug":"senora-sol-y-estrellas-3","status":"publish","type":"product","link":"https:\/\/att-investments.eu\/sk\/produkt\/senora-sol-y-estrellas-3\/","title":{"rendered":"Sen\u00f5ra SOL Y ESTRELLAS"},"content":{"rendered":"<p><strong>Funkcia<\/strong><br \/>\nHodiny a min\u00faty<\/p>\n<p><strong>Pohon<\/strong><br \/>\nCYS 1005<\/p>\n<p><strong>P\u00fazdro<\/strong><br \/>\nNerezov\u00e1 oce\u013e, priemer 34 mm, v\u00fd\u0161ka 7,1 mm, dvojito zakriven\u00e9 zaf\u00edrov\u00e9 skl\u00ed\u010dko s antireflexnou vrstvou, vodeodoln\u00e9 do 3 ATM, skrutkovan\u00e9 4 skrutky<\/p>\n<p><strong>Cifern\u00edk<\/strong><br \/>\n\u010cerven\u00fd a \u017elt\u00fd gilo\u0161ovan\u00fd cifern\u00edk, indexy plne br\u00fasen\u00fdch diamantov a aplikovan\u00e1 stredov\u00e1 dekor\u00e1cia<\/p>\n<p><strong>Ru\u010di\u010dky<\/strong><br \/>\nOce\u013eov\u00e9 farebn\u00e9 ruky<\/p>\n<p><strong>Remienok<\/strong><br \/>\nOran\u017eov\u00e1 te\u013eacia palmellato ko\u017ea<\/p>\n<p><strong>Pracka<\/strong><br \/>\nSkladacia pracka z nerezovej ocele, grav\u00edrovan\u00fd znak CyS<\/p>\n","protected":false},"excerpt":{"rendered":"<p><strong>Cena je uveden\u00e1 s DPH<\/strong><\/p>\n<p>3112.1SER<\/p>\n<p>Ke\u010f sa spolo\u010dnos\u0165 Cuervo y Sobrinos rozhodla vytvori\u0165 nov\u00e9 d\u00e1mske hodinky, in\u0161pirovala sa duchovn\u00fdmi hodnotami. Se\u00f1ora Sol y Estrellas ozna\u010duje slnko a hviezdy, ktor\u00e9 sa zhora pozeraj\u00fa na obyvate\u013eov Havany.<\/p>\n<p>Model navrhol hodinkov\u00fd designer Annick Woungley, ktor\u00fd sa narodil v Havane, v bl\u00edzkosti prv\u00e9ho butiku Cuervo y Sobrinos.<\/p>\n","protected":false},"featured_media":1493,"template":"","meta":{"_acf_changed":false},"product_cat":[78,77],"product_tag":[],"class_list":{"0":"post-7028","1":"product","2":"type-product","3":"status-publish","4":"has-post-thumbnail","6":"product_cat-damske-sk","7":"product_cat-hodinky-sk","8":"pa_modelova-rada-senora-sk","10":"first","11":"instock","12":"shipping-taxable","13":"product-type-simple"},"acf":[],"yoast_head":"<!-- This site is optimized with the Yoast SEO plugin v22.8 - https:\/\/yoast.com\/wordpress\/plugins\/seo\/ -->\n<title>Sen\u00f5ra SOL Y ESTRELLAS - Investujte do budoucnosti - ATT Investments<\/title>\n<meta name=\"description\" content=\"Sen\u00f5ra SOL Y ESTRELLAS hodinky Cuervo y Sobrinos. P\u00e1nske hodinky a d\u00e1mske hodinky Cuervo y Sobrinos.\" \/>\n<meta name=\"robots\" content=\"index, follow, max-snippet:-1, max-image-preview:large, max-video-preview:-1\" \/>\n<link rel=\"canonical\" href=\"https:\/\/att-investments.eu\/sk\/produkt\/senora-sol-y-estrellas-3\/\" \/>\n<meta property=\"og:locale\" content=\"sk_SK\" \/>\n<meta property=\"og:type\" content=\"article\" \/>\n<meta property=\"og:title\" content=\"Sen\u00f5ra SOL Y ESTRELLAS - Investujte do budoucnosti - ATT Investments\" \/>\n<meta property=\"og:description\" content=\"Sen\u00f5ra SOL Y ESTRELLAS hodinky Cuervo y Sobrinos. P\u00e1nske hodinky a d\u00e1mske hodinky Cuervo y Sobrinos.\" \/>\n<meta property=\"og:url\" content=\"https:\/\/att-investments.eu\/sk\/produkt\/senora-sol-y-estrellas-3\/\" \/>\n<meta property=\"og:site_name\" content=\"Investujte do budoucnosti - ATT Investments\" \/>\n<meta property=\"article:modified_time\" content=\"2022-01-19T10:35:02+00:00\" \/>\n<meta property=\"og:image\" content=\"https:\/\/att-investments.eu\/wp-content\/uploads\/2021\/09\/senora-solo-y-estrellas-3.png\" \/>\n\t<meta property=\"og:image:width\" content=\"394\" \/>\n\t<meta property=\"og:image:height\" content=\"620\" \/>\n\t<meta property=\"og:image:type\" content=\"image\/png\" \/>\n<meta name=\"twitter:card\" content=\"summary_large_image\" \/>\n<script type=\"application\/ld+json\" class=\"yoast-schema-graph\">{\"@context\":\"https:\/\/schema.org\",\"@graph\":[{\"@type\":\"WebPage\",\"@id\":\"https:\/\/att-investments.eu\/sk\/produkt\/senora-sol-y-estrellas-3\/\",\"url\":\"https:\/\/att-investments.eu\/sk\/produkt\/senora-sol-y-estrellas-3\/\",\"name\":\"Sen\u00f5ra SOL Y ESTRELLAS - Investujte do budoucnosti - ATT Investments\",\"isPartOf\":{\"@id\":\"https:\/\/att-investments.eu\/#website\"},\"primaryImageOfPage\":{\"@id\":\"https:\/\/att-investments.eu\/sk\/produkt\/senora-sol-y-estrellas-3\/#primaryimage\"},\"image\":{\"@id\":\"https:\/\/att-investments.eu\/sk\/produkt\/senora-sol-y-estrellas-3\/#primaryimage\"},\"thumbnailUrl\":\"https:\/\/att-investments.eu\/wp-content\/uploads\/2021\/09\/senora-solo-y-estrellas-3.png\",\"datePublished\":\"2021-09-29T06:27:02+00:00\",\"dateModified\":\"2022-01-19T10:35:02+00:00\",\"description\":\"Sen\u00f5ra SOL Y ESTRELLAS hodinky Cuervo y Sobrinos. P\u00e1nske hodinky a d\u00e1mske hodinky Cuervo y Sobrinos.\",\"breadcrumb\":{\"@id\":\"https:\/\/att-investments.eu\/sk\/produkt\/senora-sol-y-estrellas-3\/#breadcrumb\"},\"inLanguage\":\"sk-SK\",\"potentialAction\":[{\"@type\":\"ReadAction\",\"target\":[\"https:\/\/att-investments.eu\/sk\/produkt\/senora-sol-y-estrellas-3\/\"]}]},{\"@type\":\"ImageObject\",\"inLanguage\":\"sk-SK\",\"@id\":\"https:\/\/att-investments.eu\/sk\/produkt\/senora-sol-y-estrellas-3\/#primaryimage\",\"url\":\"https:\/\/att-investments.eu\/wp-content\/uploads\/2021\/09\/senora-solo-y-estrellas-3.png\",\"contentUrl\":\"https:\/\/att-investments.eu\/wp-content\/uploads\/2021\/09\/senora-solo-y-estrellas-3.png\",\"width\":394,\"height\":620},{\"@type\":\"BreadcrumbList\",\"@id\":\"https:\/\/att-investments.eu\/sk\/produkt\/senora-sol-y-estrellas-3\/#breadcrumb\",\"itemListElement\":[{\"@type\":\"ListItem\",\"position\":1,\"name\":\"Dom\u016f\",\"item\":\"https:\/\/att-investments.eu\/sk\/\"},{\"@type\":\"ListItem\",\"position\":2,\"name\":\"Shop\",\"item\":\"https:\/\/att-investments.eu\/sk\/shop\/\"},{\"@type\":\"ListItem\",\"position\":3,\"name\":\"Sen\u00f5ra SOL Y ESTRELLAS\"}]},{\"@type\":\"WebSite\",\"@id\":\"https:\/\/att-investments.eu\/#website\",\"url\":\"https:\/\/att-investments.eu\/\",\"name\":\"Investujte do budoucnosti - ATT Investments\",\"description\":\"Chr\u00e1n\u00edme hodnotu Va\u0161ich pen\u011bz\",\"publisher\":{\"@id\":\"https:\/\/att-investments.eu\/#organization\"},\"potentialAction\":[{\"@type\":\"SearchAction\",\"target\":{\"@type\":\"EntryPoint\",\"urlTemplate\":\"https:\/\/att-investments.eu\/?s={search_term_string}\"},\"query-input\":\"required name=search_term_string\"}],\"inLanguage\":\"sk-SK\"},{\"@type\":\"Organization\",\"@id\":\"https:\/\/att-investments.eu\/#organization\",\"name\":\"Investujte do budoucnosti - ATT Investments\",\"url\":\"https:\/\/att-investments.eu\/\",\"logo\":{\"@type\":\"ImageObject\",\"inLanguage\":\"sk-SK\",\"@id\":\"https:\/\/att-investments.eu\/#\/schema\/logo\/image\/\",\"url\":\"https:\/\/att-investments.eu\/wp-content\/uploads\/2021\/10\/SvgjsG1008.png\",\"contentUrl\":\"https:\/\/att-investments.eu\/wp-content\/uploads\/2021\/10\/SvgjsG1008.png\",\"width\":857,\"height\":138,\"caption\":\"Investujte do budoucnosti - ATT Investments\"},\"image\":{\"@id\":\"https:\/\/att-investments.eu\/#\/schema\/logo\/image\/\"}}]}<\/script>\n<!-- \/ Yoast SEO plugin. -->","yoast_head_json":{"title":"Sen\u00f5ra SOL Y ESTRELLAS - Investujte do budoucnosti - ATT Investments","description":"Sen\u00f5ra SOL Y ESTRELLAS hodinky Cuervo y Sobrinos. P\u00e1nske hodinky a d\u00e1mske hodinky Cuervo y Sobrinos.","robots":{"index":"index","follow":"follow","max-snippet":"max-snippet:-1","max-image-preview":"max-image-preview:large","max-video-preview":"max-video-preview:-1"},"canonical":"https:\/\/att-investments.eu\/sk\/produkt\/senora-sol-y-estrellas-3\/","og_locale":"sk_SK","og_type":"article","og_title":"Sen\u00f5ra SOL Y ESTRELLAS - Investujte do budoucnosti - ATT Investments","og_description":"Sen\u00f5ra SOL Y ESTRELLAS hodinky Cuervo y Sobrinos. P\u00e1nske hodinky a d\u00e1mske hodinky Cuervo y Sobrinos.","og_url":"https:\/\/att-investments.eu\/sk\/produkt\/senora-sol-y-estrellas-3\/","og_site_name":"Investujte do budoucnosti - ATT Investments","article_modified_time":"2022-01-19T10:35:02+00:00","og_image":[{"width":394,"height":620,"url":"https:\/\/att-investments.eu\/wp-content\/uploads\/2021\/09\/senora-solo-y-estrellas-3.png","type":"image\/png"}],"twitter_card":"summary_large_image","schema":{"@context":"https:\/\/schema.org","@graph":[{"@type":"WebPage","@id":"https:\/\/att-investments.eu\/sk\/produkt\/senora-sol-y-estrellas-3\/","url":"https:\/\/att-investments.eu\/sk\/produkt\/senora-sol-y-estrellas-3\/","name":"Sen\u00f5ra SOL Y ESTRELLAS - Investujte do budoucnosti - ATT Investments","isPartOf":{"@id":"https:\/\/att-investments.eu\/#website"},"primaryImageOfPage":{"@id":"https:\/\/att-investments.eu\/sk\/produkt\/senora-sol-y-estrellas-3\/#primaryimage"},"image":{"@id":"https:\/\/att-investments.eu\/sk\/produkt\/senora-sol-y-estrellas-3\/#primaryimage"},"thumbnailUrl":"https:\/\/att-investments.eu\/wp-content\/uploads\/2021\/09\/senora-solo-y-estrellas-3.png","datePublished":"2021-09-29T06:27:02+00:00","dateModified":"2022-01-19T10:35:02+00:00","description":"Sen\u00f5ra SOL Y ESTRELLAS hodinky Cuervo y Sobrinos. P\u00e1nske hodinky a d\u00e1mske hodinky Cuervo y Sobrinos.","breadcrumb":{"@id":"https:\/\/att-investments.eu\/sk\/produkt\/senora-sol-y-estrellas-3\/#breadcrumb"},"inLanguage":"sk-SK","potentialAction":[{"@type":"ReadAction","target":["https:\/\/att-investments.eu\/sk\/produkt\/senora-sol-y-estrellas-3\/"]}]},{"@type":"ImageObject","inLanguage":"sk-SK","@id":"https:\/\/att-investments.eu\/sk\/produkt\/senora-sol-y-estrellas-3\/#primaryimage","url":"https:\/\/att-investments.eu\/wp-content\/uploads\/2021\/09\/senora-solo-y-estrellas-3.png","contentUrl":"https:\/\/att-investments.eu\/wp-content\/uploads\/2021\/09\/senora-solo-y-estrellas-3.png","width":394,"height":620},{"@type":"BreadcrumbList","@id":"https:\/\/att-investments.eu\/sk\/produkt\/senora-sol-y-estrellas-3\/#breadcrumb","itemListElement":[{"@type":"ListItem","position":1,"name":"Dom\u016f","item":"https:\/\/att-investments.eu\/sk\/"},{"@type":"ListItem","position":2,"name":"Shop","item":"https:\/\/att-investments.eu\/sk\/shop\/"},{"@type":"ListItem","position":3,"name":"Sen\u00f5ra SOL Y ESTRELLAS"}]},{"@type":"WebSite","@id":"https:\/\/att-investments.eu\/#website","url":"https:\/\/att-investments.eu\/","name":"Investujte do budoucnosti - ATT Investments","description":"Chr\u00e1n\u00edme hodnotu Va\u0161ich pen\u011bz","publisher":{"@id":"https:\/\/att-investments.eu\/#organization"},"potentialAction":[{"@type":"SearchAction","target":{"@type":"EntryPoint","urlTemplate":"https:\/\/att-investments.eu\/?s={search_term_string}"},"query-input":"required name=search_term_string"}],"inLanguage":"sk-SK"},{"@type":"Organization","@id":"https:\/\/att-investments.eu\/#organization","name":"Investujte do budoucnosti - ATT Investments","url":"https:\/\/att-investments.eu\/","logo":{"@type":"ImageObject","inLanguage":"sk-SK","@id":"https:\/\/att-investments.eu\/#\/schema\/logo\/image\/","url":"https:\/\/att-investments.eu\/wp-content\/uploads\/2021\/10\/SvgjsG1008.png","contentUrl":"https:\/\/att-investments.eu\/wp-content\/uploads\/2021\/10\/SvgjsG1008.png","width":857,"height":138,"caption":"Investujte do budoucnosti - ATT Investments"},"image":{"@id":"https:\/\/att-investments.eu\/#\/schema\/logo\/image\/"}}]}},"_links":{"self":[{"href":"https:\/\/att-investments.eu\/sk\/wp-json\/wp\/v2\/product\/7028","targetHints":{"allow":["GET"]}}],"collection":[{"href":"https:\/\/att-investments.eu\/sk\/wp-json\/wp\/v2\/product"}],"about":[{"href":"https:\/\/att-investments.eu\/sk\/wp-json\/wp\/v2\/types\/product"}],"wp:featuredmedia":[{"embeddable":true,"href":"https:\/\/att-investments.eu\/sk\/wp-json\/wp\/v2\/media\/1493"}],"wp:attachment":[{"href":"https:\/\/att-investments.eu\/sk\/wp-json\/wp\/v2\/media?parent=7028"}],"wp:term":[{"taxonomy":"product_cat","embeddable":true,"href":"https:\/\/att-investments.eu\/sk\/wp-json\/wp\/v2\/product_cat?post=7028"},{"taxonomy":"product_tag","embeddable":true,"href":"https:\/\/att-investments.eu\/sk\/wp-json\/wp\/v2\/product_tag?post=7028"}],"curies":[{"name":"wp","href":"https:\/\/api.w.org\/{rel}","templated":true}]}}