{"id":7023,"date":"2021-09-29T08:14:43","date_gmt":"2021-09-29T06:14:43","guid":{"rendered":"https:\/\/att-investments.eu\/produkt\/senora-clasico-1\/"},"modified":"2022-01-19T11:32:57","modified_gmt":"2022-01-19T10:32:57","slug":"senora-clasico-1","status":"publish","type":"product","link":"https:\/\/att-investments.eu\/sk\/produkt\/senora-clasico-1\/","title":{"rendered":"Sen\u00f5ra CL\u00c1SICO"},"content":{"rendered":"<p><strong>Funkcia<\/strong><br \/>\nHodiny a min\u00faty<\/p>\n<p><strong>Pohon<\/strong><br \/>\nCYS 1004<\/p>\n<p><strong>P\u00fazdro<\/strong><br \/>\nNerezov\u00e1 oce\u013e, priemer 34 mm, v\u00fd\u0161ka 7,1 mm, dvojito zakriven\u00e9 zaf\u00edrov\u00e9 skl\u00ed\u010dko s antireflexnou vrstvou, vodeodoln\u00e9 do 3 ATM, skrutkovan\u00e9 4 skrutky<\/p>\n<p><strong>Cifern\u00edk<\/strong><br \/>\nBiela perle\u0165, aplikovan\u00e9 indexy, aplikovan\u00fd znak CyS<\/p>\n<p><strong>Ru\u010di\u010dky<\/strong><br \/>\nHodiny a min\u00faty, o\u0161etrenie r\u00f3diom<\/p>\n<p><strong>Remienok<\/strong><br \/>\nBiely matn\u00fd alig\u00e1tor Louisiana \u201epon pon\u201c<\/p>\n<p><strong>Pracka<\/strong><br \/>\nSkladacia pracka z nerezovej ocele, grav\u00edrovan\u00fd znak CyS<\/p>\n","protected":false},"excerpt":{"rendered":"<p><strong>Cena je uveden\u00e1 s DPH<\/strong><\/p>\n<p>3112.1MA<\/p>\n<p>Se\u00f1ora Cl\u00e1sico, in\u0161pirovan\u00e1 \u017eivotn\u00fdm \u0161t\u00fdlom, prevl\u00e1daj\u00facim v Havane v p\u00e4\u0165desiatych rokoch minul\u00e9ho storo\u010dia, zachyt\u00e1va k\u00fazlo tejto za\u0161lej \u00e9ry. Tieto hodinky up\u00fataj\u00fa pozornos\u0165 svojimi zmyseln\u00fdmi l\u00edniami a uhran\u010div\u00fdm vzh\u013eadom.<\/p>\n<p>Hodinky Se\u00f1ora CLASICO je mo\u017en\u00e9 doda\u0165 aj s 36 diamantmi, ktor\u00e9 s\u00fa osaden\u00e9 do vonkaj\u0161ej \u010dasti oce\u013eov\u00e9ho puzdra. Cenov\u00fa ponuku za\u0161leme na vy\u017eiadanie.<\/p>\n","protected":false},"featured_media":1474,"template":"","meta":{"_acf_changed":false},"product_cat":[78,77],"product_tag":[],"class_list":{"0":"post-7023","1":"product","2":"type-product","3":"status-publish","4":"has-post-thumbnail","6":"product_cat-damske-sk","7":"product_cat-hodinky-sk","8":"pa_modelova-rada-senora-sk","10":"first","11":"instock","12":"shipping-taxable","13":"product-type-simple"},"acf":[],"yoast_head":"<!-- This site is optimized with the Yoast SEO plugin v22.8 - https:\/\/yoast.com\/wordpress\/plugins\/seo\/ -->\n<title>Sen\u00f5ra CL\u00c1SICO - Investujte do budoucnosti - ATT Investments<\/title>\n<meta name=\"description\" content=\"Sen\u00f5ra CL\u00c1SICO hodinky Cuervo y Sobrinos. P\u00e1nske hodinky a d\u00e1mske hodinky Cuervo y Sobrinos.\" \/>\n<meta name=\"robots\" content=\"index, follow, max-snippet:-1, max-image-preview:large, max-video-preview:-1\" \/>\n<link rel=\"canonical\" href=\"https:\/\/att-investments.eu\/sk\/produkt\/senora-clasico-1\/\" \/>\n<meta property=\"og:locale\" content=\"sk_SK\" \/>\n<meta property=\"og:type\" content=\"article\" \/>\n<meta property=\"og:title\" content=\"Sen\u00f5ra CL\u00c1SICO - Investujte do budoucnosti - ATT Investments\" \/>\n<meta property=\"og:description\" content=\"Sen\u00f5ra CL\u00c1SICO hodinky Cuervo y Sobrinos. P\u00e1nske hodinky a d\u00e1mske hodinky Cuervo y Sobrinos.\" \/>\n<meta property=\"og:url\" content=\"https:\/\/att-investments.eu\/sk\/produkt\/senora-clasico-1\/\" \/>\n<meta property=\"og:site_name\" content=\"Investujte do budoucnosti - ATT Investments\" \/>\n<meta property=\"article:modified_time\" content=\"2022-01-19T10:32:57+00:00\" \/>\n<meta property=\"og:image\" content=\"https:\/\/att-investments.eu\/wp-content\/uploads\/2021\/09\/senora-clasico-1.png\" \/>\n\t<meta property=\"og:image:width\" content=\"394\" \/>\n\t<meta property=\"og:image:height\" content=\"620\" \/>\n\t<meta property=\"og:image:type\" content=\"image\/png\" \/>\n<meta name=\"twitter:card\" content=\"summary_large_image\" \/>\n<script type=\"application\/ld+json\" class=\"yoast-schema-graph\">{\"@context\":\"https:\/\/schema.org\",\"@graph\":[{\"@type\":\"WebPage\",\"@id\":\"https:\/\/att-investments.eu\/sk\/produkt\/senora-clasico-1\/\",\"url\":\"https:\/\/att-investments.eu\/sk\/produkt\/senora-clasico-1\/\",\"name\":\"Sen\u00f5ra CL\u00c1SICO - Investujte do budoucnosti - ATT Investments\",\"isPartOf\":{\"@id\":\"https:\/\/att-investments.eu\/#website\"},\"primaryImageOfPage\":{\"@id\":\"https:\/\/att-investments.eu\/sk\/produkt\/senora-clasico-1\/#primaryimage\"},\"image\":{\"@id\":\"https:\/\/att-investments.eu\/sk\/produkt\/senora-clasico-1\/#primaryimage\"},\"thumbnailUrl\":\"https:\/\/att-investments.eu\/wp-content\/uploads\/2021\/09\/senora-clasico-1.png\",\"datePublished\":\"2021-09-29T06:14:43+00:00\",\"dateModified\":\"2022-01-19T10:32:57+00:00\",\"description\":\"Sen\u00f5ra CL\u00c1SICO hodinky Cuervo y Sobrinos. P\u00e1nske hodinky a d\u00e1mske hodinky Cuervo y Sobrinos.\",\"breadcrumb\":{\"@id\":\"https:\/\/att-investments.eu\/sk\/produkt\/senora-clasico-1\/#breadcrumb\"},\"inLanguage\":\"sk-SK\",\"potentialAction\":[{\"@type\":\"ReadAction\",\"target\":[\"https:\/\/att-investments.eu\/sk\/produkt\/senora-clasico-1\/\"]}]},{\"@type\":\"ImageObject\",\"inLanguage\":\"sk-SK\",\"@id\":\"https:\/\/att-investments.eu\/sk\/produkt\/senora-clasico-1\/#primaryimage\",\"url\":\"https:\/\/att-investments.eu\/wp-content\/uploads\/2021\/09\/senora-clasico-1.png\",\"contentUrl\":\"https:\/\/att-investments.eu\/wp-content\/uploads\/2021\/09\/senora-clasico-1.png\",\"width\":394,\"height\":620},{\"@type\":\"BreadcrumbList\",\"@id\":\"https:\/\/att-investments.eu\/sk\/produkt\/senora-clasico-1\/#breadcrumb\",\"itemListElement\":[{\"@type\":\"ListItem\",\"position\":1,\"name\":\"Dom\u016f\",\"item\":\"https:\/\/att-investments.eu\/sk\/\"},{\"@type\":\"ListItem\",\"position\":2,\"name\":\"Shop\",\"item\":\"https:\/\/att-investments.eu\/sk\/shop\/\"},{\"@type\":\"ListItem\",\"position\":3,\"name\":\"Sen\u00f5ra CL\u00c1SICO\"}]},{\"@type\":\"WebSite\",\"@id\":\"https:\/\/att-investments.eu\/#website\",\"url\":\"https:\/\/att-investments.eu\/\",\"name\":\"Investujte do budoucnosti - ATT Investments\",\"description\":\"Chr\u00e1n\u00edme hodnotu Va\u0161ich pen\u011bz\",\"publisher\":{\"@id\":\"https:\/\/att-investments.eu\/#organization\"},\"potentialAction\":[{\"@type\":\"SearchAction\",\"target\":{\"@type\":\"EntryPoint\",\"urlTemplate\":\"https:\/\/att-investments.eu\/?s={search_term_string}\"},\"query-input\":\"required name=search_term_string\"}],\"inLanguage\":\"sk-SK\"},{\"@type\":\"Organization\",\"@id\":\"https:\/\/att-investments.eu\/#organization\",\"name\":\"Investujte do budoucnosti - ATT Investments\",\"url\":\"https:\/\/att-investments.eu\/\",\"logo\":{\"@type\":\"ImageObject\",\"inLanguage\":\"sk-SK\",\"@id\":\"https:\/\/att-investments.eu\/#\/schema\/logo\/image\/\",\"url\":\"https:\/\/att-investments.eu\/wp-content\/uploads\/2021\/10\/SvgjsG1008.png\",\"contentUrl\":\"https:\/\/att-investments.eu\/wp-content\/uploads\/2021\/10\/SvgjsG1008.png\",\"width\":857,\"height\":138,\"caption\":\"Investujte do budoucnosti - ATT Investments\"},\"image\":{\"@id\":\"https:\/\/att-investments.eu\/#\/schema\/logo\/image\/\"}}]}<\/script>\n<!-- \/ Yoast SEO plugin. -->","yoast_head_json":{"title":"Sen\u00f5ra CL\u00c1SICO - Investujte do budoucnosti - ATT Investments","description":"Sen\u00f5ra CL\u00c1SICO hodinky Cuervo y Sobrinos. P\u00e1nske hodinky a d\u00e1mske hodinky Cuervo y Sobrinos.","robots":{"index":"index","follow":"follow","max-snippet":"max-snippet:-1","max-image-preview":"max-image-preview:large","max-video-preview":"max-video-preview:-1"},"canonical":"https:\/\/att-investments.eu\/sk\/produkt\/senora-clasico-1\/","og_locale":"sk_SK","og_type":"article","og_title":"Sen\u00f5ra CL\u00c1SICO - Investujte do budoucnosti - ATT Investments","og_description":"Sen\u00f5ra CL\u00c1SICO hodinky Cuervo y Sobrinos. P\u00e1nske hodinky a d\u00e1mske hodinky Cuervo y Sobrinos.","og_url":"https:\/\/att-investments.eu\/sk\/produkt\/senora-clasico-1\/","og_site_name":"Investujte do budoucnosti - ATT Investments","article_modified_time":"2022-01-19T10:32:57+00:00","og_image":[{"width":394,"height":620,"url":"https:\/\/att-investments.eu\/wp-content\/uploads\/2021\/09\/senora-clasico-1.png","type":"image\/png"}],"twitter_card":"summary_large_image","schema":{"@context":"https:\/\/schema.org","@graph":[{"@type":"WebPage","@id":"https:\/\/att-investments.eu\/sk\/produkt\/senora-clasico-1\/","url":"https:\/\/att-investments.eu\/sk\/produkt\/senora-clasico-1\/","name":"Sen\u00f5ra CL\u00c1SICO - Investujte do budoucnosti - ATT Investments","isPartOf":{"@id":"https:\/\/att-investments.eu\/#website"},"primaryImageOfPage":{"@id":"https:\/\/att-investments.eu\/sk\/produkt\/senora-clasico-1\/#primaryimage"},"image":{"@id":"https:\/\/att-investments.eu\/sk\/produkt\/senora-clasico-1\/#primaryimage"},"thumbnailUrl":"https:\/\/att-investments.eu\/wp-content\/uploads\/2021\/09\/senora-clasico-1.png","datePublished":"2021-09-29T06:14:43+00:00","dateModified":"2022-01-19T10:32:57+00:00","description":"Sen\u00f5ra CL\u00c1SICO hodinky Cuervo y Sobrinos. P\u00e1nske hodinky a d\u00e1mske hodinky Cuervo y Sobrinos.","breadcrumb":{"@id":"https:\/\/att-investments.eu\/sk\/produkt\/senora-clasico-1\/#breadcrumb"},"inLanguage":"sk-SK","potentialAction":[{"@type":"ReadAction","target":["https:\/\/att-investments.eu\/sk\/produkt\/senora-clasico-1\/"]}]},{"@type":"ImageObject","inLanguage":"sk-SK","@id":"https:\/\/att-investments.eu\/sk\/produkt\/senora-clasico-1\/#primaryimage","url":"https:\/\/att-investments.eu\/wp-content\/uploads\/2021\/09\/senora-clasico-1.png","contentUrl":"https:\/\/att-investments.eu\/wp-content\/uploads\/2021\/09\/senora-clasico-1.png","width":394,"height":620},{"@type":"BreadcrumbList","@id":"https:\/\/att-investments.eu\/sk\/produkt\/senora-clasico-1\/#breadcrumb","itemListElement":[{"@type":"ListItem","position":1,"name":"Dom\u016f","item":"https:\/\/att-investments.eu\/sk\/"},{"@type":"ListItem","position":2,"name":"Shop","item":"https:\/\/att-investments.eu\/sk\/shop\/"},{"@type":"ListItem","position":3,"name":"Sen\u00f5ra CL\u00c1SICO"}]},{"@type":"WebSite","@id":"https:\/\/att-investments.eu\/#website","url":"https:\/\/att-investments.eu\/","name":"Investujte do budoucnosti - ATT Investments","description":"Chr\u00e1n\u00edme hodnotu Va\u0161ich pen\u011bz","publisher":{"@id":"https:\/\/att-investments.eu\/#organization"},"potentialAction":[{"@type":"SearchAction","target":{"@type":"EntryPoint","urlTemplate":"https:\/\/att-investments.eu\/?s={search_term_string}"},"query-input":"required name=search_term_string"}],"inLanguage":"sk-SK"},{"@type":"Organization","@id":"https:\/\/att-investments.eu\/#organization","name":"Investujte do budoucnosti - ATT Investments","url":"https:\/\/att-investments.eu\/","logo":{"@type":"ImageObject","inLanguage":"sk-SK","@id":"https:\/\/att-investments.eu\/#\/schema\/logo\/image\/","url":"https:\/\/att-investments.eu\/wp-content\/uploads\/2021\/10\/SvgjsG1008.png","contentUrl":"https:\/\/att-investments.eu\/wp-content\/uploads\/2021\/10\/SvgjsG1008.png","width":857,"height":138,"caption":"Investujte do budoucnosti - ATT Investments"},"image":{"@id":"https:\/\/att-investments.eu\/#\/schema\/logo\/image\/"}}]}},"_links":{"self":[{"href":"https:\/\/att-investments.eu\/sk\/wp-json\/wp\/v2\/product\/7023","targetHints":{"allow":["GET"]}}],"collection":[{"href":"https:\/\/att-investments.eu\/sk\/wp-json\/wp\/v2\/product"}],"about":[{"href":"https:\/\/att-investments.eu\/sk\/wp-json\/wp\/v2\/types\/product"}],"wp:featuredmedia":[{"embeddable":true,"href":"https:\/\/att-investments.eu\/sk\/wp-json\/wp\/v2\/media\/1474"}],"wp:attachment":[{"href":"https:\/\/att-investments.eu\/sk\/wp-json\/wp\/v2\/media?parent=7023"}],"wp:term":[{"taxonomy":"product_cat","embeddable":true,"href":"https:\/\/att-investments.eu\/sk\/wp-json\/wp\/v2\/product_cat?post=7023"},{"taxonomy":"product_tag","embeddable":true,"href":"https:\/\/att-investments.eu\/sk\/wp-json\/wp\/v2\/product_tag?post=7023"}],"curies":[{"name":"wp","href":"https:\/\/api.w.org\/{rel}","templated":true}]}}