{"id":7016,"date":"2021-09-27T20:34:13","date_gmt":"2021-09-27T18:34:13","guid":{"rendered":"https:\/\/att-investments.eu\/produkt\/vuelo-horas-del-mundo\/"},"modified":"2022-01-19T11:29:09","modified_gmt":"2022-01-19T10:29:09","slug":"vuelo-horas-del-mundo","status":"publish","type":"product","link":"https:\/\/att-investments.eu\/sk\/produkt\/vuelo-horas-del-mundo\/","title":{"rendered":"Vuelo HORAS DEL MUNDO"},"content":{"rendered":"<p><strong>Funkcia<\/strong><br \/>\nIndik\u00e1cia hod\u00edn, min\u00fat, centr\u00e1lnych sek\u00fand a svetov\u00e9ho \u010dasu.<\/p>\n<p><strong>Pohon<\/strong><br \/>\nCYS 5123<\/p>\n<p><strong>P\u00fazdro<\/strong><br \/>\nNerezov\u00e1 oce\u013e, priemer 44 mm, v\u00fd\u0161ka 11,4 mm, dvojito zahnut\u00e9 zaf\u00edrov\u00e9 skl\u00ed\u010dko s antireflexnou vrstvou, vodeodoln\u00e9 do 3 ATM, skrutkovan\u00e1 prieh\u013eadn\u00e1 zadn\u00e1 strana puzdra so zaf\u00edrov\u00fdm skl\u00ed\u010dkom<\/p>\n<p><strong>Cifern\u00edk<\/strong><br \/>\nDvoj\u00farov\u0148ov\u00fd \u010d\u00edseln\u00edk, centr\u00e1lne zaf\u00edrov\u00e9 skl\u00ed\u010dko s dekorom a embl\u00e9mom CyS, vonkaj\u0161\u00ed modr\u00fd r\u00e1m\u010dek s 25 mestami potla\u010den\u00fdmi bielo, svetov\u00fd \u010dasova\u010d 24hodinov\u00fd centr\u00e1lny disk<\/p>\n<p><strong>Ru\u010di\u010dky<\/strong><br \/>\nHodiny, min\u00faty so Superluminovou, \u010derven\u00e9 stredov\u00e9 sekundy<\/p>\n<p><strong>Remienok<\/strong><br \/>\nTmavomodr\u00e1 matn\u00e1 alcantara s alig\u00e1torovou vsadkou \u201epon pon\u201c.<\/p>\n<p><strong>Pracka<\/strong><br \/>\nSkladacia pracka z nerezovej ocele, grav\u00edrovan\u00fd znak CyS<\/p>\n","protected":false},"excerpt":{"rendered":"<p><strong>Cena je uveden\u00e1 s DPH<\/strong><\/p>\n<p>3202.1BHDM<\/p>\n<p>Prv\u00ed letci sa kedysi pozerali na oblohu a predstavovali si svet, kde \u013eudia nastupuj\u00fa do lietadiel a cestuj\u00fa do z\u00e1moria. Transkontinent\u00e1lne cestovanie je dnes s\u00fa\u010das\u0165ou ka\u017edodenn\u00e9ho \u017eivota, av\u0161ak slobodu, ktor\u00fa poskytuje, mo\u017eno prip\u00edsa\u0165 skupine pozoruhodn\u00fdch jednotlivcov. Cuervo y Sobrinos si skuto\u010dne vybrali meno \u201eVuelo\u201c, aby vyjadrili t\u00fa\u017ebu slobodne letie\u0165 do bud\u00facnosti, do sveta, ktor\u00fd m\u00f4\u017ee \u010daka\u0165 na ka\u017ed\u00e9ho z v\u00e1s s neuverite\u013en\u00fdmi pr\u00edle\u017eitos\u0165ami.<\/p>\n<p>Vuelo Horas del Mundo obsahuje ukazovate\u013e svetov\u00e9ho \u010dasu, ktor\u00fd pou\u017e\u00edvate\u013eovi umo\u017e\u0148uje vidie\u0165 aktu\u00e1lny \u010das na 25 r\u00f4znych miestach po celom svete. Okrem toho maj\u00fa tieto hodinky nespo\u010detn\u00e9 mno\u017estvo \u010fal\u0161\u00edch funkci\u00ed, ktor\u00e9 obohacuj\u00fa z\u00e1\u017eitok z vlastn\u00edctva.<\/p>\n","protected":false},"featured_media":854,"template":"","meta":{"_acf_changed":false},"product_cat":[77,79],"product_tag":[],"class_list":{"0":"post-7016","1":"product","2":"type-product","3":"status-publish","4":"has-post-thumbnail","6":"product_cat-hodinky-sk","7":"product_cat-panske-sk","8":"pa_modelova-rada-vuelo-sk","10":"first","11":"instock","12":"shipping-taxable","13":"product-type-simple"},"acf":[],"yoast_head":"<!-- This site is optimized with the Yoast SEO plugin v22.8 - https:\/\/yoast.com\/wordpress\/plugins\/seo\/ -->\n<title>Vuelo HORAS DEL MUNDO - Investujte do budoucnosti - ATT Investments<\/title>\n<meta name=\"description\" content=\"Vuelo HORAS DEL MUNDO hodinky Cuervo y Sobrinos. P\u00e1nske hodinky a d\u00e1mske hodinky Cuervo y Sobrinos.\" \/>\n<meta name=\"robots\" content=\"index, follow, max-snippet:-1, max-image-preview:large, max-video-preview:-1\" \/>\n<link rel=\"canonical\" href=\"https:\/\/att-investments.eu\/sk\/produkt\/vuelo-horas-del-mundo\/\" \/>\n<meta property=\"og:locale\" content=\"sk_SK\" \/>\n<meta property=\"og:type\" content=\"article\" \/>\n<meta property=\"og:title\" content=\"Vuelo HORAS DEL MUNDO - Investujte do budoucnosti - ATT Investments\" \/>\n<meta property=\"og:description\" content=\"Vuelo HORAS DEL MUNDO hodinky Cuervo y Sobrinos. P\u00e1nske hodinky a d\u00e1mske hodinky Cuervo y Sobrinos.\" \/>\n<meta property=\"og:url\" content=\"https:\/\/att-investments.eu\/sk\/produkt\/vuelo-horas-del-mundo\/\" \/>\n<meta property=\"og:site_name\" content=\"Investujte do budoucnosti - ATT Investments\" \/>\n<meta property=\"article:modified_time\" content=\"2022-01-19T10:29:09+00:00\" \/>\n<meta property=\"og:image\" content=\"https:\/\/att-investments.eu\/wp-content\/uploads\/2021\/09\/vuelo-horas-del-mundo-1.png\" \/>\n\t<meta property=\"og:image:width\" content=\"394\" \/>\n\t<meta property=\"og:image:height\" content=\"620\" \/>\n\t<meta property=\"og:image:type\" content=\"image\/png\" \/>\n<meta name=\"twitter:card\" content=\"summary_large_image\" \/>\n<meta name=\"twitter:label1\" content=\"Predpokladan\u00fd \u010das \u010d\u00edtania\" \/>\n\t<meta name=\"twitter:data1\" content=\"1 min\u00fata\" \/>\n<script type=\"application\/ld+json\" class=\"yoast-schema-graph\">{\"@context\":\"https:\/\/schema.org\",\"@graph\":[{\"@type\":\"WebPage\",\"@id\":\"https:\/\/att-investments.eu\/sk\/produkt\/vuelo-horas-del-mundo\/\",\"url\":\"https:\/\/att-investments.eu\/sk\/produkt\/vuelo-horas-del-mundo\/\",\"name\":\"Vuelo HORAS DEL MUNDO - Investujte do budoucnosti - ATT Investments\",\"isPartOf\":{\"@id\":\"https:\/\/att-investments.eu\/#website\"},\"primaryImageOfPage\":{\"@id\":\"https:\/\/att-investments.eu\/sk\/produkt\/vuelo-horas-del-mundo\/#primaryimage\"},\"image\":{\"@id\":\"https:\/\/att-investments.eu\/sk\/produkt\/vuelo-horas-del-mundo\/#primaryimage\"},\"thumbnailUrl\":\"https:\/\/att-investments.eu\/wp-content\/uploads\/2021\/09\/vuelo-horas-del-mundo-1.png\",\"datePublished\":\"2021-09-27T18:34:13+00:00\",\"dateModified\":\"2022-01-19T10:29:09+00:00\",\"description\":\"Vuelo HORAS DEL MUNDO hodinky Cuervo y Sobrinos. P\u00e1nske hodinky a d\u00e1mske hodinky Cuervo y Sobrinos.\",\"breadcrumb\":{\"@id\":\"https:\/\/att-investments.eu\/sk\/produkt\/vuelo-horas-del-mundo\/#breadcrumb\"},\"inLanguage\":\"sk-SK\",\"potentialAction\":[{\"@type\":\"ReadAction\",\"target\":[\"https:\/\/att-investments.eu\/sk\/produkt\/vuelo-horas-del-mundo\/\"]}]},{\"@type\":\"ImageObject\",\"inLanguage\":\"sk-SK\",\"@id\":\"https:\/\/att-investments.eu\/sk\/produkt\/vuelo-horas-del-mundo\/#primaryimage\",\"url\":\"https:\/\/att-investments.eu\/wp-content\/uploads\/2021\/09\/vuelo-horas-del-mundo-1.png\",\"contentUrl\":\"https:\/\/att-investments.eu\/wp-content\/uploads\/2021\/09\/vuelo-horas-del-mundo-1.png\",\"width\":394,\"height\":620},{\"@type\":\"BreadcrumbList\",\"@id\":\"https:\/\/att-investments.eu\/sk\/produkt\/vuelo-horas-del-mundo\/#breadcrumb\",\"itemListElement\":[{\"@type\":\"ListItem\",\"position\":1,\"name\":\"Dom\u016f\",\"item\":\"https:\/\/att-investments.eu\/sk\/\"},{\"@type\":\"ListItem\",\"position\":2,\"name\":\"Shop\",\"item\":\"https:\/\/att-investments.eu\/sk\/shop\/\"},{\"@type\":\"ListItem\",\"position\":3,\"name\":\"Vuelo HORAS DEL MUNDO\"}]},{\"@type\":\"WebSite\",\"@id\":\"https:\/\/att-investments.eu\/#website\",\"url\":\"https:\/\/att-investments.eu\/\",\"name\":\"Investujte do budoucnosti - ATT Investments\",\"description\":\"Chr\u00e1n\u00edme hodnotu Va\u0161ich pen\u011bz\",\"publisher\":{\"@id\":\"https:\/\/att-investments.eu\/#organization\"},\"potentialAction\":[{\"@type\":\"SearchAction\",\"target\":{\"@type\":\"EntryPoint\",\"urlTemplate\":\"https:\/\/att-investments.eu\/?s={search_term_string}\"},\"query-input\":\"required name=search_term_string\"}],\"inLanguage\":\"sk-SK\"},{\"@type\":\"Organization\",\"@id\":\"https:\/\/att-investments.eu\/#organization\",\"name\":\"Investujte do budoucnosti - ATT Investments\",\"url\":\"https:\/\/att-investments.eu\/\",\"logo\":{\"@type\":\"ImageObject\",\"inLanguage\":\"sk-SK\",\"@id\":\"https:\/\/att-investments.eu\/#\/schema\/logo\/image\/\",\"url\":\"https:\/\/att-investments.eu\/wp-content\/uploads\/2021\/10\/SvgjsG1008.png\",\"contentUrl\":\"https:\/\/att-investments.eu\/wp-content\/uploads\/2021\/10\/SvgjsG1008.png\",\"width\":857,\"height\":138,\"caption\":\"Investujte do budoucnosti - ATT Investments\"},\"image\":{\"@id\":\"https:\/\/att-investments.eu\/#\/schema\/logo\/image\/\"}}]}<\/script>\n<!-- \/ Yoast SEO plugin. -->","yoast_head_json":{"title":"Vuelo HORAS DEL MUNDO - Investujte do budoucnosti - ATT Investments","description":"Vuelo HORAS DEL MUNDO hodinky Cuervo y Sobrinos. P\u00e1nske hodinky a d\u00e1mske hodinky Cuervo y Sobrinos.","robots":{"index":"index","follow":"follow","max-snippet":"max-snippet:-1","max-image-preview":"max-image-preview:large","max-video-preview":"max-video-preview:-1"},"canonical":"https:\/\/att-investments.eu\/sk\/produkt\/vuelo-horas-del-mundo\/","og_locale":"sk_SK","og_type":"article","og_title":"Vuelo HORAS DEL MUNDO - Investujte do budoucnosti - ATT Investments","og_description":"Vuelo HORAS DEL MUNDO hodinky Cuervo y Sobrinos. P\u00e1nske hodinky a d\u00e1mske hodinky Cuervo y Sobrinos.","og_url":"https:\/\/att-investments.eu\/sk\/produkt\/vuelo-horas-del-mundo\/","og_site_name":"Investujte do budoucnosti - ATT Investments","article_modified_time":"2022-01-19T10:29:09+00:00","og_image":[{"width":394,"height":620,"url":"https:\/\/att-investments.eu\/wp-content\/uploads\/2021\/09\/vuelo-horas-del-mundo-1.png","type":"image\/png"}],"twitter_card":"summary_large_image","twitter_misc":{"Predpokladan\u00fd \u010das \u010d\u00edtania":"1 min\u00fata"},"schema":{"@context":"https:\/\/schema.org","@graph":[{"@type":"WebPage","@id":"https:\/\/att-investments.eu\/sk\/produkt\/vuelo-horas-del-mundo\/","url":"https:\/\/att-investments.eu\/sk\/produkt\/vuelo-horas-del-mundo\/","name":"Vuelo HORAS DEL MUNDO - Investujte do budoucnosti - ATT Investments","isPartOf":{"@id":"https:\/\/att-investments.eu\/#website"},"primaryImageOfPage":{"@id":"https:\/\/att-investments.eu\/sk\/produkt\/vuelo-horas-del-mundo\/#primaryimage"},"image":{"@id":"https:\/\/att-investments.eu\/sk\/produkt\/vuelo-horas-del-mundo\/#primaryimage"},"thumbnailUrl":"https:\/\/att-investments.eu\/wp-content\/uploads\/2021\/09\/vuelo-horas-del-mundo-1.png","datePublished":"2021-09-27T18:34:13+00:00","dateModified":"2022-01-19T10:29:09+00:00","description":"Vuelo HORAS DEL MUNDO hodinky Cuervo y Sobrinos. P\u00e1nske hodinky a d\u00e1mske hodinky Cuervo y Sobrinos.","breadcrumb":{"@id":"https:\/\/att-investments.eu\/sk\/produkt\/vuelo-horas-del-mundo\/#breadcrumb"},"inLanguage":"sk-SK","potentialAction":[{"@type":"ReadAction","target":["https:\/\/att-investments.eu\/sk\/produkt\/vuelo-horas-del-mundo\/"]}]},{"@type":"ImageObject","inLanguage":"sk-SK","@id":"https:\/\/att-investments.eu\/sk\/produkt\/vuelo-horas-del-mundo\/#primaryimage","url":"https:\/\/att-investments.eu\/wp-content\/uploads\/2021\/09\/vuelo-horas-del-mundo-1.png","contentUrl":"https:\/\/att-investments.eu\/wp-content\/uploads\/2021\/09\/vuelo-horas-del-mundo-1.png","width":394,"height":620},{"@type":"BreadcrumbList","@id":"https:\/\/att-investments.eu\/sk\/produkt\/vuelo-horas-del-mundo\/#breadcrumb","itemListElement":[{"@type":"ListItem","position":1,"name":"Dom\u016f","item":"https:\/\/att-investments.eu\/sk\/"},{"@type":"ListItem","position":2,"name":"Shop","item":"https:\/\/att-investments.eu\/sk\/shop\/"},{"@type":"ListItem","position":3,"name":"Vuelo HORAS DEL MUNDO"}]},{"@type":"WebSite","@id":"https:\/\/att-investments.eu\/#website","url":"https:\/\/att-investments.eu\/","name":"Investujte do budoucnosti - ATT Investments","description":"Chr\u00e1n\u00edme hodnotu Va\u0161ich pen\u011bz","publisher":{"@id":"https:\/\/att-investments.eu\/#organization"},"potentialAction":[{"@type":"SearchAction","target":{"@type":"EntryPoint","urlTemplate":"https:\/\/att-investments.eu\/?s={search_term_string}"},"query-input":"required name=search_term_string"}],"inLanguage":"sk-SK"},{"@type":"Organization","@id":"https:\/\/att-investments.eu\/#organization","name":"Investujte do budoucnosti - ATT Investments","url":"https:\/\/att-investments.eu\/","logo":{"@type":"ImageObject","inLanguage":"sk-SK","@id":"https:\/\/att-investments.eu\/#\/schema\/logo\/image\/","url":"https:\/\/att-investments.eu\/wp-content\/uploads\/2021\/10\/SvgjsG1008.png","contentUrl":"https:\/\/att-investments.eu\/wp-content\/uploads\/2021\/10\/SvgjsG1008.png","width":857,"height":138,"caption":"Investujte do budoucnosti - ATT Investments"},"image":{"@id":"https:\/\/att-investments.eu\/#\/schema\/logo\/image\/"}}]}},"_links":{"self":[{"href":"https:\/\/att-investments.eu\/sk\/wp-json\/wp\/v2\/product\/7016","targetHints":{"allow":["GET"]}}],"collection":[{"href":"https:\/\/att-investments.eu\/sk\/wp-json\/wp\/v2\/product"}],"about":[{"href":"https:\/\/att-investments.eu\/sk\/wp-json\/wp\/v2\/types\/product"}],"wp:featuredmedia":[{"embeddable":true,"href":"https:\/\/att-investments.eu\/sk\/wp-json\/wp\/v2\/media\/854"}],"wp:attachment":[{"href":"https:\/\/att-investments.eu\/sk\/wp-json\/wp\/v2\/media?parent=7016"}],"wp:term":[{"taxonomy":"product_cat","embeddable":true,"href":"https:\/\/att-investments.eu\/sk\/wp-json\/wp\/v2\/product_cat?post=7016"},{"taxonomy":"product_tag","embeddable":true,"href":"https:\/\/att-investments.eu\/sk\/wp-json\/wp\/v2\/product_tag?post=7016"}],"curies":[{"name":"wp","href":"https:\/\/api.w.org\/{rel}","templated":true}]}}