{"id":7015,"date":"2021-09-27T20:31:34","date_gmt":"2021-09-27T18:31:34","guid":{"rendered":"https:\/\/att-investments.eu\/produkt\/vuelo-gmt-2\/"},"modified":"2022-01-19T11:29:07","modified_gmt":"2022-01-19T10:29:07","slug":"vuelo-gmt-2","status":"publish","type":"product","link":"https:\/\/att-investments.eu\/sk\/produkt\/vuelo-gmt-2\/","title":{"rendered":"Vuelo GMT"},"content":{"rendered":"<p><strong>Funkcia<\/strong><br \/>\nHodiny, min\u00faty, centr\u00e1lne sekundy, d\u00e1tum, druh\u00e9 \u010dasov\u00e9 p\u00e1smo s centr\u00e1lnou ru\u010di\u010dkou a 24hodinovou indik\u00e1ciou<\/p>\n<p><strong>Pohon<\/strong><br \/>\nCYS 5123<\/p>\n<p><strong>P\u00fazdro<\/strong><br \/>\nNerezov\u00e1 oce\u013e, priemer 44 mm, v\u00fd\u0161ka 15,15 mm, dvojito zahnut\u00e9 zaf\u00edrov\u00e9 skl\u00ed\u010dko s antireflexnou vrstvou, vodeodoln\u00e9 do 3 ATM, skrutkovan\u00e1 prieh\u013eadn\u00e1 zadn\u00e1 strana puzdra so zaf\u00edrov\u00fdm skl\u00ed\u010dkom, miner\u00e1lne sklo K1<\/p>\n<p><strong>Cifern\u00edk<\/strong><br \/>\nModr\u00fd viac\u00farov\u0148ov\u00fd cifern\u00edk slonov\u00e1 kos\u0165 a modr\u00e1 farba, 24-hodinov\u00e1 tla\u010d na prvej \u00farovni, 8 pou\u017eit\u00fdch indexov a 3 pou\u017eit\u00e9 \u010d\u00edsla na druhej \u00farovni, tla\u010d min\u00fat a sek\u00fand na tretej \u00farovni, d\u00e1tum, aplikovan\u00fd znak CyS<\/p>\n<p><strong>Ru\u010di\u010dky<\/strong><br \/>\nOce\u013eov\u00fd tvar hod\u00edn a min\u00fat \u201edauphine\u201c s bielou Superluminovou, \u010derven\u00e1 \u0161\u00edpka centr\u00e1lna sekundov\u00e1 r\u00fa\u010dka, \u010derven\u00fd symbol 24 hod\u00edn<\/p>\n<p><strong>Remienok<\/strong><br \/>\nTmavomodr\u00e1 matn\u00e1 alcantara s alig\u00e1torovou vsadkou \u201epon pon\u201c.<\/p>\n<p><strong>Pracka<\/strong><br \/>\nSkladacia pracka z nerezovej ocele, grav\u00edrovan\u00fd znak CyS<\/p>\n","protected":false},"excerpt":{"rendered":"<p><strong>Cena je uveden\u00e1 s DPH<\/strong><\/p>\n<p>3204.1B<\/p>\n<p>Ke\u010f Cuervo y Sobrinos navrhol Vuelo GMT, pozrel sa do minulosti, ale rozhodol sa z cel\u00e9ho srdca prija\u0165 bud\u00facnos\u0165. N\u00e1zov \u201eVuelo\u201c skuto\u010dne znamen\u00e1 let \u2013 let do bud\u00facnosti, miesto, kde na dobrodru\u017en\u00e9ho nosite\u013ea \u010dak\u00e1 nev\u0161edn\u00e1 pr\u00edle\u017eitos\u0165.<\/p>\n<p>Ka\u017ed\u00fd prvok tohto Vuelo GMT je modern\u00fd a \u0161portov\u00fd. Puzdro z nerezovej ocele meria v priemere 44 mm, dvakr\u00e1t zakriven\u00e9 zaf\u00edrov\u00e9 skl\u00ed\u010dko umo\u017e\u0148uje zaplavi\u0165 povrch \u010d\u00edseln\u00edka svetlom a zvy\u0161uje \u010ditate\u013enos\u0165. Celkov\u00fd design dod\u00e1va hodink\u00e1m mimoriadny vzh\u013ead a pritiahne pozornos\u0165 na va\u0161e z\u00e1p\u00e4stie.<\/p>\n","protected":false},"featured_media":849,"template":"","meta":{"_acf_changed":false},"product_cat":[77,79],"product_tag":[],"class_list":{"0":"post-7015","1":"product","2":"type-product","3":"status-publish","4":"has-post-thumbnail","6":"product_cat-hodinky-sk","7":"product_cat-panske-sk","8":"pa_modelova-rada-vuelo-sk","10":"first","11":"instock","12":"shipping-taxable","13":"product-type-simple"},"acf":[],"yoast_head":"<!-- This site is optimized with the Yoast SEO plugin v22.8 - https:\/\/yoast.com\/wordpress\/plugins\/seo\/ -->\n<title>Vuelo GMT - Investujte do budoucnosti - ATT Investments<\/title>\n<meta name=\"description\" content=\"Vuelo GMT hodinky Cuervo y Sobrinos. P\u00e1nske hodinky a d\u00e1mske hodinky Cuervo y Sobrinos.\" \/>\n<meta name=\"robots\" content=\"index, follow, max-snippet:-1, max-image-preview:large, max-video-preview:-1\" \/>\n<link rel=\"canonical\" href=\"https:\/\/att-investments.eu\/sk\/produkt\/vuelo-gmt-2\/\" \/>\n<meta property=\"og:locale\" content=\"sk_SK\" \/>\n<meta property=\"og:type\" content=\"article\" \/>\n<meta property=\"og:title\" content=\"Vuelo GMT - Investujte do budoucnosti - ATT Investments\" \/>\n<meta property=\"og:description\" content=\"Vuelo GMT hodinky Cuervo y Sobrinos. P\u00e1nske hodinky a d\u00e1mske hodinky Cuervo y Sobrinos.\" \/>\n<meta property=\"og:url\" content=\"https:\/\/att-investments.eu\/sk\/produkt\/vuelo-gmt-2\/\" \/>\n<meta property=\"og:site_name\" content=\"Investujte do budoucnosti - ATT Investments\" \/>\n<meta property=\"article:modified_time\" content=\"2022-01-19T10:29:07+00:00\" \/>\n<meta property=\"og:image\" content=\"https:\/\/att-investments.eu\/wp-content\/uploads\/2021\/09\/vuelo-gmt-2.png\" \/>\n\t<meta property=\"og:image:width\" content=\"394\" \/>\n\t<meta property=\"og:image:height\" content=\"620\" \/>\n\t<meta property=\"og:image:type\" content=\"image\/png\" \/>\n<meta name=\"twitter:card\" content=\"summary_large_image\" \/>\n<meta name=\"twitter:label1\" content=\"Predpokladan\u00fd \u010das \u010d\u00edtania\" \/>\n\t<meta name=\"twitter:data1\" content=\"1 min\u00fata\" \/>\n<script type=\"application\/ld+json\" class=\"yoast-schema-graph\">{\"@context\":\"https:\/\/schema.org\",\"@graph\":[{\"@type\":\"WebPage\",\"@id\":\"https:\/\/att-investments.eu\/sk\/produkt\/vuelo-gmt-2\/\",\"url\":\"https:\/\/att-investments.eu\/sk\/produkt\/vuelo-gmt-2\/\",\"name\":\"Vuelo GMT - Investujte do budoucnosti - ATT Investments\",\"isPartOf\":{\"@id\":\"https:\/\/att-investments.eu\/#website\"},\"primaryImageOfPage\":{\"@id\":\"https:\/\/att-investments.eu\/sk\/produkt\/vuelo-gmt-2\/#primaryimage\"},\"image\":{\"@id\":\"https:\/\/att-investments.eu\/sk\/produkt\/vuelo-gmt-2\/#primaryimage\"},\"thumbnailUrl\":\"https:\/\/att-investments.eu\/wp-content\/uploads\/2021\/09\/vuelo-gmt-2.png\",\"datePublished\":\"2021-09-27T18:31:34+00:00\",\"dateModified\":\"2022-01-19T10:29:07+00:00\",\"description\":\"Vuelo GMT hodinky Cuervo y Sobrinos. P\u00e1nske hodinky a d\u00e1mske hodinky Cuervo y Sobrinos.\",\"breadcrumb\":{\"@id\":\"https:\/\/att-investments.eu\/sk\/produkt\/vuelo-gmt-2\/#breadcrumb\"},\"inLanguage\":\"sk-SK\",\"potentialAction\":[{\"@type\":\"ReadAction\",\"target\":[\"https:\/\/att-investments.eu\/sk\/produkt\/vuelo-gmt-2\/\"]}]},{\"@type\":\"ImageObject\",\"inLanguage\":\"sk-SK\",\"@id\":\"https:\/\/att-investments.eu\/sk\/produkt\/vuelo-gmt-2\/#primaryimage\",\"url\":\"https:\/\/att-investments.eu\/wp-content\/uploads\/2021\/09\/vuelo-gmt-2.png\",\"contentUrl\":\"https:\/\/att-investments.eu\/wp-content\/uploads\/2021\/09\/vuelo-gmt-2.png\",\"width\":394,\"height\":620},{\"@type\":\"BreadcrumbList\",\"@id\":\"https:\/\/att-investments.eu\/sk\/produkt\/vuelo-gmt-2\/#breadcrumb\",\"itemListElement\":[{\"@type\":\"ListItem\",\"position\":1,\"name\":\"Dom\u016f\",\"item\":\"https:\/\/att-investments.eu\/sk\/\"},{\"@type\":\"ListItem\",\"position\":2,\"name\":\"Shop\",\"item\":\"https:\/\/att-investments.eu\/sk\/shop\/\"},{\"@type\":\"ListItem\",\"position\":3,\"name\":\"Vuelo GMT\"}]},{\"@type\":\"WebSite\",\"@id\":\"https:\/\/att-investments.eu\/#website\",\"url\":\"https:\/\/att-investments.eu\/\",\"name\":\"Investujte do budoucnosti - ATT Investments\",\"description\":\"Chr\u00e1n\u00edme hodnotu Va\u0161ich pen\u011bz\",\"publisher\":{\"@id\":\"https:\/\/att-investments.eu\/#organization\"},\"potentialAction\":[{\"@type\":\"SearchAction\",\"target\":{\"@type\":\"EntryPoint\",\"urlTemplate\":\"https:\/\/att-investments.eu\/?s={search_term_string}\"},\"query-input\":\"required name=search_term_string\"}],\"inLanguage\":\"sk-SK\"},{\"@type\":\"Organization\",\"@id\":\"https:\/\/att-investments.eu\/#organization\",\"name\":\"Investujte do budoucnosti - ATT Investments\",\"url\":\"https:\/\/att-investments.eu\/\",\"logo\":{\"@type\":\"ImageObject\",\"inLanguage\":\"sk-SK\",\"@id\":\"https:\/\/att-investments.eu\/#\/schema\/logo\/image\/\",\"url\":\"https:\/\/att-investments.eu\/wp-content\/uploads\/2021\/10\/SvgjsG1008.png\",\"contentUrl\":\"https:\/\/att-investments.eu\/wp-content\/uploads\/2021\/10\/SvgjsG1008.png\",\"width\":857,\"height\":138,\"caption\":\"Investujte do budoucnosti - ATT Investments\"},\"image\":{\"@id\":\"https:\/\/att-investments.eu\/#\/schema\/logo\/image\/\"}}]}<\/script>\n<!-- \/ Yoast SEO plugin. -->","yoast_head_json":{"title":"Vuelo GMT - Investujte do budoucnosti - ATT Investments","description":"Vuelo GMT hodinky Cuervo y Sobrinos. P\u00e1nske hodinky a d\u00e1mske hodinky Cuervo y Sobrinos.","robots":{"index":"index","follow":"follow","max-snippet":"max-snippet:-1","max-image-preview":"max-image-preview:large","max-video-preview":"max-video-preview:-1"},"canonical":"https:\/\/att-investments.eu\/sk\/produkt\/vuelo-gmt-2\/","og_locale":"sk_SK","og_type":"article","og_title":"Vuelo GMT - Investujte do budoucnosti - ATT Investments","og_description":"Vuelo GMT hodinky Cuervo y Sobrinos. P\u00e1nske hodinky a d\u00e1mske hodinky Cuervo y Sobrinos.","og_url":"https:\/\/att-investments.eu\/sk\/produkt\/vuelo-gmt-2\/","og_site_name":"Investujte do budoucnosti - ATT Investments","article_modified_time":"2022-01-19T10:29:07+00:00","og_image":[{"width":394,"height":620,"url":"https:\/\/att-investments.eu\/wp-content\/uploads\/2021\/09\/vuelo-gmt-2.png","type":"image\/png"}],"twitter_card":"summary_large_image","twitter_misc":{"Predpokladan\u00fd \u010das \u010d\u00edtania":"1 min\u00fata"},"schema":{"@context":"https:\/\/schema.org","@graph":[{"@type":"WebPage","@id":"https:\/\/att-investments.eu\/sk\/produkt\/vuelo-gmt-2\/","url":"https:\/\/att-investments.eu\/sk\/produkt\/vuelo-gmt-2\/","name":"Vuelo GMT - Investujte do budoucnosti - ATT Investments","isPartOf":{"@id":"https:\/\/att-investments.eu\/#website"},"primaryImageOfPage":{"@id":"https:\/\/att-investments.eu\/sk\/produkt\/vuelo-gmt-2\/#primaryimage"},"image":{"@id":"https:\/\/att-investments.eu\/sk\/produkt\/vuelo-gmt-2\/#primaryimage"},"thumbnailUrl":"https:\/\/att-investments.eu\/wp-content\/uploads\/2021\/09\/vuelo-gmt-2.png","datePublished":"2021-09-27T18:31:34+00:00","dateModified":"2022-01-19T10:29:07+00:00","description":"Vuelo GMT hodinky Cuervo y Sobrinos. P\u00e1nske hodinky a d\u00e1mske hodinky Cuervo y Sobrinos.","breadcrumb":{"@id":"https:\/\/att-investments.eu\/sk\/produkt\/vuelo-gmt-2\/#breadcrumb"},"inLanguage":"sk-SK","potentialAction":[{"@type":"ReadAction","target":["https:\/\/att-investments.eu\/sk\/produkt\/vuelo-gmt-2\/"]}]},{"@type":"ImageObject","inLanguage":"sk-SK","@id":"https:\/\/att-investments.eu\/sk\/produkt\/vuelo-gmt-2\/#primaryimage","url":"https:\/\/att-investments.eu\/wp-content\/uploads\/2021\/09\/vuelo-gmt-2.png","contentUrl":"https:\/\/att-investments.eu\/wp-content\/uploads\/2021\/09\/vuelo-gmt-2.png","width":394,"height":620},{"@type":"BreadcrumbList","@id":"https:\/\/att-investments.eu\/sk\/produkt\/vuelo-gmt-2\/#breadcrumb","itemListElement":[{"@type":"ListItem","position":1,"name":"Dom\u016f","item":"https:\/\/att-investments.eu\/sk\/"},{"@type":"ListItem","position":2,"name":"Shop","item":"https:\/\/att-investments.eu\/sk\/shop\/"},{"@type":"ListItem","position":3,"name":"Vuelo GMT"}]},{"@type":"WebSite","@id":"https:\/\/att-investments.eu\/#website","url":"https:\/\/att-investments.eu\/","name":"Investujte do budoucnosti - ATT Investments","description":"Chr\u00e1n\u00edme hodnotu Va\u0161ich pen\u011bz","publisher":{"@id":"https:\/\/att-investments.eu\/#organization"},"potentialAction":[{"@type":"SearchAction","target":{"@type":"EntryPoint","urlTemplate":"https:\/\/att-investments.eu\/?s={search_term_string}"},"query-input":"required name=search_term_string"}],"inLanguage":"sk-SK"},{"@type":"Organization","@id":"https:\/\/att-investments.eu\/#organization","name":"Investujte do budoucnosti - ATT Investments","url":"https:\/\/att-investments.eu\/","logo":{"@type":"ImageObject","inLanguage":"sk-SK","@id":"https:\/\/att-investments.eu\/#\/schema\/logo\/image\/","url":"https:\/\/att-investments.eu\/wp-content\/uploads\/2021\/10\/SvgjsG1008.png","contentUrl":"https:\/\/att-investments.eu\/wp-content\/uploads\/2021\/10\/SvgjsG1008.png","width":857,"height":138,"caption":"Investujte do budoucnosti - ATT Investments"},"image":{"@id":"https:\/\/att-investments.eu\/#\/schema\/logo\/image\/"}}]}},"_links":{"self":[{"href":"https:\/\/att-investments.eu\/sk\/wp-json\/wp\/v2\/product\/7015","targetHints":{"allow":["GET"]}}],"collection":[{"href":"https:\/\/att-investments.eu\/sk\/wp-json\/wp\/v2\/product"}],"about":[{"href":"https:\/\/att-investments.eu\/sk\/wp-json\/wp\/v2\/types\/product"}],"wp:featuredmedia":[{"embeddable":true,"href":"https:\/\/att-investments.eu\/sk\/wp-json\/wp\/v2\/media\/849"}],"wp:attachment":[{"href":"https:\/\/att-investments.eu\/sk\/wp-json\/wp\/v2\/media?parent=7015"}],"wp:term":[{"taxonomy":"product_cat","embeddable":true,"href":"https:\/\/att-investments.eu\/sk\/wp-json\/wp\/v2\/product_cat?post=7015"},{"taxonomy":"product_tag","embeddable":true,"href":"https:\/\/att-investments.eu\/sk\/wp-json\/wp\/v2\/product_tag?post=7015"}],"curies":[{"name":"wp","href":"https:\/\/api.w.org\/{rel}","templated":true}]}}