{"id":7004,"date":"2021-09-27T20:37:39","date_gmt":"2021-09-27T18:37:39","guid":{"rendered":"https:\/\/att-investments.eu\/produkt\/vuelo-crono\/"},"modified":"2022-01-19T11:22:04","modified_gmt":"2022-01-19T10:22:04","slug":"vuelo-crono","status":"publish","type":"product","link":"https:\/\/att-investments.eu\/sk\/produkt\/vuelo-crono\/","title":{"rendered":"Vuelo CRONO"},"content":{"rendered":"<p><strong>Funkcia<\/strong><br \/>\nHodiny a min\u00faty, mal\u00e9 sekundy, chronograf: 60 sekundov\u00e9 po\u010d\u00edtadlo uprostred, 30 min\u00fatov\u00e9 po\u010d\u00edtadlo, tachymeter, druh\u00e9 \u010dasov\u00e9 p\u00e1smo s centr\u00e1lnou ru\u010di\u010dkou a 24hodinovou indik\u00e1ciou, d\u00e1tum<\/p>\n<p><strong>Pohon<\/strong><br \/>\nCYS 8120<\/p>\n<p><strong>Puzdro<\/strong><br \/>\nNerezov\u00e1 oce\u013e, priemer 44 mm, v\u00fd\u0161ka 13,65 mm, dvojito zahnut\u00e9 zaf\u00edrov\u00e9 skl\u00ed\u010dko s antireflexnou vrstvou, vodeodoln\u00e9 do 3 ATM, skrutkovan\u00e1 prieh\u013eadn\u00e1 zadn\u00e1 strana puzdra so zaf\u00edrov\u00fdm skl\u00ed\u010dkom<\/p>\n<p><strong>Cifern\u00edk<\/strong><br \/>\nSlonovinov\u00e1 viac\u00farov\u0148ov\u00e1 a komplexn\u00e1, mal\u00e9 po\u010d\u00edtadlo sek\u00fand na prvej \u00farovni, po\u010d\u00edtadlo min\u00fat na prvej \u00farovni, 24-hodinov\u00e1 tla\u010d na druhej \u00farovni, pou\u017eit\u00fdch 8 indexov a 3 \u010d\u00edsla vytla\u010den\u00e9 na druhej \u00farovni, tla\u010d min\u00fat a sek\u00fand na tretej \u00farovni, pou\u017eit\u00fd embl\u00e9m CyS, d\u00e1tum indik\u00e1cie<\/p>\n<p><strong>Ru\u010di\u010dky<\/strong><br \/>\nModr\u00fd hodinov\u00fd a min\u00fatov\u00fd \u201edauphine\u201c tvar, potiahnut\u00fd bielou Superluminovou, chronograf: \u010derven\u00fd trojuholn\u00edkov\u00fd centr\u00e1lny sekundov\u00fd chrono, modr\u00e1\/\u010derven\u00e1 mal\u00e1 sekundov\u00e1, modr\u00e1\/\u010derven\u00e1 30-min\u00fatov\u00e1 ru\u010di\u010dka, modr\u00e1 24-hodinov\u00e1 ru\u010di\u010dka<\/p>\n<p><strong>Remienok<\/strong><br \/>\nLouisiansk\u00fd alig\u00e1tor<\/p>\n<p><strong>Pracka<\/strong><br \/>\nSkladacia pracka z nerezovej ocele, grav\u00edrovan\u00fd znak CyS<\/p>\n","protected":false},"excerpt":{"rendered":"<p><strong>Cena je uveden\u00e1 s DPH<\/strong><\/p>\n<p>3201.1I<\/p>\n<p>Vuelo Crono je ur\u010den\u00fd pre mu\u017eov s v\u00e1\u0161\u0148ou pre r\u00fdchlos\u0165. Rovnako ako aerodynamick\u00fd automobil, tak aj jeho modern\u00fd \u0161t\u00fdl obsahuje mnoho kont\u00far a kriviek, tak\u017ee je ide\u00e1lny pre jednotlivcov, ktor\u00ed sa rozhodn\u00fa pre\u017ei\u0165 \u017eivot v r\u00fdchlom pruhu.<\/p>\n<p>Tieto hodinky sa v\u0161ak tie\u017e naz\u00fdvaj\u00fa \u201eVuelo\u201c, \u0161panielske slovo pre \u201erokov\u201c. Jeho meno poz\u00fdva pou\u017e\u00edvate\u013ea, aby sa rozletel do bud\u00facnosti a objavil svet bohat\u00fd na charakter a pln\u00fd pr\u00edle\u017eitost\u00ed.<\/p>\n","protected":false},"featured_media":864,"template":"","meta":{"_acf_changed":false},"product_cat":[77,79],"product_tag":[],"class_list":{"0":"post-7004","1":"product","2":"type-product","3":"status-publish","4":"has-post-thumbnail","6":"product_cat-hodinky-sk","7":"product_cat-panske-sk","8":"pa_modelova-rada-vuelo-sk","10":"first","11":"instock","12":"shipping-taxable","13":"product-type-simple"},"acf":[],"yoast_head":"<!-- This site is optimized with the Yoast SEO plugin v22.8 - https:\/\/yoast.com\/wordpress\/plugins\/seo\/ -->\n<title>Vuelo CRONO - Investujte do budoucnosti - ATT Investments<\/title>\n<meta name=\"description\" content=\"Vuelo CRONO hodinky Cuervo y Sobrinos. P\u00e1nske hodinky a d\u00e1mske hodinky Cuervo y Sobrinos.\" \/>\n<meta name=\"robots\" content=\"index, follow, max-snippet:-1, max-image-preview:large, max-video-preview:-1\" \/>\n<link rel=\"canonical\" href=\"https:\/\/att-investments.eu\/sk\/produkt\/vuelo-crono\/\" \/>\n<meta property=\"og:locale\" content=\"sk_SK\" \/>\n<meta property=\"og:type\" content=\"article\" \/>\n<meta property=\"og:title\" content=\"Vuelo CRONO - Investujte do budoucnosti - ATT Investments\" \/>\n<meta property=\"og:description\" content=\"Vuelo CRONO hodinky Cuervo y Sobrinos. P\u00e1nske hodinky a d\u00e1mske hodinky Cuervo y Sobrinos.\" \/>\n<meta property=\"og:url\" content=\"https:\/\/att-investments.eu\/sk\/produkt\/vuelo-crono\/\" \/>\n<meta property=\"og:site_name\" content=\"Investujte do budoucnosti - ATT Investments\" \/>\n<meta property=\"article:modified_time\" content=\"2022-01-19T10:22:04+00:00\" \/>\n<meta property=\"og:image\" content=\"https:\/\/att-investments.eu\/wp-content\/uploads\/2021\/09\/vuelo-crono-1.png\" \/>\n\t<meta property=\"og:image:width\" content=\"394\" \/>\n\t<meta property=\"og:image:height\" content=\"620\" \/>\n\t<meta property=\"og:image:type\" content=\"image\/png\" \/>\n<meta name=\"twitter:card\" content=\"summary_large_image\" \/>\n<meta name=\"twitter:label1\" content=\"Predpokladan\u00fd \u010das \u010d\u00edtania\" \/>\n\t<meta name=\"twitter:data1\" content=\"1 min\u00fata\" \/>\n<script type=\"application\/ld+json\" class=\"yoast-schema-graph\">{\"@context\":\"https:\/\/schema.org\",\"@graph\":[{\"@type\":\"WebPage\",\"@id\":\"https:\/\/att-investments.eu\/sk\/produkt\/vuelo-crono\/\",\"url\":\"https:\/\/att-investments.eu\/sk\/produkt\/vuelo-crono\/\",\"name\":\"Vuelo CRONO - Investujte do budoucnosti - ATT Investments\",\"isPartOf\":{\"@id\":\"https:\/\/att-investments.eu\/#website\"},\"primaryImageOfPage\":{\"@id\":\"https:\/\/att-investments.eu\/sk\/produkt\/vuelo-crono\/#primaryimage\"},\"image\":{\"@id\":\"https:\/\/att-investments.eu\/sk\/produkt\/vuelo-crono\/#primaryimage\"},\"thumbnailUrl\":\"https:\/\/att-investments.eu\/wp-content\/uploads\/2021\/09\/vuelo-crono-1.png\",\"datePublished\":\"2021-09-27T18:37:39+00:00\",\"dateModified\":\"2022-01-19T10:22:04+00:00\",\"description\":\"Vuelo CRONO hodinky Cuervo y Sobrinos. P\u00e1nske hodinky a d\u00e1mske hodinky Cuervo y Sobrinos.\",\"breadcrumb\":{\"@id\":\"https:\/\/att-investments.eu\/sk\/produkt\/vuelo-crono\/#breadcrumb\"},\"inLanguage\":\"sk-SK\",\"potentialAction\":[{\"@type\":\"ReadAction\",\"target\":[\"https:\/\/att-investments.eu\/sk\/produkt\/vuelo-crono\/\"]}]},{\"@type\":\"ImageObject\",\"inLanguage\":\"sk-SK\",\"@id\":\"https:\/\/att-investments.eu\/sk\/produkt\/vuelo-crono\/#primaryimage\",\"url\":\"https:\/\/att-investments.eu\/wp-content\/uploads\/2021\/09\/vuelo-crono-1.png\",\"contentUrl\":\"https:\/\/att-investments.eu\/wp-content\/uploads\/2021\/09\/vuelo-crono-1.png\",\"width\":394,\"height\":620},{\"@type\":\"BreadcrumbList\",\"@id\":\"https:\/\/att-investments.eu\/sk\/produkt\/vuelo-crono\/#breadcrumb\",\"itemListElement\":[{\"@type\":\"ListItem\",\"position\":1,\"name\":\"Dom\u016f\",\"item\":\"https:\/\/att-investments.eu\/sk\/\"},{\"@type\":\"ListItem\",\"position\":2,\"name\":\"Shop\",\"item\":\"https:\/\/att-investments.eu\/sk\/shop\/\"},{\"@type\":\"ListItem\",\"position\":3,\"name\":\"Vuelo CRONO\"}]},{\"@type\":\"WebSite\",\"@id\":\"https:\/\/att-investments.eu\/#website\",\"url\":\"https:\/\/att-investments.eu\/\",\"name\":\"Investujte do budoucnosti - ATT Investments\",\"description\":\"Chr\u00e1n\u00edme hodnotu Va\u0161ich pen\u011bz\",\"publisher\":{\"@id\":\"https:\/\/att-investments.eu\/#organization\"},\"potentialAction\":[{\"@type\":\"SearchAction\",\"target\":{\"@type\":\"EntryPoint\",\"urlTemplate\":\"https:\/\/att-investments.eu\/?s={search_term_string}\"},\"query-input\":\"required name=search_term_string\"}],\"inLanguage\":\"sk-SK\"},{\"@type\":\"Organization\",\"@id\":\"https:\/\/att-investments.eu\/#organization\",\"name\":\"Investujte do budoucnosti - ATT Investments\",\"url\":\"https:\/\/att-investments.eu\/\",\"logo\":{\"@type\":\"ImageObject\",\"inLanguage\":\"sk-SK\",\"@id\":\"https:\/\/att-investments.eu\/#\/schema\/logo\/image\/\",\"url\":\"https:\/\/att-investments.eu\/wp-content\/uploads\/2021\/10\/SvgjsG1008.png\",\"contentUrl\":\"https:\/\/att-investments.eu\/wp-content\/uploads\/2021\/10\/SvgjsG1008.png\",\"width\":857,\"height\":138,\"caption\":\"Investujte do budoucnosti - ATT Investments\"},\"image\":{\"@id\":\"https:\/\/att-investments.eu\/#\/schema\/logo\/image\/\"}}]}<\/script>\n<!-- \/ Yoast SEO plugin. -->","yoast_head_json":{"title":"Vuelo CRONO - Investujte do budoucnosti - ATT Investments","description":"Vuelo CRONO hodinky Cuervo y Sobrinos. P\u00e1nske hodinky a d\u00e1mske hodinky Cuervo y Sobrinos.","robots":{"index":"index","follow":"follow","max-snippet":"max-snippet:-1","max-image-preview":"max-image-preview:large","max-video-preview":"max-video-preview:-1"},"canonical":"https:\/\/att-investments.eu\/sk\/produkt\/vuelo-crono\/","og_locale":"sk_SK","og_type":"article","og_title":"Vuelo CRONO - Investujte do budoucnosti - ATT Investments","og_description":"Vuelo CRONO hodinky Cuervo y Sobrinos. P\u00e1nske hodinky a d\u00e1mske hodinky Cuervo y Sobrinos.","og_url":"https:\/\/att-investments.eu\/sk\/produkt\/vuelo-crono\/","og_site_name":"Investujte do budoucnosti - ATT Investments","article_modified_time":"2022-01-19T10:22:04+00:00","og_image":[{"width":394,"height":620,"url":"https:\/\/att-investments.eu\/wp-content\/uploads\/2021\/09\/vuelo-crono-1.png","type":"image\/png"}],"twitter_card":"summary_large_image","twitter_misc":{"Predpokladan\u00fd \u010das \u010d\u00edtania":"1 min\u00fata"},"schema":{"@context":"https:\/\/schema.org","@graph":[{"@type":"WebPage","@id":"https:\/\/att-investments.eu\/sk\/produkt\/vuelo-crono\/","url":"https:\/\/att-investments.eu\/sk\/produkt\/vuelo-crono\/","name":"Vuelo CRONO - Investujte do budoucnosti - ATT Investments","isPartOf":{"@id":"https:\/\/att-investments.eu\/#website"},"primaryImageOfPage":{"@id":"https:\/\/att-investments.eu\/sk\/produkt\/vuelo-crono\/#primaryimage"},"image":{"@id":"https:\/\/att-investments.eu\/sk\/produkt\/vuelo-crono\/#primaryimage"},"thumbnailUrl":"https:\/\/att-investments.eu\/wp-content\/uploads\/2021\/09\/vuelo-crono-1.png","datePublished":"2021-09-27T18:37:39+00:00","dateModified":"2022-01-19T10:22:04+00:00","description":"Vuelo CRONO hodinky Cuervo y Sobrinos. P\u00e1nske hodinky a d\u00e1mske hodinky Cuervo y Sobrinos.","breadcrumb":{"@id":"https:\/\/att-investments.eu\/sk\/produkt\/vuelo-crono\/#breadcrumb"},"inLanguage":"sk-SK","potentialAction":[{"@type":"ReadAction","target":["https:\/\/att-investments.eu\/sk\/produkt\/vuelo-crono\/"]}]},{"@type":"ImageObject","inLanguage":"sk-SK","@id":"https:\/\/att-investments.eu\/sk\/produkt\/vuelo-crono\/#primaryimage","url":"https:\/\/att-investments.eu\/wp-content\/uploads\/2021\/09\/vuelo-crono-1.png","contentUrl":"https:\/\/att-investments.eu\/wp-content\/uploads\/2021\/09\/vuelo-crono-1.png","width":394,"height":620},{"@type":"BreadcrumbList","@id":"https:\/\/att-investments.eu\/sk\/produkt\/vuelo-crono\/#breadcrumb","itemListElement":[{"@type":"ListItem","position":1,"name":"Dom\u016f","item":"https:\/\/att-investments.eu\/sk\/"},{"@type":"ListItem","position":2,"name":"Shop","item":"https:\/\/att-investments.eu\/sk\/shop\/"},{"@type":"ListItem","position":3,"name":"Vuelo CRONO"}]},{"@type":"WebSite","@id":"https:\/\/att-investments.eu\/#website","url":"https:\/\/att-investments.eu\/","name":"Investujte do budoucnosti - ATT Investments","description":"Chr\u00e1n\u00edme hodnotu Va\u0161ich pen\u011bz","publisher":{"@id":"https:\/\/att-investments.eu\/#organization"},"potentialAction":[{"@type":"SearchAction","target":{"@type":"EntryPoint","urlTemplate":"https:\/\/att-investments.eu\/?s={search_term_string}"},"query-input":"required name=search_term_string"}],"inLanguage":"sk-SK"},{"@type":"Organization","@id":"https:\/\/att-investments.eu\/#organization","name":"Investujte do budoucnosti - ATT Investments","url":"https:\/\/att-investments.eu\/","logo":{"@type":"ImageObject","inLanguage":"sk-SK","@id":"https:\/\/att-investments.eu\/#\/schema\/logo\/image\/","url":"https:\/\/att-investments.eu\/wp-content\/uploads\/2021\/10\/SvgjsG1008.png","contentUrl":"https:\/\/att-investments.eu\/wp-content\/uploads\/2021\/10\/SvgjsG1008.png","width":857,"height":138,"caption":"Investujte do budoucnosti - ATT Investments"},"image":{"@id":"https:\/\/att-investments.eu\/#\/schema\/logo\/image\/"}}]}},"_links":{"self":[{"href":"https:\/\/att-investments.eu\/sk\/wp-json\/wp\/v2\/product\/7004","targetHints":{"allow":["GET"]}}],"collection":[{"href":"https:\/\/att-investments.eu\/sk\/wp-json\/wp\/v2\/product"}],"about":[{"href":"https:\/\/att-investments.eu\/sk\/wp-json\/wp\/v2\/types\/product"}],"wp:featuredmedia":[{"embeddable":true,"href":"https:\/\/att-investments.eu\/sk\/wp-json\/wp\/v2\/media\/864"}],"wp:attachment":[{"href":"https:\/\/att-investments.eu\/sk\/wp-json\/wp\/v2\/media?parent=7004"}],"wp:term":[{"taxonomy":"product_cat","embeddable":true,"href":"https:\/\/att-investments.eu\/sk\/wp-json\/wp\/v2\/product_cat?post=7004"},{"taxonomy":"product_tag","embeddable":true,"href":"https:\/\/att-investments.eu\/sk\/wp-json\/wp\/v2\/product_tag?post=7004"}],"curies":[{"name":"wp","href":"https:\/\/api.w.org\/{rel}","templated":true}]}}