{"id":7000,"date":"2021-09-28T20:56:24","date_gmt":"2021-09-28T18:56:24","guid":{"rendered":"https:\/\/att-investments.eu\/produkt\/robusto-churchill-sir-winston\/"},"modified":"2022-01-19T11:24:51","modified_gmt":"2022-01-19T10:24:51","slug":"robusto-churchill-sir-winston","status":"publish","type":"product","link":"https:\/\/att-investments.eu\/sk\/produkt\/robusto-churchill-sir-winston\/","title":{"rendered":"Robusto CHURCHILL &#8222;Sir Winston&#8220;"},"content":{"rendered":"<p><strong>Funkcia<\/strong><br \/>\nHodiny, min\u00faty, stred sekundy a d\u00e1tum<\/p>\n<p><strong>Pohon<\/strong><br \/>\nCYS 5105<\/p>\n<p><strong>P\u00fazdro<\/strong><br \/>\nNerezov\u00e9 a tit\u00e1nov\u00e9 bo\u010dnice, priemer 43 mm, v\u00fd\u0161ka 12,45 mm, zaf\u00edrov\u00e9 skl\u00ed\u010dko s antireflexnou vrstvou, vodeodoln\u00e9 do 10 ATM, skrutkovan\u00e1 prieh\u013eadn\u00e1 zadn\u00e1 strana puzdra so zaf\u00edrov\u00fdm skl\u00ed\u010dkom<\/p>\n<p><strong>Cifern\u00edk<\/strong><br \/>\nPetrolejovo modr\u00fd gilo\u0161ov\u00fd cifern\u00edk \u201eClou de Paris\u201c, strieborn\u00e9 aplikovan\u00e9 indexy, aplikovan\u00fd embl\u00e9m CyS<\/p>\n<p><strong>Ru\u010di\u010dky<\/strong><br \/>\nRu\u010di\u010dky z nerezovej ocele, hodiny a min\u00faty sa Superluminova<\/p>\n<p><strong>Remienok<\/strong><br \/>\nTmavomodr\u00fd vysoko leskl\u00fd kajmansk\u00fd n\u00e1ramok a n\u00e1ramok z nerezovej ocele a tit\u00e1nu.<\/p>\n<p><strong>Pracka<\/strong><br \/>\nSkladacia pracka z nerezovej ocele, grav\u00edrovan\u00fd znak CyS<\/p>\n","protected":false},"excerpt":{"rendered":"<p><strong>Cena je uveden\u00e1 s DPH<\/strong><\/p>\n<p>2810.1SW<\/p>\n<p>V nadv\u00e4znosti na obrovsk\u00fd \u00faspech svojich hodiniek Robusto Churchill \u201eYalta Edition\u201c, Cuervo y Sobrinos s pote\u0161en\u00edm predstavuje Robusto Churchill \u201eSir Winston\u201c, model limitovanej ed\u00edcie, ktor\u00fd je vybaven\u00fd p\u00fatav\u00fdm benz\u00ednovo modr\u00fdm gilot\u00ednov\u00fdm cifern\u00edkom.<\/p>\n<p>Hodinky s\u00fa k dispoz\u00edcii s tmavo modr\u00fdm, vysoko leskl\u00fdm, alig\u00e1torov\u00fdm remienkom Louisiana alebo alternat\u00edvne s n\u00e1ramkom z nerezovej ocele a tit\u00e1nu. Medzi \u010fal\u0161ie prednosti patr\u00ed inovat\u00edvny dizajn korunky, trojdielna modul\u00e1rna kon\u0161trukcia puzdra a \u0161vaj\u010diarsky automatick\u00fd stroj\u010dek. Obmedzen\u00e9 na iba 100 kusov v ka\u017edom variante, v\u00fdnimo\u010dnos\u0165 je zaru\u010den\u00e1.<\/p>\n<p>V\u0161etky tieto hodinky s\u00fa dod\u00e1van\u00e9 na n\u00e1ramku z nehrdzavej\u00facej ocele a tit\u00e1nu, \u010fal\u0161\u00ed alig\u00e1torovit\u00fd remienok bude ulo\u017een\u00fd v humidor boxe.<\/p>\n<p>Limitovan\u00e1 edice 100 kus\u016f.<\/p>\n","protected":false},"featured_media":1173,"template":"","meta":{"_acf_changed":false},"product_cat":[77,79],"product_tag":[],"class_list":{"0":"post-7000","1":"product","2":"type-product","3":"status-publish","4":"has-post-thumbnail","6":"product_cat-hodinky-sk","7":"product_cat-panske-sk","8":"pa_modelova-rada-robusto-sk","10":"first","11":"instock","12":"shipping-taxable","13":"product-type-simple"},"acf":[],"yoast_head":"<!-- This site is optimized with the Yoast SEO plugin v22.8 - https:\/\/yoast.com\/wordpress\/plugins\/seo\/ -->\n<title>Robusto CHURCHILL &quot;Sir Winston&quot; - Investujte do budoucnosti - ATT Investments<\/title>\n<meta name=\"description\" content=\"Robusto CHURCHILL hodinky Cuervo y Sobrinos. P\u00e1nske hodinky a d\u00e1mske hodinky Cuervo y Sobrinos.\" \/>\n<meta name=\"robots\" content=\"index, follow, max-snippet:-1, max-image-preview:large, max-video-preview:-1\" \/>\n<link rel=\"canonical\" href=\"https:\/\/att-investments.eu\/sk\/produkt\/robusto-churchill-sir-winston\/\" \/>\n<meta property=\"og:locale\" content=\"sk_SK\" \/>\n<meta property=\"og:type\" content=\"article\" \/>\n<meta property=\"og:title\" content=\"Robusto CHURCHILL &quot;Sir Winston&quot; - Investujte do budoucnosti - ATT Investments\" \/>\n<meta property=\"og:description\" content=\"Robusto CHURCHILL hodinky Cuervo y Sobrinos. P\u00e1nske hodinky a d\u00e1mske hodinky Cuervo y Sobrinos.\" \/>\n<meta property=\"og:url\" content=\"https:\/\/att-investments.eu\/sk\/produkt\/robusto-churchill-sir-winston\/\" \/>\n<meta property=\"og:site_name\" content=\"Investujte do budoucnosti - ATT Investments\" \/>\n<meta property=\"article:modified_time\" content=\"2022-01-19T10:24:51+00:00\" \/>\n<meta property=\"og:image\" content=\"https:\/\/att-investments.eu\/wp-content\/uploads\/2021\/09\/robusto-churchill-sir-winston.png\" \/>\n\t<meta property=\"og:image:width\" content=\"445\" \/>\n\t<meta property=\"og:image:height\" content=\"700\" \/>\n\t<meta property=\"og:image:type\" content=\"image\/png\" \/>\n<meta name=\"twitter:card\" content=\"summary_large_image\" \/>\n<meta name=\"twitter:label1\" content=\"Predpokladan\u00fd \u010das \u010d\u00edtania\" \/>\n\t<meta name=\"twitter:data1\" content=\"1 min\u00fata\" \/>\n<script type=\"application\/ld+json\" class=\"yoast-schema-graph\">{\"@context\":\"https:\/\/schema.org\",\"@graph\":[{\"@type\":\"WebPage\",\"@id\":\"https:\/\/att-investments.eu\/sk\/produkt\/robusto-churchill-sir-winston\/\",\"url\":\"https:\/\/att-investments.eu\/sk\/produkt\/robusto-churchill-sir-winston\/\",\"name\":\"Robusto CHURCHILL \\\"Sir Winston\\\" - Investujte do budoucnosti - ATT Investments\",\"isPartOf\":{\"@id\":\"https:\/\/att-investments.eu\/#website\"},\"primaryImageOfPage\":{\"@id\":\"https:\/\/att-investments.eu\/sk\/produkt\/robusto-churchill-sir-winston\/#primaryimage\"},\"image\":{\"@id\":\"https:\/\/att-investments.eu\/sk\/produkt\/robusto-churchill-sir-winston\/#primaryimage\"},\"thumbnailUrl\":\"https:\/\/att-investments.eu\/wp-content\/uploads\/2021\/09\/robusto-churchill-sir-winston.png\",\"datePublished\":\"2021-09-28T18:56:24+00:00\",\"dateModified\":\"2022-01-19T10:24:51+00:00\",\"description\":\"Robusto CHURCHILL hodinky Cuervo y Sobrinos. P\u00e1nske hodinky a d\u00e1mske hodinky Cuervo y Sobrinos.\",\"breadcrumb\":{\"@id\":\"https:\/\/att-investments.eu\/sk\/produkt\/robusto-churchill-sir-winston\/#breadcrumb\"},\"inLanguage\":\"sk-SK\",\"potentialAction\":[{\"@type\":\"ReadAction\",\"target\":[\"https:\/\/att-investments.eu\/sk\/produkt\/robusto-churchill-sir-winston\/\"]}]},{\"@type\":\"ImageObject\",\"inLanguage\":\"sk-SK\",\"@id\":\"https:\/\/att-investments.eu\/sk\/produkt\/robusto-churchill-sir-winston\/#primaryimage\",\"url\":\"https:\/\/att-investments.eu\/wp-content\/uploads\/2021\/09\/robusto-churchill-sir-winston.png\",\"contentUrl\":\"https:\/\/att-investments.eu\/wp-content\/uploads\/2021\/09\/robusto-churchill-sir-winston.png\",\"width\":445,\"height\":700},{\"@type\":\"BreadcrumbList\",\"@id\":\"https:\/\/att-investments.eu\/sk\/produkt\/robusto-churchill-sir-winston\/#breadcrumb\",\"itemListElement\":[{\"@type\":\"ListItem\",\"position\":1,\"name\":\"Dom\u016f\",\"item\":\"https:\/\/att-investments.eu\/sk\/\"},{\"@type\":\"ListItem\",\"position\":2,\"name\":\"Shop\",\"item\":\"https:\/\/att-investments.eu\/sk\/shop\/\"},{\"@type\":\"ListItem\",\"position\":3,\"name\":\"Robusto CHURCHILL &#8220;Sir Winston&#8221;\"}]},{\"@type\":\"WebSite\",\"@id\":\"https:\/\/att-investments.eu\/#website\",\"url\":\"https:\/\/att-investments.eu\/\",\"name\":\"Investujte do budoucnosti - ATT Investments\",\"description\":\"Chr\u00e1n\u00edme hodnotu Va\u0161ich pen\u011bz\",\"publisher\":{\"@id\":\"https:\/\/att-investments.eu\/#organization\"},\"potentialAction\":[{\"@type\":\"SearchAction\",\"target\":{\"@type\":\"EntryPoint\",\"urlTemplate\":\"https:\/\/att-investments.eu\/?s={search_term_string}\"},\"query-input\":\"required name=search_term_string\"}],\"inLanguage\":\"sk-SK\"},{\"@type\":\"Organization\",\"@id\":\"https:\/\/att-investments.eu\/#organization\",\"name\":\"Investujte do budoucnosti - ATT Investments\",\"url\":\"https:\/\/att-investments.eu\/\",\"logo\":{\"@type\":\"ImageObject\",\"inLanguage\":\"sk-SK\",\"@id\":\"https:\/\/att-investments.eu\/#\/schema\/logo\/image\/\",\"url\":\"https:\/\/att-investments.eu\/wp-content\/uploads\/2021\/10\/SvgjsG1008.png\",\"contentUrl\":\"https:\/\/att-investments.eu\/wp-content\/uploads\/2021\/10\/SvgjsG1008.png\",\"width\":857,\"height\":138,\"caption\":\"Investujte do budoucnosti - ATT Investments\"},\"image\":{\"@id\":\"https:\/\/att-investments.eu\/#\/schema\/logo\/image\/\"}}]}<\/script>\n<!-- \/ Yoast SEO plugin. -->","yoast_head_json":{"title":"Robusto CHURCHILL \"Sir Winston\" - Investujte do budoucnosti - ATT Investments","description":"Robusto CHURCHILL hodinky Cuervo y Sobrinos. P\u00e1nske hodinky a d\u00e1mske hodinky Cuervo y Sobrinos.","robots":{"index":"index","follow":"follow","max-snippet":"max-snippet:-1","max-image-preview":"max-image-preview:large","max-video-preview":"max-video-preview:-1"},"canonical":"https:\/\/att-investments.eu\/sk\/produkt\/robusto-churchill-sir-winston\/","og_locale":"sk_SK","og_type":"article","og_title":"Robusto CHURCHILL \"Sir Winston\" - Investujte do budoucnosti - ATT Investments","og_description":"Robusto CHURCHILL hodinky Cuervo y Sobrinos. P\u00e1nske hodinky a d\u00e1mske hodinky Cuervo y Sobrinos.","og_url":"https:\/\/att-investments.eu\/sk\/produkt\/robusto-churchill-sir-winston\/","og_site_name":"Investujte do budoucnosti - ATT Investments","article_modified_time":"2022-01-19T10:24:51+00:00","og_image":[{"width":445,"height":700,"url":"https:\/\/att-investments.eu\/wp-content\/uploads\/2021\/09\/robusto-churchill-sir-winston.png","type":"image\/png"}],"twitter_card":"summary_large_image","twitter_misc":{"Predpokladan\u00fd \u010das \u010d\u00edtania":"1 min\u00fata"},"schema":{"@context":"https:\/\/schema.org","@graph":[{"@type":"WebPage","@id":"https:\/\/att-investments.eu\/sk\/produkt\/robusto-churchill-sir-winston\/","url":"https:\/\/att-investments.eu\/sk\/produkt\/robusto-churchill-sir-winston\/","name":"Robusto CHURCHILL \"Sir Winston\" - Investujte do budoucnosti - ATT Investments","isPartOf":{"@id":"https:\/\/att-investments.eu\/#website"},"primaryImageOfPage":{"@id":"https:\/\/att-investments.eu\/sk\/produkt\/robusto-churchill-sir-winston\/#primaryimage"},"image":{"@id":"https:\/\/att-investments.eu\/sk\/produkt\/robusto-churchill-sir-winston\/#primaryimage"},"thumbnailUrl":"https:\/\/att-investments.eu\/wp-content\/uploads\/2021\/09\/robusto-churchill-sir-winston.png","datePublished":"2021-09-28T18:56:24+00:00","dateModified":"2022-01-19T10:24:51+00:00","description":"Robusto CHURCHILL hodinky Cuervo y Sobrinos. P\u00e1nske hodinky a d\u00e1mske hodinky Cuervo y Sobrinos.","breadcrumb":{"@id":"https:\/\/att-investments.eu\/sk\/produkt\/robusto-churchill-sir-winston\/#breadcrumb"},"inLanguage":"sk-SK","potentialAction":[{"@type":"ReadAction","target":["https:\/\/att-investments.eu\/sk\/produkt\/robusto-churchill-sir-winston\/"]}]},{"@type":"ImageObject","inLanguage":"sk-SK","@id":"https:\/\/att-investments.eu\/sk\/produkt\/robusto-churchill-sir-winston\/#primaryimage","url":"https:\/\/att-investments.eu\/wp-content\/uploads\/2021\/09\/robusto-churchill-sir-winston.png","contentUrl":"https:\/\/att-investments.eu\/wp-content\/uploads\/2021\/09\/robusto-churchill-sir-winston.png","width":445,"height":700},{"@type":"BreadcrumbList","@id":"https:\/\/att-investments.eu\/sk\/produkt\/robusto-churchill-sir-winston\/#breadcrumb","itemListElement":[{"@type":"ListItem","position":1,"name":"Dom\u016f","item":"https:\/\/att-investments.eu\/sk\/"},{"@type":"ListItem","position":2,"name":"Shop","item":"https:\/\/att-investments.eu\/sk\/shop\/"},{"@type":"ListItem","position":3,"name":"Robusto CHURCHILL &#8220;Sir Winston&#8221;"}]},{"@type":"WebSite","@id":"https:\/\/att-investments.eu\/#website","url":"https:\/\/att-investments.eu\/","name":"Investujte do budoucnosti - ATT Investments","description":"Chr\u00e1n\u00edme hodnotu Va\u0161ich pen\u011bz","publisher":{"@id":"https:\/\/att-investments.eu\/#organization"},"potentialAction":[{"@type":"SearchAction","target":{"@type":"EntryPoint","urlTemplate":"https:\/\/att-investments.eu\/?s={search_term_string}"},"query-input":"required name=search_term_string"}],"inLanguage":"sk-SK"},{"@type":"Organization","@id":"https:\/\/att-investments.eu\/#organization","name":"Investujte do budoucnosti - ATT Investments","url":"https:\/\/att-investments.eu\/","logo":{"@type":"ImageObject","inLanguage":"sk-SK","@id":"https:\/\/att-investments.eu\/#\/schema\/logo\/image\/","url":"https:\/\/att-investments.eu\/wp-content\/uploads\/2021\/10\/SvgjsG1008.png","contentUrl":"https:\/\/att-investments.eu\/wp-content\/uploads\/2021\/10\/SvgjsG1008.png","width":857,"height":138,"caption":"Investujte do budoucnosti - ATT Investments"},"image":{"@id":"https:\/\/att-investments.eu\/#\/schema\/logo\/image\/"}}]}},"_links":{"self":[{"href":"https:\/\/att-investments.eu\/sk\/wp-json\/wp\/v2\/product\/7000","targetHints":{"allow":["GET"]}}],"collection":[{"href":"https:\/\/att-investments.eu\/sk\/wp-json\/wp\/v2\/product"}],"about":[{"href":"https:\/\/att-investments.eu\/sk\/wp-json\/wp\/v2\/types\/product"}],"wp:featuredmedia":[{"embeddable":true,"href":"https:\/\/att-investments.eu\/sk\/wp-json\/wp\/v2\/media\/1173"}],"wp:attachment":[{"href":"https:\/\/att-investments.eu\/sk\/wp-json\/wp\/v2\/media?parent=7000"}],"wp:term":[{"taxonomy":"product_cat","embeddable":true,"href":"https:\/\/att-investments.eu\/sk\/wp-json\/wp\/v2\/product_cat?post=7000"},{"taxonomy":"product_tag","embeddable":true,"href":"https:\/\/att-investments.eu\/sk\/wp-json\/wp\/v2\/product_tag?post=7000"}],"curies":[{"name":"wp","href":"https:\/\/api.w.org\/{rel}","templated":true}]}}