{"id":6979,"date":"2021-09-28T21:22:25","date_gmt":"2021-09-28T19:22:25","guid":{"rendered":"https:\/\/att-investments.eu\/produkt\/prominente-clasico-3\/"},"modified":"2022-01-19T11:12:04","modified_gmt":"2022-01-19T10:12:04","slug":"prominente-clasico-3","status":"publish","type":"product","link":"https:\/\/att-investments.eu\/sk\/produkt\/prominente-clasico-3\/","title":{"rendered":"Prominente CL\u00c1SICO"},"content":{"rendered":"<p><strong>FUNKCIE<\/strong><br \/>\nHodiny, min\u00faty, centr\u00e1lne sekundy a d\u00e1tum<\/p>\n<p>STROJ\u010cEK<br \/>\nCYS 5103, z\u00e1klad\u0148a Soprod M100, 11 \u00bd \u201e&#8220;, automatick\u00e9, priemer 25,6 mm, v\u00fd\u0161ka 3,6 mm, rezerva chodu 42 hod\u00edn, 25 kame\u0148ov, frekvencia: 28800 A\/h, povrchov\u00e1 \u00faprava rotora s dekor\u00e1ciou ventil\u00e1tora as grav\u00edrovan\u00fdm CyS logom<\/p>\n<p><strong>P\u00daZDRO<\/strong><br \/>\nNerezov\u00e1 oce\u013e, 32 mm x 43 mm, v\u00fd\u0161ka 8,6 mm, dvojito zakriven\u00e9 zaf\u00edrov\u00e9 skl\u00ed\u010dko typick\u00fd pre 50. roky s antireflexnou \u00fapravou, vodeodoln\u00fd do 3 ATM, skrutkovacie prieh\u013eadn\u00e9 puzdro so zaf\u00edrov\u00fdm skl\u00ed\u010dkom<\/p>\n<p><strong>CIFERN\u00cdK<\/strong><br \/>\nStrieborn\u00e9, &#8222;pruhy&#8220; na pozad\u00ed uprostred, 11 aplikovan\u00fdch indexov, 12 bodov\u00a0Super-LumiNova, cifern\u00edk Strieborn\u00e9 \/ Modr\u00e9\/ \u010cierne farby, potla\u010den\u00e9 r\u00edmskymi \u010d\u00edslami, aplikovan\u00fd znak Cys<\/p>\n<p><strong>RU\u010cI\u010cKY<\/strong><br \/>\nHodinov\u00e9 a min\u00fatov\u00e9 ru\u010di\u010dky v tvare Dauphine so Super-LumiNova, r\u00f3diovou farebnou \u00fapravou<\/p>\n<p><strong>REMIENOK<\/strong><br \/>\n\u010cierny matn\u00fd alig\u00e1tor. Hned\u00fd matn\u00fd alig\u00e1tor. Tmavo modr\u00fd vysoko leskl\u00fd alig\u00e1tor. \u010cierny vysoko leskl\u00fd alig\u00e1tor<\/p>\n<p><strong>PREZKA<\/strong><br \/>\nSkladacia mot\u00fdlikov\u00e1 pracka z nerezovej ocele, grav\u00edrovan\u00fd znak CyS<\/p>\n","protected":false},"excerpt":{"rendered":"<p><strong>Cena je uveden\u00e1 s DPH<\/strong><\/p>\n<p>Cuervo y Sobrinos Prominente Cl\u00e1sico, podobne ako jemn\u00e1 cigara z Havany, m\u00e1 bohat\u00fd charakter a vy\u017earuje pozoruhodn\u00fd n\u00e1dych luxusu. Jeho v\u00fdrazn\u00fd vzh\u013ead ho odli\u0161uje od mnoh\u00fdch in\u00fdch hodiniek a jeho dobov\u00fd \u0161t\u00fdl prin\u00e1\u0161a trval\u00fa pr\u00ed\u0165a\u017elivos\u0165.<\/p>\n","protected":false},"featured_media":1250,"template":"","meta":{"_acf_changed":false},"product_cat":[77,79],"product_tag":[],"class_list":{"0":"post-6979","1":"product","2":"type-product","3":"status-publish","4":"has-post-thumbnail","6":"product_cat-hodinky-sk","7":"product_cat-panske-sk","8":"pa_modelova-rada-prominente-sk","10":"first","11":"instock","12":"shipping-taxable","13":"product-type-simple"},"acf":[],"yoast_head":"<!-- This site is optimized with the Yoast SEO plugin v22.8 - https:\/\/yoast.com\/wordpress\/plugins\/seo\/ -->\n<title>Prominente CL\u00c1SICO - Investujte do budoucnosti - ATT Investments<\/title>\n<meta name=\"description\" content=\"Prominente CL\u00c1SICO hodinky Cuervo y Sobrinos. P\u00e1nske hodinky a d\u00e1mske hodinky Cuervo y Sobrinos.\" \/>\n<meta name=\"robots\" content=\"index, follow, max-snippet:-1, max-image-preview:large, max-video-preview:-1\" \/>\n<link rel=\"canonical\" href=\"https:\/\/att-investments.eu\/sk\/produkt\/prominente-clasico-3\/\" \/>\n<meta property=\"og:locale\" content=\"sk_SK\" \/>\n<meta property=\"og:type\" content=\"article\" \/>\n<meta property=\"og:title\" content=\"Prominente CL\u00c1SICO - Investujte do budoucnosti - ATT Investments\" \/>\n<meta property=\"og:description\" content=\"Prominente CL\u00c1SICO hodinky Cuervo y Sobrinos. P\u00e1nske hodinky a d\u00e1mske hodinky Cuervo y Sobrinos.\" \/>\n<meta property=\"og:url\" content=\"https:\/\/att-investments.eu\/sk\/produkt\/prominente-clasico-3\/\" \/>\n<meta property=\"og:site_name\" content=\"Investujte do budoucnosti - ATT Investments\" \/>\n<meta property=\"article:modified_time\" content=\"2022-01-19T10:12:04+00:00\" \/>\n<meta property=\"og:image\" content=\"https:\/\/att-investments.eu\/wp-content\/uploads\/2021\/09\/prominente-clasico-3.png\" \/>\n\t<meta property=\"og:image:width\" content=\"394\" \/>\n\t<meta property=\"og:image:height\" content=\"620\" \/>\n\t<meta property=\"og:image:type\" content=\"image\/png\" \/>\n<meta name=\"twitter:card\" content=\"summary_large_image\" \/>\n<meta name=\"twitter:label1\" content=\"Predpokladan\u00fd \u010das \u010d\u00edtania\" \/>\n\t<meta name=\"twitter:data1\" content=\"1 min\u00fata\" \/>\n<script type=\"application\/ld+json\" class=\"yoast-schema-graph\">{\"@context\":\"https:\/\/schema.org\",\"@graph\":[{\"@type\":\"WebPage\",\"@id\":\"https:\/\/att-investments.eu\/sk\/produkt\/prominente-clasico-3\/\",\"url\":\"https:\/\/att-investments.eu\/sk\/produkt\/prominente-clasico-3\/\",\"name\":\"Prominente CL\u00c1SICO - Investujte do budoucnosti - ATT Investments\",\"isPartOf\":{\"@id\":\"https:\/\/att-investments.eu\/#website\"},\"primaryImageOfPage\":{\"@id\":\"https:\/\/att-investments.eu\/sk\/produkt\/prominente-clasico-3\/#primaryimage\"},\"image\":{\"@id\":\"https:\/\/att-investments.eu\/sk\/produkt\/prominente-clasico-3\/#primaryimage\"},\"thumbnailUrl\":\"https:\/\/att-investments.eu\/wp-content\/uploads\/2021\/09\/prominente-clasico-3.png\",\"datePublished\":\"2021-09-28T19:22:25+00:00\",\"dateModified\":\"2022-01-19T10:12:04+00:00\",\"description\":\"Prominente CL\u00c1SICO hodinky Cuervo y Sobrinos. P\u00e1nske hodinky a d\u00e1mske hodinky Cuervo y Sobrinos.\",\"breadcrumb\":{\"@id\":\"https:\/\/att-investments.eu\/sk\/produkt\/prominente-clasico-3\/#breadcrumb\"},\"inLanguage\":\"sk-SK\",\"potentialAction\":[{\"@type\":\"ReadAction\",\"target\":[\"https:\/\/att-investments.eu\/sk\/produkt\/prominente-clasico-3\/\"]}]},{\"@type\":\"ImageObject\",\"inLanguage\":\"sk-SK\",\"@id\":\"https:\/\/att-investments.eu\/sk\/produkt\/prominente-clasico-3\/#primaryimage\",\"url\":\"https:\/\/att-investments.eu\/wp-content\/uploads\/2021\/09\/prominente-clasico-3.png\",\"contentUrl\":\"https:\/\/att-investments.eu\/wp-content\/uploads\/2021\/09\/prominente-clasico-3.png\",\"width\":394,\"height\":620},{\"@type\":\"BreadcrumbList\",\"@id\":\"https:\/\/att-investments.eu\/sk\/produkt\/prominente-clasico-3\/#breadcrumb\",\"itemListElement\":[{\"@type\":\"ListItem\",\"position\":1,\"name\":\"Dom\u016f\",\"item\":\"https:\/\/att-investments.eu\/sk\/\"},{\"@type\":\"ListItem\",\"position\":2,\"name\":\"Shop\",\"item\":\"https:\/\/att-investments.eu\/sk\/shop\/\"},{\"@type\":\"ListItem\",\"position\":3,\"name\":\"Prominente CL\u00c1SICO\"}]},{\"@type\":\"WebSite\",\"@id\":\"https:\/\/att-investments.eu\/#website\",\"url\":\"https:\/\/att-investments.eu\/\",\"name\":\"Investujte do budoucnosti - ATT Investments\",\"description\":\"Chr\u00e1n\u00edme hodnotu Va\u0161ich pen\u011bz\",\"publisher\":{\"@id\":\"https:\/\/att-investments.eu\/#organization\"},\"potentialAction\":[{\"@type\":\"SearchAction\",\"target\":{\"@type\":\"EntryPoint\",\"urlTemplate\":\"https:\/\/att-investments.eu\/?s={search_term_string}\"},\"query-input\":\"required name=search_term_string\"}],\"inLanguage\":\"sk-SK\"},{\"@type\":\"Organization\",\"@id\":\"https:\/\/att-investments.eu\/#organization\",\"name\":\"Investujte do budoucnosti - ATT Investments\",\"url\":\"https:\/\/att-investments.eu\/\",\"logo\":{\"@type\":\"ImageObject\",\"inLanguage\":\"sk-SK\",\"@id\":\"https:\/\/att-investments.eu\/#\/schema\/logo\/image\/\",\"url\":\"https:\/\/att-investments.eu\/wp-content\/uploads\/2021\/10\/SvgjsG1008.png\",\"contentUrl\":\"https:\/\/att-investments.eu\/wp-content\/uploads\/2021\/10\/SvgjsG1008.png\",\"width\":857,\"height\":138,\"caption\":\"Investujte do budoucnosti - ATT Investments\"},\"image\":{\"@id\":\"https:\/\/att-investments.eu\/#\/schema\/logo\/image\/\"}}]}<\/script>\n<!-- \/ Yoast SEO plugin. -->","yoast_head_json":{"title":"Prominente CL\u00c1SICO - Investujte do budoucnosti - ATT Investments","description":"Prominente CL\u00c1SICO hodinky Cuervo y Sobrinos. P\u00e1nske hodinky a d\u00e1mske hodinky Cuervo y Sobrinos.","robots":{"index":"index","follow":"follow","max-snippet":"max-snippet:-1","max-image-preview":"max-image-preview:large","max-video-preview":"max-video-preview:-1"},"canonical":"https:\/\/att-investments.eu\/sk\/produkt\/prominente-clasico-3\/","og_locale":"sk_SK","og_type":"article","og_title":"Prominente CL\u00c1SICO - Investujte do budoucnosti - ATT Investments","og_description":"Prominente CL\u00c1SICO hodinky Cuervo y Sobrinos. P\u00e1nske hodinky a d\u00e1mske hodinky Cuervo y Sobrinos.","og_url":"https:\/\/att-investments.eu\/sk\/produkt\/prominente-clasico-3\/","og_site_name":"Investujte do budoucnosti - ATT Investments","article_modified_time":"2022-01-19T10:12:04+00:00","og_image":[{"width":394,"height":620,"url":"https:\/\/att-investments.eu\/wp-content\/uploads\/2021\/09\/prominente-clasico-3.png","type":"image\/png"}],"twitter_card":"summary_large_image","twitter_misc":{"Predpokladan\u00fd \u010das \u010d\u00edtania":"1 min\u00fata"},"schema":{"@context":"https:\/\/schema.org","@graph":[{"@type":"WebPage","@id":"https:\/\/att-investments.eu\/sk\/produkt\/prominente-clasico-3\/","url":"https:\/\/att-investments.eu\/sk\/produkt\/prominente-clasico-3\/","name":"Prominente CL\u00c1SICO - Investujte do budoucnosti - ATT Investments","isPartOf":{"@id":"https:\/\/att-investments.eu\/#website"},"primaryImageOfPage":{"@id":"https:\/\/att-investments.eu\/sk\/produkt\/prominente-clasico-3\/#primaryimage"},"image":{"@id":"https:\/\/att-investments.eu\/sk\/produkt\/prominente-clasico-3\/#primaryimage"},"thumbnailUrl":"https:\/\/att-investments.eu\/wp-content\/uploads\/2021\/09\/prominente-clasico-3.png","datePublished":"2021-09-28T19:22:25+00:00","dateModified":"2022-01-19T10:12:04+00:00","description":"Prominente CL\u00c1SICO hodinky Cuervo y Sobrinos. P\u00e1nske hodinky a d\u00e1mske hodinky Cuervo y Sobrinos.","breadcrumb":{"@id":"https:\/\/att-investments.eu\/sk\/produkt\/prominente-clasico-3\/#breadcrumb"},"inLanguage":"sk-SK","potentialAction":[{"@type":"ReadAction","target":["https:\/\/att-investments.eu\/sk\/produkt\/prominente-clasico-3\/"]}]},{"@type":"ImageObject","inLanguage":"sk-SK","@id":"https:\/\/att-investments.eu\/sk\/produkt\/prominente-clasico-3\/#primaryimage","url":"https:\/\/att-investments.eu\/wp-content\/uploads\/2021\/09\/prominente-clasico-3.png","contentUrl":"https:\/\/att-investments.eu\/wp-content\/uploads\/2021\/09\/prominente-clasico-3.png","width":394,"height":620},{"@type":"BreadcrumbList","@id":"https:\/\/att-investments.eu\/sk\/produkt\/prominente-clasico-3\/#breadcrumb","itemListElement":[{"@type":"ListItem","position":1,"name":"Dom\u016f","item":"https:\/\/att-investments.eu\/sk\/"},{"@type":"ListItem","position":2,"name":"Shop","item":"https:\/\/att-investments.eu\/sk\/shop\/"},{"@type":"ListItem","position":3,"name":"Prominente CL\u00c1SICO"}]},{"@type":"WebSite","@id":"https:\/\/att-investments.eu\/#website","url":"https:\/\/att-investments.eu\/","name":"Investujte do budoucnosti - ATT Investments","description":"Chr\u00e1n\u00edme hodnotu Va\u0161ich pen\u011bz","publisher":{"@id":"https:\/\/att-investments.eu\/#organization"},"potentialAction":[{"@type":"SearchAction","target":{"@type":"EntryPoint","urlTemplate":"https:\/\/att-investments.eu\/?s={search_term_string}"},"query-input":"required name=search_term_string"}],"inLanguage":"sk-SK"},{"@type":"Organization","@id":"https:\/\/att-investments.eu\/#organization","name":"Investujte do budoucnosti - ATT Investments","url":"https:\/\/att-investments.eu\/","logo":{"@type":"ImageObject","inLanguage":"sk-SK","@id":"https:\/\/att-investments.eu\/#\/schema\/logo\/image\/","url":"https:\/\/att-investments.eu\/wp-content\/uploads\/2021\/10\/SvgjsG1008.png","contentUrl":"https:\/\/att-investments.eu\/wp-content\/uploads\/2021\/10\/SvgjsG1008.png","width":857,"height":138,"caption":"Investujte do budoucnosti - ATT Investments"},"image":{"@id":"https:\/\/att-investments.eu\/#\/schema\/logo\/image\/"}}]}},"_links":{"self":[{"href":"https:\/\/att-investments.eu\/sk\/wp-json\/wp\/v2\/product\/6979","targetHints":{"allow":["GET"]}}],"collection":[{"href":"https:\/\/att-investments.eu\/sk\/wp-json\/wp\/v2\/product"}],"about":[{"href":"https:\/\/att-investments.eu\/sk\/wp-json\/wp\/v2\/types\/product"}],"wp:featuredmedia":[{"embeddable":true,"href":"https:\/\/att-investments.eu\/sk\/wp-json\/wp\/v2\/media\/1250"}],"wp:attachment":[{"href":"https:\/\/att-investments.eu\/sk\/wp-json\/wp\/v2\/media?parent=6979"}],"wp:term":[{"taxonomy":"product_cat","embeddable":true,"href":"https:\/\/att-investments.eu\/sk\/wp-json\/wp\/v2\/product_cat?post=6979"},{"taxonomy":"product_tag","embeddable":true,"href":"https:\/\/att-investments.eu\/sk\/wp-json\/wp\/v2\/product_tag?post=6979"}],"curies":[{"name":"wp","href":"https:\/\/api.w.org\/{rel}","templated":true}]}}