{"id":6975,"date":"2021-09-28T21:13:56","date_gmt":"2021-09-28T19:13:56","guid":{"rendered":"https:\/\/att-investments.eu\/produkt\/pirata-tourbillon\/"},"modified":"2022-01-19T11:09:32","modified_gmt":"2022-01-19T10:09:32","slug":"pirata-tourbillon","status":"publish","type":"product","link":"https:\/\/att-investments.eu\/sk\/produkt\/pirata-tourbillon\/","title":{"rendered":"Pirata TOURBILLON"},"content":{"rendered":"<p><strong>Funkcia<\/strong><br \/>\nHodiny, min\u00faty, sekundy (Tourbillon)<\/p>\n<p><strong>Pohon<\/strong><br \/>\nKaliber BCP Tourbillons T02, v\u00fdrobca Olivier Mory, certifik\u00e1cia COSC a Swiss Label, ru\u010dn\u00fd n\u00e1\u0165ah, priemer 31,8 mm, v\u00fd\u0161ka 6,5 mm, rezerva chodu 105 hod\u00edn, 19 drahokamov, frekvencia: 3 Hz (21600 Alt\/H), n\u00e1 do 5000G a magnetick\u00e9 pole odoln\u00e9 do 2000 Gaussov, stroj\u010dek s \u010diernou DLC (Diamond Like Carbon) \u00fapravou<\/p>\n<p><strong>P\u00fazdro<\/strong><br \/>\nBronz a tit\u00e1n, priemer 45 mm, v\u00fd\u0161ka 14,9 mm, zaf\u00edrov\u00e9 skl\u00ed\u010dko s antireflexnou vrstvou, vodeodoln\u00e9 do 5 ATM, skrutkovan\u00e9 prieh\u013eadn\u00e9 zadn\u00e9 puzdro<\/p>\n<p><strong>Cifern\u00edk<\/strong><br \/>\nDominantn\u00fd skeletov\u00fd \u010d\u00edseln\u00edk skladaj\u00faci sa z lodn\u00e9ho kormidla a okrajov\u00e9ho prstenca v tvare povrazu, aplikovan\u00fd znak CyS, tourbillon je umiestnen\u00fd pod mostom v 6 hod\u00edn<\/p>\n<p><strong>Ru\u010di\u010dky<\/strong><br \/>\nHodiny a min\u00faty, ru\u010di\u010dky s \u00fapravou r\u00f3diom, svietiace SLNC3<\/p>\n<p><strong>Remienok<\/strong><br \/>\n\u010cierny matn\u00fd p\u0161tros<\/p>\n<p><strong>Pracka<\/strong><br \/>\nTit\u00e1nov\u00e1 spona, grav\u00edrovan\u00fd embl\u00e9m CyS<\/p>\n","protected":false},"excerpt":{"rendered":"<p><strong>Cena je uveden\u00e1 s DPH<\/strong><\/p>\n<p>3052.5NT<\/p>\n<p>Pirata Tourbillon vkusne zachyt\u00e1va vzru\u0161enie a \u0161t\u00fdl, ktor\u00fd je synonymom kub\u00e1nskej n\u00e1mornej hist\u00f3rie. Tieto v\u00fdnimo\u010dn\u00e9 hodinky predstavuj\u00fa najvy\u0161\u0161iu \u00farove\u0148 hodin\u00e1rstva v\u010faka svojmu u\u0161\u013eachtil\u00e9mu Tourbillonu. M\u00f4\u017eu by\u0165 charakterizovan\u00e9 tromi slovami: V\u00c1\u0160E\u0147, DOBRODRU\u017dSTVO, JEDINE\u010cNOS\u0164<\/p>\n<p>Limitovan\u00e1 ed\u00edcia 10 kusov!<\/p>\n","protected":false},"featured_media":1213,"template":"","meta":{"_acf_changed":false},"product_cat":[77,79],"product_tag":[],"class_list":{"0":"post-6975","1":"product","2":"type-product","3":"status-publish","4":"has-post-thumbnail","6":"product_cat-hodinky-sk","7":"product_cat-panske-sk","8":"pa_modelova-rada-pirata-sk","10":"first","11":"instock","12":"shipping-taxable","13":"product-type-simple"},"acf":[],"yoast_head":"<!-- This site is optimized with the Yoast SEO plugin v22.8 - https:\/\/yoast.com\/wordpress\/plugins\/seo\/ -->\n<title>Pirata TOURBILLON - Investujte do budoucnosti - ATT Investments<\/title>\n<meta name=\"description\" content=\"Pirata TOURBILLON hodinky Cuervo y Sobrinos. P\u00e1nske hodinky a d\u00e1mske hodinky Cuervo y Sobrinos.\" \/>\n<meta name=\"robots\" content=\"index, follow, max-snippet:-1, max-image-preview:large, max-video-preview:-1\" \/>\n<link rel=\"canonical\" href=\"https:\/\/att-investments.eu\/sk\/produkt\/pirata-tourbillon\/\" \/>\n<meta property=\"og:locale\" content=\"sk_SK\" \/>\n<meta property=\"og:type\" content=\"article\" \/>\n<meta property=\"og:title\" content=\"Pirata TOURBILLON - Investujte do budoucnosti - ATT Investments\" \/>\n<meta property=\"og:description\" content=\"Pirata TOURBILLON hodinky Cuervo y Sobrinos. P\u00e1nske hodinky a d\u00e1mske hodinky Cuervo y Sobrinos.\" \/>\n<meta property=\"og:url\" content=\"https:\/\/att-investments.eu\/sk\/produkt\/pirata-tourbillon\/\" \/>\n<meta property=\"og:site_name\" content=\"Investujte do budoucnosti - ATT Investments\" \/>\n<meta property=\"article:modified_time\" content=\"2022-01-19T10:09:32+00:00\" \/>\n<meta property=\"og:image\" content=\"https:\/\/att-investments.eu\/wp-content\/uploads\/2021\/09\/pirata-tourbillon.jpeg\" \/>\n\t<meta property=\"og:image:width\" content=\"868\" \/>\n\t<meta property=\"og:image:height\" content=\"1284\" \/>\n\t<meta property=\"og:image:type\" content=\"image\/jpeg\" \/>\n<meta name=\"twitter:card\" content=\"summary_large_image\" \/>\n<meta name=\"twitter:label1\" content=\"Predpokladan\u00fd \u010das \u010d\u00edtania\" \/>\n\t<meta name=\"twitter:data1\" content=\"1 min\u00fata\" \/>\n<script type=\"application\/ld+json\" class=\"yoast-schema-graph\">{\"@context\":\"https:\/\/schema.org\",\"@graph\":[{\"@type\":\"WebPage\",\"@id\":\"https:\/\/att-investments.eu\/sk\/produkt\/pirata-tourbillon\/\",\"url\":\"https:\/\/att-investments.eu\/sk\/produkt\/pirata-tourbillon\/\",\"name\":\"Pirata TOURBILLON - Investujte do budoucnosti - ATT Investments\",\"isPartOf\":{\"@id\":\"https:\/\/att-investments.eu\/#website\"},\"primaryImageOfPage\":{\"@id\":\"https:\/\/att-investments.eu\/sk\/produkt\/pirata-tourbillon\/#primaryimage\"},\"image\":{\"@id\":\"https:\/\/att-investments.eu\/sk\/produkt\/pirata-tourbillon\/#primaryimage\"},\"thumbnailUrl\":\"https:\/\/att-investments.eu\/wp-content\/uploads\/2021\/09\/pirata-tourbillon.jpeg\",\"datePublished\":\"2021-09-28T19:13:56+00:00\",\"dateModified\":\"2022-01-19T10:09:32+00:00\",\"description\":\"Pirata TOURBILLON hodinky Cuervo y Sobrinos. P\u00e1nske hodinky a d\u00e1mske hodinky Cuervo y Sobrinos.\",\"breadcrumb\":{\"@id\":\"https:\/\/att-investments.eu\/sk\/produkt\/pirata-tourbillon\/#breadcrumb\"},\"inLanguage\":\"sk-SK\",\"potentialAction\":[{\"@type\":\"ReadAction\",\"target\":[\"https:\/\/att-investments.eu\/sk\/produkt\/pirata-tourbillon\/\"]}]},{\"@type\":\"ImageObject\",\"inLanguage\":\"sk-SK\",\"@id\":\"https:\/\/att-investments.eu\/sk\/produkt\/pirata-tourbillon\/#primaryimage\",\"url\":\"https:\/\/att-investments.eu\/wp-content\/uploads\/2021\/09\/pirata-tourbillon.jpeg\",\"contentUrl\":\"https:\/\/att-investments.eu\/wp-content\/uploads\/2021\/09\/pirata-tourbillon.jpeg\",\"width\":868,\"height\":1284},{\"@type\":\"BreadcrumbList\",\"@id\":\"https:\/\/att-investments.eu\/sk\/produkt\/pirata-tourbillon\/#breadcrumb\",\"itemListElement\":[{\"@type\":\"ListItem\",\"position\":1,\"name\":\"Dom\u016f\",\"item\":\"https:\/\/att-investments.eu\/sk\/\"},{\"@type\":\"ListItem\",\"position\":2,\"name\":\"Shop\",\"item\":\"https:\/\/att-investments.eu\/sk\/shop\/\"},{\"@type\":\"ListItem\",\"position\":3,\"name\":\"Pirata TOURBILLON\"}]},{\"@type\":\"WebSite\",\"@id\":\"https:\/\/att-investments.eu\/#website\",\"url\":\"https:\/\/att-investments.eu\/\",\"name\":\"Investujte do budoucnosti - ATT Investments\",\"description\":\"Chr\u00e1n\u00edme hodnotu Va\u0161ich pen\u011bz\",\"publisher\":{\"@id\":\"https:\/\/att-investments.eu\/#organization\"},\"potentialAction\":[{\"@type\":\"SearchAction\",\"target\":{\"@type\":\"EntryPoint\",\"urlTemplate\":\"https:\/\/att-investments.eu\/?s={search_term_string}\"},\"query-input\":\"required name=search_term_string\"}],\"inLanguage\":\"sk-SK\"},{\"@type\":\"Organization\",\"@id\":\"https:\/\/att-investments.eu\/#organization\",\"name\":\"Investujte do budoucnosti - ATT Investments\",\"url\":\"https:\/\/att-investments.eu\/\",\"logo\":{\"@type\":\"ImageObject\",\"inLanguage\":\"sk-SK\",\"@id\":\"https:\/\/att-investments.eu\/#\/schema\/logo\/image\/\",\"url\":\"https:\/\/att-investments.eu\/wp-content\/uploads\/2021\/10\/SvgjsG1008.png\",\"contentUrl\":\"https:\/\/att-investments.eu\/wp-content\/uploads\/2021\/10\/SvgjsG1008.png\",\"width\":857,\"height\":138,\"caption\":\"Investujte do budoucnosti - ATT Investments\"},\"image\":{\"@id\":\"https:\/\/att-investments.eu\/#\/schema\/logo\/image\/\"}}]}<\/script>\n<!-- \/ Yoast SEO plugin. -->","yoast_head_json":{"title":"Pirata TOURBILLON - Investujte do budoucnosti - ATT Investments","description":"Pirata TOURBILLON hodinky Cuervo y Sobrinos. P\u00e1nske hodinky a d\u00e1mske hodinky Cuervo y Sobrinos.","robots":{"index":"index","follow":"follow","max-snippet":"max-snippet:-1","max-image-preview":"max-image-preview:large","max-video-preview":"max-video-preview:-1"},"canonical":"https:\/\/att-investments.eu\/sk\/produkt\/pirata-tourbillon\/","og_locale":"sk_SK","og_type":"article","og_title":"Pirata TOURBILLON - Investujte do budoucnosti - ATT Investments","og_description":"Pirata TOURBILLON hodinky Cuervo y Sobrinos. P\u00e1nske hodinky a d\u00e1mske hodinky Cuervo y Sobrinos.","og_url":"https:\/\/att-investments.eu\/sk\/produkt\/pirata-tourbillon\/","og_site_name":"Investujte do budoucnosti - ATT Investments","article_modified_time":"2022-01-19T10:09:32+00:00","og_image":[{"width":868,"height":1284,"url":"https:\/\/att-investments.eu\/wp-content\/uploads\/2021\/09\/pirata-tourbillon.jpeg","type":"image\/jpeg"}],"twitter_card":"summary_large_image","twitter_misc":{"Predpokladan\u00fd \u010das \u010d\u00edtania":"1 min\u00fata"},"schema":{"@context":"https:\/\/schema.org","@graph":[{"@type":"WebPage","@id":"https:\/\/att-investments.eu\/sk\/produkt\/pirata-tourbillon\/","url":"https:\/\/att-investments.eu\/sk\/produkt\/pirata-tourbillon\/","name":"Pirata TOURBILLON - Investujte do budoucnosti - ATT Investments","isPartOf":{"@id":"https:\/\/att-investments.eu\/#website"},"primaryImageOfPage":{"@id":"https:\/\/att-investments.eu\/sk\/produkt\/pirata-tourbillon\/#primaryimage"},"image":{"@id":"https:\/\/att-investments.eu\/sk\/produkt\/pirata-tourbillon\/#primaryimage"},"thumbnailUrl":"https:\/\/att-investments.eu\/wp-content\/uploads\/2021\/09\/pirata-tourbillon.jpeg","datePublished":"2021-09-28T19:13:56+00:00","dateModified":"2022-01-19T10:09:32+00:00","description":"Pirata TOURBILLON hodinky Cuervo y Sobrinos. P\u00e1nske hodinky a d\u00e1mske hodinky Cuervo y Sobrinos.","breadcrumb":{"@id":"https:\/\/att-investments.eu\/sk\/produkt\/pirata-tourbillon\/#breadcrumb"},"inLanguage":"sk-SK","potentialAction":[{"@type":"ReadAction","target":["https:\/\/att-investments.eu\/sk\/produkt\/pirata-tourbillon\/"]}]},{"@type":"ImageObject","inLanguage":"sk-SK","@id":"https:\/\/att-investments.eu\/sk\/produkt\/pirata-tourbillon\/#primaryimage","url":"https:\/\/att-investments.eu\/wp-content\/uploads\/2021\/09\/pirata-tourbillon.jpeg","contentUrl":"https:\/\/att-investments.eu\/wp-content\/uploads\/2021\/09\/pirata-tourbillon.jpeg","width":868,"height":1284},{"@type":"BreadcrumbList","@id":"https:\/\/att-investments.eu\/sk\/produkt\/pirata-tourbillon\/#breadcrumb","itemListElement":[{"@type":"ListItem","position":1,"name":"Dom\u016f","item":"https:\/\/att-investments.eu\/sk\/"},{"@type":"ListItem","position":2,"name":"Shop","item":"https:\/\/att-investments.eu\/sk\/shop\/"},{"@type":"ListItem","position":3,"name":"Pirata TOURBILLON"}]},{"@type":"WebSite","@id":"https:\/\/att-investments.eu\/#website","url":"https:\/\/att-investments.eu\/","name":"Investujte do budoucnosti - ATT Investments","description":"Chr\u00e1n\u00edme hodnotu Va\u0161ich pen\u011bz","publisher":{"@id":"https:\/\/att-investments.eu\/#organization"},"potentialAction":[{"@type":"SearchAction","target":{"@type":"EntryPoint","urlTemplate":"https:\/\/att-investments.eu\/?s={search_term_string}"},"query-input":"required name=search_term_string"}],"inLanguage":"sk-SK"},{"@type":"Organization","@id":"https:\/\/att-investments.eu\/#organization","name":"Investujte do budoucnosti - ATT Investments","url":"https:\/\/att-investments.eu\/","logo":{"@type":"ImageObject","inLanguage":"sk-SK","@id":"https:\/\/att-investments.eu\/#\/schema\/logo\/image\/","url":"https:\/\/att-investments.eu\/wp-content\/uploads\/2021\/10\/SvgjsG1008.png","contentUrl":"https:\/\/att-investments.eu\/wp-content\/uploads\/2021\/10\/SvgjsG1008.png","width":857,"height":138,"caption":"Investujte do budoucnosti - ATT Investments"},"image":{"@id":"https:\/\/att-investments.eu\/#\/schema\/logo\/image\/"}}]}},"_links":{"self":[{"href":"https:\/\/att-investments.eu\/sk\/wp-json\/wp\/v2\/product\/6975","targetHints":{"allow":["GET"]}}],"collection":[{"href":"https:\/\/att-investments.eu\/sk\/wp-json\/wp\/v2\/product"}],"about":[{"href":"https:\/\/att-investments.eu\/sk\/wp-json\/wp\/v2\/types\/product"}],"wp:featuredmedia":[{"embeddable":true,"href":"https:\/\/att-investments.eu\/sk\/wp-json\/wp\/v2\/media\/1213"}],"wp:attachment":[{"href":"https:\/\/att-investments.eu\/sk\/wp-json\/wp\/v2\/media?parent=6975"}],"wp:term":[{"taxonomy":"product_cat","embeddable":true,"href":"https:\/\/att-investments.eu\/sk\/wp-json\/wp\/v2\/product_cat?post=6975"},{"taxonomy":"product_tag","embeddable":true,"href":"https:\/\/att-investments.eu\/sk\/wp-json\/wp\/v2\/product_tag?post=6975"}],"curies":[{"name":"wp","href":"https:\/\/api.w.org\/{rel}","templated":true}]}}