{"id":6963,"date":"2021-09-24T20:13:59","date_gmt":"2021-09-24T18:13:59","guid":{"rendered":"https:\/\/att-investments.eu\/produkt\/historiador-retrogrado-2\/"},"modified":"2022-01-19T11:05:03","modified_gmt":"2022-01-19T10:05:03","slug":"historiador-retrogrado-2","status":"publish","type":"product","link":"https:\/\/att-investments.eu\/sk\/produkt\/historiador-retrogrado-2\/","title":{"rendered":"Historiador RETR\u00d3GRADO"},"content":{"rendered":"<p><strong>Funkcia<\/strong><br \/>\nHodiny, min\u00faty, centr\u00e1lne sekundy, retrogr\u00e1dny d\u00e1tum, de\u0148 v t\u00fd\u017edni, rezerva chodu<\/p>\n<p><strong>Pohon<\/strong><br \/>\nCYS 6330<\/p>\n<p><strong>P\u00faNiektor\u00e9 pr\u00edjemn\u00e9 \u017eivotn\u00e9 udalosti s\u00fa pre n\u00e1s tak\u00e9 siln\u00e9, \u017ee ich t\u00fa\u017eime pre\u017ei\u0165 e\u0161te raz. Rovnako tak, ke\u010f sa stretneme s probl\u00e9mami alebo urob\u00edme chybu, \u010dasto si prajeme, aby sme mohli situ\u00e1ciu zmaza\u0165 a za\u010da\u0165 odznova. Historiador Retrograde tieto t\u00fa\u017eby uspokojuje. Obsahuje neobvykl\u00e9 zobrazenie d\u00e1tumu, ktor\u00e9 sa vracia v \u010dase.Niektor\u00e9 pr\u00edjemn\u00e9 \u017eivotn\u00e9 udalosti s\u00fa pre n\u00e1s tak\u00e9 siln\u00e9, \u017ee ich t\u00fa\u017eime pre\u017ei\u0165 e\u0161te raz. Rovnako tak, ke\u010f sa stretneme s probl\u00e9mami alebo urob\u00edme chybu, \u010dasto si prajeme, aby sme mohli situ\u00e1ciu zmaza\u0165 a za\u010da\u0165 odznova. Historiador Retrograde tieto t\u00fa\u017eby uspokojuje. Obsahuje neobvykl\u00e9 zobrazenie d\u00e1tumu, ktor\u00e9 sa vracia v \u010dase.zdro<\/strong><br \/>\nNerezov\u00e1 oce\u013e, priemer 40 mm, v\u00fd\u0161ka 11,25 mm, dvojito zakriven\u00e9 zaf\u00edrov\u00e9 skl\u00ed\u010dko s antireflexnou vrstvou, vodeodoln\u00e9 do 3 ATM, skrutkovan\u00e1 prieh\u013eadn\u00e1 zadn\u00e1 strana puzdra so zaf\u00edrov\u00fdm skl\u00ed\u010dkom<\/p>\n<p><strong>Cifern\u00edk<\/strong><br \/>\nStriebro, d\u00e1tum, de\u0148 v t\u00fd\u017edni a rezerva chodu, stredn\u00e1 \u010das\u0165 s \u201eClous de Paris\u201c, ukazovate\u013e hod\u00edn s 8 indexmi v tvare pyram\u00eddy, r\u00edmske \u010d\u00edslice, aplikovan\u00fd znak CyS<\/p>\n<p><strong>Ru\u010di\u010dky<\/strong><br \/>\nModr\u00e9 hodiny a min\u00faty so Superluminovou, centr\u00e1lne sekundy, modr\u00e9 ru\u010di\u010dky d\u00e1tumu a d\u0148a v t\u00fd\u017edni, modr\u00e1 rezerva chodu<\/p>\n<p><strong>Remienok<\/strong><br \/>\nTmavomodr\u00fd leskl\u00fd alig\u00e1tor Louisiana<\/p>\n<p><strong>Pracka<\/strong><br \/>\nSkladacia pracka z nerezovej ocele, grav\u00edrovan\u00fd znak CyS<\/p>\n","protected":false},"excerpt":{"rendered":"<p><strong>Cena je uveden\u00e1 s DPH<\/strong><\/p>\n<p>3194.1A<\/p>\n<p>Niektor\u00e9 pr\u00edjemn\u00e9 \u017eivotn\u00e9 udalosti s\u00fa pre n\u00e1s tak\u00e9 siln\u00e9, \u017ee ich t\u00fa\u017eime pre\u017ei\u0165 e\u0161te raz. Rovnako tak, ke\u010f sa stretneme s probl\u00e9mami alebo urob\u00edme chybu, \u010dasto si prajeme, aby sme mohli situ\u00e1ciu zmaza\u0165 a za\u010da\u0165 odznova. Historiador Retrograde tieto t\u00fa\u017eby uspokojuje. Obsahuje neobvykl\u00e9 zobrazenie d\u00e1tumu, ktor\u00e9 sa vracia v \u010dase.<\/p>\n","protected":false},"featured_media":608,"template":"","meta":{"_acf_changed":false},"product_cat":[77,79],"product_tag":[],"class_list":{"0":"post-6963","1":"product","2":"type-product","3":"status-publish","4":"has-post-thumbnail","6":"product_cat-hodinky-sk","7":"product_cat-panske-sk","8":"pa_modelova-rada-historiador-sk","10":"first","11":"instock","12":"shipping-taxable","13":"product-type-simple"},"acf":[],"yoast_head":"<!-- This site is optimized with the Yoast SEO plugin v22.8 - https:\/\/yoast.com\/wordpress\/plugins\/seo\/ -->\n<title>Historiador RETR\u00d3GRADO - Investujte do budoucnosti - ATT Investments<\/title>\n<meta name=\"description\" content=\"Historiador RETR\u00d3GRADO hodinky Cuervo y Sobrinos. P\u00e1nske hodinky a d\u00e1mske hodinky Cuervo y Sobrinos.\" \/>\n<meta name=\"robots\" content=\"index, follow, max-snippet:-1, max-image-preview:large, max-video-preview:-1\" \/>\n<link rel=\"canonical\" href=\"https:\/\/att-investments.eu\/sk\/produkt\/historiador-retrogrado-2\/\" \/>\n<meta property=\"og:locale\" content=\"sk_SK\" \/>\n<meta property=\"og:type\" content=\"article\" \/>\n<meta property=\"og:title\" content=\"Historiador RETR\u00d3GRADO - Investujte do budoucnosti - ATT Investments\" \/>\n<meta property=\"og:description\" content=\"Historiador RETR\u00d3GRADO hodinky Cuervo y Sobrinos. P\u00e1nske hodinky a d\u00e1mske hodinky Cuervo y Sobrinos.\" \/>\n<meta property=\"og:url\" content=\"https:\/\/att-investments.eu\/sk\/produkt\/historiador-retrogrado-2\/\" \/>\n<meta property=\"og:site_name\" content=\"Investujte do budoucnosti - ATT Investments\" \/>\n<meta property=\"article:modified_time\" content=\"2022-01-19T10:05:03+00:00\" \/>\n<meta property=\"og:image\" content=\"https:\/\/att-investments.eu\/wp-content\/uploads\/2021\/09\/historiador-retrogrado-2.png\" \/>\n\t<meta property=\"og:image:width\" content=\"687\" \/>\n\t<meta property=\"og:image:height\" content=\"1080\" \/>\n\t<meta property=\"og:image:type\" content=\"image\/png\" \/>\n<meta name=\"twitter:card\" content=\"summary_large_image\" \/>\n<meta name=\"twitter:label1\" content=\"Predpokladan\u00fd \u010das \u010d\u00edtania\" \/>\n\t<meta name=\"twitter:data1\" content=\"1 min\u00fata\" \/>\n<script type=\"application\/ld+json\" class=\"yoast-schema-graph\">{\"@context\":\"https:\/\/schema.org\",\"@graph\":[{\"@type\":\"WebPage\",\"@id\":\"https:\/\/att-investments.eu\/sk\/produkt\/historiador-retrogrado-2\/\",\"url\":\"https:\/\/att-investments.eu\/sk\/produkt\/historiador-retrogrado-2\/\",\"name\":\"Historiador RETR\u00d3GRADO - Investujte do budoucnosti - ATT Investments\",\"isPartOf\":{\"@id\":\"https:\/\/att-investments.eu\/#website\"},\"primaryImageOfPage\":{\"@id\":\"https:\/\/att-investments.eu\/sk\/produkt\/historiador-retrogrado-2\/#primaryimage\"},\"image\":{\"@id\":\"https:\/\/att-investments.eu\/sk\/produkt\/historiador-retrogrado-2\/#primaryimage\"},\"thumbnailUrl\":\"https:\/\/att-investments.eu\/wp-content\/uploads\/2021\/09\/historiador-retrogrado-2.png\",\"datePublished\":\"2021-09-24T18:13:59+00:00\",\"dateModified\":\"2022-01-19T10:05:03+00:00\",\"description\":\"Historiador RETR\u00d3GRADO hodinky Cuervo y Sobrinos. P\u00e1nske hodinky a d\u00e1mske hodinky Cuervo y Sobrinos.\",\"breadcrumb\":{\"@id\":\"https:\/\/att-investments.eu\/sk\/produkt\/historiador-retrogrado-2\/#breadcrumb\"},\"inLanguage\":\"sk-SK\",\"potentialAction\":[{\"@type\":\"ReadAction\",\"target\":[\"https:\/\/att-investments.eu\/sk\/produkt\/historiador-retrogrado-2\/\"]}]},{\"@type\":\"ImageObject\",\"inLanguage\":\"sk-SK\",\"@id\":\"https:\/\/att-investments.eu\/sk\/produkt\/historiador-retrogrado-2\/#primaryimage\",\"url\":\"https:\/\/att-investments.eu\/wp-content\/uploads\/2021\/09\/historiador-retrogrado-2.png\",\"contentUrl\":\"https:\/\/att-investments.eu\/wp-content\/uploads\/2021\/09\/historiador-retrogrado-2.png\",\"width\":687,\"height\":1080},{\"@type\":\"BreadcrumbList\",\"@id\":\"https:\/\/att-investments.eu\/sk\/produkt\/historiador-retrogrado-2\/#breadcrumb\",\"itemListElement\":[{\"@type\":\"ListItem\",\"position\":1,\"name\":\"Dom\u016f\",\"item\":\"https:\/\/att-investments.eu\/sk\/\"},{\"@type\":\"ListItem\",\"position\":2,\"name\":\"Shop\",\"item\":\"https:\/\/att-investments.eu\/sk\/shop\/\"},{\"@type\":\"ListItem\",\"position\":3,\"name\":\"Historiador RETR\u00d3GRADO\"}]},{\"@type\":\"WebSite\",\"@id\":\"https:\/\/att-investments.eu\/#website\",\"url\":\"https:\/\/att-investments.eu\/\",\"name\":\"Investujte do budoucnosti - ATT Investments\",\"description\":\"Chr\u00e1n\u00edme hodnotu Va\u0161ich pen\u011bz\",\"publisher\":{\"@id\":\"https:\/\/att-investments.eu\/#organization\"},\"potentialAction\":[{\"@type\":\"SearchAction\",\"target\":{\"@type\":\"EntryPoint\",\"urlTemplate\":\"https:\/\/att-investments.eu\/?s={search_term_string}\"},\"query-input\":\"required name=search_term_string\"}],\"inLanguage\":\"sk-SK\"},{\"@type\":\"Organization\",\"@id\":\"https:\/\/att-investments.eu\/#organization\",\"name\":\"Investujte do budoucnosti - ATT Investments\",\"url\":\"https:\/\/att-investments.eu\/\",\"logo\":{\"@type\":\"ImageObject\",\"inLanguage\":\"sk-SK\",\"@id\":\"https:\/\/att-investments.eu\/#\/schema\/logo\/image\/\",\"url\":\"https:\/\/att-investments.eu\/wp-content\/uploads\/2021\/10\/SvgjsG1008.png\",\"contentUrl\":\"https:\/\/att-investments.eu\/wp-content\/uploads\/2021\/10\/SvgjsG1008.png\",\"width\":857,\"height\":138,\"caption\":\"Investujte do budoucnosti - ATT Investments\"},\"image\":{\"@id\":\"https:\/\/att-investments.eu\/#\/schema\/logo\/image\/\"}}]}<\/script>\n<!-- \/ Yoast SEO plugin. -->","yoast_head_json":{"title":"Historiador RETR\u00d3GRADO - Investujte do budoucnosti - ATT Investments","description":"Historiador RETR\u00d3GRADO hodinky Cuervo y Sobrinos. P\u00e1nske hodinky a d\u00e1mske hodinky Cuervo y Sobrinos.","robots":{"index":"index","follow":"follow","max-snippet":"max-snippet:-1","max-image-preview":"max-image-preview:large","max-video-preview":"max-video-preview:-1"},"canonical":"https:\/\/att-investments.eu\/sk\/produkt\/historiador-retrogrado-2\/","og_locale":"sk_SK","og_type":"article","og_title":"Historiador RETR\u00d3GRADO - Investujte do budoucnosti - ATT Investments","og_description":"Historiador RETR\u00d3GRADO hodinky Cuervo y Sobrinos. P\u00e1nske hodinky a d\u00e1mske hodinky Cuervo y Sobrinos.","og_url":"https:\/\/att-investments.eu\/sk\/produkt\/historiador-retrogrado-2\/","og_site_name":"Investujte do budoucnosti - ATT Investments","article_modified_time":"2022-01-19T10:05:03+00:00","og_image":[{"width":687,"height":1080,"url":"https:\/\/att-investments.eu\/wp-content\/uploads\/2021\/09\/historiador-retrogrado-2.png","type":"image\/png"}],"twitter_card":"summary_large_image","twitter_misc":{"Predpokladan\u00fd \u010das \u010d\u00edtania":"1 min\u00fata"},"schema":{"@context":"https:\/\/schema.org","@graph":[{"@type":"WebPage","@id":"https:\/\/att-investments.eu\/sk\/produkt\/historiador-retrogrado-2\/","url":"https:\/\/att-investments.eu\/sk\/produkt\/historiador-retrogrado-2\/","name":"Historiador RETR\u00d3GRADO - Investujte do budoucnosti - ATT Investments","isPartOf":{"@id":"https:\/\/att-investments.eu\/#website"},"primaryImageOfPage":{"@id":"https:\/\/att-investments.eu\/sk\/produkt\/historiador-retrogrado-2\/#primaryimage"},"image":{"@id":"https:\/\/att-investments.eu\/sk\/produkt\/historiador-retrogrado-2\/#primaryimage"},"thumbnailUrl":"https:\/\/att-investments.eu\/wp-content\/uploads\/2021\/09\/historiador-retrogrado-2.png","datePublished":"2021-09-24T18:13:59+00:00","dateModified":"2022-01-19T10:05:03+00:00","description":"Historiador RETR\u00d3GRADO hodinky Cuervo y Sobrinos. P\u00e1nske hodinky a d\u00e1mske hodinky Cuervo y Sobrinos.","breadcrumb":{"@id":"https:\/\/att-investments.eu\/sk\/produkt\/historiador-retrogrado-2\/#breadcrumb"},"inLanguage":"sk-SK","potentialAction":[{"@type":"ReadAction","target":["https:\/\/att-investments.eu\/sk\/produkt\/historiador-retrogrado-2\/"]}]},{"@type":"ImageObject","inLanguage":"sk-SK","@id":"https:\/\/att-investments.eu\/sk\/produkt\/historiador-retrogrado-2\/#primaryimage","url":"https:\/\/att-investments.eu\/wp-content\/uploads\/2021\/09\/historiador-retrogrado-2.png","contentUrl":"https:\/\/att-investments.eu\/wp-content\/uploads\/2021\/09\/historiador-retrogrado-2.png","width":687,"height":1080},{"@type":"BreadcrumbList","@id":"https:\/\/att-investments.eu\/sk\/produkt\/historiador-retrogrado-2\/#breadcrumb","itemListElement":[{"@type":"ListItem","position":1,"name":"Dom\u016f","item":"https:\/\/att-investments.eu\/sk\/"},{"@type":"ListItem","position":2,"name":"Shop","item":"https:\/\/att-investments.eu\/sk\/shop\/"},{"@type":"ListItem","position":3,"name":"Historiador RETR\u00d3GRADO"}]},{"@type":"WebSite","@id":"https:\/\/att-investments.eu\/#website","url":"https:\/\/att-investments.eu\/","name":"Investujte do budoucnosti - ATT Investments","description":"Chr\u00e1n\u00edme hodnotu Va\u0161ich pen\u011bz","publisher":{"@id":"https:\/\/att-investments.eu\/#organization"},"potentialAction":[{"@type":"SearchAction","target":{"@type":"EntryPoint","urlTemplate":"https:\/\/att-investments.eu\/?s={search_term_string}"},"query-input":"required name=search_term_string"}],"inLanguage":"sk-SK"},{"@type":"Organization","@id":"https:\/\/att-investments.eu\/#organization","name":"Investujte do budoucnosti - ATT Investments","url":"https:\/\/att-investments.eu\/","logo":{"@type":"ImageObject","inLanguage":"sk-SK","@id":"https:\/\/att-investments.eu\/#\/schema\/logo\/image\/","url":"https:\/\/att-investments.eu\/wp-content\/uploads\/2021\/10\/SvgjsG1008.png","contentUrl":"https:\/\/att-investments.eu\/wp-content\/uploads\/2021\/10\/SvgjsG1008.png","width":857,"height":138,"caption":"Investujte do budoucnosti - ATT Investments"},"image":{"@id":"https:\/\/att-investments.eu\/#\/schema\/logo\/image\/"}}]}},"_links":{"self":[{"href":"https:\/\/att-investments.eu\/sk\/wp-json\/wp\/v2\/product\/6963","targetHints":{"allow":["GET"]}}],"collection":[{"href":"https:\/\/att-investments.eu\/sk\/wp-json\/wp\/v2\/product"}],"about":[{"href":"https:\/\/att-investments.eu\/sk\/wp-json\/wp\/v2\/types\/product"}],"wp:featuredmedia":[{"embeddable":true,"href":"https:\/\/att-investments.eu\/sk\/wp-json\/wp\/v2\/media\/608"}],"wp:attachment":[{"href":"https:\/\/att-investments.eu\/sk\/wp-json\/wp\/v2\/media?parent=6963"}],"wp:term":[{"taxonomy":"product_cat","embeddable":true,"href":"https:\/\/att-investments.eu\/sk\/wp-json\/wp\/v2\/product_cat?post=6963"},{"taxonomy":"product_tag","embeddable":true,"href":"https:\/\/att-investments.eu\/sk\/wp-json\/wp\/v2\/product_tag?post=6963"}],"curies":[{"name":"wp","href":"https:\/\/api.w.org\/{rel}","templated":true}]}}