{"id":6960,"date":"2021-09-24T19:26:06","date_gmt":"2021-09-24T17:26:06","guid":{"rendered":"https:\/\/att-investments.eu\/produkt\/historiador-pequenos-segundos-bile\/"},"modified":"2022-01-19T10:56:07","modified_gmt":"2022-01-19T09:56:07","slug":"historiador-pequenos-segundos-bile","status":"publish","type":"product","link":"https:\/\/att-investments.eu\/sk\/produkt\/historiador-pequenos-segundos-bile\/","title":{"rendered":"Historiador PEQUE\u00d1OS SEGUNDOS"},"content":{"rendered":"<div><strong>Funkcia<\/strong><\/div>\n<div>Hodiny, min\u00faty, mal\u00e9 sekundy a d\u00e1tum<\/div>\n<div><\/div>\n<div><strong>Pohon<\/strong><\/div>\n<div>CYS 5157<\/div>\n<div><\/div>\n<div><strong>P\u00fazdro<\/strong><\/div>\n<div>Nerezov\u00e1 oce\u013e, priemer 40 mm, v\u00fd\u0161ka 11,5 mm, dvojito zahnut\u00e9 zaf\u00edrov\u00e9 skl\u00ed\u010dko s antireflexnou vrstvou, vodeodoln\u00e9 do 3 ATM, skrutkovan\u00e1 prieh\u013eadn\u00e1 zadn\u00e1 strana puzdra so zaf\u00edrov\u00fdm skl\u00ed\u010dkom<\/div>\n<div><\/div>\n<div><strong>Cifern\u00edk<\/strong><\/div>\n<div>Striebro, index aplikovan\u00fd s r\u00f3diovou \u00fapravou, 11 bodov Superluminova, aplikovan\u00fd embl\u00e9m CyS<\/div>\n<div><\/div>\n<div><strong>Ru\u010di\u010dky<\/strong><\/div>\n<div>Hodiny a min\u00faty so Superluminovou, mal\u00e9 sekundy, o\u0161etrenie r\u00f3diom<\/div>\n<div><\/div>\n<div><strong>Remienok<\/strong><\/div>\n<div>\u010cierny matn\u00fd alig\u00e1tor Louisiana<\/div>\n<div><\/div>\n<div><strong>Pracka<\/strong><\/div>\n<div>Skladacia pracka z nerezovej ocele, grav\u00edrovan\u00fd znak CyS<\/div>\n<p>Hodiny, min\u00faty, mal\u00e9 sekundy a d\u00e1tum<\/p>\n<p>Pohon<br \/>\nCYS 5157<\/p>\n<p>Puzdro<br \/>\nNerezov\u00e1 oce\u013e, priemer 40 mm, v\u00fd\u0161ka 11,5 mm, dvojito zahnut\u00e9 zaf\u00edrov\u00e9 skl\u00ed\u010dko s antireflexnou vrstvou, vodeodoln\u00e9 do 3 ATM, skrutkovan\u00e1 prieh\u013eadn\u00e1 zadn\u00e1 strana puzdra so zaf\u00edrov\u00fdm skl\u00ed\u010dkom<\/p>\n<p>Cifern\u00edk<br \/>\nStriebro, index aplikovan\u00fd s r\u00f3diovou \u00fapravou, 11 bodov Superluminova, aplikovan\u00fd embl\u00e9m CyS<\/p>\n<p>Ru\u010di\u010dky<br \/>\nHodiny a min\u00faty so Superluminovou, mal\u00e9 sekundy, o\u0161etrenie r\u00f3diom<\/p>\n<p>Remienok<br \/>\n\u010cierny matn\u00fd alig\u00e1tor Louisiana<\/p>\n<p>Pracka<br \/>\nSkladacia pracka z nerezovej ocele, grav\u00edrovan\u00fd znak CyS<\/p>\n","protected":false},"excerpt":{"rendered":"<p><strong>Cena je uveden\u00e1 s DPH<\/strong><\/p>\n<p>3191.1VAS<\/p>\n<p>Historiador Peque\u00f1os Segundos je dokonal\u00fdm doplnkom k obleku na mieru. Cifern\u00edk aj p\u00fazdro tohto modelu vy\u017earuj\u00fa eleganciu a kultivovanos\u0165. Napriek tomu, \u017ee je dizajn tohto prekr\u00e1sneho v\u00fdtvoru in\u0161pirovan\u00fd estetick\u00fdmi vplyvmi \u0161tyridsiatych a p\u00e4\u0165desiatych rokov minul\u00e9ho storo\u010dia, dod\u00e1va mu trval\u00e9 k\u00fazlo.<\/p>\n","protected":false},"featured_media":508,"template":"","meta":{"_acf_changed":false},"product_cat":[77,79],"product_tag":[],"class_list":{"0":"post-6960","1":"product","2":"type-product","3":"status-publish","4":"has-post-thumbnail","6":"product_cat-hodinky-sk","7":"product_cat-panske-sk","8":"pa_modelova-rada-historiador-sk","10":"first","11":"instock","12":"shipping-taxable","13":"product-type-simple"},"acf":[],"yoast_head":"<!-- This site is optimized with the Yoast SEO plugin v22.8 - https:\/\/yoast.com\/wordpress\/plugins\/seo\/ -->\n<title>Historiador PEQUE\u00d1OS SEGUNDOS - Investujte do budoucnosti - ATT Investments<\/title>\n<meta name=\"description\" content=\"Historiador PEQUE\u00d1OS SEGUNDOS hodinky Cuervo y Sobrinos. P\u00e1nske hodinky a d\u00e1mske hodinky Cuervo y Sobrinos.\" \/>\n<meta name=\"robots\" content=\"index, follow, max-snippet:-1, max-image-preview:large, max-video-preview:-1\" \/>\n<link rel=\"canonical\" href=\"https:\/\/att-investments.eu\/sk\/produkt\/historiador-pequenos-segundos-bile\/\" \/>\n<meta property=\"og:locale\" content=\"sk_SK\" \/>\n<meta property=\"og:type\" content=\"article\" \/>\n<meta property=\"og:title\" content=\"Historiador PEQUE\u00d1OS SEGUNDOS - Investujte do budoucnosti - ATT Investments\" \/>\n<meta property=\"og:description\" content=\"Historiador PEQUE\u00d1OS SEGUNDOS hodinky Cuervo y Sobrinos. P\u00e1nske hodinky a d\u00e1mske hodinky Cuervo y Sobrinos.\" \/>\n<meta property=\"og:url\" content=\"https:\/\/att-investments.eu\/sk\/produkt\/historiador-pequenos-segundos-bile\/\" \/>\n<meta property=\"og:site_name\" content=\"Investujte do budoucnosti - ATT Investments\" \/>\n<meta property=\"article:modified_time\" content=\"2022-01-19T09:56:07+00:00\" \/>\n<meta property=\"og:image\" content=\"https:\/\/att-investments.eu\/wp-content\/uploads\/2021\/09\/historiador-pequenos-segundos-white.png\" \/>\n\t<meta property=\"og:image:width\" content=\"394\" \/>\n\t<meta property=\"og:image:height\" content=\"620\" \/>\n\t<meta property=\"og:image:type\" content=\"image\/png\" \/>\n<meta name=\"twitter:card\" content=\"summary_large_image\" \/>\n<meta name=\"twitter:label1\" content=\"Predpokladan\u00fd \u010das \u010d\u00edtania\" \/>\n\t<meta name=\"twitter:data1\" content=\"1 min\u00fata\" \/>\n<script type=\"application\/ld+json\" class=\"yoast-schema-graph\">{\"@context\":\"https:\/\/schema.org\",\"@graph\":[{\"@type\":\"WebPage\",\"@id\":\"https:\/\/att-investments.eu\/sk\/produkt\/historiador-pequenos-segundos-bile\/\",\"url\":\"https:\/\/att-investments.eu\/sk\/produkt\/historiador-pequenos-segundos-bile\/\",\"name\":\"Historiador PEQUE\u00d1OS SEGUNDOS - Investujte do budoucnosti - ATT Investments\",\"isPartOf\":{\"@id\":\"https:\/\/att-investments.eu\/#website\"},\"primaryImageOfPage\":{\"@id\":\"https:\/\/att-investments.eu\/sk\/produkt\/historiador-pequenos-segundos-bile\/#primaryimage\"},\"image\":{\"@id\":\"https:\/\/att-investments.eu\/sk\/produkt\/historiador-pequenos-segundos-bile\/#primaryimage\"},\"thumbnailUrl\":\"https:\/\/att-investments.eu\/wp-content\/uploads\/2021\/09\/historiador-pequenos-segundos-white.png\",\"datePublished\":\"2021-09-24T17:26:06+00:00\",\"dateModified\":\"2022-01-19T09:56:07+00:00\",\"description\":\"Historiador PEQUE\u00d1OS SEGUNDOS hodinky Cuervo y Sobrinos. P\u00e1nske hodinky a d\u00e1mske hodinky Cuervo y Sobrinos.\",\"breadcrumb\":{\"@id\":\"https:\/\/att-investments.eu\/sk\/produkt\/historiador-pequenos-segundos-bile\/#breadcrumb\"},\"inLanguage\":\"sk-SK\",\"potentialAction\":[{\"@type\":\"ReadAction\",\"target\":[\"https:\/\/att-investments.eu\/sk\/produkt\/historiador-pequenos-segundos-bile\/\"]}]},{\"@type\":\"ImageObject\",\"inLanguage\":\"sk-SK\",\"@id\":\"https:\/\/att-investments.eu\/sk\/produkt\/historiador-pequenos-segundos-bile\/#primaryimage\",\"url\":\"https:\/\/att-investments.eu\/wp-content\/uploads\/2021\/09\/historiador-pequenos-segundos-white.png\",\"contentUrl\":\"https:\/\/att-investments.eu\/wp-content\/uploads\/2021\/09\/historiador-pequenos-segundos-white.png\",\"width\":394,\"height\":620},{\"@type\":\"BreadcrumbList\",\"@id\":\"https:\/\/att-investments.eu\/sk\/produkt\/historiador-pequenos-segundos-bile\/#breadcrumb\",\"itemListElement\":[{\"@type\":\"ListItem\",\"position\":1,\"name\":\"Dom\u016f\",\"item\":\"https:\/\/att-investments.eu\/sk\/\"},{\"@type\":\"ListItem\",\"position\":2,\"name\":\"Shop\",\"item\":\"https:\/\/att-investments.eu\/sk\/shop\/\"},{\"@type\":\"ListItem\",\"position\":3,\"name\":\"Historiador PEQUE\u00d1OS SEGUNDOS\"}]},{\"@type\":\"WebSite\",\"@id\":\"https:\/\/att-investments.eu\/#website\",\"url\":\"https:\/\/att-investments.eu\/\",\"name\":\"Investujte do budoucnosti - ATT Investments\",\"description\":\"Chr\u00e1n\u00edme hodnotu Va\u0161ich pen\u011bz\",\"publisher\":{\"@id\":\"https:\/\/att-investments.eu\/#organization\"},\"potentialAction\":[{\"@type\":\"SearchAction\",\"target\":{\"@type\":\"EntryPoint\",\"urlTemplate\":\"https:\/\/att-investments.eu\/?s={search_term_string}\"},\"query-input\":\"required name=search_term_string\"}],\"inLanguage\":\"sk-SK\"},{\"@type\":\"Organization\",\"@id\":\"https:\/\/att-investments.eu\/#organization\",\"name\":\"Investujte do budoucnosti - ATT Investments\",\"url\":\"https:\/\/att-investments.eu\/\",\"logo\":{\"@type\":\"ImageObject\",\"inLanguage\":\"sk-SK\",\"@id\":\"https:\/\/att-investments.eu\/#\/schema\/logo\/image\/\",\"url\":\"https:\/\/att-investments.eu\/wp-content\/uploads\/2021\/10\/SvgjsG1008.png\",\"contentUrl\":\"https:\/\/att-investments.eu\/wp-content\/uploads\/2021\/10\/SvgjsG1008.png\",\"width\":857,\"height\":138,\"caption\":\"Investujte do budoucnosti - ATT Investments\"},\"image\":{\"@id\":\"https:\/\/att-investments.eu\/#\/schema\/logo\/image\/\"}}]}<\/script>\n<!-- \/ Yoast SEO plugin. -->","yoast_head_json":{"title":"Historiador PEQUE\u00d1OS SEGUNDOS - Investujte do budoucnosti - ATT Investments","description":"Historiador PEQUE\u00d1OS SEGUNDOS hodinky Cuervo y Sobrinos. P\u00e1nske hodinky a d\u00e1mske hodinky Cuervo y Sobrinos.","robots":{"index":"index","follow":"follow","max-snippet":"max-snippet:-1","max-image-preview":"max-image-preview:large","max-video-preview":"max-video-preview:-1"},"canonical":"https:\/\/att-investments.eu\/sk\/produkt\/historiador-pequenos-segundos-bile\/","og_locale":"sk_SK","og_type":"article","og_title":"Historiador PEQUE\u00d1OS SEGUNDOS - Investujte do budoucnosti - ATT Investments","og_description":"Historiador PEQUE\u00d1OS SEGUNDOS hodinky Cuervo y Sobrinos. P\u00e1nske hodinky a d\u00e1mske hodinky Cuervo y Sobrinos.","og_url":"https:\/\/att-investments.eu\/sk\/produkt\/historiador-pequenos-segundos-bile\/","og_site_name":"Investujte do budoucnosti - ATT Investments","article_modified_time":"2022-01-19T09:56:07+00:00","og_image":[{"width":394,"height":620,"url":"https:\/\/att-investments.eu\/wp-content\/uploads\/2021\/09\/historiador-pequenos-segundos-white.png","type":"image\/png"}],"twitter_card":"summary_large_image","twitter_misc":{"Predpokladan\u00fd \u010das \u010d\u00edtania":"1 min\u00fata"},"schema":{"@context":"https:\/\/schema.org","@graph":[{"@type":"WebPage","@id":"https:\/\/att-investments.eu\/sk\/produkt\/historiador-pequenos-segundos-bile\/","url":"https:\/\/att-investments.eu\/sk\/produkt\/historiador-pequenos-segundos-bile\/","name":"Historiador PEQUE\u00d1OS SEGUNDOS - Investujte do budoucnosti - ATT Investments","isPartOf":{"@id":"https:\/\/att-investments.eu\/#website"},"primaryImageOfPage":{"@id":"https:\/\/att-investments.eu\/sk\/produkt\/historiador-pequenos-segundos-bile\/#primaryimage"},"image":{"@id":"https:\/\/att-investments.eu\/sk\/produkt\/historiador-pequenos-segundos-bile\/#primaryimage"},"thumbnailUrl":"https:\/\/att-investments.eu\/wp-content\/uploads\/2021\/09\/historiador-pequenos-segundos-white.png","datePublished":"2021-09-24T17:26:06+00:00","dateModified":"2022-01-19T09:56:07+00:00","description":"Historiador PEQUE\u00d1OS SEGUNDOS hodinky Cuervo y Sobrinos. P\u00e1nske hodinky a d\u00e1mske hodinky Cuervo y Sobrinos.","breadcrumb":{"@id":"https:\/\/att-investments.eu\/sk\/produkt\/historiador-pequenos-segundos-bile\/#breadcrumb"},"inLanguage":"sk-SK","potentialAction":[{"@type":"ReadAction","target":["https:\/\/att-investments.eu\/sk\/produkt\/historiador-pequenos-segundos-bile\/"]}]},{"@type":"ImageObject","inLanguage":"sk-SK","@id":"https:\/\/att-investments.eu\/sk\/produkt\/historiador-pequenos-segundos-bile\/#primaryimage","url":"https:\/\/att-investments.eu\/wp-content\/uploads\/2021\/09\/historiador-pequenos-segundos-white.png","contentUrl":"https:\/\/att-investments.eu\/wp-content\/uploads\/2021\/09\/historiador-pequenos-segundos-white.png","width":394,"height":620},{"@type":"BreadcrumbList","@id":"https:\/\/att-investments.eu\/sk\/produkt\/historiador-pequenos-segundos-bile\/#breadcrumb","itemListElement":[{"@type":"ListItem","position":1,"name":"Dom\u016f","item":"https:\/\/att-investments.eu\/sk\/"},{"@type":"ListItem","position":2,"name":"Shop","item":"https:\/\/att-investments.eu\/sk\/shop\/"},{"@type":"ListItem","position":3,"name":"Historiador PEQUE\u00d1OS SEGUNDOS"}]},{"@type":"WebSite","@id":"https:\/\/att-investments.eu\/#website","url":"https:\/\/att-investments.eu\/","name":"Investujte do budoucnosti - ATT Investments","description":"Chr\u00e1n\u00edme hodnotu Va\u0161ich pen\u011bz","publisher":{"@id":"https:\/\/att-investments.eu\/#organization"},"potentialAction":[{"@type":"SearchAction","target":{"@type":"EntryPoint","urlTemplate":"https:\/\/att-investments.eu\/?s={search_term_string}"},"query-input":"required name=search_term_string"}],"inLanguage":"sk-SK"},{"@type":"Organization","@id":"https:\/\/att-investments.eu\/#organization","name":"Investujte do budoucnosti - ATT Investments","url":"https:\/\/att-investments.eu\/","logo":{"@type":"ImageObject","inLanguage":"sk-SK","@id":"https:\/\/att-investments.eu\/#\/schema\/logo\/image\/","url":"https:\/\/att-investments.eu\/wp-content\/uploads\/2021\/10\/SvgjsG1008.png","contentUrl":"https:\/\/att-investments.eu\/wp-content\/uploads\/2021\/10\/SvgjsG1008.png","width":857,"height":138,"caption":"Investujte do budoucnosti - ATT Investments"},"image":{"@id":"https:\/\/att-investments.eu\/#\/schema\/logo\/image\/"}}]}},"_links":{"self":[{"href":"https:\/\/att-investments.eu\/sk\/wp-json\/wp\/v2\/product\/6960","targetHints":{"allow":["GET"]}}],"collection":[{"href":"https:\/\/att-investments.eu\/sk\/wp-json\/wp\/v2\/product"}],"about":[{"href":"https:\/\/att-investments.eu\/sk\/wp-json\/wp\/v2\/types\/product"}],"wp:featuredmedia":[{"embeddable":true,"href":"https:\/\/att-investments.eu\/sk\/wp-json\/wp\/v2\/media\/508"}],"wp:attachment":[{"href":"https:\/\/att-investments.eu\/sk\/wp-json\/wp\/v2\/media?parent=6960"}],"wp:term":[{"taxonomy":"product_cat","embeddable":true,"href":"https:\/\/att-investments.eu\/sk\/wp-json\/wp\/v2\/product_cat?post=6960"},{"taxonomy":"product_tag","embeddable":true,"href":"https:\/\/att-investments.eu\/sk\/wp-json\/wp\/v2\/product_tag?post=6960"}],"curies":[{"name":"wp","href":"https:\/\/api.w.org\/{rel}","templated":true}]}}