{"id":6950,"date":"2021-11-28T20:20:27","date_gmt":"2021-11-28T19:20:27","guid":{"rendered":"https:\/\/att-investments.eu\/produkt\/historiador-flechazo-5\/"},"modified":"2022-01-19T10:49:53","modified_gmt":"2022-01-19T09:49:53","slug":"historiador-flechazo-5","status":"publish","type":"product","link":"https:\/\/att-investments.eu\/sk\/produkt\/historiador-flechazo-5\/","title":{"rendered":"Historiador FLECHAZO"},"content":{"rendered":"<p><strong>Funkcia<\/strong><br \/>\nHodiny, min\u00faty, mal\u00e9 sekundy, chronograf, tachymeter<\/p>\n<p><strong>Pohon<\/strong><br \/>\nCYS 8100<\/p>\n<p><strong>P\u00fazdro<\/strong><br \/>\nNerezov\u00e1 oce\u013e, priemer 42 mm, v\u00fd\u0161ka 12 mm, dvojito zakriven\u00e9 zaf\u00edrov\u00e9 skl\u00ed\u010dko s antireflexnou vrstvou, vodeodoln\u00e9 do 3 ATM, skrutkovan\u00e1 prieh\u013eadn\u00e1 zadn\u00e1 strana puzdra so zaf\u00edrov\u00fdm skl\u00ed\u010dkom<\/p>\n<p><strong>Cifern\u00edk<\/strong><br \/>\nFunkcia mal\u00e9ho sekundov\u00e9ho po\u010d\u00edtadla a chronografu: 60 sekundov\u00e9 po\u010d\u00edtadlo uprostred, 30-min\u00fatov\u00e9 po\u010d\u00edtadlo, 12hodinov\u00e9 po\u010d\u00edtadlo, d\u00e1tum, hodiny tla\u010den\u00e9 bord\u00f3 alebo bielo a tachymeter v bielej farbe, tla\u010den\u00fd znak CyS.<\/p>\n<p><strong>Ru\u010di\u010dky<\/strong><br \/>\nHodiny a min\u00faty Breguet, ru\u010di\u010dky v striebornej farbe, centr\u00e1lna sekundov\u00e1 r\u00fa\u010dka \u010dervenej farby s ve\u013ekou \u0161\u00edpkou a vintage CyS designom. Ru\u010di\u010dky v striebornej farbe a vintage CyS designu<\/p>\n<p><strong>Remienok<\/strong><br \/>\nBordeaux matt Louisiana alig\u00e1tor<\/p>\n<p><strong>Pracka<\/strong><br \/>\nSkladacia pracka z nerezovej ocele, grav\u00edrovan\u00fd znak CyS<\/p>\n","protected":false},"excerpt":{"rendered":"<p><strong>Cena je uveden\u00e1 s DPH<\/strong><\/p>\n<p>3142.1BX<\/p>\n<p>\u0160panielske slovo &#8222;flechazo&#8220; znamen\u00e1 &#8222;\u0161\u00edp&#8220;, \u010do je odkaz na prominentn\u00fa sekundov\u00fa ru\u010di\u010dku chronografu, umiestnen\u00fa na Historiador Flechazo. T\u00e1to \u010derven\u00e1 ru\u010di\u010dka m\u00e1 neobvykl\u00fd trojuholn\u00edkov\u00fd hrot s prelamovan\u00fdm povrchom, ktor\u00fd poskytuje nev\u0161edn\u00fd a interesantn\u00fd poh\u013ead na zobrazenie d\u00e1tumu na poludnie.<\/p>\n<p>Tento model sr\u0161\u00ed latinskou v\u00e1\u0161\u0148ou a je obdaren\u00fd zmyseln\u00fdmi krivkami. Jeho vzh\u013ead vyvol\u00e1va siln\u00e9 em\u00f3cie a pohotovo pri\u0165ahuje obdivn\u00e9 poh\u013eady.<\/p>\n","protected":false},"featured_media":6949,"template":"","meta":{"_acf_changed":false},"product_cat":[77,79],"product_tag":[],"class_list":{"0":"post-6950","1":"product","2":"type-product","3":"status-publish","4":"has-post-thumbnail","6":"product_cat-hodinky-sk","7":"product_cat-panske-sk","8":"pa_modelova-rada-historiador-sk","10":"first","11":"instock","12":"shipping-taxable","13":"product-type-simple"},"acf":[],"yoast_head":"<!-- This site is optimized with the Yoast SEO plugin v22.8 - https:\/\/yoast.com\/wordpress\/plugins\/seo\/ -->\n<title>Historiador FLECHAZO - Investujte do budoucnosti - ATT Investments<\/title>\n<meta name=\"description\" content=\"Historiador FLECHAZO hodinky Cuervo y Sobrinos. P\u00e1nske hodinky a d\u00e1mske hodinky Cuervo y Sobrinos.\" \/>\n<meta name=\"robots\" content=\"index, follow, max-snippet:-1, max-image-preview:large, max-video-preview:-1\" \/>\n<link rel=\"canonical\" href=\"https:\/\/att-investments.eu\/sk\/produkt\/historiador-flechazo-5\/\" \/>\n<meta property=\"og:locale\" content=\"sk_SK\" \/>\n<meta property=\"og:type\" content=\"article\" \/>\n<meta property=\"og:title\" content=\"Historiador FLECHAZO - Investujte do budoucnosti - ATT Investments\" \/>\n<meta property=\"og:description\" content=\"Historiador FLECHAZO hodinky Cuervo y Sobrinos. P\u00e1nske hodinky a d\u00e1mske hodinky Cuervo y Sobrinos.\" \/>\n<meta property=\"og:url\" content=\"https:\/\/att-investments.eu\/sk\/produkt\/historiador-flechazo-5\/\" \/>\n<meta property=\"og:site_name\" content=\"Investujte do budoucnosti - ATT Investments\" \/>\n<meta property=\"article:modified_time\" content=\"2022-01-19T09:49:53+00:00\" \/>\n<meta property=\"og:image\" content=\"https:\/\/att-investments.eu\/wp-content\/uploads\/2021\/11\/flechazo-red.jpg\" \/>\n\t<meta property=\"og:image:width\" content=\"394\" \/>\n\t<meta property=\"og:image:height\" content=\"620\" \/>\n\t<meta property=\"og:image:type\" content=\"image\/jpeg\" \/>\n<meta name=\"twitter:card\" content=\"summary_large_image\" \/>\n<meta name=\"twitter:label1\" content=\"Predpokladan\u00fd \u010das \u010d\u00edtania\" \/>\n\t<meta name=\"twitter:data1\" content=\"1 min\u00fata\" \/>\n<script type=\"application\/ld+json\" class=\"yoast-schema-graph\">{\"@context\":\"https:\/\/schema.org\",\"@graph\":[{\"@type\":\"WebPage\",\"@id\":\"https:\/\/att-investments.eu\/sk\/produkt\/historiador-flechazo-5\/\",\"url\":\"https:\/\/att-investments.eu\/sk\/produkt\/historiador-flechazo-5\/\",\"name\":\"Historiador FLECHAZO - Investujte do budoucnosti - ATT Investments\",\"isPartOf\":{\"@id\":\"https:\/\/att-investments.eu\/#website\"},\"primaryImageOfPage\":{\"@id\":\"https:\/\/att-investments.eu\/sk\/produkt\/historiador-flechazo-5\/#primaryimage\"},\"image\":{\"@id\":\"https:\/\/att-investments.eu\/sk\/produkt\/historiador-flechazo-5\/#primaryimage\"},\"thumbnailUrl\":\"https:\/\/att-investments.eu\/wp-content\/uploads\/2021\/11\/flechazo-red.jpg\",\"datePublished\":\"2021-11-28T19:20:27+00:00\",\"dateModified\":\"2022-01-19T09:49:53+00:00\",\"description\":\"Historiador FLECHAZO hodinky Cuervo y Sobrinos. P\u00e1nske hodinky a d\u00e1mske hodinky Cuervo y Sobrinos.\",\"breadcrumb\":{\"@id\":\"https:\/\/att-investments.eu\/sk\/produkt\/historiador-flechazo-5\/#breadcrumb\"},\"inLanguage\":\"sk-SK\",\"potentialAction\":[{\"@type\":\"ReadAction\",\"target\":[\"https:\/\/att-investments.eu\/sk\/produkt\/historiador-flechazo-5\/\"]}]},{\"@type\":\"ImageObject\",\"inLanguage\":\"sk-SK\",\"@id\":\"https:\/\/att-investments.eu\/sk\/produkt\/historiador-flechazo-5\/#primaryimage\",\"url\":\"https:\/\/att-investments.eu\/wp-content\/uploads\/2021\/11\/flechazo-red.jpg\",\"contentUrl\":\"https:\/\/att-investments.eu\/wp-content\/uploads\/2021\/11\/flechazo-red.jpg\",\"width\":394,\"height\":620},{\"@type\":\"BreadcrumbList\",\"@id\":\"https:\/\/att-investments.eu\/sk\/produkt\/historiador-flechazo-5\/#breadcrumb\",\"itemListElement\":[{\"@type\":\"ListItem\",\"position\":1,\"name\":\"Dom\u016f\",\"item\":\"https:\/\/att-investments.eu\/sk\/\"},{\"@type\":\"ListItem\",\"position\":2,\"name\":\"Shop\",\"item\":\"https:\/\/att-investments.eu\/sk\/shop\/\"},{\"@type\":\"ListItem\",\"position\":3,\"name\":\"Historiador FLECHAZO\"}]},{\"@type\":\"WebSite\",\"@id\":\"https:\/\/att-investments.eu\/#website\",\"url\":\"https:\/\/att-investments.eu\/\",\"name\":\"Investujte do budoucnosti - ATT Investments\",\"description\":\"Chr\u00e1n\u00edme hodnotu Va\u0161ich pen\u011bz\",\"publisher\":{\"@id\":\"https:\/\/att-investments.eu\/#organization\"},\"potentialAction\":[{\"@type\":\"SearchAction\",\"target\":{\"@type\":\"EntryPoint\",\"urlTemplate\":\"https:\/\/att-investments.eu\/?s={search_term_string}\"},\"query-input\":\"required name=search_term_string\"}],\"inLanguage\":\"sk-SK\"},{\"@type\":\"Organization\",\"@id\":\"https:\/\/att-investments.eu\/#organization\",\"name\":\"Investujte do budoucnosti - ATT Investments\",\"url\":\"https:\/\/att-investments.eu\/\",\"logo\":{\"@type\":\"ImageObject\",\"inLanguage\":\"sk-SK\",\"@id\":\"https:\/\/att-investments.eu\/#\/schema\/logo\/image\/\",\"url\":\"https:\/\/att-investments.eu\/wp-content\/uploads\/2021\/10\/SvgjsG1008.png\",\"contentUrl\":\"https:\/\/att-investments.eu\/wp-content\/uploads\/2021\/10\/SvgjsG1008.png\",\"width\":857,\"height\":138,\"caption\":\"Investujte do budoucnosti - ATT Investments\"},\"image\":{\"@id\":\"https:\/\/att-investments.eu\/#\/schema\/logo\/image\/\"}}]}<\/script>\n<!-- \/ Yoast SEO plugin. -->","yoast_head_json":{"title":"Historiador FLECHAZO - Investujte do budoucnosti - ATT Investments","description":"Historiador FLECHAZO hodinky Cuervo y Sobrinos. P\u00e1nske hodinky a d\u00e1mske hodinky Cuervo y Sobrinos.","robots":{"index":"index","follow":"follow","max-snippet":"max-snippet:-1","max-image-preview":"max-image-preview:large","max-video-preview":"max-video-preview:-1"},"canonical":"https:\/\/att-investments.eu\/sk\/produkt\/historiador-flechazo-5\/","og_locale":"sk_SK","og_type":"article","og_title":"Historiador FLECHAZO - Investujte do budoucnosti - ATT Investments","og_description":"Historiador FLECHAZO hodinky Cuervo y Sobrinos. P\u00e1nske hodinky a d\u00e1mske hodinky Cuervo y Sobrinos.","og_url":"https:\/\/att-investments.eu\/sk\/produkt\/historiador-flechazo-5\/","og_site_name":"Investujte do budoucnosti - ATT Investments","article_modified_time":"2022-01-19T09:49:53+00:00","og_image":[{"width":394,"height":620,"url":"https:\/\/att-investments.eu\/wp-content\/uploads\/2021\/11\/flechazo-red.jpg","type":"image\/jpeg"}],"twitter_card":"summary_large_image","twitter_misc":{"Predpokladan\u00fd \u010das \u010d\u00edtania":"1 min\u00fata"},"schema":{"@context":"https:\/\/schema.org","@graph":[{"@type":"WebPage","@id":"https:\/\/att-investments.eu\/sk\/produkt\/historiador-flechazo-5\/","url":"https:\/\/att-investments.eu\/sk\/produkt\/historiador-flechazo-5\/","name":"Historiador FLECHAZO - Investujte do budoucnosti - ATT Investments","isPartOf":{"@id":"https:\/\/att-investments.eu\/#website"},"primaryImageOfPage":{"@id":"https:\/\/att-investments.eu\/sk\/produkt\/historiador-flechazo-5\/#primaryimage"},"image":{"@id":"https:\/\/att-investments.eu\/sk\/produkt\/historiador-flechazo-5\/#primaryimage"},"thumbnailUrl":"https:\/\/att-investments.eu\/wp-content\/uploads\/2021\/11\/flechazo-red.jpg","datePublished":"2021-11-28T19:20:27+00:00","dateModified":"2022-01-19T09:49:53+00:00","description":"Historiador FLECHAZO hodinky Cuervo y Sobrinos. P\u00e1nske hodinky a d\u00e1mske hodinky Cuervo y Sobrinos.","breadcrumb":{"@id":"https:\/\/att-investments.eu\/sk\/produkt\/historiador-flechazo-5\/#breadcrumb"},"inLanguage":"sk-SK","potentialAction":[{"@type":"ReadAction","target":["https:\/\/att-investments.eu\/sk\/produkt\/historiador-flechazo-5\/"]}]},{"@type":"ImageObject","inLanguage":"sk-SK","@id":"https:\/\/att-investments.eu\/sk\/produkt\/historiador-flechazo-5\/#primaryimage","url":"https:\/\/att-investments.eu\/wp-content\/uploads\/2021\/11\/flechazo-red.jpg","contentUrl":"https:\/\/att-investments.eu\/wp-content\/uploads\/2021\/11\/flechazo-red.jpg","width":394,"height":620},{"@type":"BreadcrumbList","@id":"https:\/\/att-investments.eu\/sk\/produkt\/historiador-flechazo-5\/#breadcrumb","itemListElement":[{"@type":"ListItem","position":1,"name":"Dom\u016f","item":"https:\/\/att-investments.eu\/sk\/"},{"@type":"ListItem","position":2,"name":"Shop","item":"https:\/\/att-investments.eu\/sk\/shop\/"},{"@type":"ListItem","position":3,"name":"Historiador FLECHAZO"}]},{"@type":"WebSite","@id":"https:\/\/att-investments.eu\/#website","url":"https:\/\/att-investments.eu\/","name":"Investujte do budoucnosti - ATT Investments","description":"Chr\u00e1n\u00edme hodnotu Va\u0161ich pen\u011bz","publisher":{"@id":"https:\/\/att-investments.eu\/#organization"},"potentialAction":[{"@type":"SearchAction","target":{"@type":"EntryPoint","urlTemplate":"https:\/\/att-investments.eu\/?s={search_term_string}"},"query-input":"required name=search_term_string"}],"inLanguage":"sk-SK"},{"@type":"Organization","@id":"https:\/\/att-investments.eu\/#organization","name":"Investujte do budoucnosti - ATT Investments","url":"https:\/\/att-investments.eu\/","logo":{"@type":"ImageObject","inLanguage":"sk-SK","@id":"https:\/\/att-investments.eu\/#\/schema\/logo\/image\/","url":"https:\/\/att-investments.eu\/wp-content\/uploads\/2021\/10\/SvgjsG1008.png","contentUrl":"https:\/\/att-investments.eu\/wp-content\/uploads\/2021\/10\/SvgjsG1008.png","width":857,"height":138,"caption":"Investujte do budoucnosti - ATT Investments"},"image":{"@id":"https:\/\/att-investments.eu\/#\/schema\/logo\/image\/"}}]}},"_links":{"self":[{"href":"https:\/\/att-investments.eu\/sk\/wp-json\/wp\/v2\/product\/6950","targetHints":{"allow":["GET"]}}],"collection":[{"href":"https:\/\/att-investments.eu\/sk\/wp-json\/wp\/v2\/product"}],"about":[{"href":"https:\/\/att-investments.eu\/sk\/wp-json\/wp\/v2\/types\/product"}],"wp:featuredmedia":[{"embeddable":true,"href":"https:\/\/att-investments.eu\/sk\/wp-json\/wp\/v2\/media\/6949"}],"wp:attachment":[{"href":"https:\/\/att-investments.eu\/sk\/wp-json\/wp\/v2\/media?parent=6950"}],"wp:term":[{"taxonomy":"product_cat","embeddable":true,"href":"https:\/\/att-investments.eu\/sk\/wp-json\/wp\/v2\/product_cat?post=6950"},{"taxonomy":"product_tag","embeddable":true,"href":"https:\/\/att-investments.eu\/sk\/wp-json\/wp\/v2\/product_tag?post=6950"}],"curies":[{"name":"wp","href":"https:\/\/api.w.org\/{rel}","templated":true}]}}