{"id":6931,"date":"2021-09-24T18:48:21","date_gmt":"2021-09-24T16:48:21","guid":{"rendered":"https:\/\/att-investments.eu\/produkt\/historiador-flameante-hneda\/"},"modified":"2022-01-19T10:46:32","modified_gmt":"2022-01-19T09:46:32","slug":"historiador-flameante-hneda","status":"publish","type":"product","link":"https:\/\/att-investments.eu\/sk\/produkt\/historiador-flameante-hneda\/","title":{"rendered":"Historiador Flameante"},"content":{"rendered":"<p><strong>Funkcia<\/strong><br \/>\nHodiny, min\u00faty a mal\u00e9 sekundy<\/p>\n<p><strong>Pohon<\/strong><br \/>\nCYS 2052<\/p>\n<p><strong>P\u00fazdro<\/strong><br \/>\nNerezov\u00e1 oce\u013e, priemer 40 mm, v\u00fd\u0161ka 6,2 mm, dvojito zahnut\u00e9 zaf\u00edrov\u00e9 skl\u00ed\u010dko s antireflexnou vrstvou, vodeodoln\u00e9 do 3 ATM, skrutkovan\u00e1 prieh\u013eadn\u00e1 zadn\u00e1 strana puzdra so zaf\u00edrov\u00fdm skl\u00ed\u010dkom<\/p>\n<p><strong>Cifern\u00edk<\/strong><br \/>\nArgent\u00e9 farba s povrchovou \u00fapravou \u201eFlameante\u201c, pozl\u00e1ten\u00fdm indexom a pou\u017eit\u00fdm znakom CyS<\/p>\n<p><strong>Ru\u010di\u010dky<\/strong><br \/>\nHodiny a min\u00faty so superluminovou, mal\u00e9 sekundy, okr\u00fahly tvar, pozl\u00e1ten\u00e9, exkluz\u00edvny CyS design<\/p>\n<p><strong>Remienok<\/strong><br \/>\nHoney matt Louisiana alig\u00e1tor<\/p>\n<p><strong>Pracka<\/strong><br \/>\nSkladacia pracka z nerezovej ocele, grav\u00edrovan\u00fd znak CyS<\/p>\n","protected":false},"excerpt":{"rendered":"<p><strong>Cena je uveden\u00e1 s DPH<\/strong><\/p>\n<p>3130.1FA<\/p>\n<p>N\u00e1zov \u201eFlameante\u201c vyvol\u00e1va my\u0161lienky na teplo, jednu z mnoh\u00fdch charakterist\u00edk \u017eivota v dusnej Havane a odkazuje na zlo\u017eit\u00fd mot\u00edv tohto modelu \u201ehoriaceho\u201c \u010d\u00edseln\u00edka. 40 mm puzdro Historiador Flameante je naplnen\u00e9 v\u00e1\u0161\u0148ou Kuby &#8211; miesta, kde hor\u00face prepleten\u00e9 tel\u00e1 tancuj\u00fa v latinskom rytme.<\/p>\n","protected":false},"featured_media":472,"template":"","meta":{"_acf_changed":false},"product_cat":[77,79],"product_tag":[],"class_list":{"0":"post-6931","1":"product","2":"type-product","3":"status-publish","4":"has-post-thumbnail","6":"product_cat-hodinky-sk","7":"product_cat-panske-sk","8":"pa_modelova-rada-historiador-sk","10":"first","11":"instock","12":"shipping-taxable","13":"product-type-simple"},"acf":[],"yoast_head":"<!-- This site is optimized with the Yoast SEO plugin v22.8 - https:\/\/yoast.com\/wordpress\/plugins\/seo\/ -->\n<title>Historiador Flameante - Investujte do budoucnosti - ATT Investments<\/title>\n<meta name=\"description\" content=\"Historiador Flameante hodinky Cuervo y Sobrinos. P\u00e1nske hodinky a d\u00e1mske hodinky Cuervo y Sobrinos.\" \/>\n<meta name=\"robots\" content=\"index, follow, max-snippet:-1, max-image-preview:large, max-video-preview:-1\" \/>\n<link rel=\"canonical\" href=\"https:\/\/att-investments.eu\/sk\/produkt\/historiador-flameante-hneda\/\" \/>\n<meta property=\"og:locale\" content=\"sk_SK\" \/>\n<meta property=\"og:type\" content=\"article\" \/>\n<meta property=\"og:title\" content=\"Historiador Flameante - Investujte do budoucnosti - ATT Investments\" \/>\n<meta property=\"og:description\" content=\"Historiador Flameante hodinky Cuervo y Sobrinos. P\u00e1nske hodinky a d\u00e1mske hodinky Cuervo y Sobrinos.\" \/>\n<meta property=\"og:url\" content=\"https:\/\/att-investments.eu\/sk\/produkt\/historiador-flameante-hneda\/\" \/>\n<meta property=\"og:site_name\" content=\"Investujte do budoucnosti - ATT Investments\" \/>\n<meta property=\"article:modified_time\" content=\"2022-01-19T09:46:32+00:00\" \/>\n<meta property=\"og:image\" content=\"https:\/\/att-investments.eu\/wp-content\/uploads\/2021\/09\/flameante-hodinky-blue-brown.png\" \/>\n\t<meta property=\"og:image:width\" content=\"394\" \/>\n\t<meta property=\"og:image:height\" content=\"620\" \/>\n\t<meta property=\"og:image:type\" content=\"image\/png\" \/>\n<meta name=\"twitter:card\" content=\"summary_large_image\" \/>\n<script type=\"application\/ld+json\" class=\"yoast-schema-graph\">{\"@context\":\"https:\/\/schema.org\",\"@graph\":[{\"@type\":\"WebPage\",\"@id\":\"https:\/\/att-investments.eu\/sk\/produkt\/historiador-flameante-hneda\/\",\"url\":\"https:\/\/att-investments.eu\/sk\/produkt\/historiador-flameante-hneda\/\",\"name\":\"Historiador Flameante - Investujte do budoucnosti - ATT Investments\",\"isPartOf\":{\"@id\":\"https:\/\/att-investments.eu\/#website\"},\"primaryImageOfPage\":{\"@id\":\"https:\/\/att-investments.eu\/sk\/produkt\/historiador-flameante-hneda\/#primaryimage\"},\"image\":{\"@id\":\"https:\/\/att-investments.eu\/sk\/produkt\/historiador-flameante-hneda\/#primaryimage\"},\"thumbnailUrl\":\"https:\/\/att-investments.eu\/wp-content\/uploads\/2021\/09\/flameante-hodinky-blue-brown.png\",\"datePublished\":\"2021-09-24T16:48:21+00:00\",\"dateModified\":\"2022-01-19T09:46:32+00:00\",\"description\":\"Historiador Flameante hodinky Cuervo y Sobrinos. P\u00e1nske hodinky a d\u00e1mske hodinky Cuervo y Sobrinos.\",\"breadcrumb\":{\"@id\":\"https:\/\/att-investments.eu\/sk\/produkt\/historiador-flameante-hneda\/#breadcrumb\"},\"inLanguage\":\"sk-SK\",\"potentialAction\":[{\"@type\":\"ReadAction\",\"target\":[\"https:\/\/att-investments.eu\/sk\/produkt\/historiador-flameante-hneda\/\"]}]},{\"@type\":\"ImageObject\",\"inLanguage\":\"sk-SK\",\"@id\":\"https:\/\/att-investments.eu\/sk\/produkt\/historiador-flameante-hneda\/#primaryimage\",\"url\":\"https:\/\/att-investments.eu\/wp-content\/uploads\/2021\/09\/flameante-hodinky-blue-brown.png\",\"contentUrl\":\"https:\/\/att-investments.eu\/wp-content\/uploads\/2021\/09\/flameante-hodinky-blue-brown.png\",\"width\":394,\"height\":620},{\"@type\":\"BreadcrumbList\",\"@id\":\"https:\/\/att-investments.eu\/sk\/produkt\/historiador-flameante-hneda\/#breadcrumb\",\"itemListElement\":[{\"@type\":\"ListItem\",\"position\":1,\"name\":\"Dom\u016f\",\"item\":\"https:\/\/att-investments.eu\/sk\/\"},{\"@type\":\"ListItem\",\"position\":2,\"name\":\"Shop\",\"item\":\"https:\/\/att-investments.eu\/sk\/shop\/\"},{\"@type\":\"ListItem\",\"position\":3,\"name\":\"Historiador Flameante\"}]},{\"@type\":\"WebSite\",\"@id\":\"https:\/\/att-investments.eu\/#website\",\"url\":\"https:\/\/att-investments.eu\/\",\"name\":\"Investujte do budoucnosti - ATT Investments\",\"description\":\"Chr\u00e1n\u00edme hodnotu Va\u0161ich pen\u011bz\",\"publisher\":{\"@id\":\"https:\/\/att-investments.eu\/#organization\"},\"potentialAction\":[{\"@type\":\"SearchAction\",\"target\":{\"@type\":\"EntryPoint\",\"urlTemplate\":\"https:\/\/att-investments.eu\/?s={search_term_string}\"},\"query-input\":\"required name=search_term_string\"}],\"inLanguage\":\"sk-SK\"},{\"@type\":\"Organization\",\"@id\":\"https:\/\/att-investments.eu\/#organization\",\"name\":\"Investujte do budoucnosti - ATT Investments\",\"url\":\"https:\/\/att-investments.eu\/\",\"logo\":{\"@type\":\"ImageObject\",\"inLanguage\":\"sk-SK\",\"@id\":\"https:\/\/att-investments.eu\/#\/schema\/logo\/image\/\",\"url\":\"https:\/\/att-investments.eu\/wp-content\/uploads\/2021\/10\/SvgjsG1008.png\",\"contentUrl\":\"https:\/\/att-investments.eu\/wp-content\/uploads\/2021\/10\/SvgjsG1008.png\",\"width\":857,\"height\":138,\"caption\":\"Investujte do budoucnosti - ATT Investments\"},\"image\":{\"@id\":\"https:\/\/att-investments.eu\/#\/schema\/logo\/image\/\"}}]}<\/script>\n<!-- \/ Yoast SEO plugin. -->","yoast_head_json":{"title":"Historiador Flameante - Investujte do budoucnosti - ATT Investments","description":"Historiador Flameante hodinky Cuervo y Sobrinos. P\u00e1nske hodinky a d\u00e1mske hodinky Cuervo y Sobrinos.","robots":{"index":"index","follow":"follow","max-snippet":"max-snippet:-1","max-image-preview":"max-image-preview:large","max-video-preview":"max-video-preview:-1"},"canonical":"https:\/\/att-investments.eu\/sk\/produkt\/historiador-flameante-hneda\/","og_locale":"sk_SK","og_type":"article","og_title":"Historiador Flameante - Investujte do budoucnosti - ATT Investments","og_description":"Historiador Flameante hodinky Cuervo y Sobrinos. P\u00e1nske hodinky a d\u00e1mske hodinky Cuervo y Sobrinos.","og_url":"https:\/\/att-investments.eu\/sk\/produkt\/historiador-flameante-hneda\/","og_site_name":"Investujte do budoucnosti - ATT Investments","article_modified_time":"2022-01-19T09:46:32+00:00","og_image":[{"width":394,"height":620,"url":"https:\/\/att-investments.eu\/wp-content\/uploads\/2021\/09\/flameante-hodinky-blue-brown.png","type":"image\/png"}],"twitter_card":"summary_large_image","schema":{"@context":"https:\/\/schema.org","@graph":[{"@type":"WebPage","@id":"https:\/\/att-investments.eu\/sk\/produkt\/historiador-flameante-hneda\/","url":"https:\/\/att-investments.eu\/sk\/produkt\/historiador-flameante-hneda\/","name":"Historiador Flameante - Investujte do budoucnosti - ATT Investments","isPartOf":{"@id":"https:\/\/att-investments.eu\/#website"},"primaryImageOfPage":{"@id":"https:\/\/att-investments.eu\/sk\/produkt\/historiador-flameante-hneda\/#primaryimage"},"image":{"@id":"https:\/\/att-investments.eu\/sk\/produkt\/historiador-flameante-hneda\/#primaryimage"},"thumbnailUrl":"https:\/\/att-investments.eu\/wp-content\/uploads\/2021\/09\/flameante-hodinky-blue-brown.png","datePublished":"2021-09-24T16:48:21+00:00","dateModified":"2022-01-19T09:46:32+00:00","description":"Historiador Flameante hodinky Cuervo y Sobrinos. P\u00e1nske hodinky a d\u00e1mske hodinky Cuervo y Sobrinos.","breadcrumb":{"@id":"https:\/\/att-investments.eu\/sk\/produkt\/historiador-flameante-hneda\/#breadcrumb"},"inLanguage":"sk-SK","potentialAction":[{"@type":"ReadAction","target":["https:\/\/att-investments.eu\/sk\/produkt\/historiador-flameante-hneda\/"]}]},{"@type":"ImageObject","inLanguage":"sk-SK","@id":"https:\/\/att-investments.eu\/sk\/produkt\/historiador-flameante-hneda\/#primaryimage","url":"https:\/\/att-investments.eu\/wp-content\/uploads\/2021\/09\/flameante-hodinky-blue-brown.png","contentUrl":"https:\/\/att-investments.eu\/wp-content\/uploads\/2021\/09\/flameante-hodinky-blue-brown.png","width":394,"height":620},{"@type":"BreadcrumbList","@id":"https:\/\/att-investments.eu\/sk\/produkt\/historiador-flameante-hneda\/#breadcrumb","itemListElement":[{"@type":"ListItem","position":1,"name":"Dom\u016f","item":"https:\/\/att-investments.eu\/sk\/"},{"@type":"ListItem","position":2,"name":"Shop","item":"https:\/\/att-investments.eu\/sk\/shop\/"},{"@type":"ListItem","position":3,"name":"Historiador Flameante"}]},{"@type":"WebSite","@id":"https:\/\/att-investments.eu\/#website","url":"https:\/\/att-investments.eu\/","name":"Investujte do budoucnosti - ATT Investments","description":"Chr\u00e1n\u00edme hodnotu Va\u0161ich pen\u011bz","publisher":{"@id":"https:\/\/att-investments.eu\/#organization"},"potentialAction":[{"@type":"SearchAction","target":{"@type":"EntryPoint","urlTemplate":"https:\/\/att-investments.eu\/?s={search_term_string}"},"query-input":"required name=search_term_string"}],"inLanguage":"sk-SK"},{"@type":"Organization","@id":"https:\/\/att-investments.eu\/#organization","name":"Investujte do budoucnosti - ATT Investments","url":"https:\/\/att-investments.eu\/","logo":{"@type":"ImageObject","inLanguage":"sk-SK","@id":"https:\/\/att-investments.eu\/#\/schema\/logo\/image\/","url":"https:\/\/att-investments.eu\/wp-content\/uploads\/2021\/10\/SvgjsG1008.png","contentUrl":"https:\/\/att-investments.eu\/wp-content\/uploads\/2021\/10\/SvgjsG1008.png","width":857,"height":138,"caption":"Investujte do budoucnosti - ATT Investments"},"image":{"@id":"https:\/\/att-investments.eu\/#\/schema\/logo\/image\/"}}]}},"_links":{"self":[{"href":"https:\/\/att-investments.eu\/sk\/wp-json\/wp\/v2\/product\/6931","targetHints":{"allow":["GET"]}}],"collection":[{"href":"https:\/\/att-investments.eu\/sk\/wp-json\/wp\/v2\/product"}],"about":[{"href":"https:\/\/att-investments.eu\/sk\/wp-json\/wp\/v2\/types\/product"}],"wp:featuredmedia":[{"embeddable":true,"href":"https:\/\/att-investments.eu\/sk\/wp-json\/wp\/v2\/media\/472"}],"wp:attachment":[{"href":"https:\/\/att-investments.eu\/sk\/wp-json\/wp\/v2\/media?parent=6931"}],"wp:term":[{"taxonomy":"product_cat","embeddable":true,"href":"https:\/\/att-investments.eu\/sk\/wp-json\/wp\/v2\/product_cat?post=6931"},{"taxonomy":"product_tag","embeddable":true,"href":"https:\/\/att-investments.eu\/sk\/wp-json\/wp\/v2\/product_tag?post=6931"}],"curies":[{"name":"wp","href":"https:\/\/api.w.org\/{rel}","templated":true}]}}