{"id":6920,"date":"2021-09-28T22:02:56","date_gmt":"2021-09-28T20:02:56","guid":{"rendered":"https:\/\/att-investments.eu\/produkt\/esplendidos-cswc-2\/"},"modified":"2022-01-19T10:36:21","modified_gmt":"2022-01-19T09:36:21","slug":"esplendidos-cswc-2","status":"publish","type":"product","link":"https:\/\/att-investments.eu\/sk\/produkt\/esplendidos-cswc-2\/","title":{"rendered":"Esplendidos CSWC"},"content":{"rendered":"<p><strong>Funkcia<\/strong><br \/>\nHodiny, min\u00faty, centr\u00e1lne sekundy<\/p>\n<p><strong>Pohon<\/strong><br \/>\nCYS 5102<\/p>\n<p><strong>Puzdro<\/strong><br \/>\nNerezov\u00e1 oce\u013e, 35 x 47 mm, v\u00fd\u0161ka 10 mm, zaf\u00edrov\u00e9 skl\u00ed\u010dko s antireflexnou vrstvou, vodeodoln\u00e9 do 3 ATM, skrutkovan\u00e1 prieh\u013eadn\u00e1 zadn\u00e1 strana puzdra so zaf\u00edrov\u00fdm skl\u00ed\u010dkom<\/p>\n<p><strong>Cifern\u00edk<\/strong><br \/>\nTabakov\u00fd \/ kr\u00e9mov\u00fd cifern\u00edk, aplikovan\u00fd index vo farbe ru\u017eov\u00e9ho zlata, tla\u010den\u00e9 logo CSWC, aplikovan\u00fd embl\u00e9m CyS<\/p>\n<p><strong>Ru\u010di\u010dky<\/strong><br \/>\nFarba ru\u017eov\u00e9ho zlata hodiny, min\u00faty a sekundy<\/p>\n<p><strong>Remienok<\/strong><br \/>\nZlat\u00fd leskl\u00fd alig\u00e1tor<\/p>\n<p><strong>Pracka<\/strong><br \/>\nSkladacia pracka z nerezovej ocele, grav\u00edrovan\u00fd znak CyS<\/p>\n","protected":false},"excerpt":{"rendered":"<p><strong>Cena uveden\u00e1 s DPH<\/strong><\/p>\n<p>\u010co sa partnerstva t\u00fdka, Cuervo y Sobrinos a Svetov\u00fd \u0161ampion\u00e1t v faj\u010den\u00ed cig\u00e1r (CSWC) id\u00fa spolu ruka v ruke. Od roku 1882 je Havana duchovn\u00fdm domovom Cuervo y Sobrinos. Kub\u00e1nske hlavn\u00e9 mesto je tie\u017e synonymom v\u00fdroby kvalitn\u00fdch cig\u00e1r. Skuto\u010dne, oby\u010dajn\u00e1 zmienka o Havane vyvol\u00e1va my\u0161lienky na p\u00f4vab, \u0161t\u00fdl a luxus.<\/p>\n<p>Jedine\u010dn\u00e1 udalos\u0165, ktor\u00fa od\u0161tartoval expert na cigary Marko Bilic, oslavuje 10. v\u00fdro\u010die vo ve\u013ekom \u0161t\u00fdle a pri tejto pr\u00edle\u017eitosti Cuervo y Sobrinos uv\u00e1dza na trh tri \u0161peci\u00e1lne ed\u00edcie svojej kolekcie Esplendidos.<\/p>\n","protected":false},"featured_media":1439,"template":"","meta":{"_acf_changed":false},"product_cat":[77,79],"product_tag":[],"class_list":{"0":"post-6920","1":"product","2":"type-product","3":"status-publish","4":"has-post-thumbnail","6":"product_cat-hodinky-sk","7":"product_cat-panske-sk","8":"pa_modelova-rada-espendidos-sk","10":"first","11":"instock","12":"shipping-taxable","13":"product-type-simple"},"acf":[],"yoast_head":"<!-- This site is optimized with the Yoast SEO plugin v22.8 - https:\/\/yoast.com\/wordpress\/plugins\/seo\/ -->\n<title>Esplendidos CSWC - Investujte do budoucnosti - ATT Investments<\/title>\n<meta name=\"description\" content=\"Esplendidos CSWC SERIES hodinky Cuervo y Sobrinos. P\u00e1nske hodinky a d\u00e1mske hodinky Cuervo y Sobrinos.\" \/>\n<meta name=\"robots\" content=\"index, follow, max-snippet:-1, max-image-preview:large, max-video-preview:-1\" \/>\n<link rel=\"canonical\" href=\"https:\/\/att-investments.eu\/sk\/produkt\/esplendidos-cswc-2\/\" \/>\n<meta property=\"og:locale\" content=\"sk_SK\" \/>\n<meta property=\"og:type\" content=\"article\" \/>\n<meta property=\"og:title\" content=\"Esplendidos CSWC - Investujte do budoucnosti - ATT Investments\" \/>\n<meta property=\"og:description\" content=\"Esplendidos CSWC SERIES hodinky Cuervo y Sobrinos. P\u00e1nske hodinky a d\u00e1mske hodinky Cuervo y Sobrinos.\" \/>\n<meta property=\"og:url\" content=\"https:\/\/att-investments.eu\/sk\/produkt\/esplendidos-cswc-2\/\" \/>\n<meta property=\"og:site_name\" content=\"Investujte do budoucnosti - ATT Investments\" \/>\n<meta property=\"article:modified_time\" content=\"2022-01-19T09:36:21+00:00\" \/>\n<meta property=\"og:image\" content=\"https:\/\/att-investments.eu\/wp-content\/uploads\/2021\/09\/esplendidos-cswc-2.png\" \/>\n\t<meta property=\"og:image:width\" content=\"687\" \/>\n\t<meta property=\"og:image:height\" content=\"1080\" \/>\n\t<meta property=\"og:image:type\" content=\"image\/png\" \/>\n<meta name=\"twitter:card\" content=\"summary_large_image\" \/>\n<script type=\"application\/ld+json\" class=\"yoast-schema-graph\">{\"@context\":\"https:\/\/schema.org\",\"@graph\":[{\"@type\":\"WebPage\",\"@id\":\"https:\/\/att-investments.eu\/sk\/produkt\/esplendidos-cswc-2\/\",\"url\":\"https:\/\/att-investments.eu\/sk\/produkt\/esplendidos-cswc-2\/\",\"name\":\"Esplendidos CSWC - Investujte do budoucnosti - ATT Investments\",\"isPartOf\":{\"@id\":\"https:\/\/att-investments.eu\/#website\"},\"primaryImageOfPage\":{\"@id\":\"https:\/\/att-investments.eu\/sk\/produkt\/esplendidos-cswc-2\/#primaryimage\"},\"image\":{\"@id\":\"https:\/\/att-investments.eu\/sk\/produkt\/esplendidos-cswc-2\/#primaryimage\"},\"thumbnailUrl\":\"https:\/\/att-investments.eu\/wp-content\/uploads\/2021\/09\/esplendidos-cswc-2.png\",\"datePublished\":\"2021-09-28T20:02:56+00:00\",\"dateModified\":\"2022-01-19T09:36:21+00:00\",\"description\":\"Esplendidos CSWC SERIES hodinky Cuervo y Sobrinos. P\u00e1nske hodinky a d\u00e1mske hodinky Cuervo y Sobrinos.\",\"breadcrumb\":{\"@id\":\"https:\/\/att-investments.eu\/sk\/produkt\/esplendidos-cswc-2\/#breadcrumb\"},\"inLanguage\":\"sk-SK\",\"potentialAction\":[{\"@type\":\"ReadAction\",\"target\":[\"https:\/\/att-investments.eu\/sk\/produkt\/esplendidos-cswc-2\/\"]}]},{\"@type\":\"ImageObject\",\"inLanguage\":\"sk-SK\",\"@id\":\"https:\/\/att-investments.eu\/sk\/produkt\/esplendidos-cswc-2\/#primaryimage\",\"url\":\"https:\/\/att-investments.eu\/wp-content\/uploads\/2021\/09\/esplendidos-cswc-2.png\",\"contentUrl\":\"https:\/\/att-investments.eu\/wp-content\/uploads\/2021\/09\/esplendidos-cswc-2.png\",\"width\":687,\"height\":1080},{\"@type\":\"BreadcrumbList\",\"@id\":\"https:\/\/att-investments.eu\/sk\/produkt\/esplendidos-cswc-2\/#breadcrumb\",\"itemListElement\":[{\"@type\":\"ListItem\",\"position\":1,\"name\":\"Dom\u016f\",\"item\":\"https:\/\/att-investments.eu\/sk\/\"},{\"@type\":\"ListItem\",\"position\":2,\"name\":\"Shop\",\"item\":\"https:\/\/att-investments.eu\/sk\/shop\/\"},{\"@type\":\"ListItem\",\"position\":3,\"name\":\"Esplendidos CSWC\"}]},{\"@type\":\"WebSite\",\"@id\":\"https:\/\/att-investments.eu\/#website\",\"url\":\"https:\/\/att-investments.eu\/\",\"name\":\"Investujte do budoucnosti - ATT Investments\",\"description\":\"Chr\u00e1n\u00edme hodnotu Va\u0161ich pen\u011bz\",\"publisher\":{\"@id\":\"https:\/\/att-investments.eu\/#organization\"},\"potentialAction\":[{\"@type\":\"SearchAction\",\"target\":{\"@type\":\"EntryPoint\",\"urlTemplate\":\"https:\/\/att-investments.eu\/?s={search_term_string}\"},\"query-input\":\"required name=search_term_string\"}],\"inLanguage\":\"sk-SK\"},{\"@type\":\"Organization\",\"@id\":\"https:\/\/att-investments.eu\/#organization\",\"name\":\"Investujte do budoucnosti - ATT Investments\",\"url\":\"https:\/\/att-investments.eu\/\",\"logo\":{\"@type\":\"ImageObject\",\"inLanguage\":\"sk-SK\",\"@id\":\"https:\/\/att-investments.eu\/#\/schema\/logo\/image\/\",\"url\":\"https:\/\/att-investments.eu\/wp-content\/uploads\/2021\/10\/SvgjsG1008.png\",\"contentUrl\":\"https:\/\/att-investments.eu\/wp-content\/uploads\/2021\/10\/SvgjsG1008.png\",\"width\":857,\"height\":138,\"caption\":\"Investujte do budoucnosti - ATT Investments\"},\"image\":{\"@id\":\"https:\/\/att-investments.eu\/#\/schema\/logo\/image\/\"}}]}<\/script>\n<!-- \/ Yoast SEO plugin. -->","yoast_head_json":{"title":"Esplendidos CSWC - Investujte do budoucnosti - ATT Investments","description":"Esplendidos CSWC SERIES hodinky Cuervo y Sobrinos. P\u00e1nske hodinky a d\u00e1mske hodinky Cuervo y Sobrinos.","robots":{"index":"index","follow":"follow","max-snippet":"max-snippet:-1","max-image-preview":"max-image-preview:large","max-video-preview":"max-video-preview:-1"},"canonical":"https:\/\/att-investments.eu\/sk\/produkt\/esplendidos-cswc-2\/","og_locale":"sk_SK","og_type":"article","og_title":"Esplendidos CSWC - Investujte do budoucnosti - ATT Investments","og_description":"Esplendidos CSWC SERIES hodinky Cuervo y Sobrinos. P\u00e1nske hodinky a d\u00e1mske hodinky Cuervo y Sobrinos.","og_url":"https:\/\/att-investments.eu\/sk\/produkt\/esplendidos-cswc-2\/","og_site_name":"Investujte do budoucnosti - ATT Investments","article_modified_time":"2022-01-19T09:36:21+00:00","og_image":[{"width":687,"height":1080,"url":"https:\/\/att-investments.eu\/wp-content\/uploads\/2021\/09\/esplendidos-cswc-2.png","type":"image\/png"}],"twitter_card":"summary_large_image","schema":{"@context":"https:\/\/schema.org","@graph":[{"@type":"WebPage","@id":"https:\/\/att-investments.eu\/sk\/produkt\/esplendidos-cswc-2\/","url":"https:\/\/att-investments.eu\/sk\/produkt\/esplendidos-cswc-2\/","name":"Esplendidos CSWC - Investujte do budoucnosti - ATT Investments","isPartOf":{"@id":"https:\/\/att-investments.eu\/#website"},"primaryImageOfPage":{"@id":"https:\/\/att-investments.eu\/sk\/produkt\/esplendidos-cswc-2\/#primaryimage"},"image":{"@id":"https:\/\/att-investments.eu\/sk\/produkt\/esplendidos-cswc-2\/#primaryimage"},"thumbnailUrl":"https:\/\/att-investments.eu\/wp-content\/uploads\/2021\/09\/esplendidos-cswc-2.png","datePublished":"2021-09-28T20:02:56+00:00","dateModified":"2022-01-19T09:36:21+00:00","description":"Esplendidos CSWC SERIES hodinky Cuervo y Sobrinos. P\u00e1nske hodinky a d\u00e1mske hodinky Cuervo y Sobrinos.","breadcrumb":{"@id":"https:\/\/att-investments.eu\/sk\/produkt\/esplendidos-cswc-2\/#breadcrumb"},"inLanguage":"sk-SK","potentialAction":[{"@type":"ReadAction","target":["https:\/\/att-investments.eu\/sk\/produkt\/esplendidos-cswc-2\/"]}]},{"@type":"ImageObject","inLanguage":"sk-SK","@id":"https:\/\/att-investments.eu\/sk\/produkt\/esplendidos-cswc-2\/#primaryimage","url":"https:\/\/att-investments.eu\/wp-content\/uploads\/2021\/09\/esplendidos-cswc-2.png","contentUrl":"https:\/\/att-investments.eu\/wp-content\/uploads\/2021\/09\/esplendidos-cswc-2.png","width":687,"height":1080},{"@type":"BreadcrumbList","@id":"https:\/\/att-investments.eu\/sk\/produkt\/esplendidos-cswc-2\/#breadcrumb","itemListElement":[{"@type":"ListItem","position":1,"name":"Dom\u016f","item":"https:\/\/att-investments.eu\/sk\/"},{"@type":"ListItem","position":2,"name":"Shop","item":"https:\/\/att-investments.eu\/sk\/shop\/"},{"@type":"ListItem","position":3,"name":"Esplendidos CSWC"}]},{"@type":"WebSite","@id":"https:\/\/att-investments.eu\/#website","url":"https:\/\/att-investments.eu\/","name":"Investujte do budoucnosti - ATT Investments","description":"Chr\u00e1n\u00edme hodnotu Va\u0161ich pen\u011bz","publisher":{"@id":"https:\/\/att-investments.eu\/#organization"},"potentialAction":[{"@type":"SearchAction","target":{"@type":"EntryPoint","urlTemplate":"https:\/\/att-investments.eu\/?s={search_term_string}"},"query-input":"required name=search_term_string"}],"inLanguage":"sk-SK"},{"@type":"Organization","@id":"https:\/\/att-investments.eu\/#organization","name":"Investujte do budoucnosti - ATT Investments","url":"https:\/\/att-investments.eu\/","logo":{"@type":"ImageObject","inLanguage":"sk-SK","@id":"https:\/\/att-investments.eu\/#\/schema\/logo\/image\/","url":"https:\/\/att-investments.eu\/wp-content\/uploads\/2021\/10\/SvgjsG1008.png","contentUrl":"https:\/\/att-investments.eu\/wp-content\/uploads\/2021\/10\/SvgjsG1008.png","width":857,"height":138,"caption":"Investujte do budoucnosti - ATT Investments"},"image":{"@id":"https:\/\/att-investments.eu\/#\/schema\/logo\/image\/"}}]}},"_links":{"self":[{"href":"https:\/\/att-investments.eu\/sk\/wp-json\/wp\/v2\/product\/6920","targetHints":{"allow":["GET"]}}],"collection":[{"href":"https:\/\/att-investments.eu\/sk\/wp-json\/wp\/v2\/product"}],"about":[{"href":"https:\/\/att-investments.eu\/sk\/wp-json\/wp\/v2\/types\/product"}],"wp:featuredmedia":[{"embeddable":true,"href":"https:\/\/att-investments.eu\/sk\/wp-json\/wp\/v2\/media\/1439"}],"wp:attachment":[{"href":"https:\/\/att-investments.eu\/sk\/wp-json\/wp\/v2\/media?parent=6920"}],"wp:term":[{"taxonomy":"product_cat","embeddable":true,"href":"https:\/\/att-investments.eu\/sk\/wp-json\/wp\/v2\/product_cat?post=6920"},{"taxonomy":"product_tag","embeddable":true,"href":"https:\/\/att-investments.eu\/sk\/wp-json\/wp\/v2\/product_tag?post=6920"}],"curies":[{"name":"wp","href":"https:\/\/api.w.org\/{rel}","templated":true}]}}