{"id":6916,"date":"2021-09-28T21:01:28","date_gmt":"2021-09-28T19:01:28","guid":{"rendered":"https:\/\/att-investments.eu\/produkt\/buceador-caribe-1\/"},"modified":"2022-01-19T10:33:03","modified_gmt":"2022-01-19T09:33:03","slug":"buceador-caribe-1","status":"publish","type":"product","link":"https:\/\/att-investments.eu\/sk\/produkt\/buceador-caribe-1\/","title":{"rendered":"Buceador CARIBE"},"content":{"rendered":"<p><strong>Funkcia<\/strong><br \/>\nHodiny, min\u00faty, stred sekundy a d\u00e1tum<\/p>\n<p><strong>Pohon<\/strong><br \/>\nCYS 5104<\/p>\n<p><strong>Puzdro<\/strong><br \/>\nNerezov\u00e1 oce\u013e, 43 x 43 mm, v\u00fd\u0161ka 15,8 mm, zaf\u00edrov\u00e9 skl\u00ed\u010dko s antireflexnou vrstvou, vodeodoln\u00e9 do 20 ATM, integrovan\u00e9 zamykanie lunety<\/p>\n<p><strong>Cifern\u00edk<\/strong><br \/>\n\u201eVaradero\u201c tyrkysovo modr\u00fd farebn\u00fd gradientn\u00fd farebn\u00fd \u010d\u00edseln\u00edk, tla\u010den\u00e9 indexy so Superluminovou<\/p>\n<p><strong>Ru\u010di\u010dky<\/strong><br \/>\nPieskov\u00e1 farba SuperLuminova potiahnut\u00e1 hodiny, min\u00faty a sekundy, oce\u013e a \u017elt\u00e1 sekundy<\/p>\n<p><strong>Remienok<\/strong><br \/>\nTyrkysov\u00e1 so \u017eltou vn\u00fatornou matnou gumou s pr\u00eddavnou tmavo modrou ko\u017eou s vysok\u00fdm leskom<\/p>\n<p><strong>Pracka<\/strong><br \/>\n2 nerezov\u00e9 \u0161pendl\u00edkov\u00e9 pracky pre gumen\u00e9 a ko\u017een\u00e9 remienky, grav\u00edrovan\u00fd embl\u00e9m CyS<\/p>\n","protected":false},"excerpt":{"rendered":"<p>2860.1AZ<\/p>\n<p>Cuervo y Sobrinos s pote\u0161en\u00edm predstavuje nov\u00fd Buceador Caribe, hodinky pre pot\u00e1pa\u010dov, in\u0161pirovan\u00e9 az\u00farovo sfarben\u00fdm morom, pastelov\u00fdmi pieskami a kub\u00e1nskym vodn\u00fdm svetom. M\u00e1 ve\u013emi komplexn\u00e9 puzdro s kontajnerovou kon\u0161trukciou, ktor\u00e1 prispieva k p\u00f4sobivej vodotesnosti modelu, a to a\u017e do h\u013abky 200 metrov. Tieto modern\u00e9 hodinky, prekypuj\u00face karibsk\u00fdm \u0161armom, s\u00fa praktick\u00e9 a \u0161t\u00fdlov\u00e9.<\/p>\n<p>Ka\u017ed\u00e9 hodinky s\u00fa dod\u00e1van\u00e9 s dvoma remienkami (guma a ko\u017ea Toscano).<\/p>\n","protected":false},"featured_media":1183,"template":"","meta":{"_acf_changed":false},"product_cat":[77,79],"product_tag":[],"class_list":{"0":"post-6916","1":"product","2":"type-product","3":"status-publish","4":"has-post-thumbnail","6":"product_cat-hodinky-sk","7":"product_cat-panske-sk","8":"pa_modelova-rada-buceador-sk","10":"first","11":"instock","12":"shipping-taxable","13":"product-type-simple"},"acf":[],"yoast_head":"<!-- This site is optimized with the Yoast SEO plugin v22.8 - https:\/\/yoast.com\/wordpress\/plugins\/seo\/ -->\n<title>Buceador CARIBE - Investujte do budoucnosti - ATT Investments<\/title>\n<meta name=\"description\" content=\"Buceador CARIBE hodinky Cuervo y Sobrinos. P\u00e1nske hodinky a d\u00e1mske hodinky Cuervo y Sobrinos.\" \/>\n<meta name=\"robots\" content=\"index, follow, max-snippet:-1, max-image-preview:large, max-video-preview:-1\" \/>\n<link rel=\"canonical\" href=\"https:\/\/att-investments.eu\/sk\/produkt\/buceador-caribe-1\/\" \/>\n<meta property=\"og:locale\" content=\"sk_SK\" \/>\n<meta property=\"og:type\" content=\"article\" \/>\n<meta property=\"og:title\" content=\"Buceador CARIBE - Investujte do budoucnosti - ATT Investments\" \/>\n<meta property=\"og:description\" content=\"Buceador CARIBE hodinky Cuervo y Sobrinos. P\u00e1nske hodinky a d\u00e1mske hodinky Cuervo y Sobrinos.\" \/>\n<meta property=\"og:url\" content=\"https:\/\/att-investments.eu\/sk\/produkt\/buceador-caribe-1\/\" \/>\n<meta property=\"og:site_name\" content=\"Investujte do budoucnosti - ATT Investments\" \/>\n<meta property=\"article:modified_time\" content=\"2022-01-19T09:33:03+00:00\" \/>\n<meta property=\"og:image\" content=\"https:\/\/att-investments.eu\/wp-content\/uploads\/2021\/09\/buceador-caribe-1.png\" \/>\n\t<meta property=\"og:image:width\" content=\"445\" \/>\n\t<meta property=\"og:image:height\" content=\"700\" \/>\n\t<meta property=\"og:image:type\" content=\"image\/png\" \/>\n<meta name=\"twitter:card\" content=\"summary_large_image\" \/>\n<script type=\"application\/ld+json\" class=\"yoast-schema-graph\">{\"@context\":\"https:\/\/schema.org\",\"@graph\":[{\"@type\":\"WebPage\",\"@id\":\"https:\/\/att-investments.eu\/sk\/produkt\/buceador-caribe-1\/\",\"url\":\"https:\/\/att-investments.eu\/sk\/produkt\/buceador-caribe-1\/\",\"name\":\"Buceador CARIBE - Investujte do budoucnosti - ATT Investments\",\"isPartOf\":{\"@id\":\"https:\/\/att-investments.eu\/#website\"},\"primaryImageOfPage\":{\"@id\":\"https:\/\/att-investments.eu\/sk\/produkt\/buceador-caribe-1\/#primaryimage\"},\"image\":{\"@id\":\"https:\/\/att-investments.eu\/sk\/produkt\/buceador-caribe-1\/#primaryimage\"},\"thumbnailUrl\":\"https:\/\/att-investments.eu\/wp-content\/uploads\/2021\/09\/buceador-caribe-1.png\",\"datePublished\":\"2021-09-28T19:01:28+00:00\",\"dateModified\":\"2022-01-19T09:33:03+00:00\",\"description\":\"Buceador CARIBE hodinky Cuervo y Sobrinos. P\u00e1nske hodinky a d\u00e1mske hodinky Cuervo y Sobrinos.\",\"breadcrumb\":{\"@id\":\"https:\/\/att-investments.eu\/sk\/produkt\/buceador-caribe-1\/#breadcrumb\"},\"inLanguage\":\"sk-SK\",\"potentialAction\":[{\"@type\":\"ReadAction\",\"target\":[\"https:\/\/att-investments.eu\/sk\/produkt\/buceador-caribe-1\/\"]}]},{\"@type\":\"ImageObject\",\"inLanguage\":\"sk-SK\",\"@id\":\"https:\/\/att-investments.eu\/sk\/produkt\/buceador-caribe-1\/#primaryimage\",\"url\":\"https:\/\/att-investments.eu\/wp-content\/uploads\/2021\/09\/buceador-caribe-1.png\",\"contentUrl\":\"https:\/\/att-investments.eu\/wp-content\/uploads\/2021\/09\/buceador-caribe-1.png\",\"width\":445,\"height\":700},{\"@type\":\"BreadcrumbList\",\"@id\":\"https:\/\/att-investments.eu\/sk\/produkt\/buceador-caribe-1\/#breadcrumb\",\"itemListElement\":[{\"@type\":\"ListItem\",\"position\":1,\"name\":\"Dom\u016f\",\"item\":\"https:\/\/att-investments.eu\/sk\/\"},{\"@type\":\"ListItem\",\"position\":2,\"name\":\"Shop\",\"item\":\"https:\/\/att-investments.eu\/sk\/shop\/\"},{\"@type\":\"ListItem\",\"position\":3,\"name\":\"Buceador CARIBE\"}]},{\"@type\":\"WebSite\",\"@id\":\"https:\/\/att-investments.eu\/#website\",\"url\":\"https:\/\/att-investments.eu\/\",\"name\":\"Investujte do budoucnosti - ATT Investments\",\"description\":\"Chr\u00e1n\u00edme hodnotu Va\u0161ich pen\u011bz\",\"publisher\":{\"@id\":\"https:\/\/att-investments.eu\/#organization\"},\"potentialAction\":[{\"@type\":\"SearchAction\",\"target\":{\"@type\":\"EntryPoint\",\"urlTemplate\":\"https:\/\/att-investments.eu\/?s={search_term_string}\"},\"query-input\":\"required name=search_term_string\"}],\"inLanguage\":\"sk-SK\"},{\"@type\":\"Organization\",\"@id\":\"https:\/\/att-investments.eu\/#organization\",\"name\":\"Investujte do budoucnosti - ATT Investments\",\"url\":\"https:\/\/att-investments.eu\/\",\"logo\":{\"@type\":\"ImageObject\",\"inLanguage\":\"sk-SK\",\"@id\":\"https:\/\/att-investments.eu\/#\/schema\/logo\/image\/\",\"url\":\"https:\/\/att-investments.eu\/wp-content\/uploads\/2021\/10\/SvgjsG1008.png\",\"contentUrl\":\"https:\/\/att-investments.eu\/wp-content\/uploads\/2021\/10\/SvgjsG1008.png\",\"width\":857,\"height\":138,\"caption\":\"Investujte do budoucnosti - ATT Investments\"},\"image\":{\"@id\":\"https:\/\/att-investments.eu\/#\/schema\/logo\/image\/\"}}]}<\/script>\n<!-- \/ Yoast SEO plugin. -->","yoast_head_json":{"title":"Buceador CARIBE - Investujte do budoucnosti - ATT Investments","description":"Buceador CARIBE hodinky Cuervo y Sobrinos. P\u00e1nske hodinky a d\u00e1mske hodinky Cuervo y Sobrinos.","robots":{"index":"index","follow":"follow","max-snippet":"max-snippet:-1","max-image-preview":"max-image-preview:large","max-video-preview":"max-video-preview:-1"},"canonical":"https:\/\/att-investments.eu\/sk\/produkt\/buceador-caribe-1\/","og_locale":"sk_SK","og_type":"article","og_title":"Buceador CARIBE - Investujte do budoucnosti - ATT Investments","og_description":"Buceador CARIBE hodinky Cuervo y Sobrinos. P\u00e1nske hodinky a d\u00e1mske hodinky Cuervo y Sobrinos.","og_url":"https:\/\/att-investments.eu\/sk\/produkt\/buceador-caribe-1\/","og_site_name":"Investujte do budoucnosti - ATT Investments","article_modified_time":"2022-01-19T09:33:03+00:00","og_image":[{"width":445,"height":700,"url":"https:\/\/att-investments.eu\/wp-content\/uploads\/2021\/09\/buceador-caribe-1.png","type":"image\/png"}],"twitter_card":"summary_large_image","schema":{"@context":"https:\/\/schema.org","@graph":[{"@type":"WebPage","@id":"https:\/\/att-investments.eu\/sk\/produkt\/buceador-caribe-1\/","url":"https:\/\/att-investments.eu\/sk\/produkt\/buceador-caribe-1\/","name":"Buceador CARIBE - Investujte do budoucnosti - ATT Investments","isPartOf":{"@id":"https:\/\/att-investments.eu\/#website"},"primaryImageOfPage":{"@id":"https:\/\/att-investments.eu\/sk\/produkt\/buceador-caribe-1\/#primaryimage"},"image":{"@id":"https:\/\/att-investments.eu\/sk\/produkt\/buceador-caribe-1\/#primaryimage"},"thumbnailUrl":"https:\/\/att-investments.eu\/wp-content\/uploads\/2021\/09\/buceador-caribe-1.png","datePublished":"2021-09-28T19:01:28+00:00","dateModified":"2022-01-19T09:33:03+00:00","description":"Buceador CARIBE hodinky Cuervo y Sobrinos. P\u00e1nske hodinky a d\u00e1mske hodinky Cuervo y Sobrinos.","breadcrumb":{"@id":"https:\/\/att-investments.eu\/sk\/produkt\/buceador-caribe-1\/#breadcrumb"},"inLanguage":"sk-SK","potentialAction":[{"@type":"ReadAction","target":["https:\/\/att-investments.eu\/sk\/produkt\/buceador-caribe-1\/"]}]},{"@type":"ImageObject","inLanguage":"sk-SK","@id":"https:\/\/att-investments.eu\/sk\/produkt\/buceador-caribe-1\/#primaryimage","url":"https:\/\/att-investments.eu\/wp-content\/uploads\/2021\/09\/buceador-caribe-1.png","contentUrl":"https:\/\/att-investments.eu\/wp-content\/uploads\/2021\/09\/buceador-caribe-1.png","width":445,"height":700},{"@type":"BreadcrumbList","@id":"https:\/\/att-investments.eu\/sk\/produkt\/buceador-caribe-1\/#breadcrumb","itemListElement":[{"@type":"ListItem","position":1,"name":"Dom\u016f","item":"https:\/\/att-investments.eu\/sk\/"},{"@type":"ListItem","position":2,"name":"Shop","item":"https:\/\/att-investments.eu\/sk\/shop\/"},{"@type":"ListItem","position":3,"name":"Buceador CARIBE"}]},{"@type":"WebSite","@id":"https:\/\/att-investments.eu\/#website","url":"https:\/\/att-investments.eu\/","name":"Investujte do budoucnosti - ATT Investments","description":"Chr\u00e1n\u00edme hodnotu Va\u0161ich pen\u011bz","publisher":{"@id":"https:\/\/att-investments.eu\/#organization"},"potentialAction":[{"@type":"SearchAction","target":{"@type":"EntryPoint","urlTemplate":"https:\/\/att-investments.eu\/?s={search_term_string}"},"query-input":"required name=search_term_string"}],"inLanguage":"sk-SK"},{"@type":"Organization","@id":"https:\/\/att-investments.eu\/#organization","name":"Investujte do budoucnosti - ATT Investments","url":"https:\/\/att-investments.eu\/","logo":{"@type":"ImageObject","inLanguage":"sk-SK","@id":"https:\/\/att-investments.eu\/#\/schema\/logo\/image\/","url":"https:\/\/att-investments.eu\/wp-content\/uploads\/2021\/10\/SvgjsG1008.png","contentUrl":"https:\/\/att-investments.eu\/wp-content\/uploads\/2021\/10\/SvgjsG1008.png","width":857,"height":138,"caption":"Investujte do budoucnosti - ATT Investments"},"image":{"@id":"https:\/\/att-investments.eu\/#\/schema\/logo\/image\/"}}]}},"_links":{"self":[{"href":"https:\/\/att-investments.eu\/sk\/wp-json\/wp\/v2\/product\/6916","targetHints":{"allow":["GET"]}}],"collection":[{"href":"https:\/\/att-investments.eu\/sk\/wp-json\/wp\/v2\/product"}],"about":[{"href":"https:\/\/att-investments.eu\/sk\/wp-json\/wp\/v2\/types\/product"}],"wp:featuredmedia":[{"embeddable":true,"href":"https:\/\/att-investments.eu\/sk\/wp-json\/wp\/v2\/media\/1183"}],"wp:attachment":[{"href":"https:\/\/att-investments.eu\/sk\/wp-json\/wp\/v2\/media?parent=6916"}],"wp:term":[{"taxonomy":"product_cat","embeddable":true,"href":"https:\/\/att-investments.eu\/sk\/wp-json\/wp\/v2\/product_cat?post=6916"},{"taxonomy":"product_tag","embeddable":true,"href":"https:\/\/att-investments.eu\/sk\/wp-json\/wp\/v2\/product_tag?post=6916"}],"curies":[{"name":"wp","href":"https:\/\/api.w.org\/{rel}","templated":true}]}}