{"id":6866,"date":"2021-09-29T11:10:32","date_gmt":"2021-09-29T09:10:32","guid":{"rendered":"https:\/\/att-investments.eu\/produkt\/stribro-argor-heraeus-250-g\/"},"modified":"2022-01-10T16:58:28","modified_gmt":"2022-01-10T15:58:28","slug":"stribro-argor-heraeus-250-g","status":"publish","type":"product","link":"https:\/\/att-investments.eu\/sk\/produkt\/stribro-argor-heraeus-250-g\/","title":{"rendered":"Argor Heraeus &#8211; 250g"},"content":{"rendered":"","protected":false},"excerpt":{"rendered":"<p><strong>Cena je uveden\u00e1 s DPH<\/strong><\/p>\n","protected":false},"featured_media":9102,"template":"","meta":{"_acf_changed":false},"product_cat":[70,75],"product_tag":[],"class_list":{"0":"post-6866","1":"product","2":"type-product","3":"status-publish","4":"has-post-thumbnail","6":"product_cat-drahe-kovy-sk","7":"product_cat-striebro","9":"first","10":"instock","11":"shipping-taxable","12":"product-type-simple"},"acf":[],"yoast_head":"<!-- This site is optimized with the Yoast SEO plugin v22.8 - https:\/\/yoast.com\/wordpress\/plugins\/seo\/ -->\n<title>Argor Heraeus - 250g - Investujte do budoucnosti - ATT Investments<\/title>\n<meta name=\"description\" content=\"Strieborn\u00fd odliatok Argor Heraeus 250 g. Investi\u010dn\u00e9 striebro od ATT Investments. N\u00e1kup striebra Bratislava, Ko\u0161ice, Bansk\u00e1 Bystrica, Poprad.\" \/>\n<meta name=\"robots\" content=\"index, follow, max-snippet:-1, max-image-preview:large, max-video-preview:-1\" \/>\n<link rel=\"canonical\" href=\"https:\/\/att-investments.eu\/sk\/produkt\/stribro-argor-heraeus-250-g\/\" \/>\n<meta property=\"og:locale\" content=\"sk_SK\" \/>\n<meta property=\"og:type\" content=\"article\" \/>\n<meta property=\"og:title\" content=\"Argor Heraeus - 250g - Investujte do budoucnosti - ATT Investments\" \/>\n<meta property=\"og:description\" content=\"Strieborn\u00fd odliatok Argor Heraeus 250 g. Investi\u010dn\u00e9 striebro od ATT Investments. N\u00e1kup striebra Bratislava, Ko\u0161ice, Bansk\u00e1 Bystrica, Poprad.\" \/>\n<meta property=\"og:url\" content=\"https:\/\/att-investments.eu\/sk\/produkt\/stribro-argor-heraeus-250-g\/\" \/>\n<meta property=\"og:site_name\" content=\"Investujte do budoucnosti - ATT Investments\" \/>\n<meta property=\"article:modified_time\" content=\"2022-01-10T15:58:28+00:00\" \/>\n<meta property=\"og:image\" content=\"https:\/\/att-investments.eu\/wp-content\/uploads\/2021\/09\/1-5.jpg\" \/>\n\t<meta property=\"og:image:width\" content=\"2000\" \/>\n\t<meta property=\"og:image:height\" content=\"2000\" \/>\n\t<meta property=\"og:image:type\" content=\"image\/jpeg\" \/>\n<meta name=\"twitter:card\" content=\"summary_large_image\" \/>\n<script type=\"application\/ld+json\" class=\"yoast-schema-graph\">{\"@context\":\"https:\/\/schema.org\",\"@graph\":[{\"@type\":\"WebPage\",\"@id\":\"https:\/\/att-investments.eu\/sk\/produkt\/stribro-argor-heraeus-250-g\/\",\"url\":\"https:\/\/att-investments.eu\/sk\/produkt\/stribro-argor-heraeus-250-g\/\",\"name\":\"Argor Heraeus - 250g - Investujte do budoucnosti - ATT Investments\",\"isPartOf\":{\"@id\":\"https:\/\/att-investments.eu\/#website\"},\"primaryImageOfPage\":{\"@id\":\"https:\/\/att-investments.eu\/sk\/produkt\/stribro-argor-heraeus-250-g\/#primaryimage\"},\"image\":{\"@id\":\"https:\/\/att-investments.eu\/sk\/produkt\/stribro-argor-heraeus-250-g\/#primaryimage\"},\"thumbnailUrl\":\"https:\/\/att-investments.eu\/wp-content\/uploads\/2021\/09\/Stribro_ArgorHeraeus_250g-1.webp\",\"datePublished\":\"2021-09-29T09:10:32+00:00\",\"dateModified\":\"2022-01-10T15:58:28+00:00\",\"description\":\"Strieborn\u00fd odliatok Argor Heraeus 250 g. Investi\u010dn\u00e9 striebro od ATT Investments. N\u00e1kup striebra Bratislava, Ko\u0161ice, Bansk\u00e1 Bystrica, Poprad.\",\"breadcrumb\":{\"@id\":\"https:\/\/att-investments.eu\/sk\/produkt\/stribro-argor-heraeus-250-g\/#breadcrumb\"},\"inLanguage\":\"sk-SK\",\"potentialAction\":[{\"@type\":\"ReadAction\",\"target\":[\"https:\/\/att-investments.eu\/sk\/produkt\/stribro-argor-heraeus-250-g\/\"]}]},{\"@type\":\"ImageObject\",\"inLanguage\":\"sk-SK\",\"@id\":\"https:\/\/att-investments.eu\/sk\/produkt\/stribro-argor-heraeus-250-g\/#primaryimage\",\"url\":\"https:\/\/att-investments.eu\/wp-content\/uploads\/2021\/09\/Stribro_ArgorHeraeus_250g-1.webp\",\"contentUrl\":\"https:\/\/att-investments.eu\/wp-content\/uploads\/2021\/09\/Stribro_ArgorHeraeus_250g-1.webp\",\"width\":1200,\"height\":1200},{\"@type\":\"BreadcrumbList\",\"@id\":\"https:\/\/att-investments.eu\/sk\/produkt\/stribro-argor-heraeus-250-g\/#breadcrumb\",\"itemListElement\":[{\"@type\":\"ListItem\",\"position\":1,\"name\":\"Dom\u016f\",\"item\":\"https:\/\/att-investments.eu\/sk\/\"},{\"@type\":\"ListItem\",\"position\":2,\"name\":\"Shop\",\"item\":\"https:\/\/att-investments.eu\/sk\/shop\/\"},{\"@type\":\"ListItem\",\"position\":3,\"name\":\"Argor Heraeus &#8211; 250g\"}]},{\"@type\":\"WebSite\",\"@id\":\"https:\/\/att-investments.eu\/#website\",\"url\":\"https:\/\/att-investments.eu\/\",\"name\":\"Investujte do budoucnosti - ATT Investments\",\"description\":\"Chr\u00e1n\u00edme hodnotu Va\u0161ich pen\u011bz\",\"publisher\":{\"@id\":\"https:\/\/att-investments.eu\/#organization\"},\"potentialAction\":[{\"@type\":\"SearchAction\",\"target\":{\"@type\":\"EntryPoint\",\"urlTemplate\":\"https:\/\/att-investments.eu\/?s={search_term_string}\"},\"query-input\":\"required name=search_term_string\"}],\"inLanguage\":\"sk-SK\"},{\"@type\":\"Organization\",\"@id\":\"https:\/\/att-investments.eu\/#organization\",\"name\":\"Investujte do budoucnosti - ATT Investments\",\"url\":\"https:\/\/att-investments.eu\/\",\"logo\":{\"@type\":\"ImageObject\",\"inLanguage\":\"sk-SK\",\"@id\":\"https:\/\/att-investments.eu\/#\/schema\/logo\/image\/\",\"url\":\"https:\/\/att-investments.eu\/wp-content\/uploads\/2021\/10\/SvgjsG1008.png\",\"contentUrl\":\"https:\/\/att-investments.eu\/wp-content\/uploads\/2021\/10\/SvgjsG1008.png\",\"width\":857,\"height\":138,\"caption\":\"Investujte do budoucnosti - ATT Investments\"},\"image\":{\"@id\":\"https:\/\/att-investments.eu\/#\/schema\/logo\/image\/\"}}]}<\/script>\n<!-- \/ Yoast SEO plugin. -->","yoast_head_json":{"title":"Argor Heraeus - 250g - Investujte do budoucnosti - ATT Investments","description":"Strieborn\u00fd odliatok Argor Heraeus 250 g. Investi\u010dn\u00e9 striebro od ATT Investments. N\u00e1kup striebra Bratislava, Ko\u0161ice, Bansk\u00e1 Bystrica, Poprad.","robots":{"index":"index","follow":"follow","max-snippet":"max-snippet:-1","max-image-preview":"max-image-preview:large","max-video-preview":"max-video-preview:-1"},"canonical":"https:\/\/att-investments.eu\/sk\/produkt\/stribro-argor-heraeus-250-g\/","og_locale":"sk_SK","og_type":"article","og_title":"Argor Heraeus - 250g - Investujte do budoucnosti - ATT Investments","og_description":"Strieborn\u00fd odliatok Argor Heraeus 250 g. Investi\u010dn\u00e9 striebro od ATT Investments. N\u00e1kup striebra Bratislava, Ko\u0161ice, Bansk\u00e1 Bystrica, Poprad.","og_url":"https:\/\/att-investments.eu\/sk\/produkt\/stribro-argor-heraeus-250-g\/","og_site_name":"Investujte do budoucnosti - ATT Investments","article_modified_time":"2022-01-10T15:58:28+00:00","og_image":[{"width":2000,"height":2000,"url":"https:\/\/att-investments.eu\/wp-content\/uploads\/2021\/09\/1-5.jpg","type":"image\/jpeg"}],"twitter_card":"summary_large_image","schema":{"@context":"https:\/\/schema.org","@graph":[{"@type":"WebPage","@id":"https:\/\/att-investments.eu\/sk\/produkt\/stribro-argor-heraeus-250-g\/","url":"https:\/\/att-investments.eu\/sk\/produkt\/stribro-argor-heraeus-250-g\/","name":"Argor Heraeus - 250g - Investujte do budoucnosti - ATT Investments","isPartOf":{"@id":"https:\/\/att-investments.eu\/#website"},"primaryImageOfPage":{"@id":"https:\/\/att-investments.eu\/sk\/produkt\/stribro-argor-heraeus-250-g\/#primaryimage"},"image":{"@id":"https:\/\/att-investments.eu\/sk\/produkt\/stribro-argor-heraeus-250-g\/#primaryimage"},"thumbnailUrl":"https:\/\/att-investments.eu\/wp-content\/uploads\/2021\/09\/Stribro_ArgorHeraeus_250g-1.webp","datePublished":"2021-09-29T09:10:32+00:00","dateModified":"2022-01-10T15:58:28+00:00","description":"Strieborn\u00fd odliatok Argor Heraeus 250 g. Investi\u010dn\u00e9 striebro od ATT Investments. N\u00e1kup striebra Bratislava, Ko\u0161ice, Bansk\u00e1 Bystrica, Poprad.","breadcrumb":{"@id":"https:\/\/att-investments.eu\/sk\/produkt\/stribro-argor-heraeus-250-g\/#breadcrumb"},"inLanguage":"sk-SK","potentialAction":[{"@type":"ReadAction","target":["https:\/\/att-investments.eu\/sk\/produkt\/stribro-argor-heraeus-250-g\/"]}]},{"@type":"ImageObject","inLanguage":"sk-SK","@id":"https:\/\/att-investments.eu\/sk\/produkt\/stribro-argor-heraeus-250-g\/#primaryimage","url":"https:\/\/att-investments.eu\/wp-content\/uploads\/2021\/09\/Stribro_ArgorHeraeus_250g-1.webp","contentUrl":"https:\/\/att-investments.eu\/wp-content\/uploads\/2021\/09\/Stribro_ArgorHeraeus_250g-1.webp","width":1200,"height":1200},{"@type":"BreadcrumbList","@id":"https:\/\/att-investments.eu\/sk\/produkt\/stribro-argor-heraeus-250-g\/#breadcrumb","itemListElement":[{"@type":"ListItem","position":1,"name":"Dom\u016f","item":"https:\/\/att-investments.eu\/sk\/"},{"@type":"ListItem","position":2,"name":"Shop","item":"https:\/\/att-investments.eu\/sk\/shop\/"},{"@type":"ListItem","position":3,"name":"Argor Heraeus &#8211; 250g"}]},{"@type":"WebSite","@id":"https:\/\/att-investments.eu\/#website","url":"https:\/\/att-investments.eu\/","name":"Investujte do budoucnosti - ATT Investments","description":"Chr\u00e1n\u00edme hodnotu Va\u0161ich pen\u011bz","publisher":{"@id":"https:\/\/att-investments.eu\/#organization"},"potentialAction":[{"@type":"SearchAction","target":{"@type":"EntryPoint","urlTemplate":"https:\/\/att-investments.eu\/?s={search_term_string}"},"query-input":"required name=search_term_string"}],"inLanguage":"sk-SK"},{"@type":"Organization","@id":"https:\/\/att-investments.eu\/#organization","name":"Investujte do budoucnosti - ATT Investments","url":"https:\/\/att-investments.eu\/","logo":{"@type":"ImageObject","inLanguage":"sk-SK","@id":"https:\/\/att-investments.eu\/#\/schema\/logo\/image\/","url":"https:\/\/att-investments.eu\/wp-content\/uploads\/2021\/10\/SvgjsG1008.png","contentUrl":"https:\/\/att-investments.eu\/wp-content\/uploads\/2021\/10\/SvgjsG1008.png","width":857,"height":138,"caption":"Investujte do budoucnosti - ATT Investments"},"image":{"@id":"https:\/\/att-investments.eu\/#\/schema\/logo\/image\/"}}]}},"_links":{"self":[{"href":"https:\/\/att-investments.eu\/sk\/wp-json\/wp\/v2\/product\/6866","targetHints":{"allow":["GET"]}}],"collection":[{"href":"https:\/\/att-investments.eu\/sk\/wp-json\/wp\/v2\/product"}],"about":[{"href":"https:\/\/att-investments.eu\/sk\/wp-json\/wp\/v2\/types\/product"}],"wp:featuredmedia":[{"embeddable":true,"href":"https:\/\/att-investments.eu\/sk\/wp-json\/wp\/v2\/media\/9102"}],"wp:attachment":[{"href":"https:\/\/att-investments.eu\/sk\/wp-json\/wp\/v2\/media?parent=6866"}],"wp:term":[{"taxonomy":"product_cat","embeddable":true,"href":"https:\/\/att-investments.eu\/sk\/wp-json\/wp\/v2\/product_cat?post=6866"},{"taxonomy":"product_tag","embeddable":true,"href":"https:\/\/att-investments.eu\/sk\/wp-json\/wp\/v2\/product_tag?post=6866"}],"curies":[{"name":"wp","href":"https:\/\/api.w.org\/{rel}","templated":true}]}}