{"id":7409,"date":"2021-11-08T09:58:24","date_gmt":"2021-11-08T08:58:24","guid":{"rendered":"https:\/\/att-investments.eu\/vykup-zlomkoveho-zlata-a-stribra\/"},"modified":"2022-01-17T11:43:22","modified_gmt":"2022-01-17T10:43:22","slug":"vykup-zlomkoveho-zlata-a-stribra","status":"publish","type":"page","link":"https:\/\/att-investments.eu\/sk\/vykup-zlomkoveho-zlata-a-stribra\/","title":{"rendered":"V\u00fdkup zlomkov\u00e9ho zlata a striebra"},"content":{"rendered":"<p style=\"text-align: center;\"><em>Po prevzat\u00ed, vykon\u00e1me chemick\u00fa sk\u00fa\u0161ku pravosti, r\u00fddzosti zlatej \u010di striebornej zliatiny a ur\u010d\u00edme hmotnos\u0165. Potom V\u00e1s budeme telefonicky informova\u0165 o v\u00fdkupnej cene. Ak bude vyjadren\u00fd obojstrann\u00fd s\u00fahlas, za\u0161leme V\u00e1m dohodnut\u00fa \u010diastku prevodom na bankov\u00fd \u00fa\u010det. Radi V\u00e1s priv\u00edtame v na\u0161ich pobo\u010dk\u00e1ch.<\/em><\/p>\n","protected":false},"excerpt":{"rendered":"<p>Po prevzat\u00ed, vykon\u00e1me chemick\u00fa sk\u00fa\u0161ku pravosti, r\u00fddzosti zlatej \u010di striebornej zliatiny a ur\u010d\u00edme hmotnos\u0165. Potom V\u00e1s budeme telefonicky informova\u0165 o v\u00fdkupnej cene&#8230;.<\/p>\n","protected":false},"author":2,"featured_media":0,"parent":0,"menu_order":0,"comment_status":"closed","ping_status":"closed","template":"","meta":{"_acf_changed":false,"footnotes":""},"class_list":["post-7409","page","type-page","status-publish","hentry"],"acf":[],"yoast_head":"<!-- This site is optimized with the Yoast SEO plugin v22.8 - https:\/\/yoast.com\/wordpress\/plugins\/seo\/ -->\n<title>V\u00fdkup zlomkov\u00e9ho zlata a striebra - Investujte do budoucnosti - ATT Investments<\/title>\n<meta name=\"description\" content=\"Ochrana pe\u0148az\u00ed. Predaj a odkup zlata, striebra a platiny. Predaj \u0161perkov, diamantov, rub\u00ednov. P\u00e1nske hodinky a d\u00e1mske hodinky Cuervo y Sobrinos.\" \/>\n<meta name=\"robots\" content=\"index, follow, max-snippet:-1, max-image-preview:large, max-video-preview:-1\" \/>\n<link rel=\"canonical\" href=\"https:\/\/att-investments.eu\/sk\/vykup-zlomkoveho-zlata-a-stribra\/\" \/>\n<meta property=\"og:locale\" content=\"sk_SK\" \/>\n<meta property=\"og:type\" content=\"article\" \/>\n<meta property=\"og:title\" content=\"V\u00fdkup zlomkov\u00e9ho zlata a striebra - Investujte do budoucnosti - ATT Investments\" \/>\n<meta property=\"og:description\" content=\"Ochrana pe\u0148az\u00ed. Predaj a odkup zlata, striebra a platiny. Predaj \u0161perkov, diamantov, rub\u00ednov. P\u00e1nske hodinky a d\u00e1mske hodinky Cuervo y Sobrinos.\" \/>\n<meta property=\"og:url\" content=\"https:\/\/att-investments.eu\/sk\/vykup-zlomkoveho-zlata-a-stribra\/\" \/>\n<meta property=\"og:site_name\" content=\"Investujte do budoucnosti - ATT Investments\" \/>\n<meta property=\"article:modified_time\" content=\"2022-01-17T10:43:22+00:00\" \/>\n<meta name=\"twitter:card\" content=\"summary_large_image\" \/>\n<meta name=\"twitter:label1\" content=\"Predpokladan\u00fd \u010das \u010d\u00edtania\" \/>\n\t<meta name=\"twitter:data1\" content=\"1 min\u00fata\" \/>\n<script type=\"application\/ld+json\" class=\"yoast-schema-graph\">{\"@context\":\"https:\/\/schema.org\",\"@graph\":[{\"@type\":\"WebPage\",\"@id\":\"https:\/\/att-investments.eu\/sk\/vykup-zlomkoveho-zlata-a-stribra\/\",\"url\":\"https:\/\/att-investments.eu\/sk\/vykup-zlomkoveho-zlata-a-stribra\/\",\"name\":\"V\u00fdkup zlomkov\u00e9ho zlata a striebra - Investujte do budoucnosti - ATT Investments\",\"isPartOf\":{\"@id\":\"https:\/\/att-investments.eu\/#website\"},\"datePublished\":\"2021-11-08T08:58:24+00:00\",\"dateModified\":\"2022-01-17T10:43:22+00:00\",\"description\":\"Ochrana pe\u0148az\u00ed. Predaj a odkup zlata, striebra a platiny. Predaj \u0161perkov, diamantov, rub\u00ednov. P\u00e1nske hodinky a d\u00e1mske hodinky Cuervo y Sobrinos.\",\"breadcrumb\":{\"@id\":\"https:\/\/att-investments.eu\/sk\/vykup-zlomkoveho-zlata-a-stribra\/#breadcrumb\"},\"inLanguage\":\"sk-SK\",\"potentialAction\":[{\"@type\":\"ReadAction\",\"target\":[\"https:\/\/att-investments.eu\/sk\/vykup-zlomkoveho-zlata-a-stribra\/\"]}]},{\"@type\":\"BreadcrumbList\",\"@id\":\"https:\/\/att-investments.eu\/sk\/vykup-zlomkoveho-zlata-a-stribra\/#breadcrumb\",\"itemListElement\":[{\"@type\":\"ListItem\",\"position\":1,\"name\":\"Dom\u016f\",\"item\":\"https:\/\/att-investments.eu\/sk\/\"},{\"@type\":\"ListItem\",\"position\":2,\"name\":\"V\u00fdkup zlomkov\u00e9ho zlata a striebra\"}]},{\"@type\":\"WebSite\",\"@id\":\"https:\/\/att-investments.eu\/#website\",\"url\":\"https:\/\/att-investments.eu\/\",\"name\":\"Investujte do budoucnosti - ATT Investments\",\"description\":\"Chr\u00e1n\u00edme hodnotu Va\u0161ich pen\u011bz\",\"publisher\":{\"@id\":\"https:\/\/att-investments.eu\/#organization\"},\"potentialAction\":[{\"@type\":\"SearchAction\",\"target\":{\"@type\":\"EntryPoint\",\"urlTemplate\":\"https:\/\/att-investments.eu\/?s={search_term_string}\"},\"query-input\":\"required name=search_term_string\"}],\"inLanguage\":\"sk-SK\"},{\"@type\":\"Organization\",\"@id\":\"https:\/\/att-investments.eu\/#organization\",\"name\":\"Investujte do budoucnosti - ATT Investments\",\"url\":\"https:\/\/att-investments.eu\/\",\"logo\":{\"@type\":\"ImageObject\",\"inLanguage\":\"sk-SK\",\"@id\":\"https:\/\/att-investments.eu\/#\/schema\/logo\/image\/\",\"url\":\"https:\/\/att-investments.eu\/wp-content\/uploads\/2021\/10\/SvgjsG1008.png\",\"contentUrl\":\"https:\/\/att-investments.eu\/wp-content\/uploads\/2021\/10\/SvgjsG1008.png\",\"width\":857,\"height\":138,\"caption\":\"Investujte do budoucnosti - ATT Investments\"},\"image\":{\"@id\":\"https:\/\/att-investments.eu\/#\/schema\/logo\/image\/\"}}]}<\/script>\n<!-- \/ Yoast SEO plugin. -->","yoast_head_json":{"title":"V\u00fdkup zlomkov\u00e9ho zlata a striebra - Investujte do budoucnosti - ATT Investments","description":"Ochrana pe\u0148az\u00ed. Predaj a odkup zlata, striebra a platiny. Predaj \u0161perkov, diamantov, rub\u00ednov. P\u00e1nske hodinky a d\u00e1mske hodinky Cuervo y Sobrinos.","robots":{"index":"index","follow":"follow","max-snippet":"max-snippet:-1","max-image-preview":"max-image-preview:large","max-video-preview":"max-video-preview:-1"},"canonical":"https:\/\/att-investments.eu\/sk\/vykup-zlomkoveho-zlata-a-stribra\/","og_locale":"sk_SK","og_type":"article","og_title":"V\u00fdkup zlomkov\u00e9ho zlata a striebra - Investujte do budoucnosti - ATT Investments","og_description":"Ochrana pe\u0148az\u00ed. Predaj a odkup zlata, striebra a platiny. Predaj \u0161perkov, diamantov, rub\u00ednov. P\u00e1nske hodinky a d\u00e1mske hodinky Cuervo y Sobrinos.","og_url":"https:\/\/att-investments.eu\/sk\/vykup-zlomkoveho-zlata-a-stribra\/","og_site_name":"Investujte do budoucnosti - ATT Investments","article_modified_time":"2022-01-17T10:43:22+00:00","twitter_card":"summary_large_image","twitter_misc":{"Predpokladan\u00fd \u010das \u010d\u00edtania":"1 min\u00fata"},"schema":{"@context":"https:\/\/schema.org","@graph":[{"@type":"WebPage","@id":"https:\/\/att-investments.eu\/sk\/vykup-zlomkoveho-zlata-a-stribra\/","url":"https:\/\/att-investments.eu\/sk\/vykup-zlomkoveho-zlata-a-stribra\/","name":"V\u00fdkup zlomkov\u00e9ho zlata a striebra - Investujte do budoucnosti - ATT Investments","isPartOf":{"@id":"https:\/\/att-investments.eu\/#website"},"datePublished":"2021-11-08T08:58:24+00:00","dateModified":"2022-01-17T10:43:22+00:00","description":"Ochrana pe\u0148az\u00ed. Predaj a odkup zlata, striebra a platiny. Predaj \u0161perkov, diamantov, rub\u00ednov. P\u00e1nske hodinky a d\u00e1mske hodinky Cuervo y Sobrinos.","breadcrumb":{"@id":"https:\/\/att-investments.eu\/sk\/vykup-zlomkoveho-zlata-a-stribra\/#breadcrumb"},"inLanguage":"sk-SK","potentialAction":[{"@type":"ReadAction","target":["https:\/\/att-investments.eu\/sk\/vykup-zlomkoveho-zlata-a-stribra\/"]}]},{"@type":"BreadcrumbList","@id":"https:\/\/att-investments.eu\/sk\/vykup-zlomkoveho-zlata-a-stribra\/#breadcrumb","itemListElement":[{"@type":"ListItem","position":1,"name":"Dom\u016f","item":"https:\/\/att-investments.eu\/sk\/"},{"@type":"ListItem","position":2,"name":"V\u00fdkup zlomkov\u00e9ho zlata a striebra"}]},{"@type":"WebSite","@id":"https:\/\/att-investments.eu\/#website","url":"https:\/\/att-investments.eu\/","name":"Investujte do budoucnosti - ATT Investments","description":"Chr\u00e1n\u00edme hodnotu Va\u0161ich pen\u011bz","publisher":{"@id":"https:\/\/att-investments.eu\/#organization"},"potentialAction":[{"@type":"SearchAction","target":{"@type":"EntryPoint","urlTemplate":"https:\/\/att-investments.eu\/?s={search_term_string}"},"query-input":"required name=search_term_string"}],"inLanguage":"sk-SK"},{"@type":"Organization","@id":"https:\/\/att-investments.eu\/#organization","name":"Investujte do budoucnosti - ATT Investments","url":"https:\/\/att-investments.eu\/","logo":{"@type":"ImageObject","inLanguage":"sk-SK","@id":"https:\/\/att-investments.eu\/#\/schema\/logo\/image\/","url":"https:\/\/att-investments.eu\/wp-content\/uploads\/2021\/10\/SvgjsG1008.png","contentUrl":"https:\/\/att-investments.eu\/wp-content\/uploads\/2021\/10\/SvgjsG1008.png","width":857,"height":138,"caption":"Investujte do budoucnosti - ATT Investments"},"image":{"@id":"https:\/\/att-investments.eu\/#\/schema\/logo\/image\/"}}]}},"_links":{"self":[{"href":"https:\/\/att-investments.eu\/sk\/wp-json\/wp\/v2\/pages\/7409","targetHints":{"allow":["GET"]}}],"collection":[{"href":"https:\/\/att-investments.eu\/sk\/wp-json\/wp\/v2\/pages"}],"about":[{"href":"https:\/\/att-investments.eu\/sk\/wp-json\/wp\/v2\/types\/page"}],"author":[{"embeddable":true,"href":"https:\/\/att-investments.eu\/sk\/wp-json\/wp\/v2\/users\/2"}],"replies":[{"embeddable":true,"href":"https:\/\/att-investments.eu\/sk\/wp-json\/wp\/v2\/comments?post=7409"}],"version-history":[{"count":5,"href":"https:\/\/att-investments.eu\/sk\/wp-json\/wp\/v2\/pages\/7409\/revisions"}],"predecessor-version":[{"id":7414,"href":"https:\/\/att-investments.eu\/sk\/wp-json\/wp\/v2\/pages\/7409\/revisions\/7414"}],"wp:attachment":[{"href":"https:\/\/att-investments.eu\/sk\/wp-json\/wp\/v2\/media?parent=7409"}],"curies":[{"name":"wp","href":"https:\/\/api.w.org\/{rel}","templated":true}]}}