{"id":7400,"date":"2021-11-08T09:27:19","date_gmt":"2021-11-08T08:27:19","guid":{"rendered":"https:\/\/att-investments.eu\/garance-odkupu\/"},"modified":"2022-01-17T16:49:01","modified_gmt":"2022-01-17T15:49:01","slug":"garance-odkupu","status":"publish","type":"page","link":"https:\/\/att-investments.eu\/sk\/garance-odkupu\/","title":{"rendered":"Garancia odkupu"},"content":{"rendered":"<p style=\"text-align: center;\"><em>Garancia sp\u00e4tn\u00e9ho odk\u00fapenia investi\u010dn\u00e9ho zlata a striebra je samozrejmou s\u00fa\u010das\u0165ou<\/em><br \/><em>firemn\u00e1 filozofia ATT Investments. V\u00fdkup zlata je mo\u017en\u00fd ako pre na\u0161ich partnerov, tak aj<\/em><br \/><em>pre \u0161irok\u00fa verejnos\u0165.<\/em><\/p>\n<p style=\"text-align: center;\"><em>Aktu\u00e1lna cena zlata sa rod\u00ed ka\u017ed\u00fd de\u0148 v Lond\u00fdne a u n\u00e1s odkupujeme v pomere<\/em><br \/><em>London fix &#8211; 3%. Odkupn\u00fa cenu si m\u00f4\u017eete spo\u010d\u00edta\u0165 v na\u0161ej <strong><a href=\"\/sk\/vykup-zlata\/\">ATT KALKULA\u010cKE<\/a><\/strong><\/em><\/p>\n","protected":false},"excerpt":{"rendered":"<p>Garancia sp\u00e4tn\u00e9ho odk\u00fapenia investi\u010dn\u00e9ho zlata a striebra je samozrejmou s\u00fa\u010das\u0165oufiremn\u00e1 filozofia ATT Investments. V\u00fdkup zlata je mo\u017en\u00fd ako pre na\u0161ich partnerov, tak&#8230;<\/p>\n","protected":false},"author":2,"featured_media":0,"parent":0,"menu_order":0,"comment_status":"closed","ping_status":"closed","template":"","meta":{"_acf_changed":false,"footnotes":""},"class_list":["post-7400","page","type-page","status-publish","hentry"],"acf":[],"yoast_head":"<!-- This site is optimized with the Yoast SEO plugin v22.8 - https:\/\/yoast.com\/wordpress\/plugins\/seo\/ -->\n<title>Garancia odkupu - Investujte do budoucnosti - ATT Investments<\/title>\n<meta name=\"description\" content=\"Ochrana pe\u0148az\u00ed. Predaj a odkup zlata, striebra a platiny. Predaj \u0161perkov, diamantov, rub\u00ednov. P\u00e1nske hodinky a d\u00e1mske hodinky Cuervo y Sobrinos.\" \/>\n<meta name=\"robots\" content=\"index, follow, max-snippet:-1, max-image-preview:large, max-video-preview:-1\" \/>\n<link rel=\"canonical\" href=\"https:\/\/att-investments.eu\/sk\/garance-odkupu\/\" \/>\n<meta property=\"og:locale\" content=\"sk_SK\" \/>\n<meta property=\"og:type\" content=\"article\" \/>\n<meta property=\"og:title\" content=\"Garancia odkupu - Investujte do budoucnosti - ATT Investments\" \/>\n<meta property=\"og:description\" content=\"Ochrana pe\u0148az\u00ed. Predaj a odkup zlata, striebra a platiny. Predaj \u0161perkov, diamantov, rub\u00ednov. P\u00e1nske hodinky a d\u00e1mske hodinky Cuervo y Sobrinos.\" \/>\n<meta property=\"og:url\" content=\"https:\/\/att-investments.eu\/sk\/garance-odkupu\/\" \/>\n<meta property=\"og:site_name\" content=\"Investujte do budoucnosti - ATT Investments\" \/>\n<meta property=\"article:modified_time\" content=\"2022-01-17T15:49:01+00:00\" \/>\n<meta name=\"twitter:card\" content=\"summary_large_image\" \/>\n<meta name=\"twitter:label1\" content=\"Predpokladan\u00fd \u010das \u010d\u00edtania\" \/>\n\t<meta name=\"twitter:data1\" content=\"1 min\u00fata\" \/>\n<script type=\"application\/ld+json\" class=\"yoast-schema-graph\">{\"@context\":\"https:\/\/schema.org\",\"@graph\":[{\"@type\":\"WebPage\",\"@id\":\"https:\/\/att-investments.eu\/sk\/garance-odkupu\/\",\"url\":\"https:\/\/att-investments.eu\/sk\/garance-odkupu\/\",\"name\":\"Garancia odkupu - Investujte do budoucnosti - ATT Investments\",\"isPartOf\":{\"@id\":\"https:\/\/att-investments.eu\/#website\"},\"datePublished\":\"2021-11-08T08:27:19+00:00\",\"dateModified\":\"2022-01-17T15:49:01+00:00\",\"description\":\"Ochrana pe\u0148az\u00ed. Predaj a odkup zlata, striebra a platiny. Predaj \u0161perkov, diamantov, rub\u00ednov. P\u00e1nske hodinky a d\u00e1mske hodinky Cuervo y Sobrinos.\",\"breadcrumb\":{\"@id\":\"https:\/\/att-investments.eu\/sk\/garance-odkupu\/#breadcrumb\"},\"inLanguage\":\"sk-SK\",\"potentialAction\":[{\"@type\":\"ReadAction\",\"target\":[\"https:\/\/att-investments.eu\/sk\/garance-odkupu\/\"]}]},{\"@type\":\"BreadcrumbList\",\"@id\":\"https:\/\/att-investments.eu\/sk\/garance-odkupu\/#breadcrumb\",\"itemListElement\":[{\"@type\":\"ListItem\",\"position\":1,\"name\":\"Dom\u016f\",\"item\":\"https:\/\/att-investments.eu\/sk\/\"},{\"@type\":\"ListItem\",\"position\":2,\"name\":\"Garancia odkupu\"}]},{\"@type\":\"WebSite\",\"@id\":\"https:\/\/att-investments.eu\/#website\",\"url\":\"https:\/\/att-investments.eu\/\",\"name\":\"Investujte do budoucnosti - ATT Investments\",\"description\":\"Chr\u00e1n\u00edme hodnotu Va\u0161ich pen\u011bz\",\"publisher\":{\"@id\":\"https:\/\/att-investments.eu\/#organization\"},\"potentialAction\":[{\"@type\":\"SearchAction\",\"target\":{\"@type\":\"EntryPoint\",\"urlTemplate\":\"https:\/\/att-investments.eu\/?s={search_term_string}\"},\"query-input\":\"required name=search_term_string\"}],\"inLanguage\":\"sk-SK\"},{\"@type\":\"Organization\",\"@id\":\"https:\/\/att-investments.eu\/#organization\",\"name\":\"Investujte do budoucnosti - ATT Investments\",\"url\":\"https:\/\/att-investments.eu\/\",\"logo\":{\"@type\":\"ImageObject\",\"inLanguage\":\"sk-SK\",\"@id\":\"https:\/\/att-investments.eu\/#\/schema\/logo\/image\/\",\"url\":\"https:\/\/att-investments.eu\/wp-content\/uploads\/2021\/10\/SvgjsG1008.png\",\"contentUrl\":\"https:\/\/att-investments.eu\/wp-content\/uploads\/2021\/10\/SvgjsG1008.png\",\"width\":857,\"height\":138,\"caption\":\"Investujte do budoucnosti - ATT Investments\"},\"image\":{\"@id\":\"https:\/\/att-investments.eu\/#\/schema\/logo\/image\/\"}}]}<\/script>\n<!-- \/ Yoast SEO plugin. -->","yoast_head_json":{"title":"Garancia odkupu - Investujte do budoucnosti - ATT Investments","description":"Ochrana pe\u0148az\u00ed. Predaj a odkup zlata, striebra a platiny. Predaj \u0161perkov, diamantov, rub\u00ednov. P\u00e1nske hodinky a d\u00e1mske hodinky Cuervo y Sobrinos.","robots":{"index":"index","follow":"follow","max-snippet":"max-snippet:-1","max-image-preview":"max-image-preview:large","max-video-preview":"max-video-preview:-1"},"canonical":"https:\/\/att-investments.eu\/sk\/garance-odkupu\/","og_locale":"sk_SK","og_type":"article","og_title":"Garancia odkupu - Investujte do budoucnosti - ATT Investments","og_description":"Ochrana pe\u0148az\u00ed. Predaj a odkup zlata, striebra a platiny. Predaj \u0161perkov, diamantov, rub\u00ednov. P\u00e1nske hodinky a d\u00e1mske hodinky Cuervo y Sobrinos.","og_url":"https:\/\/att-investments.eu\/sk\/garance-odkupu\/","og_site_name":"Investujte do budoucnosti - ATT Investments","article_modified_time":"2022-01-17T15:49:01+00:00","twitter_card":"summary_large_image","twitter_misc":{"Predpokladan\u00fd \u010das \u010d\u00edtania":"1 min\u00fata"},"schema":{"@context":"https:\/\/schema.org","@graph":[{"@type":"WebPage","@id":"https:\/\/att-investments.eu\/sk\/garance-odkupu\/","url":"https:\/\/att-investments.eu\/sk\/garance-odkupu\/","name":"Garancia odkupu - Investujte do budoucnosti - ATT Investments","isPartOf":{"@id":"https:\/\/att-investments.eu\/#website"},"datePublished":"2021-11-08T08:27:19+00:00","dateModified":"2022-01-17T15:49:01+00:00","description":"Ochrana pe\u0148az\u00ed. Predaj a odkup zlata, striebra a platiny. Predaj \u0161perkov, diamantov, rub\u00ednov. P\u00e1nske hodinky a d\u00e1mske hodinky Cuervo y Sobrinos.","breadcrumb":{"@id":"https:\/\/att-investments.eu\/sk\/garance-odkupu\/#breadcrumb"},"inLanguage":"sk-SK","potentialAction":[{"@type":"ReadAction","target":["https:\/\/att-investments.eu\/sk\/garance-odkupu\/"]}]},{"@type":"BreadcrumbList","@id":"https:\/\/att-investments.eu\/sk\/garance-odkupu\/#breadcrumb","itemListElement":[{"@type":"ListItem","position":1,"name":"Dom\u016f","item":"https:\/\/att-investments.eu\/sk\/"},{"@type":"ListItem","position":2,"name":"Garancia odkupu"}]},{"@type":"WebSite","@id":"https:\/\/att-investments.eu\/#website","url":"https:\/\/att-investments.eu\/","name":"Investujte do budoucnosti - ATT Investments","description":"Chr\u00e1n\u00edme hodnotu Va\u0161ich pen\u011bz","publisher":{"@id":"https:\/\/att-investments.eu\/#organization"},"potentialAction":[{"@type":"SearchAction","target":{"@type":"EntryPoint","urlTemplate":"https:\/\/att-investments.eu\/?s={search_term_string}"},"query-input":"required name=search_term_string"}],"inLanguage":"sk-SK"},{"@type":"Organization","@id":"https:\/\/att-investments.eu\/#organization","name":"Investujte do budoucnosti - ATT Investments","url":"https:\/\/att-investments.eu\/","logo":{"@type":"ImageObject","inLanguage":"sk-SK","@id":"https:\/\/att-investments.eu\/#\/schema\/logo\/image\/","url":"https:\/\/att-investments.eu\/wp-content\/uploads\/2021\/10\/SvgjsG1008.png","contentUrl":"https:\/\/att-investments.eu\/wp-content\/uploads\/2021\/10\/SvgjsG1008.png","width":857,"height":138,"caption":"Investujte do budoucnosti - ATT Investments"},"image":{"@id":"https:\/\/att-investments.eu\/#\/schema\/logo\/image\/"}}]}},"_links":{"self":[{"href":"https:\/\/att-investments.eu\/sk\/wp-json\/wp\/v2\/pages\/7400","targetHints":{"allow":["GET"]}}],"collection":[{"href":"https:\/\/att-investments.eu\/sk\/wp-json\/wp\/v2\/pages"}],"about":[{"href":"https:\/\/att-investments.eu\/sk\/wp-json\/wp\/v2\/types\/page"}],"author":[{"embeddable":true,"href":"https:\/\/att-investments.eu\/sk\/wp-json\/wp\/v2\/users\/2"}],"replies":[{"embeddable":true,"href":"https:\/\/att-investments.eu\/sk\/wp-json\/wp\/v2\/comments?post=7400"}],"version-history":[{"count":11,"href":"https:\/\/att-investments.eu\/sk\/wp-json\/wp\/v2\/pages\/7400\/revisions"}],"predecessor-version":[{"id":8546,"href":"https:\/\/att-investments.eu\/sk\/wp-json\/wp\/v2\/pages\/7400\/revisions\/8546"}],"wp:attachment":[{"href":"https:\/\/att-investments.eu\/sk\/wp-json\/wp\/v2\/media?parent=7400"}],"curies":[{"name":"wp","href":"https:\/\/api.w.org\/{rel}","templated":true}]}}