{"id":2083,"date":"2021-09-12T07:35:23","date_gmt":"2021-09-12T05:35:23","guid":{"rendered":"https:\/\/att-investments.eu\/tvare-att\/"},"modified":"2022-01-17T11:19:04","modified_gmt":"2022-01-17T10:19:04","slug":"tvare-att","status":"publish","type":"page","link":"https:\/\/att-investments.eu\/sk\/tvare-att\/","title":{"rendered":"Tv\u00e1re ATT"},"content":{"rendered":"","protected":false},"excerpt":{"rendered":"","protected":false},"author":2,"featured_media":0,"parent":0,"menu_order":0,"comment_status":"closed","ping_status":"closed","template":"template-parts\/page-tvareatt.php","meta":{"_acf_changed":false,"footnotes":""},"class_list":["post-2083","page","type-page","status-publish","hentry"],"acf":[],"yoast_head":"<!-- This site is optimized with the Yoast SEO plugin v22.8 - https:\/\/yoast.com\/wordpress\/plugins\/seo\/ -->\n<title>Tv\u00e1re ATT - Investujte do budoucnosti - ATT Investments<\/title>\n<meta name=\"description\" content=\"ATT Investments. Kate\u0159ina Siniakov\u00e1, Jitka Zelenkov\u00e1, Nela Boudov\u00e1, Ji\u0159\u00ed Vesel\u00fd, Stanislav Matu\u0161. N\u00e1kup a v\u00fdkup zlata, striebra, platiny.\" \/>\n<meta name=\"robots\" content=\"index, follow, max-snippet:-1, max-image-preview:large, max-video-preview:-1\" \/>\n<link rel=\"canonical\" href=\"https:\/\/att-investments.eu\/sk\/tvare-att\/\" \/>\n<meta property=\"og:locale\" content=\"sk_SK\" \/>\n<meta property=\"og:type\" content=\"article\" \/>\n<meta property=\"og:title\" content=\"Tv\u00e1re ATT - Investujte do budoucnosti - ATT Investments\" \/>\n<meta property=\"og:description\" content=\"ATT Investments. Kate\u0159ina Siniakov\u00e1, Jitka Zelenkov\u00e1, Nela Boudov\u00e1, Ji\u0159\u00ed Vesel\u00fd, Stanislav Matu\u0161. N\u00e1kup a v\u00fdkup zlata, striebra, platiny.\" \/>\n<meta property=\"og:url\" content=\"https:\/\/att-investments.eu\/sk\/tvare-att\/\" \/>\n<meta property=\"og:site_name\" content=\"Investujte do budoucnosti - ATT Investments\" \/>\n<meta property=\"article:modified_time\" content=\"2022-01-17T10:19:04+00:00\" \/>\n<meta name=\"twitter:card\" content=\"summary_large_image\" \/>\n<script type=\"application\/ld+json\" class=\"yoast-schema-graph\">{\"@context\":\"https:\/\/schema.org\",\"@graph\":[{\"@type\":\"WebPage\",\"@id\":\"https:\/\/att-investments.eu\/sk\/tvare-att\/\",\"url\":\"https:\/\/att-investments.eu\/sk\/tvare-att\/\",\"name\":\"Tv\u00e1re ATT - Investujte do budoucnosti - ATT Investments\",\"isPartOf\":{\"@id\":\"https:\/\/att-investments.eu\/#website\"},\"datePublished\":\"2021-09-12T05:35:23+00:00\",\"dateModified\":\"2022-01-17T10:19:04+00:00\",\"description\":\"ATT Investments. Kate\u0159ina Siniakov\u00e1, Jitka Zelenkov\u00e1, Nela Boudov\u00e1, Ji\u0159\u00ed Vesel\u00fd, Stanislav Matu\u0161. N\u00e1kup a v\u00fdkup zlata, striebra, platiny.\",\"breadcrumb\":{\"@id\":\"https:\/\/att-investments.eu\/sk\/tvare-att\/#breadcrumb\"},\"inLanguage\":\"sk-SK\",\"potentialAction\":[{\"@type\":\"ReadAction\",\"target\":[\"https:\/\/att-investments.eu\/sk\/tvare-att\/\"]}]},{\"@type\":\"BreadcrumbList\",\"@id\":\"https:\/\/att-investments.eu\/sk\/tvare-att\/#breadcrumb\",\"itemListElement\":[{\"@type\":\"ListItem\",\"position\":1,\"name\":\"Dom\u016f\",\"item\":\"https:\/\/att-investments.eu\/sk\/\"},{\"@type\":\"ListItem\",\"position\":2,\"name\":\"Tv\u00e1re ATT\"}]},{\"@type\":\"WebSite\",\"@id\":\"https:\/\/att-investments.eu\/#website\",\"url\":\"https:\/\/att-investments.eu\/\",\"name\":\"Investujte do budoucnosti - ATT Investments\",\"description\":\"Chr\u00e1n\u00edme hodnotu Va\u0161ich pen\u011bz\",\"publisher\":{\"@id\":\"https:\/\/att-investments.eu\/#organization\"},\"potentialAction\":[{\"@type\":\"SearchAction\",\"target\":{\"@type\":\"EntryPoint\",\"urlTemplate\":\"https:\/\/att-investments.eu\/?s={search_term_string}\"},\"query-input\":\"required name=search_term_string\"}],\"inLanguage\":\"sk-SK\"},{\"@type\":\"Organization\",\"@id\":\"https:\/\/att-investments.eu\/#organization\",\"name\":\"Investujte do budoucnosti - ATT Investments\",\"url\":\"https:\/\/att-investments.eu\/\",\"logo\":{\"@type\":\"ImageObject\",\"inLanguage\":\"sk-SK\",\"@id\":\"https:\/\/att-investments.eu\/#\/schema\/logo\/image\/\",\"url\":\"https:\/\/att-investments.eu\/wp-content\/uploads\/2021\/10\/SvgjsG1008.png\",\"contentUrl\":\"https:\/\/att-investments.eu\/wp-content\/uploads\/2021\/10\/SvgjsG1008.png\",\"width\":857,\"height\":138,\"caption\":\"Investujte do budoucnosti - ATT Investments\"},\"image\":{\"@id\":\"https:\/\/att-investments.eu\/#\/schema\/logo\/image\/\"}}]}<\/script>\n<!-- \/ Yoast SEO plugin. -->","yoast_head_json":{"title":"Tv\u00e1re ATT - Investujte do budoucnosti - ATT Investments","description":"ATT Investments. Kate\u0159ina Siniakov\u00e1, Jitka Zelenkov\u00e1, Nela Boudov\u00e1, Ji\u0159\u00ed Vesel\u00fd, Stanislav Matu\u0161. N\u00e1kup a v\u00fdkup zlata, striebra, platiny.","robots":{"index":"index","follow":"follow","max-snippet":"max-snippet:-1","max-image-preview":"max-image-preview:large","max-video-preview":"max-video-preview:-1"},"canonical":"https:\/\/att-investments.eu\/sk\/tvare-att\/","og_locale":"sk_SK","og_type":"article","og_title":"Tv\u00e1re ATT - Investujte do budoucnosti - ATT Investments","og_description":"ATT Investments. Kate\u0159ina Siniakov\u00e1, Jitka Zelenkov\u00e1, Nela Boudov\u00e1, Ji\u0159\u00ed Vesel\u00fd, Stanislav Matu\u0161. N\u00e1kup a v\u00fdkup zlata, striebra, platiny.","og_url":"https:\/\/att-investments.eu\/sk\/tvare-att\/","og_site_name":"Investujte do budoucnosti - ATT Investments","article_modified_time":"2022-01-17T10:19:04+00:00","twitter_card":"summary_large_image","schema":{"@context":"https:\/\/schema.org","@graph":[{"@type":"WebPage","@id":"https:\/\/att-investments.eu\/sk\/tvare-att\/","url":"https:\/\/att-investments.eu\/sk\/tvare-att\/","name":"Tv\u00e1re ATT - Investujte do budoucnosti - ATT Investments","isPartOf":{"@id":"https:\/\/att-investments.eu\/#website"},"datePublished":"2021-09-12T05:35:23+00:00","dateModified":"2022-01-17T10:19:04+00:00","description":"ATT Investments. Kate\u0159ina Siniakov\u00e1, Jitka Zelenkov\u00e1, Nela Boudov\u00e1, Ji\u0159\u00ed Vesel\u00fd, Stanislav Matu\u0161. N\u00e1kup a v\u00fdkup zlata, striebra, platiny.","breadcrumb":{"@id":"https:\/\/att-investments.eu\/sk\/tvare-att\/#breadcrumb"},"inLanguage":"sk-SK","potentialAction":[{"@type":"ReadAction","target":["https:\/\/att-investments.eu\/sk\/tvare-att\/"]}]},{"@type":"BreadcrumbList","@id":"https:\/\/att-investments.eu\/sk\/tvare-att\/#breadcrumb","itemListElement":[{"@type":"ListItem","position":1,"name":"Dom\u016f","item":"https:\/\/att-investments.eu\/sk\/"},{"@type":"ListItem","position":2,"name":"Tv\u00e1re ATT"}]},{"@type":"WebSite","@id":"https:\/\/att-investments.eu\/#website","url":"https:\/\/att-investments.eu\/","name":"Investujte do budoucnosti - ATT Investments","description":"Chr\u00e1n\u00edme hodnotu Va\u0161ich pen\u011bz","publisher":{"@id":"https:\/\/att-investments.eu\/#organization"},"potentialAction":[{"@type":"SearchAction","target":{"@type":"EntryPoint","urlTemplate":"https:\/\/att-investments.eu\/?s={search_term_string}"},"query-input":"required name=search_term_string"}],"inLanguage":"sk-SK"},{"@type":"Organization","@id":"https:\/\/att-investments.eu\/#organization","name":"Investujte do budoucnosti - ATT Investments","url":"https:\/\/att-investments.eu\/","logo":{"@type":"ImageObject","inLanguage":"sk-SK","@id":"https:\/\/att-investments.eu\/#\/schema\/logo\/image\/","url":"https:\/\/att-investments.eu\/wp-content\/uploads\/2021\/10\/SvgjsG1008.png","contentUrl":"https:\/\/att-investments.eu\/wp-content\/uploads\/2021\/10\/SvgjsG1008.png","width":857,"height":138,"caption":"Investujte do budoucnosti - ATT Investments"},"image":{"@id":"https:\/\/att-investments.eu\/#\/schema\/logo\/image\/"}}]}},"_links":{"self":[{"href":"https:\/\/att-investments.eu\/sk\/wp-json\/wp\/v2\/pages\/2083","targetHints":{"allow":["GET"]}}],"collection":[{"href":"https:\/\/att-investments.eu\/sk\/wp-json\/wp\/v2\/pages"}],"about":[{"href":"https:\/\/att-investments.eu\/sk\/wp-json\/wp\/v2\/types\/page"}],"author":[{"embeddable":true,"href":"https:\/\/att-investments.eu\/sk\/wp-json\/wp\/v2\/users\/2"}],"replies":[{"embeddable":true,"href":"https:\/\/att-investments.eu\/sk\/wp-json\/wp\/v2\/comments?post=2083"}],"version-history":[{"count":2,"href":"https:\/\/att-investments.eu\/sk\/wp-json\/wp\/v2\/pages\/2083\/revisions"}],"predecessor-version":[{"id":8533,"href":"https:\/\/att-investments.eu\/sk\/wp-json\/wp\/v2\/pages\/2083\/revisions\/8533"}],"wp:attachment":[{"href":"https:\/\/att-investments.eu\/sk\/wp-json\/wp\/v2\/media?parent=2083"}],"curies":[{"name":"wp","href":"https:\/\/api.w.org\/{rel}","templated":true}]}}