{"id":2074,"date":"2021-09-24T19:50:46","date_gmt":"2021-09-24T17:50:46","guid":{"rendered":"https:\/\/att-investments.eu\/rubin\/"},"modified":"2021-12-06T20:24:37","modified_gmt":"2021-12-06T19:24:37","slug":"rubin","status":"publish","type":"page","link":"https:\/\/att-investments.eu\/sk\/rubin\/","title":{"rendered":"Rub\u00edn"},"content":{"rendered":"","protected":false},"excerpt":{"rendered":"","protected":false},"author":2,"featured_media":0,"parent":0,"menu_order":0,"comment_status":"closed","ping_status":"closed","template":"template-parts\/page-ponuka-rubin.php","meta":{"_acf_changed":false,"footnotes":""},"class_list":["post-2074","page","type-page","status-publish","hentry"],"acf":[],"yoast_head":"<!-- This site is optimized with the Yoast SEO plugin v22.8 - https:\/\/yoast.com\/wordpress\/plugins\/seo\/ -->\n<title>Rub\u00edn - Investujte do budoucnosti - ATT Investments<\/title>\n<meta name=\"description\" content=\"Investi\u010dn\u00e9 rub\u00edny priamo z partnersk\u00fdch rub\u00ednov\u00fdch dolov v Tanz\u00e1nii. Predaj rub\u00ednov s certifik\u00e1tom u\u017e od 0,1 ct. Cena rub\u00ednov v na\u0161om katal\u00f3gu.\" \/>\n<meta name=\"robots\" content=\"index, follow, max-snippet:-1, max-image-preview:large, max-video-preview:-1\" \/>\n<link rel=\"canonical\" href=\"https:\/\/att-investments.eu\/sk\/rubin\/\" \/>\n<meta property=\"og:locale\" content=\"sk_SK\" \/>\n<meta property=\"og:type\" content=\"article\" \/>\n<meta property=\"og:title\" content=\"Rub\u00edn - Investujte do budoucnosti - ATT Investments\" \/>\n<meta property=\"og:description\" content=\"Investi\u010dn\u00e9 rub\u00edny priamo z partnersk\u00fdch rub\u00ednov\u00fdch dolov v Tanz\u00e1nii. Predaj rub\u00ednov s certifik\u00e1tom u\u017e od 0,1 ct. Cena rub\u00ednov v na\u0161om katal\u00f3gu.\" \/>\n<meta property=\"og:url\" content=\"https:\/\/att-investments.eu\/sk\/rubin\/\" \/>\n<meta property=\"og:site_name\" content=\"Investujte do budoucnosti - ATT Investments\" \/>\n<meta property=\"article:modified_time\" content=\"2021-12-06T19:24:37+00:00\" \/>\n<meta name=\"twitter:card\" content=\"summary_large_image\" \/>\n<script type=\"application\/ld+json\" class=\"yoast-schema-graph\">{\"@context\":\"https:\/\/schema.org\",\"@graph\":[{\"@type\":\"WebPage\",\"@id\":\"https:\/\/att-investments.eu\/sk\/rubin\/\",\"url\":\"https:\/\/att-investments.eu\/sk\/rubin\/\",\"name\":\"Rub\u00edn - Investujte do budoucnosti - ATT Investments\",\"isPartOf\":{\"@id\":\"https:\/\/att-investments.eu\/#website\"},\"datePublished\":\"2021-09-24T17:50:46+00:00\",\"dateModified\":\"2021-12-06T19:24:37+00:00\",\"description\":\"Investi\u010dn\u00e9 rub\u00edny priamo z partnersk\u00fdch rub\u00ednov\u00fdch dolov v Tanz\u00e1nii. Predaj rub\u00ednov s certifik\u00e1tom u\u017e od 0,1 ct. Cena rub\u00ednov v na\u0161om katal\u00f3gu.\",\"breadcrumb\":{\"@id\":\"https:\/\/att-investments.eu\/sk\/rubin\/#breadcrumb\"},\"inLanguage\":\"sk-SK\",\"potentialAction\":[{\"@type\":\"ReadAction\",\"target\":[\"https:\/\/att-investments.eu\/sk\/rubin\/\"]}]},{\"@type\":\"BreadcrumbList\",\"@id\":\"https:\/\/att-investments.eu\/sk\/rubin\/#breadcrumb\",\"itemListElement\":[{\"@type\":\"ListItem\",\"position\":1,\"name\":\"Dom\u016f\",\"item\":\"https:\/\/att-investments.eu\/sk\/\"},{\"@type\":\"ListItem\",\"position\":2,\"name\":\"Rub\u00edn\"}]},{\"@type\":\"WebSite\",\"@id\":\"https:\/\/att-investments.eu\/#website\",\"url\":\"https:\/\/att-investments.eu\/\",\"name\":\"Investujte do budoucnosti - ATT Investments\",\"description\":\"Chr\u00e1n\u00edme hodnotu Va\u0161ich pen\u011bz\",\"publisher\":{\"@id\":\"https:\/\/att-investments.eu\/#organization\"},\"potentialAction\":[{\"@type\":\"SearchAction\",\"target\":{\"@type\":\"EntryPoint\",\"urlTemplate\":\"https:\/\/att-investments.eu\/?s={search_term_string}\"},\"query-input\":\"required name=search_term_string\"}],\"inLanguage\":\"sk-SK\"},{\"@type\":\"Organization\",\"@id\":\"https:\/\/att-investments.eu\/#organization\",\"name\":\"Investujte do budoucnosti - ATT Investments\",\"url\":\"https:\/\/att-investments.eu\/\",\"logo\":{\"@type\":\"ImageObject\",\"inLanguage\":\"sk-SK\",\"@id\":\"https:\/\/att-investments.eu\/#\/schema\/logo\/image\/\",\"url\":\"https:\/\/att-investments.eu\/wp-content\/uploads\/2021\/10\/SvgjsG1008.png\",\"contentUrl\":\"https:\/\/att-investments.eu\/wp-content\/uploads\/2021\/10\/SvgjsG1008.png\",\"width\":857,\"height\":138,\"caption\":\"Investujte do budoucnosti - ATT Investments\"},\"image\":{\"@id\":\"https:\/\/att-investments.eu\/#\/schema\/logo\/image\/\"}}]}<\/script>\n<!-- \/ Yoast SEO plugin. -->","yoast_head_json":{"title":"Rub\u00edn - Investujte do budoucnosti - ATT Investments","description":"Investi\u010dn\u00e9 rub\u00edny priamo z partnersk\u00fdch rub\u00ednov\u00fdch dolov v Tanz\u00e1nii. Predaj rub\u00ednov s certifik\u00e1tom u\u017e od 0,1 ct. Cena rub\u00ednov v na\u0161om katal\u00f3gu.","robots":{"index":"index","follow":"follow","max-snippet":"max-snippet:-1","max-image-preview":"max-image-preview:large","max-video-preview":"max-video-preview:-1"},"canonical":"https:\/\/att-investments.eu\/sk\/rubin\/","og_locale":"sk_SK","og_type":"article","og_title":"Rub\u00edn - Investujte do budoucnosti - ATT Investments","og_description":"Investi\u010dn\u00e9 rub\u00edny priamo z partnersk\u00fdch rub\u00ednov\u00fdch dolov v Tanz\u00e1nii. Predaj rub\u00ednov s certifik\u00e1tom u\u017e od 0,1 ct. Cena rub\u00ednov v na\u0161om katal\u00f3gu.","og_url":"https:\/\/att-investments.eu\/sk\/rubin\/","og_site_name":"Investujte do budoucnosti - ATT Investments","article_modified_time":"2021-12-06T19:24:37+00:00","twitter_card":"summary_large_image","schema":{"@context":"https:\/\/schema.org","@graph":[{"@type":"WebPage","@id":"https:\/\/att-investments.eu\/sk\/rubin\/","url":"https:\/\/att-investments.eu\/sk\/rubin\/","name":"Rub\u00edn - Investujte do budoucnosti - ATT Investments","isPartOf":{"@id":"https:\/\/att-investments.eu\/#website"},"datePublished":"2021-09-24T17:50:46+00:00","dateModified":"2021-12-06T19:24:37+00:00","description":"Investi\u010dn\u00e9 rub\u00edny priamo z partnersk\u00fdch rub\u00ednov\u00fdch dolov v Tanz\u00e1nii. Predaj rub\u00ednov s certifik\u00e1tom u\u017e od 0,1 ct. Cena rub\u00ednov v na\u0161om katal\u00f3gu.","breadcrumb":{"@id":"https:\/\/att-investments.eu\/sk\/rubin\/#breadcrumb"},"inLanguage":"sk-SK","potentialAction":[{"@type":"ReadAction","target":["https:\/\/att-investments.eu\/sk\/rubin\/"]}]},{"@type":"BreadcrumbList","@id":"https:\/\/att-investments.eu\/sk\/rubin\/#breadcrumb","itemListElement":[{"@type":"ListItem","position":1,"name":"Dom\u016f","item":"https:\/\/att-investments.eu\/sk\/"},{"@type":"ListItem","position":2,"name":"Rub\u00edn"}]},{"@type":"WebSite","@id":"https:\/\/att-investments.eu\/#website","url":"https:\/\/att-investments.eu\/","name":"Investujte do budoucnosti - ATT Investments","description":"Chr\u00e1n\u00edme hodnotu Va\u0161ich pen\u011bz","publisher":{"@id":"https:\/\/att-investments.eu\/#organization"},"potentialAction":[{"@type":"SearchAction","target":{"@type":"EntryPoint","urlTemplate":"https:\/\/att-investments.eu\/?s={search_term_string}"},"query-input":"required name=search_term_string"}],"inLanguage":"sk-SK"},{"@type":"Organization","@id":"https:\/\/att-investments.eu\/#organization","name":"Investujte do budoucnosti - ATT Investments","url":"https:\/\/att-investments.eu\/","logo":{"@type":"ImageObject","inLanguage":"sk-SK","@id":"https:\/\/att-investments.eu\/#\/schema\/logo\/image\/","url":"https:\/\/att-investments.eu\/wp-content\/uploads\/2021\/10\/SvgjsG1008.png","contentUrl":"https:\/\/att-investments.eu\/wp-content\/uploads\/2021\/10\/SvgjsG1008.png","width":857,"height":138,"caption":"Investujte do budoucnosti - ATT Investments"},"image":{"@id":"https:\/\/att-investments.eu\/#\/schema\/logo\/image\/"}}]}},"_links":{"self":[{"href":"https:\/\/att-investments.eu\/sk\/wp-json\/wp\/v2\/pages\/2074","targetHints":{"allow":["GET"]}}],"collection":[{"href":"https:\/\/att-investments.eu\/sk\/wp-json\/wp\/v2\/pages"}],"about":[{"href":"https:\/\/att-investments.eu\/sk\/wp-json\/wp\/v2\/types\/page"}],"author":[{"embeddable":true,"href":"https:\/\/att-investments.eu\/sk\/wp-json\/wp\/v2\/users\/2"}],"replies":[{"embeddable":true,"href":"https:\/\/att-investments.eu\/sk\/wp-json\/wp\/v2\/comments?post=2074"}],"version-history":[{"count":1,"href":"https:\/\/att-investments.eu\/sk\/wp-json\/wp\/v2\/pages\/2074\/revisions"}],"predecessor-version":[{"id":7377,"href":"https:\/\/att-investments.eu\/sk\/wp-json\/wp\/v2\/pages\/2074\/revisions\/7377"}],"wp:attachment":[{"href":"https:\/\/att-investments.eu\/sk\/wp-json\/wp\/v2\/media?parent=2074"}],"curies":[{"name":"wp","href":"https:\/\/api.w.org\/{rel}","templated":true}]}}