{"id":2065,"date":"2021-09-30T13:35:34","date_gmt":"2021-09-30T11:35:34","guid":{"rendered":"https:\/\/att-investments.eu\/postupny-nakup-kovu\/"},"modified":"2022-01-17T11:24:27","modified_gmt":"2022-01-17T10:24:27","slug":"postupny-nakup-kovov","status":"publish","type":"page","link":"https:\/\/att-investments.eu\/sk\/postupny-nakup-kovov\/","title":{"rendered":"Postupn\u00fd n\u00e1kup kovov"},"content":{"rendered":"","protected":false},"excerpt":{"rendered":"","protected":false},"author":2,"featured_media":0,"parent":0,"menu_order":0,"comment_status":"closed","ping_status":"closed","template":"template-parts\/page-pnk.php","meta":{"_acf_changed":false,"footnotes":""},"class_list":["post-2065","page","type-page","status-publish","hentry"],"acf":[],"yoast_head":"<!-- This site is optimized with the Yoast SEO plugin v22.8 - https:\/\/yoast.com\/wordpress\/plugins\/seo\/ -->\n<title>Postupn\u00fd n\u00e1kup kovov - Investujte do budoucnosti - ATT Investments<\/title>\n<meta name=\"description\" content=\"Postupn\u00fd n\u00e1kup kovov. N\u00e1kup zlata postupne u\u017e od 20 \u20ac mesa\u010dne. Postupn\u00fd n\u00e1kup zlata, striebra a platiny. Postupn\u00fd n\u00e1kup zlat\u00fdch minc\u00ed. Drah\u00e9 kovy Slovensko.\" \/>\n<meta name=\"robots\" content=\"index, follow, max-snippet:-1, max-image-preview:large, max-video-preview:-1\" \/>\n<link rel=\"canonical\" href=\"https:\/\/att-investments.eu\/sk\/postupny-nakup-kovov\/\" \/>\n<meta property=\"og:locale\" content=\"sk_SK\" \/>\n<meta property=\"og:type\" content=\"article\" \/>\n<meta property=\"og:title\" content=\"Postupn\u00fd n\u00e1kup kovov - Investujte do budoucnosti - ATT Investments\" \/>\n<meta property=\"og:description\" content=\"Postupn\u00fd n\u00e1kup kovov. N\u00e1kup zlata postupne u\u017e od 20 \u20ac mesa\u010dne. Postupn\u00fd n\u00e1kup zlata, striebra a platiny. Postupn\u00fd n\u00e1kup zlat\u00fdch minc\u00ed. Drah\u00e9 kovy Slovensko.\" \/>\n<meta property=\"og:url\" content=\"https:\/\/att-investments.eu\/sk\/postupny-nakup-kovov\/\" \/>\n<meta property=\"og:site_name\" content=\"Investujte do budoucnosti - ATT Investments\" \/>\n<meta property=\"article:modified_time\" content=\"2022-01-17T10:24:27+00:00\" \/>\n<meta name=\"twitter:card\" content=\"summary_large_image\" \/>\n<script type=\"application\/ld+json\" class=\"yoast-schema-graph\">{\"@context\":\"https:\/\/schema.org\",\"@graph\":[{\"@type\":\"WebPage\",\"@id\":\"https:\/\/att-investments.eu\/sk\/postupny-nakup-kovov\/\",\"url\":\"https:\/\/att-investments.eu\/sk\/postupny-nakup-kovov\/\",\"name\":\"Postupn\u00fd n\u00e1kup kovov - Investujte do budoucnosti - ATT Investments\",\"isPartOf\":{\"@id\":\"https:\/\/att-investments.eu\/#website\"},\"datePublished\":\"2021-09-30T11:35:34+00:00\",\"dateModified\":\"2022-01-17T10:24:27+00:00\",\"description\":\"Postupn\u00fd n\u00e1kup kovov. N\u00e1kup zlata postupne u\u017e od 20 \u20ac mesa\u010dne. Postupn\u00fd n\u00e1kup zlata, striebra a platiny. Postupn\u00fd n\u00e1kup zlat\u00fdch minc\u00ed. Drah\u00e9 kovy Slovensko.\",\"breadcrumb\":{\"@id\":\"https:\/\/att-investments.eu\/sk\/postupny-nakup-kovov\/#breadcrumb\"},\"inLanguage\":\"sk-SK\",\"potentialAction\":[{\"@type\":\"ReadAction\",\"target\":[\"https:\/\/att-investments.eu\/sk\/postupny-nakup-kovov\/\"]}]},{\"@type\":\"BreadcrumbList\",\"@id\":\"https:\/\/att-investments.eu\/sk\/postupny-nakup-kovov\/#breadcrumb\",\"itemListElement\":[{\"@type\":\"ListItem\",\"position\":1,\"name\":\"Dom\u016f\",\"item\":\"https:\/\/att-investments.eu\/sk\/\"},{\"@type\":\"ListItem\",\"position\":2,\"name\":\"Postupn\u00fd n\u00e1kup kovov\"}]},{\"@type\":\"WebSite\",\"@id\":\"https:\/\/att-investments.eu\/#website\",\"url\":\"https:\/\/att-investments.eu\/\",\"name\":\"Investujte do budoucnosti - ATT Investments\",\"description\":\"Chr\u00e1n\u00edme hodnotu Va\u0161ich pen\u011bz\",\"publisher\":{\"@id\":\"https:\/\/att-investments.eu\/#organization\"},\"potentialAction\":[{\"@type\":\"SearchAction\",\"target\":{\"@type\":\"EntryPoint\",\"urlTemplate\":\"https:\/\/att-investments.eu\/?s={search_term_string}\"},\"query-input\":\"required name=search_term_string\"}],\"inLanguage\":\"sk-SK\"},{\"@type\":\"Organization\",\"@id\":\"https:\/\/att-investments.eu\/#organization\",\"name\":\"Investujte do budoucnosti - ATT Investments\",\"url\":\"https:\/\/att-investments.eu\/\",\"logo\":{\"@type\":\"ImageObject\",\"inLanguage\":\"sk-SK\",\"@id\":\"https:\/\/att-investments.eu\/#\/schema\/logo\/image\/\",\"url\":\"https:\/\/att-investments.eu\/wp-content\/uploads\/2021\/10\/SvgjsG1008.png\",\"contentUrl\":\"https:\/\/att-investments.eu\/wp-content\/uploads\/2021\/10\/SvgjsG1008.png\",\"width\":857,\"height\":138,\"caption\":\"Investujte do budoucnosti - ATT Investments\"},\"image\":{\"@id\":\"https:\/\/att-investments.eu\/#\/schema\/logo\/image\/\"}}]}<\/script>\n<!-- \/ Yoast SEO plugin. -->","yoast_head_json":{"title":"Postupn\u00fd n\u00e1kup kovov - Investujte do budoucnosti - ATT Investments","description":"Postupn\u00fd n\u00e1kup kovov. N\u00e1kup zlata postupne u\u017e od 20 \u20ac mesa\u010dne. Postupn\u00fd n\u00e1kup zlata, striebra a platiny. Postupn\u00fd n\u00e1kup zlat\u00fdch minc\u00ed. Drah\u00e9 kovy Slovensko.","robots":{"index":"index","follow":"follow","max-snippet":"max-snippet:-1","max-image-preview":"max-image-preview:large","max-video-preview":"max-video-preview:-1"},"canonical":"https:\/\/att-investments.eu\/sk\/postupny-nakup-kovov\/","og_locale":"sk_SK","og_type":"article","og_title":"Postupn\u00fd n\u00e1kup kovov - Investujte do budoucnosti - ATT Investments","og_description":"Postupn\u00fd n\u00e1kup kovov. N\u00e1kup zlata postupne u\u017e od 20 \u20ac mesa\u010dne. Postupn\u00fd n\u00e1kup zlata, striebra a platiny. Postupn\u00fd n\u00e1kup zlat\u00fdch minc\u00ed. Drah\u00e9 kovy Slovensko.","og_url":"https:\/\/att-investments.eu\/sk\/postupny-nakup-kovov\/","og_site_name":"Investujte do budoucnosti - ATT Investments","article_modified_time":"2022-01-17T10:24:27+00:00","twitter_card":"summary_large_image","schema":{"@context":"https:\/\/schema.org","@graph":[{"@type":"WebPage","@id":"https:\/\/att-investments.eu\/sk\/postupny-nakup-kovov\/","url":"https:\/\/att-investments.eu\/sk\/postupny-nakup-kovov\/","name":"Postupn\u00fd n\u00e1kup kovov - Investujte do budoucnosti - ATT Investments","isPartOf":{"@id":"https:\/\/att-investments.eu\/#website"},"datePublished":"2021-09-30T11:35:34+00:00","dateModified":"2022-01-17T10:24:27+00:00","description":"Postupn\u00fd n\u00e1kup kovov. N\u00e1kup zlata postupne u\u017e od 20 \u20ac mesa\u010dne. Postupn\u00fd n\u00e1kup zlata, striebra a platiny. Postupn\u00fd n\u00e1kup zlat\u00fdch minc\u00ed. Drah\u00e9 kovy Slovensko.","breadcrumb":{"@id":"https:\/\/att-investments.eu\/sk\/postupny-nakup-kovov\/#breadcrumb"},"inLanguage":"sk-SK","potentialAction":[{"@type":"ReadAction","target":["https:\/\/att-investments.eu\/sk\/postupny-nakup-kovov\/"]}]},{"@type":"BreadcrumbList","@id":"https:\/\/att-investments.eu\/sk\/postupny-nakup-kovov\/#breadcrumb","itemListElement":[{"@type":"ListItem","position":1,"name":"Dom\u016f","item":"https:\/\/att-investments.eu\/sk\/"},{"@type":"ListItem","position":2,"name":"Postupn\u00fd n\u00e1kup kovov"}]},{"@type":"WebSite","@id":"https:\/\/att-investments.eu\/#website","url":"https:\/\/att-investments.eu\/","name":"Investujte do budoucnosti - ATT Investments","description":"Chr\u00e1n\u00edme hodnotu Va\u0161ich pen\u011bz","publisher":{"@id":"https:\/\/att-investments.eu\/#organization"},"potentialAction":[{"@type":"SearchAction","target":{"@type":"EntryPoint","urlTemplate":"https:\/\/att-investments.eu\/?s={search_term_string}"},"query-input":"required name=search_term_string"}],"inLanguage":"sk-SK"},{"@type":"Organization","@id":"https:\/\/att-investments.eu\/#organization","name":"Investujte do budoucnosti - ATT Investments","url":"https:\/\/att-investments.eu\/","logo":{"@type":"ImageObject","inLanguage":"sk-SK","@id":"https:\/\/att-investments.eu\/#\/schema\/logo\/image\/","url":"https:\/\/att-investments.eu\/wp-content\/uploads\/2021\/10\/SvgjsG1008.png","contentUrl":"https:\/\/att-investments.eu\/wp-content\/uploads\/2021\/10\/SvgjsG1008.png","width":857,"height":138,"caption":"Investujte do budoucnosti - ATT Investments"},"image":{"@id":"https:\/\/att-investments.eu\/#\/schema\/logo\/image\/"}}]}},"_links":{"self":[{"href":"https:\/\/att-investments.eu\/sk\/wp-json\/wp\/v2\/pages\/2065","targetHints":{"allow":["GET"]}}],"collection":[{"href":"https:\/\/att-investments.eu\/sk\/wp-json\/wp\/v2\/pages"}],"about":[{"href":"https:\/\/att-investments.eu\/sk\/wp-json\/wp\/v2\/types\/page"}],"author":[{"embeddable":true,"href":"https:\/\/att-investments.eu\/sk\/wp-json\/wp\/v2\/users\/2"}],"replies":[{"embeddable":true,"href":"https:\/\/att-investments.eu\/sk\/wp-json\/wp\/v2\/comments?post=2065"}],"version-history":[{"count":2,"href":"https:\/\/att-investments.eu\/sk\/wp-json\/wp\/v2\/pages\/2065\/revisions"}],"predecessor-version":[{"id":7383,"href":"https:\/\/att-investments.eu\/sk\/wp-json\/wp\/v2\/pages\/2065\/revisions\/7383"}],"wp:attachment":[{"href":"https:\/\/att-investments.eu\/sk\/wp-json\/wp\/v2\/media?parent=2065"}],"curies":[{"name":"wp","href":"https:\/\/api.w.org\/{rel}","templated":true}]}}