{"id":2056,"date":"2021-09-07T13:12:45","date_gmt":"2021-09-07T11:12:45","guid":{"rendered":"https:\/\/att-investments.eu\/partneri\/"},"modified":"2022-01-17T11:36:28","modified_gmt":"2022-01-17T10:36:28","slug":"partneri","status":"publish","type":"page","link":"https:\/\/att-investments.eu\/sk\/partneri\/","title":{"rendered":"Partneri"},"content":{"rendered":"","protected":false},"excerpt":{"rendered":"","protected":false},"author":2,"featured_media":0,"parent":0,"menu_order":0,"comment_status":"closed","ping_status":"closed","template":"template-parts\/page-partneri.php","meta":{"_acf_changed":false,"footnotes":""},"class_list":["post-2056","page","type-page","status-publish","hentry"],"acf":[],"yoast_head":"<!-- This site is optimized with the Yoast SEO plugin v22.8 - https:\/\/yoast.com\/wordpress\/plugins\/seo\/ -->\n<title>Partneri - Investujte do budoucnosti - ATT Investments<\/title>\n<meta name=\"description\" content=\"Argor Heraeus a Valcambi. ATT Investments pon\u00faka: investi\u010dn\u00e9 zlato, striebro, platina, zlat\u00e9 a strieborn\u00e9 mince, rub\u00edny, diamanty, \u0161perky a hodinky.\" \/>\n<meta name=\"robots\" content=\"index, follow, max-snippet:-1, max-image-preview:large, max-video-preview:-1\" \/>\n<link rel=\"canonical\" href=\"https:\/\/att-investments.eu\/sk\/partneri\/\" \/>\n<meta property=\"og:locale\" content=\"sk_SK\" \/>\n<meta property=\"og:type\" content=\"article\" \/>\n<meta property=\"og:title\" content=\"Partneri - Investujte do budoucnosti - ATT Investments\" \/>\n<meta property=\"og:description\" content=\"Argor Heraeus a Valcambi. ATT Investments pon\u00faka: investi\u010dn\u00e9 zlato, striebro, platina, zlat\u00e9 a strieborn\u00e9 mince, rub\u00edny, diamanty, \u0161perky a hodinky.\" \/>\n<meta property=\"og:url\" content=\"https:\/\/att-investments.eu\/sk\/partneri\/\" \/>\n<meta property=\"og:site_name\" content=\"Investujte do budoucnosti - ATT Investments\" \/>\n<meta property=\"article:modified_time\" content=\"2022-01-17T10:36:28+00:00\" \/>\n<meta name=\"twitter:card\" content=\"summary_large_image\" \/>\n<script type=\"application\/ld+json\" class=\"yoast-schema-graph\">{\"@context\":\"https:\/\/schema.org\",\"@graph\":[{\"@type\":\"WebPage\",\"@id\":\"https:\/\/att-investments.eu\/sk\/partneri\/\",\"url\":\"https:\/\/att-investments.eu\/sk\/partneri\/\",\"name\":\"Partneri - Investujte do budoucnosti - ATT Investments\",\"isPartOf\":{\"@id\":\"https:\/\/att-investments.eu\/#website\"},\"datePublished\":\"2021-09-07T11:12:45+00:00\",\"dateModified\":\"2022-01-17T10:36:28+00:00\",\"description\":\"Argor Heraeus a Valcambi. ATT Investments pon\u00faka: investi\u010dn\u00e9 zlato, striebro, platina, zlat\u00e9 a strieborn\u00e9 mince, rub\u00edny, diamanty, \u0161perky a hodinky.\",\"breadcrumb\":{\"@id\":\"https:\/\/att-investments.eu\/sk\/partneri\/#breadcrumb\"},\"inLanguage\":\"sk-SK\",\"potentialAction\":[{\"@type\":\"ReadAction\",\"target\":[\"https:\/\/att-investments.eu\/sk\/partneri\/\"]}]},{\"@type\":\"BreadcrumbList\",\"@id\":\"https:\/\/att-investments.eu\/sk\/partneri\/#breadcrumb\",\"itemListElement\":[{\"@type\":\"ListItem\",\"position\":1,\"name\":\"Dom\u016f\",\"item\":\"https:\/\/att-investments.eu\/sk\/\"},{\"@type\":\"ListItem\",\"position\":2,\"name\":\"Partneri\"}]},{\"@type\":\"WebSite\",\"@id\":\"https:\/\/att-investments.eu\/#website\",\"url\":\"https:\/\/att-investments.eu\/\",\"name\":\"Investujte do budoucnosti - ATT Investments\",\"description\":\"Chr\u00e1n\u00edme hodnotu Va\u0161ich pen\u011bz\",\"publisher\":{\"@id\":\"https:\/\/att-investments.eu\/#organization\"},\"potentialAction\":[{\"@type\":\"SearchAction\",\"target\":{\"@type\":\"EntryPoint\",\"urlTemplate\":\"https:\/\/att-investments.eu\/?s={search_term_string}\"},\"query-input\":\"required name=search_term_string\"}],\"inLanguage\":\"sk-SK\"},{\"@type\":\"Organization\",\"@id\":\"https:\/\/att-investments.eu\/#organization\",\"name\":\"Investujte do budoucnosti - ATT Investments\",\"url\":\"https:\/\/att-investments.eu\/\",\"logo\":{\"@type\":\"ImageObject\",\"inLanguage\":\"sk-SK\",\"@id\":\"https:\/\/att-investments.eu\/#\/schema\/logo\/image\/\",\"url\":\"https:\/\/att-investments.eu\/wp-content\/uploads\/2021\/10\/SvgjsG1008.png\",\"contentUrl\":\"https:\/\/att-investments.eu\/wp-content\/uploads\/2021\/10\/SvgjsG1008.png\",\"width\":857,\"height\":138,\"caption\":\"Investujte do budoucnosti - ATT Investments\"},\"image\":{\"@id\":\"https:\/\/att-investments.eu\/#\/schema\/logo\/image\/\"}}]}<\/script>\n<!-- \/ Yoast SEO plugin. -->","yoast_head_json":{"title":"Partneri - Investujte do budoucnosti - ATT Investments","description":"Argor Heraeus a Valcambi. ATT Investments pon\u00faka: investi\u010dn\u00e9 zlato, striebro, platina, zlat\u00e9 a strieborn\u00e9 mince, rub\u00edny, diamanty, \u0161perky a hodinky.","robots":{"index":"index","follow":"follow","max-snippet":"max-snippet:-1","max-image-preview":"max-image-preview:large","max-video-preview":"max-video-preview:-1"},"canonical":"https:\/\/att-investments.eu\/sk\/partneri\/","og_locale":"sk_SK","og_type":"article","og_title":"Partneri - Investujte do budoucnosti - ATT Investments","og_description":"Argor Heraeus a Valcambi. ATT Investments pon\u00faka: investi\u010dn\u00e9 zlato, striebro, platina, zlat\u00e9 a strieborn\u00e9 mince, rub\u00edny, diamanty, \u0161perky a hodinky.","og_url":"https:\/\/att-investments.eu\/sk\/partneri\/","og_site_name":"Investujte do budoucnosti - ATT Investments","article_modified_time":"2022-01-17T10:36:28+00:00","twitter_card":"summary_large_image","schema":{"@context":"https:\/\/schema.org","@graph":[{"@type":"WebPage","@id":"https:\/\/att-investments.eu\/sk\/partneri\/","url":"https:\/\/att-investments.eu\/sk\/partneri\/","name":"Partneri - Investujte do budoucnosti - ATT Investments","isPartOf":{"@id":"https:\/\/att-investments.eu\/#website"},"datePublished":"2021-09-07T11:12:45+00:00","dateModified":"2022-01-17T10:36:28+00:00","description":"Argor Heraeus a Valcambi. ATT Investments pon\u00faka: investi\u010dn\u00e9 zlato, striebro, platina, zlat\u00e9 a strieborn\u00e9 mince, rub\u00edny, diamanty, \u0161perky a hodinky.","breadcrumb":{"@id":"https:\/\/att-investments.eu\/sk\/partneri\/#breadcrumb"},"inLanguage":"sk-SK","potentialAction":[{"@type":"ReadAction","target":["https:\/\/att-investments.eu\/sk\/partneri\/"]}]},{"@type":"BreadcrumbList","@id":"https:\/\/att-investments.eu\/sk\/partneri\/#breadcrumb","itemListElement":[{"@type":"ListItem","position":1,"name":"Dom\u016f","item":"https:\/\/att-investments.eu\/sk\/"},{"@type":"ListItem","position":2,"name":"Partneri"}]},{"@type":"WebSite","@id":"https:\/\/att-investments.eu\/#website","url":"https:\/\/att-investments.eu\/","name":"Investujte do budoucnosti - ATT Investments","description":"Chr\u00e1n\u00edme hodnotu Va\u0161ich pen\u011bz","publisher":{"@id":"https:\/\/att-investments.eu\/#organization"},"potentialAction":[{"@type":"SearchAction","target":{"@type":"EntryPoint","urlTemplate":"https:\/\/att-investments.eu\/?s={search_term_string}"},"query-input":"required name=search_term_string"}],"inLanguage":"sk-SK"},{"@type":"Organization","@id":"https:\/\/att-investments.eu\/#organization","name":"Investujte do budoucnosti - ATT Investments","url":"https:\/\/att-investments.eu\/","logo":{"@type":"ImageObject","inLanguage":"sk-SK","@id":"https:\/\/att-investments.eu\/#\/schema\/logo\/image\/","url":"https:\/\/att-investments.eu\/wp-content\/uploads\/2021\/10\/SvgjsG1008.png","contentUrl":"https:\/\/att-investments.eu\/wp-content\/uploads\/2021\/10\/SvgjsG1008.png","width":857,"height":138,"caption":"Investujte do budoucnosti - ATT Investments"},"image":{"@id":"https:\/\/att-investments.eu\/#\/schema\/logo\/image\/"}}]}},"_links":{"self":[{"href":"https:\/\/att-investments.eu\/sk\/wp-json\/wp\/v2\/pages\/2056","targetHints":{"allow":["GET"]}}],"collection":[{"href":"https:\/\/att-investments.eu\/sk\/wp-json\/wp\/v2\/pages"}],"about":[{"href":"https:\/\/att-investments.eu\/sk\/wp-json\/wp\/v2\/types\/page"}],"author":[{"embeddable":true,"href":"https:\/\/att-investments.eu\/sk\/wp-json\/wp\/v2\/users\/2"}],"replies":[{"embeddable":true,"href":"https:\/\/att-investments.eu\/sk\/wp-json\/wp\/v2\/comments?post=2056"}],"version-history":[{"count":2,"href":"https:\/\/att-investments.eu\/sk\/wp-json\/wp\/v2\/pages\/2056\/revisions"}],"predecessor-version":[{"id":7387,"href":"https:\/\/att-investments.eu\/sk\/wp-json\/wp\/v2\/pages\/2056\/revisions\/7387"}],"wp:attachment":[{"href":"https:\/\/att-investments.eu\/sk\/wp-json\/wp\/v2\/media?parent=2056"}],"curies":[{"name":"wp","href":"https:\/\/api.w.org\/{rel}","templated":true}]}}