{"id":2024,"date":"2021-09-24T19:49:50","date_gmt":"2021-09-24T17:49:50","guid":{"rendered":"https:\/\/att-investments.eu\/diamanty\/"},"modified":"2022-01-17T11:39:00","modified_gmt":"2022-01-17T10:39:00","slug":"diamanty","status":"publish","type":"page","link":"https:\/\/att-investments.eu\/sk\/diamanty\/","title":{"rendered":"Diamanty"},"content":{"rendered":"","protected":false},"excerpt":{"rendered":"","protected":false},"author":2,"featured_media":0,"parent":0,"menu_order":0,"comment_status":"closed","ping_status":"closed","template":"template-parts\/page-ponuka-diamanty.php","meta":{"_acf_changed":false,"footnotes":""},"class_list":["post-2024","page","type-page","status-publish","hentry"],"acf":[],"yoast_head":"<!-- This site is optimized with the Yoast SEO plugin v22.8 - https:\/\/yoast.com\/wordpress\/plugins\/seo\/ -->\n<title>Diamanty - Investujte do budoucnosti - ATT Investments<\/title>\n<meta name=\"description\" content=\"Investi\u010dn\u00e9 diamanty ako skvel\u00e1 invest\u00edcia pre zachovanie hodnoty pe\u0148az\u00ed. Predaj diamantov s certifik\u00e1tom a v\u00fdkup diamantov. Cena diamantov v na\u0161om katal\u00f3gu.\" \/>\n<meta name=\"robots\" content=\"index, follow, max-snippet:-1, max-image-preview:large, max-video-preview:-1\" \/>\n<link rel=\"canonical\" href=\"https:\/\/att-investments.eu\/sk\/diamanty\/\" \/>\n<meta property=\"og:locale\" content=\"sk_SK\" \/>\n<meta property=\"og:type\" content=\"article\" \/>\n<meta property=\"og:title\" content=\"Diamanty - Investujte do budoucnosti - ATT Investments\" \/>\n<meta property=\"og:description\" content=\"Investi\u010dn\u00e9 diamanty ako skvel\u00e1 invest\u00edcia pre zachovanie hodnoty pe\u0148az\u00ed. Predaj diamantov s certifik\u00e1tom a v\u00fdkup diamantov. Cena diamantov v na\u0161om katal\u00f3gu.\" \/>\n<meta property=\"og:url\" content=\"https:\/\/att-investments.eu\/sk\/diamanty\/\" \/>\n<meta property=\"og:site_name\" content=\"Investujte do budoucnosti - ATT Investments\" \/>\n<meta property=\"article:modified_time\" content=\"2022-01-17T10:39:00+00:00\" \/>\n<meta name=\"twitter:card\" content=\"summary_large_image\" \/>\n<script type=\"application\/ld+json\" class=\"yoast-schema-graph\">{\"@context\":\"https:\/\/schema.org\",\"@graph\":[{\"@type\":\"WebPage\",\"@id\":\"https:\/\/att-investments.eu\/sk\/diamanty\/\",\"url\":\"https:\/\/att-investments.eu\/sk\/diamanty\/\",\"name\":\"Diamanty - Investujte do budoucnosti - ATT Investments\",\"isPartOf\":{\"@id\":\"https:\/\/att-investments.eu\/#website\"},\"datePublished\":\"2021-09-24T17:49:50+00:00\",\"dateModified\":\"2022-01-17T10:39:00+00:00\",\"description\":\"Investi\u010dn\u00e9 diamanty ako skvel\u00e1 invest\u00edcia pre zachovanie hodnoty pe\u0148az\u00ed. Predaj diamantov s certifik\u00e1tom a v\u00fdkup diamantov. Cena diamantov v na\u0161om katal\u00f3gu.\",\"breadcrumb\":{\"@id\":\"https:\/\/att-investments.eu\/sk\/diamanty\/#breadcrumb\"},\"inLanguage\":\"sk-SK\",\"potentialAction\":[{\"@type\":\"ReadAction\",\"target\":[\"https:\/\/att-investments.eu\/sk\/diamanty\/\"]}]},{\"@type\":\"BreadcrumbList\",\"@id\":\"https:\/\/att-investments.eu\/sk\/diamanty\/#breadcrumb\",\"itemListElement\":[{\"@type\":\"ListItem\",\"position\":1,\"name\":\"Dom\u016f\",\"item\":\"https:\/\/att-investments.eu\/sk\/\"},{\"@type\":\"ListItem\",\"position\":2,\"name\":\"Diamanty\"}]},{\"@type\":\"WebSite\",\"@id\":\"https:\/\/att-investments.eu\/#website\",\"url\":\"https:\/\/att-investments.eu\/\",\"name\":\"Investujte do budoucnosti - ATT Investments\",\"description\":\"Chr\u00e1n\u00edme hodnotu Va\u0161ich pen\u011bz\",\"publisher\":{\"@id\":\"https:\/\/att-investments.eu\/#organization\"},\"potentialAction\":[{\"@type\":\"SearchAction\",\"target\":{\"@type\":\"EntryPoint\",\"urlTemplate\":\"https:\/\/att-investments.eu\/?s={search_term_string}\"},\"query-input\":\"required name=search_term_string\"}],\"inLanguage\":\"sk-SK\"},{\"@type\":\"Organization\",\"@id\":\"https:\/\/att-investments.eu\/#organization\",\"name\":\"Investujte do budoucnosti - ATT Investments\",\"url\":\"https:\/\/att-investments.eu\/\",\"logo\":{\"@type\":\"ImageObject\",\"inLanguage\":\"sk-SK\",\"@id\":\"https:\/\/att-investments.eu\/#\/schema\/logo\/image\/\",\"url\":\"https:\/\/att-investments.eu\/wp-content\/uploads\/2021\/10\/SvgjsG1008.png\",\"contentUrl\":\"https:\/\/att-investments.eu\/wp-content\/uploads\/2021\/10\/SvgjsG1008.png\",\"width\":857,\"height\":138,\"caption\":\"Investujte do budoucnosti - ATT Investments\"},\"image\":{\"@id\":\"https:\/\/att-investments.eu\/#\/schema\/logo\/image\/\"}}]}<\/script>\n<!-- \/ Yoast SEO plugin. -->","yoast_head_json":{"title":"Diamanty - Investujte do budoucnosti - ATT Investments","description":"Investi\u010dn\u00e9 diamanty ako skvel\u00e1 invest\u00edcia pre zachovanie hodnoty pe\u0148az\u00ed. Predaj diamantov s certifik\u00e1tom a v\u00fdkup diamantov. Cena diamantov v na\u0161om katal\u00f3gu.","robots":{"index":"index","follow":"follow","max-snippet":"max-snippet:-1","max-image-preview":"max-image-preview:large","max-video-preview":"max-video-preview:-1"},"canonical":"https:\/\/att-investments.eu\/sk\/diamanty\/","og_locale":"sk_SK","og_type":"article","og_title":"Diamanty - Investujte do budoucnosti - ATT Investments","og_description":"Investi\u010dn\u00e9 diamanty ako skvel\u00e1 invest\u00edcia pre zachovanie hodnoty pe\u0148az\u00ed. Predaj diamantov s certifik\u00e1tom a v\u00fdkup diamantov. Cena diamantov v na\u0161om katal\u00f3gu.","og_url":"https:\/\/att-investments.eu\/sk\/diamanty\/","og_site_name":"Investujte do budoucnosti - ATT Investments","article_modified_time":"2022-01-17T10:39:00+00:00","twitter_card":"summary_large_image","schema":{"@context":"https:\/\/schema.org","@graph":[{"@type":"WebPage","@id":"https:\/\/att-investments.eu\/sk\/diamanty\/","url":"https:\/\/att-investments.eu\/sk\/diamanty\/","name":"Diamanty - Investujte do budoucnosti - ATT Investments","isPartOf":{"@id":"https:\/\/att-investments.eu\/#website"},"datePublished":"2021-09-24T17:49:50+00:00","dateModified":"2022-01-17T10:39:00+00:00","description":"Investi\u010dn\u00e9 diamanty ako skvel\u00e1 invest\u00edcia pre zachovanie hodnoty pe\u0148az\u00ed. Predaj diamantov s certifik\u00e1tom a v\u00fdkup diamantov. Cena diamantov v na\u0161om katal\u00f3gu.","breadcrumb":{"@id":"https:\/\/att-investments.eu\/sk\/diamanty\/#breadcrumb"},"inLanguage":"sk-SK","potentialAction":[{"@type":"ReadAction","target":["https:\/\/att-investments.eu\/sk\/diamanty\/"]}]},{"@type":"BreadcrumbList","@id":"https:\/\/att-investments.eu\/sk\/diamanty\/#breadcrumb","itemListElement":[{"@type":"ListItem","position":1,"name":"Dom\u016f","item":"https:\/\/att-investments.eu\/sk\/"},{"@type":"ListItem","position":2,"name":"Diamanty"}]},{"@type":"WebSite","@id":"https:\/\/att-investments.eu\/#website","url":"https:\/\/att-investments.eu\/","name":"Investujte do budoucnosti - ATT Investments","description":"Chr\u00e1n\u00edme hodnotu Va\u0161ich pen\u011bz","publisher":{"@id":"https:\/\/att-investments.eu\/#organization"},"potentialAction":[{"@type":"SearchAction","target":{"@type":"EntryPoint","urlTemplate":"https:\/\/att-investments.eu\/?s={search_term_string}"},"query-input":"required name=search_term_string"}],"inLanguage":"sk-SK"},{"@type":"Organization","@id":"https:\/\/att-investments.eu\/#organization","name":"Investujte do budoucnosti - ATT Investments","url":"https:\/\/att-investments.eu\/","logo":{"@type":"ImageObject","inLanguage":"sk-SK","@id":"https:\/\/att-investments.eu\/#\/schema\/logo\/image\/","url":"https:\/\/att-investments.eu\/wp-content\/uploads\/2021\/10\/SvgjsG1008.png","contentUrl":"https:\/\/att-investments.eu\/wp-content\/uploads\/2021\/10\/SvgjsG1008.png","width":857,"height":138,"caption":"Investujte do budoucnosti - ATT Investments"},"image":{"@id":"https:\/\/att-investments.eu\/#\/schema\/logo\/image\/"}}]}},"_links":{"self":[{"href":"https:\/\/att-investments.eu\/sk\/wp-json\/wp\/v2\/pages\/2024","targetHints":{"allow":["GET"]}}],"collection":[{"href":"https:\/\/att-investments.eu\/sk\/wp-json\/wp\/v2\/pages"}],"about":[{"href":"https:\/\/att-investments.eu\/sk\/wp-json\/wp\/v2\/types\/page"}],"author":[{"embeddable":true,"href":"https:\/\/att-investments.eu\/sk\/wp-json\/wp\/v2\/users\/2"}],"replies":[{"embeddable":true,"href":"https:\/\/att-investments.eu\/sk\/wp-json\/wp\/v2\/comments?post=2024"}],"version-history":[{"count":1,"href":"https:\/\/att-investments.eu\/sk\/wp-json\/wp\/v2\/pages\/2024\/revisions"}],"predecessor-version":[{"id":7378,"href":"https:\/\/att-investments.eu\/sk\/wp-json\/wp\/v2\/pages\/2024\/revisions\/7378"}],"wp:attachment":[{"href":"https:\/\/att-investments.eu\/sk\/wp-json\/wp\/v2\/media?parent=2024"}],"curies":[{"name":"wp","href":"https:\/\/api.w.org\/{rel}","templated":true}]}}