{"id":8455,"date":"2021-09-24T18:46:33","date_gmt":"2021-09-24T16:46:33","guid":{"rendered":"https:\/\/att-investments.eu\/produkt\/historiador-flameante-modra-stribro\/"},"modified":"2022-01-16T18:11:41","modified_gmt":"2022-01-16T17:11:41","slug":"historiador-flameante-modra-stribro","status":"publish","type":"product","link":"https:\/\/att-investments.eu\/en\/produkt\/historiador-flameante-modra-stribro\/","title":{"rendered":"Historiador Flameante"},"content":{"rendered":"<div class=\"spec-element\" data-v-7b84daec=\"\">\n<p class=\"spec-title\" data-v-7b84daec=\"\"><strong>Functions<br \/>\n<\/strong>Hours, minutes and small seconds<\/p>\n<\/div>\n<div class=\"spec-element\" data-v-7b84daec=\"\">\n<p class=\"spec-title\" data-v-7b84daec=\"\"><strong>Movement<br \/>\n<\/strong>CYS 2052<\/p>\n<\/div>\n<div class=\"spec-element\" data-v-7b84daec=\"\">\n<p class=\"spec-title\" data-v-7b84daec=\"\"><strong>Case<br \/>\n<\/strong>Stainless steel, diameter 40 mm, height 6.2 mm, double curved sapphire crystal with anti-reflective coating, water resistant to 3 ATM, screwed see-through case back with sapphire crystal<\/p>\n<\/div>\n<div class=\"spec-element\" data-v-7b84daec=\"\">\n<p class=\"spec-title\" data-v-7b84daec=\"\"><strong>Dial<br \/>\n<\/strong>Blue color with \u201cFlameante\u201d finishing, gold plated index and CyS emblem applied<\/p>\n<\/div>\n<div class=\"spec-element\" data-v-7b84daec=\"\">\n<p class=\"spec-title\" data-v-7b84daec=\"\"><strong>Hands<br \/>\n<\/strong>Hours and minutes with superluminova, small seconds, round shape, gold plated, exclusive CyS design<\/p>\n<\/div>\n<div class=\"spec-element\" data-v-7b84daec=\"\">\n<p class=\"spec-title\" data-v-7b84daec=\"\"><strong>Strap<br \/>\n<\/strong>Dark blue shiny Louisiana alligator<\/p>\n<\/div>\n<div class=\"spec-element\" data-v-7b84daec=\"\">\n<p class=\"spec-title\" data-v-7b84daec=\"\"><strong>Buckle<br \/>\n<\/strong>Stainless steel folding buckle, engraved CyS emblem<\/p>\n<\/div>\n","protected":false},"excerpt":{"rendered":"<p><strong>The price includes VAT<\/strong><\/p>\n<p>3130.1FB<\/p>\n<p data-v-7b84daec=\"\">The name, \u2018Flameante\u2019 evokes thoughts of heat, one of the many characteristics of life in sultry Havana and makes reference to the model\u2019s intricate flaming dial motif.<\/p>\n<p data-v-7b84daec=\"\">The Historiador Flameante\u2019s 40mm case is infused with the passion of Cuba, a place where entwined bodies dance to a Latin beat.<\/p>\n","protected":false},"featured_media":465,"template":"","meta":{"_acf_changed":false},"product_cat":[339,327],"product_tag":[],"class_list":{"0":"post-8455","1":"product","2":"type-product","3":"status-publish","4":"has-post-thumbnail","6":"product_cat-mens","7":"product_cat-watches","8":"pa_modelova-rada-historiador-en","10":"first","11":"instock","12":"shipping-taxable","13":"product-type-simple"},"acf":[],"yoast_head":"<!-- This site is optimized with the Yoast SEO plugin v22.8 - https:\/\/yoast.com\/wordpress\/plugins\/seo\/ -->\n<title>Historiador Flameante - Investujte do budoucnosti - ATT Investments<\/title>\n<meta name=\"robots\" content=\"index, follow, max-snippet:-1, max-image-preview:large, max-video-preview:-1\" \/>\n<link rel=\"canonical\" href=\"https:\/\/att-investments.eu\/en\/produkt\/historiador-flameante-modra-stribro\/\" \/>\n<meta property=\"og:locale\" content=\"en_US\" \/>\n<meta property=\"og:type\" content=\"article\" \/>\n<meta property=\"og:title\" content=\"Historiador Flameante - Investujte do budoucnosti - ATT Investments\" \/>\n<meta property=\"og:description\" content=\"The price includes VAT  3130.1FB The name, \u2018Flameante\u2019 evokes thoughts of heat, one of the many characteristics of life in sultry Havana and makes reference to the model\u2019s intricate flaming dial motif. The Historiador Flameante\u2019s 40mm case is infused with the passion of Cuba, a place where entwined bodies dance to a Latin beat.\" \/>\n<meta property=\"og:url\" content=\"https:\/\/att-investments.eu\/en\/produkt\/historiador-flameante-modra-stribro\/\" \/>\n<meta property=\"og:site_name\" content=\"Investujte do budoucnosti - ATT Investments\" \/>\n<meta property=\"article:modified_time\" content=\"2022-01-16T17:11:41+00:00\" \/>\n<meta property=\"og:image\" content=\"https:\/\/att-investments.eu\/wp-content\/uploads\/2021\/09\/flameante-hodinky-blue-silver.png\" \/>\n\t<meta property=\"og:image:width\" content=\"394\" \/>\n\t<meta property=\"og:image:height\" content=\"620\" \/>\n\t<meta property=\"og:image:type\" content=\"image\/png\" \/>\n<meta name=\"twitter:card\" content=\"summary_large_image\" \/>\n<script type=\"application\/ld+json\" class=\"yoast-schema-graph\">{\"@context\":\"https:\/\/schema.org\",\"@graph\":[{\"@type\":\"WebPage\",\"@id\":\"https:\/\/att-investments.eu\/en\/produkt\/historiador-flameante-modra-stribro\/\",\"url\":\"https:\/\/att-investments.eu\/en\/produkt\/historiador-flameante-modra-stribro\/\",\"name\":\"Historiador Flameante - Investujte do budoucnosti - ATT Investments\",\"isPartOf\":{\"@id\":\"https:\/\/att-investments.eu\/#website\"},\"primaryImageOfPage\":{\"@id\":\"https:\/\/att-investments.eu\/en\/produkt\/historiador-flameante-modra-stribro\/#primaryimage\"},\"image\":{\"@id\":\"https:\/\/att-investments.eu\/en\/produkt\/historiador-flameante-modra-stribro\/#primaryimage\"},\"thumbnailUrl\":\"https:\/\/att-investments.eu\/wp-content\/uploads\/2021\/09\/flameante-hodinky-blue-silver.png\",\"datePublished\":\"2021-09-24T16:46:33+00:00\",\"dateModified\":\"2022-01-16T17:11:41+00:00\",\"breadcrumb\":{\"@id\":\"https:\/\/att-investments.eu\/en\/produkt\/historiador-flameante-modra-stribro\/#breadcrumb\"},\"inLanguage\":\"en-US\",\"potentialAction\":[{\"@type\":\"ReadAction\",\"target\":[\"https:\/\/att-investments.eu\/en\/produkt\/historiador-flameante-modra-stribro\/\"]}]},{\"@type\":\"ImageObject\",\"inLanguage\":\"en-US\",\"@id\":\"https:\/\/att-investments.eu\/en\/produkt\/historiador-flameante-modra-stribro\/#primaryimage\",\"url\":\"https:\/\/att-investments.eu\/wp-content\/uploads\/2021\/09\/flameante-hodinky-blue-silver.png\",\"contentUrl\":\"https:\/\/att-investments.eu\/wp-content\/uploads\/2021\/09\/flameante-hodinky-blue-silver.png\",\"width\":394,\"height\":620},{\"@type\":\"BreadcrumbList\",\"@id\":\"https:\/\/att-investments.eu\/en\/produkt\/historiador-flameante-modra-stribro\/#breadcrumb\",\"itemListElement\":[{\"@type\":\"ListItem\",\"position\":1,\"name\":\"Dom\u016f\",\"item\":\"https:\/\/att-investments.eu\/en\/\"},{\"@type\":\"ListItem\",\"position\":2,\"name\":\"Shop\",\"item\":\"https:\/\/att-investments.eu\/en\/shop\/\"},{\"@type\":\"ListItem\",\"position\":3,\"name\":\"Historiador Flameante\"}]},{\"@type\":\"WebSite\",\"@id\":\"https:\/\/att-investments.eu\/#website\",\"url\":\"https:\/\/att-investments.eu\/\",\"name\":\"Investujte do budoucnosti - ATT Investments\",\"description\":\"Chr\u00e1n\u00edme hodnotu Va\u0161ich pen\u011bz\",\"publisher\":{\"@id\":\"https:\/\/att-investments.eu\/#organization\"},\"potentialAction\":[{\"@type\":\"SearchAction\",\"target\":{\"@type\":\"EntryPoint\",\"urlTemplate\":\"https:\/\/att-investments.eu\/?s={search_term_string}\"},\"query-input\":\"required name=search_term_string\"}],\"inLanguage\":\"en-US\"},{\"@type\":\"Organization\",\"@id\":\"https:\/\/att-investments.eu\/#organization\",\"name\":\"Investujte do budoucnosti - ATT Investments\",\"url\":\"https:\/\/att-investments.eu\/\",\"logo\":{\"@type\":\"ImageObject\",\"inLanguage\":\"en-US\",\"@id\":\"https:\/\/att-investments.eu\/#\/schema\/logo\/image\/\",\"url\":\"https:\/\/att-investments.eu\/wp-content\/uploads\/2021\/10\/SvgjsG1008.png\",\"contentUrl\":\"https:\/\/att-investments.eu\/wp-content\/uploads\/2021\/10\/SvgjsG1008.png\",\"width\":857,\"height\":138,\"caption\":\"Investujte do budoucnosti - ATT Investments\"},\"image\":{\"@id\":\"https:\/\/att-investments.eu\/#\/schema\/logo\/image\/\"}}]}<\/script>\n<!-- \/ Yoast SEO plugin. -->","yoast_head_json":{"title":"Historiador Flameante - Investujte do budoucnosti - ATT Investments","robots":{"index":"index","follow":"follow","max-snippet":"max-snippet:-1","max-image-preview":"max-image-preview:large","max-video-preview":"max-video-preview:-1"},"canonical":"https:\/\/att-investments.eu\/en\/produkt\/historiador-flameante-modra-stribro\/","og_locale":"en_US","og_type":"article","og_title":"Historiador Flameante - Investujte do budoucnosti - ATT Investments","og_description":"The price includes VAT  3130.1FB The name, \u2018Flameante\u2019 evokes thoughts of heat, one of the many characteristics of life in sultry Havana and makes reference to the model\u2019s intricate flaming dial motif. The Historiador Flameante\u2019s 40mm case is infused with the passion of Cuba, a place where entwined bodies dance to a Latin beat.","og_url":"https:\/\/att-investments.eu\/en\/produkt\/historiador-flameante-modra-stribro\/","og_site_name":"Investujte do budoucnosti - ATT Investments","article_modified_time":"2022-01-16T17:11:41+00:00","og_image":[{"width":394,"height":620,"url":"https:\/\/att-investments.eu\/wp-content\/uploads\/2021\/09\/flameante-hodinky-blue-silver.png","type":"image\/png"}],"twitter_card":"summary_large_image","schema":{"@context":"https:\/\/schema.org","@graph":[{"@type":"WebPage","@id":"https:\/\/att-investments.eu\/en\/produkt\/historiador-flameante-modra-stribro\/","url":"https:\/\/att-investments.eu\/en\/produkt\/historiador-flameante-modra-stribro\/","name":"Historiador Flameante - Investujte do budoucnosti - ATT Investments","isPartOf":{"@id":"https:\/\/att-investments.eu\/#website"},"primaryImageOfPage":{"@id":"https:\/\/att-investments.eu\/en\/produkt\/historiador-flameante-modra-stribro\/#primaryimage"},"image":{"@id":"https:\/\/att-investments.eu\/en\/produkt\/historiador-flameante-modra-stribro\/#primaryimage"},"thumbnailUrl":"https:\/\/att-investments.eu\/wp-content\/uploads\/2021\/09\/flameante-hodinky-blue-silver.png","datePublished":"2021-09-24T16:46:33+00:00","dateModified":"2022-01-16T17:11:41+00:00","breadcrumb":{"@id":"https:\/\/att-investments.eu\/en\/produkt\/historiador-flameante-modra-stribro\/#breadcrumb"},"inLanguage":"en-US","potentialAction":[{"@type":"ReadAction","target":["https:\/\/att-investments.eu\/en\/produkt\/historiador-flameante-modra-stribro\/"]}]},{"@type":"ImageObject","inLanguage":"en-US","@id":"https:\/\/att-investments.eu\/en\/produkt\/historiador-flameante-modra-stribro\/#primaryimage","url":"https:\/\/att-investments.eu\/wp-content\/uploads\/2021\/09\/flameante-hodinky-blue-silver.png","contentUrl":"https:\/\/att-investments.eu\/wp-content\/uploads\/2021\/09\/flameante-hodinky-blue-silver.png","width":394,"height":620},{"@type":"BreadcrumbList","@id":"https:\/\/att-investments.eu\/en\/produkt\/historiador-flameante-modra-stribro\/#breadcrumb","itemListElement":[{"@type":"ListItem","position":1,"name":"Dom\u016f","item":"https:\/\/att-investments.eu\/en\/"},{"@type":"ListItem","position":2,"name":"Shop","item":"https:\/\/att-investments.eu\/en\/shop\/"},{"@type":"ListItem","position":3,"name":"Historiador Flameante"}]},{"@type":"WebSite","@id":"https:\/\/att-investments.eu\/#website","url":"https:\/\/att-investments.eu\/","name":"Investujte do budoucnosti - ATT Investments","description":"Chr\u00e1n\u00edme hodnotu Va\u0161ich pen\u011bz","publisher":{"@id":"https:\/\/att-investments.eu\/#organization"},"potentialAction":[{"@type":"SearchAction","target":{"@type":"EntryPoint","urlTemplate":"https:\/\/att-investments.eu\/?s={search_term_string}"},"query-input":"required name=search_term_string"}],"inLanguage":"en-US"},{"@type":"Organization","@id":"https:\/\/att-investments.eu\/#organization","name":"Investujte do budoucnosti - ATT Investments","url":"https:\/\/att-investments.eu\/","logo":{"@type":"ImageObject","inLanguage":"en-US","@id":"https:\/\/att-investments.eu\/#\/schema\/logo\/image\/","url":"https:\/\/att-investments.eu\/wp-content\/uploads\/2021\/10\/SvgjsG1008.png","contentUrl":"https:\/\/att-investments.eu\/wp-content\/uploads\/2021\/10\/SvgjsG1008.png","width":857,"height":138,"caption":"Investujte do budoucnosti - ATT Investments"},"image":{"@id":"https:\/\/att-investments.eu\/#\/schema\/logo\/image\/"}}]}},"_links":{"self":[{"href":"https:\/\/att-investments.eu\/en\/wp-json\/wp\/v2\/product\/8455","targetHints":{"allow":["GET"]}}],"collection":[{"href":"https:\/\/att-investments.eu\/en\/wp-json\/wp\/v2\/product"}],"about":[{"href":"https:\/\/att-investments.eu\/en\/wp-json\/wp\/v2\/types\/product"}],"wp:featuredmedia":[{"embeddable":true,"href":"https:\/\/att-investments.eu\/en\/wp-json\/wp\/v2\/media\/465"}],"wp:attachment":[{"href":"https:\/\/att-investments.eu\/en\/wp-json\/wp\/v2\/media?parent=8455"}],"wp:term":[{"taxonomy":"product_cat","embeddable":true,"href":"https:\/\/att-investments.eu\/en\/wp-json\/wp\/v2\/product_cat?post=8455"},{"taxonomy":"product_tag","embeddable":true,"href":"https:\/\/att-investments.eu\/en\/wp-json\/wp\/v2\/product_tag?post=8455"}],"curies":[{"name":"wp","href":"https:\/\/api.w.org\/{rel}","templated":true}]}}