{"id":8447,"date":"2021-09-24T19:30:01","date_gmt":"2021-09-24T17:30:01","guid":{"rendered":"https:\/\/att-investments.eu\/produkt\/historiador-pequenos-segundos-hnede\/"},"modified":"2021-09-24T19:30:01","modified_gmt":"2021-09-24T17:30:01","slug":"historiador-pequenos-segundos-hnede","status":"publish","type":"product","link":"https:\/\/att-investments.eu\/en\/produkt\/historiador-pequenos-segundos-hnede\/","title":{"rendered":"Historiador PEQUE\u00d1OS SEGUNDOS"},"content":{"rendered":"<p><strong>Funkce<\/strong><br \/>\nHodiny, minuty, mal\u00e9 sekundy a datum<\/p>\n<p><strong>Pohon<\/strong><br \/>\nCYS 5157<\/p>\n<p><strong>Pouzdro<\/strong><br \/>\nNerezov\u00e1 ocel, pr\u016fm\u011br 40 mm, v\u00fd\u0161ka 11,5 mm, dvojit\u011b zahnut\u00e9 saf\u00edrov\u00e9 skl\u00ed\u010dko s antireflexn\u00ed vrstvou, vod\u011bodoln\u00e9 do 3 ATM, \u0161roubovan\u00e1 pr\u016fhledn\u00e1 zadn\u00ed strana pouzdra se saf\u00edrov\u00fdm skl\u00ed\u010dkem<\/p>\n<p><strong>Cifern\u00edk<\/strong><br \/>\nSlonovina, index aplikovan\u00fd s \u00fapravou rhodiem, 11 bod\u016f Superluminova, aplikov\u00e1n embl\u00e9m CyS<\/p>\n<p><strong>Ru\u010di\u010dky<\/strong><br \/>\nHodiny a minuty se Superluminovou, mal\u00e9 vte\u0159iny, o\u0161et\u0159en\u00ed rhodiem<\/p>\n<p><strong>\u0158em\u00ednek<\/strong><br \/>\nHn\u011bd\u00fd matn\u00fd alig\u00e1tor Louisiana<\/p>\n<p><strong>P\u0159ezka<\/strong><br \/>\nSkl\u00e1dac\u00ed p\u0159ezka z nerezov\u00e9 oceli, grav\u00edrovan\u00fd znak CyS<\/p>\n","protected":false},"excerpt":{"rendered":"<p><strong>Cena je uvedena s DPH<\/strong><\/p>\n<p>3191.1I<\/p>\n<p>Historiador Peque\u00f1os Segundos je dokonal\u00fdm dopl\u0148kem k obleku na m\u00edru. Cifern\u00edk i\u00a0pouzdro tohoto modelu vyza\u0159uj\u00ed eleganci a kultivovanost. P\u0159esto\u017ee je design tohoto p\u0159ekr\u00e1sn\u00e9ho v\u00fdtvoru inspirovan\u00fd estetick\u00fdmi vlivy \u010dty\u0159ic\u00e1t\u00fdch a pades\u00e1t\u00fdch let minul\u00e9ho stolet\u00ed, dod\u00e1v\u00e1 mu trval\u00e9 kouzlo.<\/p>\n","protected":false},"featured_media":512,"template":"","meta":{"_acf_changed":false},"product_cat":[339,327],"product_tag":[],"class_list":{"0":"post-8447","1":"product","2":"type-product","3":"status-publish","4":"has-post-thumbnail","6":"product_cat-mens","7":"product_cat-watches","8":"pa_modelova-rada-historiador-en","10":"first","11":"instock","12":"shipping-taxable","13":"product-type-simple"},"acf":[],"yoast_head":"<!-- This site is optimized with the Yoast SEO plugin v22.8 - https:\/\/yoast.com\/wordpress\/plugins\/seo\/ -->\n<title>Historiador PEQUE\u00d1OS SEGUNDOS - Investujte do budoucnosti - ATT Investments<\/title>\n<meta name=\"robots\" content=\"index, follow, max-snippet:-1, max-image-preview:large, max-video-preview:-1\" \/>\n<link rel=\"canonical\" href=\"https:\/\/att-investments.eu\/en\/produkt\/historiador-pequenos-segundos-hnede\/\" \/>\n<meta property=\"og:locale\" content=\"en_US\" \/>\n<meta property=\"og:type\" content=\"article\" \/>\n<meta property=\"og:title\" content=\"Historiador PEQUE\u00d1OS SEGUNDOS - Investujte do budoucnosti - ATT Investments\" \/>\n<meta property=\"og:description\" content=\"Cena je uvedena s DPH  3191.1I  Historiador Peque\u00f1os Segundos je dokonal\u00fdm dopl\u0148kem k obleku na m\u00edru. Cifern\u00edk i\u00a0pouzdro tohoto modelu vyza\u0159uj\u00ed eleganci a kultivovanost. P\u0159esto\u017ee je design tohoto p\u0159ekr\u00e1sn\u00e9ho v\u00fdtvoru inspirovan\u00fd estetick\u00fdmi vlivy \u010dty\u0159ic\u00e1t\u00fdch a pades\u00e1t\u00fdch let minul\u00e9ho stolet\u00ed, dod\u00e1v\u00e1 mu trval\u00e9 kouzlo.\" \/>\n<meta property=\"og:url\" content=\"https:\/\/att-investments.eu\/en\/produkt\/historiador-pequenos-segundos-hnede\/\" \/>\n<meta property=\"og:site_name\" content=\"Investujte do budoucnosti - ATT Investments\" \/>\n<meta name=\"twitter:card\" content=\"summary_large_image\" \/>\n<script type=\"application\/ld+json\" class=\"yoast-schema-graph\">{\"@context\":\"https:\/\/schema.org\",\"@graph\":[{\"@type\":\"WebPage\",\"@id\":\"https:\/\/att-investments.eu\/en\/produkt\/historiador-pequenos-segundos-hnede\/\",\"url\":\"https:\/\/att-investments.eu\/en\/produkt\/historiador-pequenos-segundos-hnede\/\",\"name\":\"Historiador PEQUE\u00d1OS SEGUNDOS - Investujte do budoucnosti - ATT Investments\",\"isPartOf\":{\"@id\":\"https:\/\/att-investments.eu\/#website\"},\"primaryImageOfPage\":{\"@id\":\"https:\/\/att-investments.eu\/en\/produkt\/historiador-pequenos-segundos-hnede\/#primaryimage\"},\"image\":{\"@id\":\"https:\/\/att-investments.eu\/en\/produkt\/historiador-pequenos-segundos-hnede\/#primaryimage\"},\"thumbnailUrl\":\"https:\/\/att-investments.eu\/wp-content\/uploads\/2021\/09\/historiador-pequenos-segundos-brown.png\",\"datePublished\":\"2021-09-24T17:30:01+00:00\",\"dateModified\":\"2021-09-24T17:30:01+00:00\",\"breadcrumb\":{\"@id\":\"https:\/\/att-investments.eu\/en\/produkt\/historiador-pequenos-segundos-hnede\/#breadcrumb\"},\"inLanguage\":\"en-US\",\"potentialAction\":[{\"@type\":\"ReadAction\",\"target\":[\"https:\/\/att-investments.eu\/en\/produkt\/historiador-pequenos-segundos-hnede\/\"]}]},{\"@type\":\"ImageObject\",\"inLanguage\":\"en-US\",\"@id\":\"https:\/\/att-investments.eu\/en\/produkt\/historiador-pequenos-segundos-hnede\/#primaryimage\",\"url\":\"https:\/\/att-investments.eu\/wp-content\/uploads\/2021\/09\/historiador-pequenos-segundos-brown.png\",\"contentUrl\":\"https:\/\/att-investments.eu\/wp-content\/uploads\/2021\/09\/historiador-pequenos-segundos-brown.png\",\"width\":394,\"height\":620},{\"@type\":\"BreadcrumbList\",\"@id\":\"https:\/\/att-investments.eu\/en\/produkt\/historiador-pequenos-segundos-hnede\/#breadcrumb\",\"itemListElement\":[{\"@type\":\"ListItem\",\"position\":1,\"name\":\"Dom\u016f\",\"item\":\"https:\/\/att-investments.eu\/en\/\"},{\"@type\":\"ListItem\",\"position\":2,\"name\":\"Shop\",\"item\":\"https:\/\/att-investments.eu\/en\/shop\/\"},{\"@type\":\"ListItem\",\"position\":3,\"name\":\"Historiador PEQUE\u00d1OS SEGUNDOS\"}]},{\"@type\":\"WebSite\",\"@id\":\"https:\/\/att-investments.eu\/#website\",\"url\":\"https:\/\/att-investments.eu\/\",\"name\":\"Investujte do budoucnosti - ATT Investments\",\"description\":\"Chr\u00e1n\u00edme hodnotu Va\u0161ich pen\u011bz\",\"publisher\":{\"@id\":\"https:\/\/att-investments.eu\/#organization\"},\"potentialAction\":[{\"@type\":\"SearchAction\",\"target\":{\"@type\":\"EntryPoint\",\"urlTemplate\":\"https:\/\/att-investments.eu\/?s={search_term_string}\"},\"query-input\":\"required name=search_term_string\"}],\"inLanguage\":\"en-US\"},{\"@type\":\"Organization\",\"@id\":\"https:\/\/att-investments.eu\/#organization\",\"name\":\"Investujte do budoucnosti - ATT Investments\",\"url\":\"https:\/\/att-investments.eu\/\",\"logo\":{\"@type\":\"ImageObject\",\"inLanguage\":\"en-US\",\"@id\":\"https:\/\/att-investments.eu\/#\/schema\/logo\/image\/\",\"url\":\"https:\/\/att-investments.eu\/wp-content\/uploads\/2021\/10\/SvgjsG1008.png\",\"contentUrl\":\"https:\/\/att-investments.eu\/wp-content\/uploads\/2021\/10\/SvgjsG1008.png\",\"width\":857,\"height\":138,\"caption\":\"Investujte do budoucnosti - ATT Investments\"},\"image\":{\"@id\":\"https:\/\/att-investments.eu\/#\/schema\/logo\/image\/\"}}]}<\/script>\n<!-- \/ Yoast SEO plugin. -->","yoast_head_json":{"title":"Historiador PEQUE\u00d1OS SEGUNDOS - Investujte do budoucnosti - ATT Investments","robots":{"index":"index","follow":"follow","max-snippet":"max-snippet:-1","max-image-preview":"max-image-preview:large","max-video-preview":"max-video-preview:-1"},"canonical":"https:\/\/att-investments.eu\/en\/produkt\/historiador-pequenos-segundos-hnede\/","og_locale":"en_US","og_type":"article","og_title":"Historiador PEQUE\u00d1OS SEGUNDOS - Investujte do budoucnosti - ATT Investments","og_description":"Cena je uvedena s DPH  3191.1I  Historiador Peque\u00f1os Segundos je dokonal\u00fdm dopl\u0148kem k obleku na m\u00edru. Cifern\u00edk i\u00a0pouzdro tohoto modelu vyza\u0159uj\u00ed eleganci a kultivovanost. P\u0159esto\u017ee je design tohoto p\u0159ekr\u00e1sn\u00e9ho v\u00fdtvoru inspirovan\u00fd estetick\u00fdmi vlivy \u010dty\u0159ic\u00e1t\u00fdch a pades\u00e1t\u00fdch let minul\u00e9ho stolet\u00ed, dod\u00e1v\u00e1 mu trval\u00e9 kouzlo.","og_url":"https:\/\/att-investments.eu\/en\/produkt\/historiador-pequenos-segundos-hnede\/","og_site_name":"Investujte do budoucnosti - ATT Investments","twitter_card":"summary_large_image","schema":{"@context":"https:\/\/schema.org","@graph":[{"@type":"WebPage","@id":"https:\/\/att-investments.eu\/en\/produkt\/historiador-pequenos-segundos-hnede\/","url":"https:\/\/att-investments.eu\/en\/produkt\/historiador-pequenos-segundos-hnede\/","name":"Historiador PEQUE\u00d1OS SEGUNDOS - Investujte do budoucnosti - ATT Investments","isPartOf":{"@id":"https:\/\/att-investments.eu\/#website"},"primaryImageOfPage":{"@id":"https:\/\/att-investments.eu\/en\/produkt\/historiador-pequenos-segundos-hnede\/#primaryimage"},"image":{"@id":"https:\/\/att-investments.eu\/en\/produkt\/historiador-pequenos-segundos-hnede\/#primaryimage"},"thumbnailUrl":"https:\/\/att-investments.eu\/wp-content\/uploads\/2021\/09\/historiador-pequenos-segundos-brown.png","datePublished":"2021-09-24T17:30:01+00:00","dateModified":"2021-09-24T17:30:01+00:00","breadcrumb":{"@id":"https:\/\/att-investments.eu\/en\/produkt\/historiador-pequenos-segundos-hnede\/#breadcrumb"},"inLanguage":"en-US","potentialAction":[{"@type":"ReadAction","target":["https:\/\/att-investments.eu\/en\/produkt\/historiador-pequenos-segundos-hnede\/"]}]},{"@type":"ImageObject","inLanguage":"en-US","@id":"https:\/\/att-investments.eu\/en\/produkt\/historiador-pequenos-segundos-hnede\/#primaryimage","url":"https:\/\/att-investments.eu\/wp-content\/uploads\/2021\/09\/historiador-pequenos-segundos-brown.png","contentUrl":"https:\/\/att-investments.eu\/wp-content\/uploads\/2021\/09\/historiador-pequenos-segundos-brown.png","width":394,"height":620},{"@type":"BreadcrumbList","@id":"https:\/\/att-investments.eu\/en\/produkt\/historiador-pequenos-segundos-hnede\/#breadcrumb","itemListElement":[{"@type":"ListItem","position":1,"name":"Dom\u016f","item":"https:\/\/att-investments.eu\/en\/"},{"@type":"ListItem","position":2,"name":"Shop","item":"https:\/\/att-investments.eu\/en\/shop\/"},{"@type":"ListItem","position":3,"name":"Historiador PEQUE\u00d1OS SEGUNDOS"}]},{"@type":"WebSite","@id":"https:\/\/att-investments.eu\/#website","url":"https:\/\/att-investments.eu\/","name":"Investujte do budoucnosti - ATT Investments","description":"Chr\u00e1n\u00edme hodnotu Va\u0161ich pen\u011bz","publisher":{"@id":"https:\/\/att-investments.eu\/#organization"},"potentialAction":[{"@type":"SearchAction","target":{"@type":"EntryPoint","urlTemplate":"https:\/\/att-investments.eu\/?s={search_term_string}"},"query-input":"required name=search_term_string"}],"inLanguage":"en-US"},{"@type":"Organization","@id":"https:\/\/att-investments.eu\/#organization","name":"Investujte do budoucnosti - ATT Investments","url":"https:\/\/att-investments.eu\/","logo":{"@type":"ImageObject","inLanguage":"en-US","@id":"https:\/\/att-investments.eu\/#\/schema\/logo\/image\/","url":"https:\/\/att-investments.eu\/wp-content\/uploads\/2021\/10\/SvgjsG1008.png","contentUrl":"https:\/\/att-investments.eu\/wp-content\/uploads\/2021\/10\/SvgjsG1008.png","width":857,"height":138,"caption":"Investujte do budoucnosti - ATT Investments"},"image":{"@id":"https:\/\/att-investments.eu\/#\/schema\/logo\/image\/"}}]}},"_links":{"self":[{"href":"https:\/\/att-investments.eu\/en\/wp-json\/wp\/v2\/product\/8447","targetHints":{"allow":["GET"]}}],"collection":[{"href":"https:\/\/att-investments.eu\/en\/wp-json\/wp\/v2\/product"}],"about":[{"href":"https:\/\/att-investments.eu\/en\/wp-json\/wp\/v2\/types\/product"}],"wp:featuredmedia":[{"embeddable":true,"href":"https:\/\/att-investments.eu\/en\/wp-json\/wp\/v2\/media\/512"}],"wp:attachment":[{"href":"https:\/\/att-investments.eu\/en\/wp-json\/wp\/v2\/media?parent=8447"}],"wp:term":[{"taxonomy":"product_cat","embeddable":true,"href":"https:\/\/att-investments.eu\/en\/wp-json\/wp\/v2\/product_cat?post=8447"},{"taxonomy":"product_tag","embeddable":true,"href":"https:\/\/att-investments.eu\/en\/wp-json\/wp\/v2\/product_tag?post=8447"}],"curies":[{"name":"wp","href":"https:\/\/api.w.org\/{rel}","templated":true}]}}