{"id":8393,"date":"2021-09-27T20:31:34","date_gmt":"2021-09-27T18:31:34","guid":{"rendered":"https:\/\/att-investments.eu\/produkt\/vuelo-gmt-2\/"},"modified":"2022-01-16T17:21:59","modified_gmt":"2022-01-16T16:21:59","slug":"vuelo-gmt-2","status":"publish","type":"product","link":"https:\/\/att-investments.eu\/en\/produkt\/vuelo-gmt-2\/","title":{"rendered":"Vuelo GMT"},"content":{"rendered":"<div class=\"spec-element\" data-v-7b84daec=\"\">\n<p class=\"spec-title\" data-v-7b84daec=\"\"><strong>Functions<br \/>\n<\/strong>Hours, minutes, central seconds, date, second time zone with central hand and 24 hours indication<\/p>\n<\/div>\n<div class=\"spec-element\" data-v-7b84daec=\"\">\n<p class=\"spec-title\" data-v-7b84daec=\"\"><strong>Movement<br \/>\n<\/strong>CYS 5123<\/p>\n<\/div>\n<div class=\"spec-element\" data-v-7b84daec=\"\">\n<p class=\"spec-title\" data-v-7b84daec=\"\"><strong>Case<br \/>\n<\/strong>Stainless steel, diameter 44 mm, height 15.15 mm, double curved sapphire crystal with anti-reflective coating, water resistant to 3 ATM, screwed see-through case back with sapphire crystal, mineral glass K1<\/p>\n<\/div>\n<div class=\"spec-element\" data-v-7b84daec=\"\">\n<p class=\"spec-title\" data-v-7b84daec=\"\"><strong>Dial<br \/>\n<\/strong>Blue multi level dial ivory and blue color, 24 hours printing on first level, 8 applied index and 3 applied numbers on second level, minutes and seconds printing on third level, date, applied CyS emblem<\/p>\n<\/div>\n<div class=\"spec-element\" data-v-7b84daec=\"\">\n<p class=\"spec-title\" data-v-7b84daec=\"\"><strong>Hands<br \/>\n<\/strong>Steel hours and minutes \u201cdauphine\u201d shape with white Superluminova, red arrow central seconds hand, 24 hours red symbol<\/p>\n<\/div>\n<div class=\"spec-element\" data-v-7b84daec=\"\">\n<p class=\"spec-title\" data-v-7b84daec=\"\"><strong>Strap<br \/>\n<\/strong>Dark blue matt alcantara with alligator \u201cpon pon\u2019 insert<\/p>\n<\/div>\n<div class=\"spec-element\" data-v-7b84daec=\"\">\n<p class=\"spec-title\" data-v-7b84daec=\"\"><strong>Buckle<br \/>\n<\/strong>Stainless steel folding buckle, engraved CyS emblem<\/p>\n<\/div>\n","protected":false},"excerpt":{"rendered":"<p><strong>The price includes VAT<\/strong><\/p>\n<p>3204.1B<\/p>\n<p data-v-7b84daec=\"\">When Cuervo y Sobrinos designed the Vuelo GMT, it looked at the past but chose to wholeheartedly embrace the future. Indeed, the name, \u2019Vuelo\u2019 implies a flight to the future, a place where opportunity awaits the adventurous wearer.<\/p>\n<p data-v-7b84daec=\"\">Each element of this Vuelo GMT is modern and sporty. The stainless steel case measures 44mm in diameter, bestowing the watch with extraordinary wrist presence. The double curved sapphire crystal allows light to flood the dial surface, augmenting legibility.When Cuervo y Sobrinos designed the Vuelo GMT, it looked at the past but chose to wholeheartedly embrace the future. Indeed, the name, \u2019Vuelo\u2019 implies a flight to the future, a place where opportunity awaits the adventurous wearer.<\/p>\n<p data-v-7b84daec=\"\">Each element of this Vuelo GMT is modern and sporty. The stainless steel case measures 44mm in diameter, bestowing the watch with extraordinary wrist presence. The double curved sapphire crystal allows light to flood the dial surface, augmenting legibility.<\/p>\n","protected":false},"featured_media":847,"template":"","meta":{"_acf_changed":false},"product_cat":[339,327],"product_tag":[],"class_list":{"0":"post-8393","1":"product","2":"type-product","3":"status-publish","4":"has-post-thumbnail","6":"product_cat-mens","7":"product_cat-watches","8":"pa_modelova-rada-vuelo-en","10":"first","11":"instock","12":"shipping-taxable","13":"product-type-simple"},"acf":[],"yoast_head":"<!-- This site is optimized with the Yoast SEO plugin v22.8 - https:\/\/yoast.com\/wordpress\/plugins\/seo\/ -->\n<title>Vuelo GMT - Investujte do budoucnosti - ATT Investments<\/title>\n<meta name=\"robots\" content=\"index, follow, max-snippet:-1, max-image-preview:large, max-video-preview:-1\" \/>\n<link rel=\"canonical\" href=\"https:\/\/att-investments.eu\/en\/produkt\/vuelo-gmt-2\/\" \/>\n<meta property=\"og:locale\" content=\"en_US\" \/>\n<meta property=\"og:type\" content=\"article\" \/>\n<meta property=\"og:title\" content=\"Vuelo GMT - Investujte do budoucnosti - ATT Investments\" \/>\n<meta property=\"og:description\" content=\"The price includes VAT  3204.1B When Cuervo y Sobrinos designed the Vuelo GMT, it looked at the past but chose to wholeheartedly embrace the future. Indeed, the name, \u2019Vuelo\u2019 implies a flight to the future, a place where opportunity awaits the adventurous wearer. Each element of this Vuelo GMT is modern and sporty. The stainless steel case measures 44mm in diameter, bestowing the watch with extraordinary wrist presence. The double curved sapphire crystal allows light to flood the dial surface, augmenting legibility.When Cuervo y Sobrinos designed the Vuelo GMT, it looked at the past but chose to wholeheartedly embrace the future. Indeed, the name, \u2019Vuelo\u2019 implies a flight to the future, a place where opportunity awaits the adventurous wearer. Each element of this Vuelo GMT is modern and sporty. The stainless steel case measures 44mm in diameter, bestowing the watch with extraordinary wrist presence. The double curved sapphire crystal allows light to flood the dial surface, augmenting legibility.\" \/>\n<meta property=\"og:url\" content=\"https:\/\/att-investments.eu\/en\/produkt\/vuelo-gmt-2\/\" \/>\n<meta property=\"og:site_name\" content=\"Investujte do budoucnosti - ATT Investments\" \/>\n<meta property=\"article:modified_time\" content=\"2022-01-16T16:21:59+00:00\" \/>\n<meta property=\"og:image\" content=\"https:\/\/att-investments.eu\/wp-content\/uploads\/2021\/09\/vuelo-gmt-2.png\" \/>\n\t<meta property=\"og:image:width\" content=\"394\" \/>\n\t<meta property=\"og:image:height\" content=\"620\" \/>\n\t<meta property=\"og:image:type\" content=\"image\/png\" \/>\n<meta name=\"twitter:card\" content=\"summary_large_image\" \/>\n<meta name=\"twitter:label1\" content=\"Est. reading time\" \/>\n\t<meta name=\"twitter:data1\" content=\"1 minute\" \/>\n<script type=\"application\/ld+json\" class=\"yoast-schema-graph\">{\"@context\":\"https:\/\/schema.org\",\"@graph\":[{\"@type\":\"WebPage\",\"@id\":\"https:\/\/att-investments.eu\/en\/produkt\/vuelo-gmt-2\/\",\"url\":\"https:\/\/att-investments.eu\/en\/produkt\/vuelo-gmt-2\/\",\"name\":\"Vuelo GMT - Investujte do budoucnosti - ATT Investments\",\"isPartOf\":{\"@id\":\"https:\/\/att-investments.eu\/#website\"},\"primaryImageOfPage\":{\"@id\":\"https:\/\/att-investments.eu\/en\/produkt\/vuelo-gmt-2\/#primaryimage\"},\"image\":{\"@id\":\"https:\/\/att-investments.eu\/en\/produkt\/vuelo-gmt-2\/#primaryimage\"},\"thumbnailUrl\":\"https:\/\/att-investments.eu\/wp-content\/uploads\/2021\/09\/vuelo-gmt-2.png\",\"datePublished\":\"2021-09-27T18:31:34+00:00\",\"dateModified\":\"2022-01-16T16:21:59+00:00\",\"breadcrumb\":{\"@id\":\"https:\/\/att-investments.eu\/en\/produkt\/vuelo-gmt-2\/#breadcrumb\"},\"inLanguage\":\"en-US\",\"potentialAction\":[{\"@type\":\"ReadAction\",\"target\":[\"https:\/\/att-investments.eu\/en\/produkt\/vuelo-gmt-2\/\"]}]},{\"@type\":\"ImageObject\",\"inLanguage\":\"en-US\",\"@id\":\"https:\/\/att-investments.eu\/en\/produkt\/vuelo-gmt-2\/#primaryimage\",\"url\":\"https:\/\/att-investments.eu\/wp-content\/uploads\/2021\/09\/vuelo-gmt-2.png\",\"contentUrl\":\"https:\/\/att-investments.eu\/wp-content\/uploads\/2021\/09\/vuelo-gmt-2.png\",\"width\":394,\"height\":620},{\"@type\":\"BreadcrumbList\",\"@id\":\"https:\/\/att-investments.eu\/en\/produkt\/vuelo-gmt-2\/#breadcrumb\",\"itemListElement\":[{\"@type\":\"ListItem\",\"position\":1,\"name\":\"Dom\u016f\",\"item\":\"https:\/\/att-investments.eu\/en\/\"},{\"@type\":\"ListItem\",\"position\":2,\"name\":\"Shop\",\"item\":\"https:\/\/att-investments.eu\/en\/shop\/\"},{\"@type\":\"ListItem\",\"position\":3,\"name\":\"Vuelo GMT\"}]},{\"@type\":\"WebSite\",\"@id\":\"https:\/\/att-investments.eu\/#website\",\"url\":\"https:\/\/att-investments.eu\/\",\"name\":\"Investujte do budoucnosti - ATT Investments\",\"description\":\"Chr\u00e1n\u00edme hodnotu Va\u0161ich pen\u011bz\",\"publisher\":{\"@id\":\"https:\/\/att-investments.eu\/#organization\"},\"potentialAction\":[{\"@type\":\"SearchAction\",\"target\":{\"@type\":\"EntryPoint\",\"urlTemplate\":\"https:\/\/att-investments.eu\/?s={search_term_string}\"},\"query-input\":\"required name=search_term_string\"}],\"inLanguage\":\"en-US\"},{\"@type\":\"Organization\",\"@id\":\"https:\/\/att-investments.eu\/#organization\",\"name\":\"Investujte do budoucnosti - ATT Investments\",\"url\":\"https:\/\/att-investments.eu\/\",\"logo\":{\"@type\":\"ImageObject\",\"inLanguage\":\"en-US\",\"@id\":\"https:\/\/att-investments.eu\/#\/schema\/logo\/image\/\",\"url\":\"https:\/\/att-investments.eu\/wp-content\/uploads\/2021\/10\/SvgjsG1008.png\",\"contentUrl\":\"https:\/\/att-investments.eu\/wp-content\/uploads\/2021\/10\/SvgjsG1008.png\",\"width\":857,\"height\":138,\"caption\":\"Investujte do budoucnosti - ATT Investments\"},\"image\":{\"@id\":\"https:\/\/att-investments.eu\/#\/schema\/logo\/image\/\"}}]}<\/script>\n<!-- \/ Yoast SEO plugin. -->","yoast_head_json":{"title":"Vuelo GMT - Investujte do budoucnosti - ATT Investments","robots":{"index":"index","follow":"follow","max-snippet":"max-snippet:-1","max-image-preview":"max-image-preview:large","max-video-preview":"max-video-preview:-1"},"canonical":"https:\/\/att-investments.eu\/en\/produkt\/vuelo-gmt-2\/","og_locale":"en_US","og_type":"article","og_title":"Vuelo GMT - Investujte do budoucnosti - ATT Investments","og_description":"The price includes VAT  3204.1B When Cuervo y Sobrinos designed the Vuelo GMT, it looked at the past but chose to wholeheartedly embrace the future. Indeed, the name, \u2019Vuelo\u2019 implies a flight to the future, a place where opportunity awaits the adventurous wearer. Each element of this Vuelo GMT is modern and sporty. The stainless steel case measures 44mm in diameter, bestowing the watch with extraordinary wrist presence. The double curved sapphire crystal allows light to flood the dial surface, augmenting legibility.When Cuervo y Sobrinos designed the Vuelo GMT, it looked at the past but chose to wholeheartedly embrace the future. Indeed, the name, \u2019Vuelo\u2019 implies a flight to the future, a place where opportunity awaits the adventurous wearer. Each element of this Vuelo GMT is modern and sporty. The stainless steel case measures 44mm in diameter, bestowing the watch with extraordinary wrist presence. The double curved sapphire crystal allows light to flood the dial surface, augmenting legibility.","og_url":"https:\/\/att-investments.eu\/en\/produkt\/vuelo-gmt-2\/","og_site_name":"Investujte do budoucnosti - ATT Investments","article_modified_time":"2022-01-16T16:21:59+00:00","og_image":[{"width":394,"height":620,"url":"https:\/\/att-investments.eu\/wp-content\/uploads\/2021\/09\/vuelo-gmt-2.png","type":"image\/png"}],"twitter_card":"summary_large_image","twitter_misc":{"Est. reading time":"1 minute"},"schema":{"@context":"https:\/\/schema.org","@graph":[{"@type":"WebPage","@id":"https:\/\/att-investments.eu\/en\/produkt\/vuelo-gmt-2\/","url":"https:\/\/att-investments.eu\/en\/produkt\/vuelo-gmt-2\/","name":"Vuelo GMT - Investujte do budoucnosti - ATT Investments","isPartOf":{"@id":"https:\/\/att-investments.eu\/#website"},"primaryImageOfPage":{"@id":"https:\/\/att-investments.eu\/en\/produkt\/vuelo-gmt-2\/#primaryimage"},"image":{"@id":"https:\/\/att-investments.eu\/en\/produkt\/vuelo-gmt-2\/#primaryimage"},"thumbnailUrl":"https:\/\/att-investments.eu\/wp-content\/uploads\/2021\/09\/vuelo-gmt-2.png","datePublished":"2021-09-27T18:31:34+00:00","dateModified":"2022-01-16T16:21:59+00:00","breadcrumb":{"@id":"https:\/\/att-investments.eu\/en\/produkt\/vuelo-gmt-2\/#breadcrumb"},"inLanguage":"en-US","potentialAction":[{"@type":"ReadAction","target":["https:\/\/att-investments.eu\/en\/produkt\/vuelo-gmt-2\/"]}]},{"@type":"ImageObject","inLanguage":"en-US","@id":"https:\/\/att-investments.eu\/en\/produkt\/vuelo-gmt-2\/#primaryimage","url":"https:\/\/att-investments.eu\/wp-content\/uploads\/2021\/09\/vuelo-gmt-2.png","contentUrl":"https:\/\/att-investments.eu\/wp-content\/uploads\/2021\/09\/vuelo-gmt-2.png","width":394,"height":620},{"@type":"BreadcrumbList","@id":"https:\/\/att-investments.eu\/en\/produkt\/vuelo-gmt-2\/#breadcrumb","itemListElement":[{"@type":"ListItem","position":1,"name":"Dom\u016f","item":"https:\/\/att-investments.eu\/en\/"},{"@type":"ListItem","position":2,"name":"Shop","item":"https:\/\/att-investments.eu\/en\/shop\/"},{"@type":"ListItem","position":3,"name":"Vuelo GMT"}]},{"@type":"WebSite","@id":"https:\/\/att-investments.eu\/#website","url":"https:\/\/att-investments.eu\/","name":"Investujte do budoucnosti - ATT Investments","description":"Chr\u00e1n\u00edme hodnotu Va\u0161ich pen\u011bz","publisher":{"@id":"https:\/\/att-investments.eu\/#organization"},"potentialAction":[{"@type":"SearchAction","target":{"@type":"EntryPoint","urlTemplate":"https:\/\/att-investments.eu\/?s={search_term_string}"},"query-input":"required name=search_term_string"}],"inLanguage":"en-US"},{"@type":"Organization","@id":"https:\/\/att-investments.eu\/#organization","name":"Investujte do budoucnosti - ATT Investments","url":"https:\/\/att-investments.eu\/","logo":{"@type":"ImageObject","inLanguage":"en-US","@id":"https:\/\/att-investments.eu\/#\/schema\/logo\/image\/","url":"https:\/\/att-investments.eu\/wp-content\/uploads\/2021\/10\/SvgjsG1008.png","contentUrl":"https:\/\/att-investments.eu\/wp-content\/uploads\/2021\/10\/SvgjsG1008.png","width":857,"height":138,"caption":"Investujte do budoucnosti - ATT Investments"},"image":{"@id":"https:\/\/att-investments.eu\/#\/schema\/logo\/image\/"}}]}},"_links":{"self":[{"href":"https:\/\/att-investments.eu\/en\/wp-json\/wp\/v2\/product\/8393","targetHints":{"allow":["GET"]}}],"collection":[{"href":"https:\/\/att-investments.eu\/en\/wp-json\/wp\/v2\/product"}],"about":[{"href":"https:\/\/att-investments.eu\/en\/wp-json\/wp\/v2\/types\/product"}],"wp:featuredmedia":[{"embeddable":true,"href":"https:\/\/att-investments.eu\/en\/wp-json\/wp\/v2\/media\/847"}],"wp:attachment":[{"href":"https:\/\/att-investments.eu\/en\/wp-json\/wp\/v2\/media?parent=8393"}],"wp:term":[{"taxonomy":"product_cat","embeddable":true,"href":"https:\/\/att-investments.eu\/en\/wp-json\/wp\/v2\/product_cat?post=8393"},{"taxonomy":"product_tag","embeddable":true,"href":"https:\/\/att-investments.eu\/en\/wp-json\/wp\/v2\/product_tag?post=8393"}],"curies":[{"name":"wp","href":"https:\/\/api.w.org\/{rel}","templated":true}]}}