{"id":8362,"date":"2021-09-28T19:51:37","date_gmt":"2021-09-28T17:51:37","guid":{"rendered":"https:\/\/att-investments.eu\/produkt\/valcambi-100-g\/"},"modified":"2022-01-16T16:58:05","modified_gmt":"2022-01-16T15:58:05","slug":"valcambi-100-g","status":"publish","type":"product","link":"https:\/\/att-investments.eu\/en\/produkt\/valcambi-100-g\/","title":{"rendered":"Valcambi &#8211; 100g"},"content":{"rendered":"<p>Valcambi &#8211; 100 g gold bar<\/p>\n","protected":false},"excerpt":{"rendered":"<p>Valcambi &#8211; 100 g gold bar<\/p>\n","protected":false},"featured_media":8948,"template":"","meta":{"_acf_changed":false},"product_cat":[329,326],"product_tag":[],"class_list":{"0":"post-8362","1":"product","2":"type-product","3":"status-publish","4":"has-post-thumbnail","6":"product_cat-gold","7":"product_cat-precious-metal","8":"pa_gramaz-100g-en","9":"pa_vyrobce-zlato-valcambi-en","11":"first","12":"instock","13":"shipping-taxable","14":"product-type-simple"},"acf":[],"yoast_head":"<!-- This site is optimized with the Yoast SEO plugin v22.8 - https:\/\/yoast.com\/wordpress\/plugins\/seo\/ -->\n<title>Valcambi - 100g - Investujte do budoucnosti - ATT Investments<\/title>\n<meta name=\"description\" content=\"Zlat\u00fd slitek Valcambi - 100g. Investi\u010dn\u00ed zlato od ATT Investments. Valcambi rafinerie.\" \/>\n<meta name=\"robots\" content=\"index, follow, max-snippet:-1, max-image-preview:large, max-video-preview:-1\" \/>\n<link rel=\"canonical\" href=\"https:\/\/att-investments.eu\/en\/produkt\/valcambi-100-g\/\" \/>\n<meta property=\"og:locale\" content=\"en_US\" \/>\n<meta property=\"og:type\" content=\"article\" \/>\n<meta property=\"og:title\" content=\"Valcambi - 100g - Investujte do budoucnosti - ATT Investments\" \/>\n<meta property=\"og:description\" content=\"Zlat\u00fd slitek Valcambi - 100g. Investi\u010dn\u00ed zlato od ATT Investments. Valcambi rafinerie.\" \/>\n<meta property=\"og:url\" content=\"https:\/\/att-investments.eu\/en\/produkt\/valcambi-100-g\/\" \/>\n<meta property=\"og:site_name\" content=\"Investujte do budoucnosti - ATT Investments\" \/>\n<meta property=\"article:modified_time\" content=\"2022-01-16T15:58:05+00:00\" \/>\n<meta property=\"og:image\" content=\"https:\/\/att-investments.eu\/wp-content\/uploads\/2021\/09\/s-odl-karty49.jpg\" \/>\n\t<meta property=\"og:image:width\" content=\"2000\" \/>\n\t<meta property=\"og:image:height\" content=\"2000\" \/>\n\t<meta property=\"og:image:type\" content=\"image\/jpeg\" \/>\n<meta name=\"twitter:card\" content=\"summary_large_image\" \/>\n<script type=\"application\/ld+json\" class=\"yoast-schema-graph\">{\"@context\":\"https:\/\/schema.org\",\"@graph\":[{\"@type\":\"WebPage\",\"@id\":\"https:\/\/att-investments.eu\/en\/produkt\/valcambi-100-g\/\",\"url\":\"https:\/\/att-investments.eu\/en\/produkt\/valcambi-100-g\/\",\"name\":\"Valcambi - 100g - Investujte do budoucnosti - ATT Investments\",\"isPartOf\":{\"@id\":\"https:\/\/att-investments.eu\/#website\"},\"primaryImageOfPage\":{\"@id\":\"https:\/\/att-investments.eu\/en\/produkt\/valcambi-100-g\/#primaryimage\"},\"image\":{\"@id\":\"https:\/\/att-investments.eu\/en\/produkt\/valcambi-100-g\/#primaryimage\"},\"thumbnailUrl\":\"https:\/\/att-investments.eu\/wp-content\/uploads\/2021\/09\/s-odl-karty49.webp\",\"datePublished\":\"2021-09-28T17:51:37+00:00\",\"dateModified\":\"2022-01-16T15:58:05+00:00\",\"description\":\"Zlat\u00fd slitek Valcambi - 100g. Investi\u010dn\u00ed zlato od ATT Investments. Valcambi rafinerie.\",\"breadcrumb\":{\"@id\":\"https:\/\/att-investments.eu\/en\/produkt\/valcambi-100-g\/#breadcrumb\"},\"inLanguage\":\"en-US\",\"potentialAction\":[{\"@type\":\"ReadAction\",\"target\":[\"https:\/\/att-investments.eu\/en\/produkt\/valcambi-100-g\/\"]}]},{\"@type\":\"ImageObject\",\"inLanguage\":\"en-US\",\"@id\":\"https:\/\/att-investments.eu\/en\/produkt\/valcambi-100-g\/#primaryimage\",\"url\":\"https:\/\/att-investments.eu\/wp-content\/uploads\/2021\/09\/s-odl-karty49.webp\",\"contentUrl\":\"https:\/\/att-investments.eu\/wp-content\/uploads\/2021\/09\/s-odl-karty49.webp\",\"width\":1200,\"height\":1200},{\"@type\":\"BreadcrumbList\",\"@id\":\"https:\/\/att-investments.eu\/en\/produkt\/valcambi-100-g\/#breadcrumb\",\"itemListElement\":[{\"@type\":\"ListItem\",\"position\":1,\"name\":\"Dom\u016f\",\"item\":\"https:\/\/att-investments.eu\/en\/\"},{\"@type\":\"ListItem\",\"position\":2,\"name\":\"Shop\",\"item\":\"https:\/\/att-investments.eu\/en\/shop\/\"},{\"@type\":\"ListItem\",\"position\":3,\"name\":\"Valcambi &#8211; 100g\"}]},{\"@type\":\"WebSite\",\"@id\":\"https:\/\/att-investments.eu\/#website\",\"url\":\"https:\/\/att-investments.eu\/\",\"name\":\"Investujte do budoucnosti - ATT Investments\",\"description\":\"Chr\u00e1n\u00edme hodnotu Va\u0161ich pen\u011bz\",\"publisher\":{\"@id\":\"https:\/\/att-investments.eu\/#organization\"},\"potentialAction\":[{\"@type\":\"SearchAction\",\"target\":{\"@type\":\"EntryPoint\",\"urlTemplate\":\"https:\/\/att-investments.eu\/?s={search_term_string}\"},\"query-input\":\"required name=search_term_string\"}],\"inLanguage\":\"en-US\"},{\"@type\":\"Organization\",\"@id\":\"https:\/\/att-investments.eu\/#organization\",\"name\":\"Investujte do budoucnosti - ATT Investments\",\"url\":\"https:\/\/att-investments.eu\/\",\"logo\":{\"@type\":\"ImageObject\",\"inLanguage\":\"en-US\",\"@id\":\"https:\/\/att-investments.eu\/#\/schema\/logo\/image\/\",\"url\":\"https:\/\/att-investments.eu\/wp-content\/uploads\/2021\/10\/SvgjsG1008.png\",\"contentUrl\":\"https:\/\/att-investments.eu\/wp-content\/uploads\/2021\/10\/SvgjsG1008.png\",\"width\":857,\"height\":138,\"caption\":\"Investujte do budoucnosti - ATT Investments\"},\"image\":{\"@id\":\"https:\/\/att-investments.eu\/#\/schema\/logo\/image\/\"}}]}<\/script>\n<!-- \/ Yoast SEO plugin. -->","yoast_head_json":{"title":"Valcambi - 100g - Investujte do budoucnosti - ATT Investments","description":"Zlat\u00fd slitek Valcambi - 100g. Investi\u010dn\u00ed zlato od ATT Investments. Valcambi rafinerie.","robots":{"index":"index","follow":"follow","max-snippet":"max-snippet:-1","max-image-preview":"max-image-preview:large","max-video-preview":"max-video-preview:-1"},"canonical":"https:\/\/att-investments.eu\/en\/produkt\/valcambi-100-g\/","og_locale":"en_US","og_type":"article","og_title":"Valcambi - 100g - Investujte do budoucnosti - ATT Investments","og_description":"Zlat\u00fd slitek Valcambi - 100g. Investi\u010dn\u00ed zlato od ATT Investments. Valcambi rafinerie.","og_url":"https:\/\/att-investments.eu\/en\/produkt\/valcambi-100-g\/","og_site_name":"Investujte do budoucnosti - ATT Investments","article_modified_time":"2022-01-16T15:58:05+00:00","og_image":[{"width":2000,"height":2000,"url":"https:\/\/att-investments.eu\/wp-content\/uploads\/2021\/09\/s-odl-karty49.jpg","type":"image\/jpeg"}],"twitter_card":"summary_large_image","schema":{"@context":"https:\/\/schema.org","@graph":[{"@type":"WebPage","@id":"https:\/\/att-investments.eu\/en\/produkt\/valcambi-100-g\/","url":"https:\/\/att-investments.eu\/en\/produkt\/valcambi-100-g\/","name":"Valcambi - 100g - Investujte do budoucnosti - ATT Investments","isPartOf":{"@id":"https:\/\/att-investments.eu\/#website"},"primaryImageOfPage":{"@id":"https:\/\/att-investments.eu\/en\/produkt\/valcambi-100-g\/#primaryimage"},"image":{"@id":"https:\/\/att-investments.eu\/en\/produkt\/valcambi-100-g\/#primaryimage"},"thumbnailUrl":"https:\/\/att-investments.eu\/wp-content\/uploads\/2021\/09\/s-odl-karty49.webp","datePublished":"2021-09-28T17:51:37+00:00","dateModified":"2022-01-16T15:58:05+00:00","description":"Zlat\u00fd slitek Valcambi - 100g. Investi\u010dn\u00ed zlato od ATT Investments. Valcambi rafinerie.","breadcrumb":{"@id":"https:\/\/att-investments.eu\/en\/produkt\/valcambi-100-g\/#breadcrumb"},"inLanguage":"en-US","potentialAction":[{"@type":"ReadAction","target":["https:\/\/att-investments.eu\/en\/produkt\/valcambi-100-g\/"]}]},{"@type":"ImageObject","inLanguage":"en-US","@id":"https:\/\/att-investments.eu\/en\/produkt\/valcambi-100-g\/#primaryimage","url":"https:\/\/att-investments.eu\/wp-content\/uploads\/2021\/09\/s-odl-karty49.webp","contentUrl":"https:\/\/att-investments.eu\/wp-content\/uploads\/2021\/09\/s-odl-karty49.webp","width":1200,"height":1200},{"@type":"BreadcrumbList","@id":"https:\/\/att-investments.eu\/en\/produkt\/valcambi-100-g\/#breadcrumb","itemListElement":[{"@type":"ListItem","position":1,"name":"Dom\u016f","item":"https:\/\/att-investments.eu\/en\/"},{"@type":"ListItem","position":2,"name":"Shop","item":"https:\/\/att-investments.eu\/en\/shop\/"},{"@type":"ListItem","position":3,"name":"Valcambi &#8211; 100g"}]},{"@type":"WebSite","@id":"https:\/\/att-investments.eu\/#website","url":"https:\/\/att-investments.eu\/","name":"Investujte do budoucnosti - ATT Investments","description":"Chr\u00e1n\u00edme hodnotu Va\u0161ich pen\u011bz","publisher":{"@id":"https:\/\/att-investments.eu\/#organization"},"potentialAction":[{"@type":"SearchAction","target":{"@type":"EntryPoint","urlTemplate":"https:\/\/att-investments.eu\/?s={search_term_string}"},"query-input":"required name=search_term_string"}],"inLanguage":"en-US"},{"@type":"Organization","@id":"https:\/\/att-investments.eu\/#organization","name":"Investujte do budoucnosti - ATT Investments","url":"https:\/\/att-investments.eu\/","logo":{"@type":"ImageObject","inLanguage":"en-US","@id":"https:\/\/att-investments.eu\/#\/schema\/logo\/image\/","url":"https:\/\/att-investments.eu\/wp-content\/uploads\/2021\/10\/SvgjsG1008.png","contentUrl":"https:\/\/att-investments.eu\/wp-content\/uploads\/2021\/10\/SvgjsG1008.png","width":857,"height":138,"caption":"Investujte do budoucnosti - ATT Investments"},"image":{"@id":"https:\/\/att-investments.eu\/#\/schema\/logo\/image\/"}}]}},"_links":{"self":[{"href":"https:\/\/att-investments.eu\/en\/wp-json\/wp\/v2\/product\/8362","targetHints":{"allow":["GET"]}}],"collection":[{"href":"https:\/\/att-investments.eu\/en\/wp-json\/wp\/v2\/product"}],"about":[{"href":"https:\/\/att-investments.eu\/en\/wp-json\/wp\/v2\/types\/product"}],"wp:featuredmedia":[{"embeddable":true,"href":"https:\/\/att-investments.eu\/en\/wp-json\/wp\/v2\/media\/8948"}],"wp:attachment":[{"href":"https:\/\/att-investments.eu\/en\/wp-json\/wp\/v2\/media?parent=8362"}],"wp:term":[{"taxonomy":"product_cat","embeddable":true,"href":"https:\/\/att-investments.eu\/en\/wp-json\/wp\/v2\/product_cat?post=8362"},{"taxonomy":"product_tag","embeddable":true,"href":"https:\/\/att-investments.eu\/en\/wp-json\/wp\/v2\/product_tag?post=8362"}],"curies":[{"name":"wp","href":"https:\/\/api.w.org\/{rel}","templated":true}]}}