{"id":8332,"date":"2021-09-28T21:09:51","date_gmt":"2021-09-28T19:09:51","guid":{"rendered":"https:\/\/att-investments.eu\/produkt\/pirata-gmt-2\/"},"modified":"2022-01-16T16:25:39","modified_gmt":"2022-01-16T15:25:39","slug":"pirata-gmt-2","status":"publish","type":"product","link":"https:\/\/att-investments.eu\/en\/produkt\/pirata-gmt-2\/","title":{"rendered":"Pirata GMT"},"content":{"rendered":"<div class=\"spec-element\" data-v-7b84daec=\"\">\n<p class=\"spec-title\" data-v-7b84daec=\"\"><strong>Functions<br \/>\n<\/strong>Hours, minutes, seconds, second time zone, date display in window<\/p>\n<\/div>\n<div class=\"spec-element\" data-v-7b84daec=\"\">\n<p class=\"spec-title\" data-v-7b84daec=\"\"><strong>Movement<br \/>\n<\/strong>CYS 5123<\/p>\n<\/div>\n<div class=\"spec-element\" data-v-7b84daec=\"\">\n<p class=\"spec-title\" data-v-7b84daec=\"\"><strong>Case<br \/>\n<\/strong>Stainless steel, diameter 45 mm, height 12.4 mm, sapphire crystal with anti-reflective coating, water resistant to 5 ATM, screwed see-through case back with 2 swords surrounding the classic CyS crest engraving<\/p>\n<\/div>\n<div class=\"spec-element\" data-v-7b84daec=\"\">\n<p class=\"spec-title\" data-v-7b84daec=\"\"><strong>Dial<br \/>\n<\/strong>White dial with index applied, 24 hours display on center, CyS emblem applied<\/p>\n<\/div>\n<div class=\"spec-element\" data-v-7b84daec=\"\">\n<p class=\"spec-title\" data-v-7b84daec=\"\"><strong>Hands<br \/>\n<\/strong>Hours and minutes, central second and GMT hands with rhodium treatment finishing, luminous SLNC3<\/p>\n<\/div>\n<div class=\"spec-element\" data-v-7b84daec=\"\">\n<p class=\"spec-title\" data-v-7b84daec=\"\"><strong>Strap<br \/>\n<\/strong>Black matt Louisiana alligator<\/p>\n<\/div>\n<div class=\"spec-element\" data-v-7b84daec=\"\">\n<p class=\"spec-title\" data-v-7b84daec=\"\"><strong>Buckle<br \/>\n<\/strong>Stainless steel pin buckle, engraved CyS emblem<\/p>\n<\/div>\n","protected":false},"excerpt":{"rendered":"<p><strong>The price includes VAT<\/strong><\/p>\n<p>3052.1WGMT<\/p>\n<p data-v-7b84daec=\"\">Cuba has a rich maritime history, harking back to a time when pirates navigated the seas, eager to seize untold treasures. The Pirata GMT references this era with its distinctive modular case design.<\/p>\n<p data-v-7b84daec=\"\">The elaborate shape of the case echoes the sinuous profile of a 17th century cannon. Its 45mm stainless steel case makes a bold statement and confers an expansive dial area, perfectly suited to displaying every indication with notable clarity.<\/p>\n","protected":false},"featured_media":1201,"template":"","meta":{"_acf_changed":false},"product_cat":[339,327],"product_tag":[],"class_list":{"0":"post-8332","1":"product","2":"type-product","3":"status-publish","4":"has-post-thumbnail","6":"product_cat-mens","7":"product_cat-watches","8":"pa_modelova-rada-pirata-en","10":"first","11":"instock","12":"shipping-taxable","13":"product-type-simple"},"acf":[],"yoast_head":"<!-- This site is optimized with the Yoast SEO plugin v22.8 - https:\/\/yoast.com\/wordpress\/plugins\/seo\/ -->\n<title>Pirata GMT - Investujte do budoucnosti - ATT Investments<\/title>\n<meta name=\"robots\" content=\"index, follow, max-snippet:-1, max-image-preview:large, max-video-preview:-1\" \/>\n<link rel=\"canonical\" href=\"https:\/\/att-investments.eu\/en\/produkt\/pirata-gmt-2\/\" \/>\n<meta property=\"og:locale\" content=\"en_US\" \/>\n<meta property=\"og:type\" content=\"article\" \/>\n<meta property=\"og:title\" content=\"Pirata GMT - Investujte do budoucnosti - ATT Investments\" \/>\n<meta property=\"og:description\" content=\"The price includes VAT  3052.1WGMT Cuba has a rich maritime history, harking back to a time when pirates navigated the seas, eager to seize untold treasures. The Pirata GMT references this era with its distinctive modular case design. The elaborate shape of the case echoes the sinuous profile of a 17th century cannon. Its 45mm stainless steel case makes a bold statement and confers an expansive dial area, perfectly suited to displaying every indication with notable clarity.\" \/>\n<meta property=\"og:url\" content=\"https:\/\/att-investments.eu\/en\/produkt\/pirata-gmt-2\/\" \/>\n<meta property=\"og:site_name\" content=\"Investujte do budoucnosti - ATT Investments\" \/>\n<meta property=\"article:modified_time\" content=\"2022-01-16T15:25:39+00:00\" \/>\n<meta property=\"og:image\" content=\"https:\/\/att-investments.eu\/wp-content\/uploads\/2021\/09\/pirata-gmt-2.png\" \/>\n\t<meta property=\"og:image:width\" content=\"394\" \/>\n\t<meta property=\"og:image:height\" content=\"620\" \/>\n\t<meta property=\"og:image:type\" content=\"image\/png\" \/>\n<meta name=\"twitter:card\" content=\"summary_large_image\" \/>\n<script type=\"application\/ld+json\" class=\"yoast-schema-graph\">{\"@context\":\"https:\/\/schema.org\",\"@graph\":[{\"@type\":\"WebPage\",\"@id\":\"https:\/\/att-investments.eu\/en\/produkt\/pirata-gmt-2\/\",\"url\":\"https:\/\/att-investments.eu\/en\/produkt\/pirata-gmt-2\/\",\"name\":\"Pirata GMT - Investujte do budoucnosti - ATT Investments\",\"isPartOf\":{\"@id\":\"https:\/\/att-investments.eu\/#website\"},\"primaryImageOfPage\":{\"@id\":\"https:\/\/att-investments.eu\/en\/produkt\/pirata-gmt-2\/#primaryimage\"},\"image\":{\"@id\":\"https:\/\/att-investments.eu\/en\/produkt\/pirata-gmt-2\/#primaryimage\"},\"thumbnailUrl\":\"https:\/\/att-investments.eu\/wp-content\/uploads\/2021\/09\/pirata-gmt-2.png\",\"datePublished\":\"2021-09-28T19:09:51+00:00\",\"dateModified\":\"2022-01-16T15:25:39+00:00\",\"breadcrumb\":{\"@id\":\"https:\/\/att-investments.eu\/en\/produkt\/pirata-gmt-2\/#breadcrumb\"},\"inLanguage\":\"en-US\",\"potentialAction\":[{\"@type\":\"ReadAction\",\"target\":[\"https:\/\/att-investments.eu\/en\/produkt\/pirata-gmt-2\/\"]}]},{\"@type\":\"ImageObject\",\"inLanguage\":\"en-US\",\"@id\":\"https:\/\/att-investments.eu\/en\/produkt\/pirata-gmt-2\/#primaryimage\",\"url\":\"https:\/\/att-investments.eu\/wp-content\/uploads\/2021\/09\/pirata-gmt-2.png\",\"contentUrl\":\"https:\/\/att-investments.eu\/wp-content\/uploads\/2021\/09\/pirata-gmt-2.png\",\"width\":394,\"height\":620},{\"@type\":\"BreadcrumbList\",\"@id\":\"https:\/\/att-investments.eu\/en\/produkt\/pirata-gmt-2\/#breadcrumb\",\"itemListElement\":[{\"@type\":\"ListItem\",\"position\":1,\"name\":\"Dom\u016f\",\"item\":\"https:\/\/att-investments.eu\/en\/\"},{\"@type\":\"ListItem\",\"position\":2,\"name\":\"Shop\",\"item\":\"https:\/\/att-investments.eu\/en\/shop\/\"},{\"@type\":\"ListItem\",\"position\":3,\"name\":\"Pirata GMT\"}]},{\"@type\":\"WebSite\",\"@id\":\"https:\/\/att-investments.eu\/#website\",\"url\":\"https:\/\/att-investments.eu\/\",\"name\":\"Investujte do budoucnosti - ATT Investments\",\"description\":\"Chr\u00e1n\u00edme hodnotu Va\u0161ich pen\u011bz\",\"publisher\":{\"@id\":\"https:\/\/att-investments.eu\/#organization\"},\"potentialAction\":[{\"@type\":\"SearchAction\",\"target\":{\"@type\":\"EntryPoint\",\"urlTemplate\":\"https:\/\/att-investments.eu\/?s={search_term_string}\"},\"query-input\":\"required name=search_term_string\"}],\"inLanguage\":\"en-US\"},{\"@type\":\"Organization\",\"@id\":\"https:\/\/att-investments.eu\/#organization\",\"name\":\"Investujte do budoucnosti - ATT Investments\",\"url\":\"https:\/\/att-investments.eu\/\",\"logo\":{\"@type\":\"ImageObject\",\"inLanguage\":\"en-US\",\"@id\":\"https:\/\/att-investments.eu\/#\/schema\/logo\/image\/\",\"url\":\"https:\/\/att-investments.eu\/wp-content\/uploads\/2021\/10\/SvgjsG1008.png\",\"contentUrl\":\"https:\/\/att-investments.eu\/wp-content\/uploads\/2021\/10\/SvgjsG1008.png\",\"width\":857,\"height\":138,\"caption\":\"Investujte do budoucnosti - ATT Investments\"},\"image\":{\"@id\":\"https:\/\/att-investments.eu\/#\/schema\/logo\/image\/\"}}]}<\/script>\n<!-- \/ Yoast SEO plugin. -->","yoast_head_json":{"title":"Pirata GMT - Investujte do budoucnosti - ATT Investments","robots":{"index":"index","follow":"follow","max-snippet":"max-snippet:-1","max-image-preview":"max-image-preview:large","max-video-preview":"max-video-preview:-1"},"canonical":"https:\/\/att-investments.eu\/en\/produkt\/pirata-gmt-2\/","og_locale":"en_US","og_type":"article","og_title":"Pirata GMT - Investujte do budoucnosti - ATT Investments","og_description":"The price includes VAT  3052.1WGMT Cuba has a rich maritime history, harking back to a time when pirates navigated the seas, eager to seize untold treasures. The Pirata GMT references this era with its distinctive modular case design. The elaborate shape of the case echoes the sinuous profile of a 17th century cannon. Its 45mm stainless steel case makes a bold statement and confers an expansive dial area, perfectly suited to displaying every indication with notable clarity.","og_url":"https:\/\/att-investments.eu\/en\/produkt\/pirata-gmt-2\/","og_site_name":"Investujte do budoucnosti - ATT Investments","article_modified_time":"2022-01-16T15:25:39+00:00","og_image":[{"width":394,"height":620,"url":"https:\/\/att-investments.eu\/wp-content\/uploads\/2021\/09\/pirata-gmt-2.png","type":"image\/png"}],"twitter_card":"summary_large_image","schema":{"@context":"https:\/\/schema.org","@graph":[{"@type":"WebPage","@id":"https:\/\/att-investments.eu\/en\/produkt\/pirata-gmt-2\/","url":"https:\/\/att-investments.eu\/en\/produkt\/pirata-gmt-2\/","name":"Pirata GMT - Investujte do budoucnosti - ATT Investments","isPartOf":{"@id":"https:\/\/att-investments.eu\/#website"},"primaryImageOfPage":{"@id":"https:\/\/att-investments.eu\/en\/produkt\/pirata-gmt-2\/#primaryimage"},"image":{"@id":"https:\/\/att-investments.eu\/en\/produkt\/pirata-gmt-2\/#primaryimage"},"thumbnailUrl":"https:\/\/att-investments.eu\/wp-content\/uploads\/2021\/09\/pirata-gmt-2.png","datePublished":"2021-09-28T19:09:51+00:00","dateModified":"2022-01-16T15:25:39+00:00","breadcrumb":{"@id":"https:\/\/att-investments.eu\/en\/produkt\/pirata-gmt-2\/#breadcrumb"},"inLanguage":"en-US","potentialAction":[{"@type":"ReadAction","target":["https:\/\/att-investments.eu\/en\/produkt\/pirata-gmt-2\/"]}]},{"@type":"ImageObject","inLanguage":"en-US","@id":"https:\/\/att-investments.eu\/en\/produkt\/pirata-gmt-2\/#primaryimage","url":"https:\/\/att-investments.eu\/wp-content\/uploads\/2021\/09\/pirata-gmt-2.png","contentUrl":"https:\/\/att-investments.eu\/wp-content\/uploads\/2021\/09\/pirata-gmt-2.png","width":394,"height":620},{"@type":"BreadcrumbList","@id":"https:\/\/att-investments.eu\/en\/produkt\/pirata-gmt-2\/#breadcrumb","itemListElement":[{"@type":"ListItem","position":1,"name":"Dom\u016f","item":"https:\/\/att-investments.eu\/en\/"},{"@type":"ListItem","position":2,"name":"Shop","item":"https:\/\/att-investments.eu\/en\/shop\/"},{"@type":"ListItem","position":3,"name":"Pirata GMT"}]},{"@type":"WebSite","@id":"https:\/\/att-investments.eu\/#website","url":"https:\/\/att-investments.eu\/","name":"Investujte do budoucnosti - ATT Investments","description":"Chr\u00e1n\u00edme hodnotu Va\u0161ich pen\u011bz","publisher":{"@id":"https:\/\/att-investments.eu\/#organization"},"potentialAction":[{"@type":"SearchAction","target":{"@type":"EntryPoint","urlTemplate":"https:\/\/att-investments.eu\/?s={search_term_string}"},"query-input":"required name=search_term_string"}],"inLanguage":"en-US"},{"@type":"Organization","@id":"https:\/\/att-investments.eu\/#organization","name":"Investujte do budoucnosti - ATT Investments","url":"https:\/\/att-investments.eu\/","logo":{"@type":"ImageObject","inLanguage":"en-US","@id":"https:\/\/att-investments.eu\/#\/schema\/logo\/image\/","url":"https:\/\/att-investments.eu\/wp-content\/uploads\/2021\/10\/SvgjsG1008.png","contentUrl":"https:\/\/att-investments.eu\/wp-content\/uploads\/2021\/10\/SvgjsG1008.png","width":857,"height":138,"caption":"Investujte do budoucnosti - ATT Investments"},"image":{"@id":"https:\/\/att-investments.eu\/#\/schema\/logo\/image\/"}}]}},"_links":{"self":[{"href":"https:\/\/att-investments.eu\/en\/wp-json\/wp\/v2\/product\/8332","targetHints":{"allow":["GET"]}}],"collection":[{"href":"https:\/\/att-investments.eu\/en\/wp-json\/wp\/v2\/product"}],"about":[{"href":"https:\/\/att-investments.eu\/en\/wp-json\/wp\/v2\/types\/product"}],"wp:featuredmedia":[{"embeddable":true,"href":"https:\/\/att-investments.eu\/en\/wp-json\/wp\/v2\/media\/1201"}],"wp:attachment":[{"href":"https:\/\/att-investments.eu\/en\/wp-json\/wp\/v2\/media?parent=8332"}],"wp:term":[{"taxonomy":"product_cat","embeddable":true,"href":"https:\/\/att-investments.eu\/en\/wp-json\/wp\/v2\/product_cat?post=8332"},{"taxonomy":"product_tag","embeddable":true,"href":"https:\/\/att-investments.eu\/en\/wp-json\/wp\/v2\/product_tag?post=8332"}],"curies":[{"name":"wp","href":"https:\/\/api.w.org\/{rel}","templated":true}]}}