{"id":8326,"date":"2021-09-28T21:22:25","date_gmt":"2021-09-28T19:22:25","guid":{"rendered":"https:\/\/att-investments.eu\/produkt\/prominente-clasico-3\/"},"modified":"2024-06-25T11:13:39","modified_gmt":"2024-06-25T09:13:39","slug":"prominente-clasico-3","status":"publish","type":"product","link":"https:\/\/att-investments.eu\/en\/produkt\/prominente-clasico-3\/","title":{"rendered":"Prominente CL\u00c1SICO"},"content":{"rendered":"<p><strong>FUNKCE<\/strong><br \/>\nHodiny, minuty, centr\u00e1ln\u00ed sekundy a datum<\/p>\n<p><strong>STROJEK<\/strong><br \/>\nCYS 5103, z\u00e1kladna Soprod M100, 11 \u00bd \u201e&#8221;, automatick\u00e9, pr\u016fm\u011br 25,6 mm, v\u00fd\u0161ka 3,6 mm, rezerva chodu 42 hodin, 25 kamen\u016f, frekvence: 28800 A \/ h, povrchov\u00e1 \u00faprava rotoru s dekorac\u00ed ventil\u00e1toru a s grav\u00edrovan\u00fdm CyS logem<\/p>\n<p><strong>POUZDRO<\/strong><br \/>\nNerezov\u00e1 ocel, 32 mm x 43 mm, v\u00fd\u0161ka 8,6 mm, dvojit\u011b zak\u0159iven\u00e9 saf\u00edrov\u00e9 skl\u00ed\u010dko typick\u00fd pro 50. l\u00e9ta s antireflexn\u00ed \u00fapravou, vod\u011bodoln\u00fd do 3 ATM, \u0161roubovac\u00ed pr\u016fhledn\u00e9 pouzdro se saf\u00edrov\u00fdm skl\u00ed\u010dkem<\/p>\n<p><strong>CIFERN\u00cdK<\/strong><br \/>\nSt\u0159\u00edbrn\u00e9, &#8220;pruhy&#8221; na pozad\u00ed uprost\u0159ed, 11 aplikovan\u00fdch index\u016f, 12 bod\u016f\u00a0Super-LumiNova, cifern\u00edk St\u0159\u00edbrn\u00e9 \/ Modr\u00e9\/ \u010cern\u00e9 barvy, poti\u0161t\u011bn\u00e9 \u0159\u00edmsk\u00fdmi \u010d\u00edsly, aplikovan\u00fd znak Cys<\/p>\n<p><strong>RU\u010cI\u010cKY<\/strong><br \/>\nHodinov\u00e9 a minutov\u00e9 ru\u010di\u010dky ve tvaru Dauphine se\u00a0Super-LumiNova, rhodiovou barevnou \u00fapravou<\/p>\n<p><strong>\u0158EM\u00cdNEK<\/strong><br \/>\n\u010cern\u00fd matn\u00fd alig\u00e1tor. Hn\u011bd\u00fd matn\u00fd alig\u00e1tor. Tmav\u011b modr\u00fd vysoce leskl\u00fd alig\u00e1tor. \u010cern\u00fd vysoce leskl\u00fd alig\u00e1tor<\/p>\n<p><strong>P\u0158EZKA<\/strong><br \/>\nSkl\u00e1dac\u00ed mot\u00fdlkova p\u0159ezka z nerezov\u00e9 oceli, grav\u00edrovan\u00fd znak CyS<\/p>\n","protected":false},"excerpt":{"rendered":"<p>&nbsp;<\/p>\n<p>Cuervo y Sobrinos Prominente Cl\u00e1sico, obdobn\u011b jako jemn\u00fd doutn\u00edk z Havany, m\u00e1 bohat\u00fd charakter a vyza\u0159uje pozoruhodn\u00fd n\u00e1dech luxusu. Jeho v\u00fdrazn\u00fd vzhled ho odli\u0161uje od mnoha jin\u00fdch hodinek a jeho dobov\u00fd styl p\u0159in\u00e1\u0161\u00ed trvalou p\u0159ita\u017elivost.<\/p>\n","protected":false},"featured_media":1248,"template":"","meta":{"_acf_changed":false},"product_cat":[339,327],"product_tag":[],"class_list":{"0":"post-8326","1":"product","2":"type-product","3":"status-publish","4":"has-post-thumbnail","6":"product_cat-mens","7":"product_cat-watches","8":"pa_modelova-rada-prominente-en","10":"first","11":"instock","12":"shipping-taxable","13":"product-type-simple"},"acf":[],"yoast_head":"<!-- This site is optimized with the Yoast SEO plugin v22.8 - https:\/\/yoast.com\/wordpress\/plugins\/seo\/ -->\n<title>Prominente CL\u00c1SICO - Investujte do budoucnosti - ATT Investments<\/title>\n<meta name=\"robots\" content=\"index, follow, max-snippet:-1, max-image-preview:large, max-video-preview:-1\" \/>\n<link rel=\"canonical\" href=\"https:\/\/att-investments.eu\/en\/produkt\/prominente-clasico-3\/\" \/>\n<meta property=\"og:locale\" content=\"en_US\" \/>\n<meta property=\"og:type\" content=\"article\" \/>\n<meta property=\"og:title\" content=\"Prominente CL\u00c1SICO - Investujte do budoucnosti - ATT Investments\" \/>\n<meta property=\"og:description\" content=\"&nbsp;  Cuervo y Sobrinos Prominente Cl\u00e1sico, obdobn\u011b jako jemn\u00fd doutn\u00edk z Havany, m\u00e1 bohat\u00fd charakter a vyza\u0159uje pozoruhodn\u00fd n\u00e1dech luxusu. Jeho v\u00fdrazn\u00fd vzhled ho odli\u0161uje od mnoha jin\u00fdch hodinek a jeho dobov\u00fd styl p\u0159in\u00e1\u0161\u00ed trvalou p\u0159ita\u017elivost.\" \/>\n<meta property=\"og:url\" content=\"https:\/\/att-investments.eu\/en\/produkt\/prominente-clasico-3\/\" \/>\n<meta property=\"og:site_name\" content=\"Investujte do budoucnosti - ATT Investments\" \/>\n<meta property=\"article:modified_time\" content=\"2024-06-25T09:13:39+00:00\" \/>\n<meta property=\"og:image\" content=\"https:\/\/att-investments.eu\/wp-content\/uploads\/2021\/09\/prominente-clasico-3.png\" \/>\n\t<meta property=\"og:image:width\" content=\"394\" \/>\n\t<meta property=\"og:image:height\" content=\"620\" \/>\n\t<meta property=\"og:image:type\" content=\"image\/png\" \/>\n<meta name=\"twitter:card\" content=\"summary_large_image\" \/>\n<meta name=\"twitter:label1\" content=\"Est. reading time\" \/>\n\t<meta name=\"twitter:data1\" content=\"1 minute\" \/>\n<script type=\"application\/ld+json\" class=\"yoast-schema-graph\">{\"@context\":\"https:\/\/schema.org\",\"@graph\":[{\"@type\":\"WebPage\",\"@id\":\"https:\/\/att-investments.eu\/en\/produkt\/prominente-clasico-3\/\",\"url\":\"https:\/\/att-investments.eu\/en\/produkt\/prominente-clasico-3\/\",\"name\":\"Prominente CL\u00c1SICO - Investujte do budoucnosti - ATT Investments\",\"isPartOf\":{\"@id\":\"https:\/\/att-investments.eu\/#website\"},\"primaryImageOfPage\":{\"@id\":\"https:\/\/att-investments.eu\/en\/produkt\/prominente-clasico-3\/#primaryimage\"},\"image\":{\"@id\":\"https:\/\/att-investments.eu\/en\/produkt\/prominente-clasico-3\/#primaryimage\"},\"thumbnailUrl\":\"https:\/\/att-investments.eu\/wp-content\/uploads\/2021\/09\/prominente-clasico-3.png\",\"datePublished\":\"2021-09-28T19:22:25+00:00\",\"dateModified\":\"2024-06-25T09:13:39+00:00\",\"breadcrumb\":{\"@id\":\"https:\/\/att-investments.eu\/en\/produkt\/prominente-clasico-3\/#breadcrumb\"},\"inLanguage\":\"en-US\",\"potentialAction\":[{\"@type\":\"ReadAction\",\"target\":[\"https:\/\/att-investments.eu\/en\/produkt\/prominente-clasico-3\/\"]}]},{\"@type\":\"ImageObject\",\"inLanguage\":\"en-US\",\"@id\":\"https:\/\/att-investments.eu\/en\/produkt\/prominente-clasico-3\/#primaryimage\",\"url\":\"https:\/\/att-investments.eu\/wp-content\/uploads\/2021\/09\/prominente-clasico-3.png\",\"contentUrl\":\"https:\/\/att-investments.eu\/wp-content\/uploads\/2021\/09\/prominente-clasico-3.png\",\"width\":394,\"height\":620},{\"@type\":\"BreadcrumbList\",\"@id\":\"https:\/\/att-investments.eu\/en\/produkt\/prominente-clasico-3\/#breadcrumb\",\"itemListElement\":[{\"@type\":\"ListItem\",\"position\":1,\"name\":\"Dom\u016f\",\"item\":\"https:\/\/att-investments.eu\/en\/\"},{\"@type\":\"ListItem\",\"position\":2,\"name\":\"Shop\",\"item\":\"https:\/\/att-investments.eu\/en\/shop\/\"},{\"@type\":\"ListItem\",\"position\":3,\"name\":\"Prominente CL\u00c1SICO\"}]},{\"@type\":\"WebSite\",\"@id\":\"https:\/\/att-investments.eu\/#website\",\"url\":\"https:\/\/att-investments.eu\/\",\"name\":\"Investujte do budoucnosti - ATT Investments\",\"description\":\"Chr\u00e1n\u00edme hodnotu Va\u0161ich pen\u011bz\",\"publisher\":{\"@id\":\"https:\/\/att-investments.eu\/#organization\"},\"potentialAction\":[{\"@type\":\"SearchAction\",\"target\":{\"@type\":\"EntryPoint\",\"urlTemplate\":\"https:\/\/att-investments.eu\/?s={search_term_string}\"},\"query-input\":\"required name=search_term_string\"}],\"inLanguage\":\"en-US\"},{\"@type\":\"Organization\",\"@id\":\"https:\/\/att-investments.eu\/#organization\",\"name\":\"Investujte do budoucnosti - ATT Investments\",\"url\":\"https:\/\/att-investments.eu\/\",\"logo\":{\"@type\":\"ImageObject\",\"inLanguage\":\"en-US\",\"@id\":\"https:\/\/att-investments.eu\/#\/schema\/logo\/image\/\",\"url\":\"https:\/\/att-investments.eu\/wp-content\/uploads\/2021\/10\/SvgjsG1008.png\",\"contentUrl\":\"https:\/\/att-investments.eu\/wp-content\/uploads\/2021\/10\/SvgjsG1008.png\",\"width\":857,\"height\":138,\"caption\":\"Investujte do budoucnosti - ATT Investments\"},\"image\":{\"@id\":\"https:\/\/att-investments.eu\/#\/schema\/logo\/image\/\"}}]}<\/script>\n<!-- \/ Yoast SEO plugin. -->","yoast_head_json":{"title":"Prominente CL\u00c1SICO - Investujte do budoucnosti - ATT Investments","robots":{"index":"index","follow":"follow","max-snippet":"max-snippet:-1","max-image-preview":"max-image-preview:large","max-video-preview":"max-video-preview:-1"},"canonical":"https:\/\/att-investments.eu\/en\/produkt\/prominente-clasico-3\/","og_locale":"en_US","og_type":"article","og_title":"Prominente CL\u00c1SICO - Investujte do budoucnosti - ATT Investments","og_description":"&nbsp;  Cuervo y Sobrinos Prominente Cl\u00e1sico, obdobn\u011b jako jemn\u00fd doutn\u00edk z Havany, m\u00e1 bohat\u00fd charakter a vyza\u0159uje pozoruhodn\u00fd n\u00e1dech luxusu. Jeho v\u00fdrazn\u00fd vzhled ho odli\u0161uje od mnoha jin\u00fdch hodinek a jeho dobov\u00fd styl p\u0159in\u00e1\u0161\u00ed trvalou p\u0159ita\u017elivost.","og_url":"https:\/\/att-investments.eu\/en\/produkt\/prominente-clasico-3\/","og_site_name":"Investujte do budoucnosti - ATT Investments","article_modified_time":"2024-06-25T09:13:39+00:00","og_image":[{"width":394,"height":620,"url":"https:\/\/att-investments.eu\/wp-content\/uploads\/2021\/09\/prominente-clasico-3.png","type":"image\/png"}],"twitter_card":"summary_large_image","twitter_misc":{"Est. reading time":"1 minute"},"schema":{"@context":"https:\/\/schema.org","@graph":[{"@type":"WebPage","@id":"https:\/\/att-investments.eu\/en\/produkt\/prominente-clasico-3\/","url":"https:\/\/att-investments.eu\/en\/produkt\/prominente-clasico-3\/","name":"Prominente CL\u00c1SICO - Investujte do budoucnosti - ATT Investments","isPartOf":{"@id":"https:\/\/att-investments.eu\/#website"},"primaryImageOfPage":{"@id":"https:\/\/att-investments.eu\/en\/produkt\/prominente-clasico-3\/#primaryimage"},"image":{"@id":"https:\/\/att-investments.eu\/en\/produkt\/prominente-clasico-3\/#primaryimage"},"thumbnailUrl":"https:\/\/att-investments.eu\/wp-content\/uploads\/2021\/09\/prominente-clasico-3.png","datePublished":"2021-09-28T19:22:25+00:00","dateModified":"2024-06-25T09:13:39+00:00","breadcrumb":{"@id":"https:\/\/att-investments.eu\/en\/produkt\/prominente-clasico-3\/#breadcrumb"},"inLanguage":"en-US","potentialAction":[{"@type":"ReadAction","target":["https:\/\/att-investments.eu\/en\/produkt\/prominente-clasico-3\/"]}]},{"@type":"ImageObject","inLanguage":"en-US","@id":"https:\/\/att-investments.eu\/en\/produkt\/prominente-clasico-3\/#primaryimage","url":"https:\/\/att-investments.eu\/wp-content\/uploads\/2021\/09\/prominente-clasico-3.png","contentUrl":"https:\/\/att-investments.eu\/wp-content\/uploads\/2021\/09\/prominente-clasico-3.png","width":394,"height":620},{"@type":"BreadcrumbList","@id":"https:\/\/att-investments.eu\/en\/produkt\/prominente-clasico-3\/#breadcrumb","itemListElement":[{"@type":"ListItem","position":1,"name":"Dom\u016f","item":"https:\/\/att-investments.eu\/en\/"},{"@type":"ListItem","position":2,"name":"Shop","item":"https:\/\/att-investments.eu\/en\/shop\/"},{"@type":"ListItem","position":3,"name":"Prominente CL\u00c1SICO"}]},{"@type":"WebSite","@id":"https:\/\/att-investments.eu\/#website","url":"https:\/\/att-investments.eu\/","name":"Investujte do budoucnosti - ATT Investments","description":"Chr\u00e1n\u00edme hodnotu Va\u0161ich pen\u011bz","publisher":{"@id":"https:\/\/att-investments.eu\/#organization"},"potentialAction":[{"@type":"SearchAction","target":{"@type":"EntryPoint","urlTemplate":"https:\/\/att-investments.eu\/?s={search_term_string}"},"query-input":"required name=search_term_string"}],"inLanguage":"en-US"},{"@type":"Organization","@id":"https:\/\/att-investments.eu\/#organization","name":"Investujte do budoucnosti - ATT Investments","url":"https:\/\/att-investments.eu\/","logo":{"@type":"ImageObject","inLanguage":"en-US","@id":"https:\/\/att-investments.eu\/#\/schema\/logo\/image\/","url":"https:\/\/att-investments.eu\/wp-content\/uploads\/2021\/10\/SvgjsG1008.png","contentUrl":"https:\/\/att-investments.eu\/wp-content\/uploads\/2021\/10\/SvgjsG1008.png","width":857,"height":138,"caption":"Investujte do budoucnosti - ATT Investments"},"image":{"@id":"https:\/\/att-investments.eu\/#\/schema\/logo\/image\/"}}]}},"_links":{"self":[{"href":"https:\/\/att-investments.eu\/en\/wp-json\/wp\/v2\/product\/8326","targetHints":{"allow":["GET"]}}],"collection":[{"href":"https:\/\/att-investments.eu\/en\/wp-json\/wp\/v2\/product"}],"about":[{"href":"https:\/\/att-investments.eu\/en\/wp-json\/wp\/v2\/types\/product"}],"wp:featuredmedia":[{"embeddable":true,"href":"https:\/\/att-investments.eu\/en\/wp-json\/wp\/v2\/media\/1248"}],"wp:attachment":[{"href":"https:\/\/att-investments.eu\/en\/wp-json\/wp\/v2\/media?parent=8326"}],"wp:term":[{"taxonomy":"product_cat","embeddable":true,"href":"https:\/\/att-investments.eu\/en\/wp-json\/wp\/v2\/product_cat?post=8326"},{"taxonomy":"product_tag","embeddable":true,"href":"https:\/\/att-investments.eu\/en\/wp-json\/wp\/v2\/product_tag?post=8326"}],"curies":[{"name":"wp","href":"https:\/\/api.w.org\/{rel}","templated":true}]}}