{"id":8152,"date":"2021-11-29T20:45:41","date_gmt":"2021-11-29T19:45:41","guid":{"rendered":"https:\/\/att-investments.eu\/produkt\/prsten-tereza\/"},"modified":"2022-01-16T11:52:58","modified_gmt":"2022-01-16T10:52:58","slug":"tereza-ring","status":"publish","type":"product","link":"https:\/\/att-investments.eu\/en\/produkt\/tereza-ring\/","title":{"rendered":"TEREZA ring"},"content":{"rendered":"","protected":false},"excerpt":{"rendered":"<p><strong>The price includes VAT<\/strong><\/p>\n","protected":false},"featured_media":6821,"template":"","meta":{"_acf_changed":false},"product_cat":[183,182],"product_tag":[],"class_list":{"0":"post-8152","1":"product","2":"type-product","3":"status-publish","4":"has-post-thumbnail","6":"product_cat-jewelery","7":"product_cat-rings","8":"pa_barva-kovu-bile-zlato-en","9":"pa_kameny-briliant-en","10":"pa_prilezitost-vyroci-en","11":"pa_prilezitost-narozeniny-en","12":"pa_prilezitost-narozeni-ditete-en","13":"pa_prilezitost-darek-pro-ni-en","14":"pa_ryzost-14-kt-en","16":"first","17":"instock","18":"shipping-taxable","19":"product-type-simple"},"acf":[],"yoast_head":"<!-- This site is optimized with the Yoast SEO plugin v22.8 - https:\/\/yoast.com\/wordpress\/plugins\/seo\/ -->\n<title>TEREZA ring - Investujte do budoucnosti - ATT Investments<\/title>\n<meta name=\"robots\" content=\"index, follow, max-snippet:-1, max-image-preview:large, max-video-preview:-1\" \/>\n<link rel=\"canonical\" href=\"https:\/\/att-investments.eu\/en\/produkt\/tereza-ring\/\" \/>\n<meta property=\"og:locale\" content=\"en_US\" \/>\n<meta property=\"og:type\" content=\"article\" \/>\n<meta property=\"og:title\" content=\"TEREZA ring - Investujte do budoucnosti - ATT Investments\" \/>\n<meta property=\"og:description\" content=\"The price includes VAT\" \/>\n<meta property=\"og:url\" content=\"https:\/\/att-investments.eu\/en\/produkt\/tereza-ring\/\" \/>\n<meta property=\"og:site_name\" content=\"Investujte do budoucnosti - ATT Investments\" \/>\n<meta property=\"article:modified_time\" content=\"2022-01-16T10:52:58+00:00\" \/>\n<meta property=\"og:image\" content=\"https:\/\/att-investments.eu\/wp-content\/uploads\/2021\/11\/1-5.jpg\" \/>\n\t<meta property=\"og:image:width\" content=\"1800\" \/>\n\t<meta property=\"og:image:height\" content=\"1119\" \/>\n\t<meta property=\"og:image:type\" content=\"image\/jpeg\" \/>\n<meta name=\"twitter:card\" content=\"summary_large_image\" \/>\n<script type=\"application\/ld+json\" class=\"yoast-schema-graph\">{\"@context\":\"https:\/\/schema.org\",\"@graph\":[{\"@type\":\"WebPage\",\"@id\":\"https:\/\/att-investments.eu\/en\/produkt\/tereza-ring\/\",\"url\":\"https:\/\/att-investments.eu\/en\/produkt\/tereza-ring\/\",\"name\":\"TEREZA ring - Investujte do budoucnosti - ATT Investments\",\"isPartOf\":{\"@id\":\"https:\/\/att-investments.eu\/#website\"},\"primaryImageOfPage\":{\"@id\":\"https:\/\/att-investments.eu\/en\/produkt\/tereza-ring\/#primaryimage\"},\"image\":{\"@id\":\"https:\/\/att-investments.eu\/en\/produkt\/tereza-ring\/#primaryimage\"},\"thumbnailUrl\":\"https:\/\/att-investments.eu\/wp-content\/uploads\/2021\/11\/1-5.jpg\",\"datePublished\":\"2021-11-29T19:45:41+00:00\",\"dateModified\":\"2022-01-16T10:52:58+00:00\",\"breadcrumb\":{\"@id\":\"https:\/\/att-investments.eu\/en\/produkt\/tereza-ring\/#breadcrumb\"},\"inLanguage\":\"en-US\",\"potentialAction\":[{\"@type\":\"ReadAction\",\"target\":[\"https:\/\/att-investments.eu\/en\/produkt\/tereza-ring\/\"]}]},{\"@type\":\"ImageObject\",\"inLanguage\":\"en-US\",\"@id\":\"https:\/\/att-investments.eu\/en\/produkt\/tereza-ring\/#primaryimage\",\"url\":\"https:\/\/att-investments.eu\/wp-content\/uploads\/2021\/11\/1-5.jpg\",\"contentUrl\":\"https:\/\/att-investments.eu\/wp-content\/uploads\/2021\/11\/1-5.jpg\",\"width\":1800,\"height\":1119},{\"@type\":\"BreadcrumbList\",\"@id\":\"https:\/\/att-investments.eu\/en\/produkt\/tereza-ring\/#breadcrumb\",\"itemListElement\":[{\"@type\":\"ListItem\",\"position\":1,\"name\":\"Dom\u016f\",\"item\":\"https:\/\/att-investments.eu\/en\/\"},{\"@type\":\"ListItem\",\"position\":2,\"name\":\"Shop\",\"item\":\"https:\/\/att-investments.eu\/en\/shop\/\"},{\"@type\":\"ListItem\",\"position\":3,\"name\":\"TEREZA ring\"}]},{\"@type\":\"WebSite\",\"@id\":\"https:\/\/att-investments.eu\/#website\",\"url\":\"https:\/\/att-investments.eu\/\",\"name\":\"Investujte do budoucnosti - ATT Investments\",\"description\":\"Chr\u00e1n\u00edme hodnotu Va\u0161ich pen\u011bz\",\"publisher\":{\"@id\":\"https:\/\/att-investments.eu\/#organization\"},\"potentialAction\":[{\"@type\":\"SearchAction\",\"target\":{\"@type\":\"EntryPoint\",\"urlTemplate\":\"https:\/\/att-investments.eu\/?s={search_term_string}\"},\"query-input\":\"required name=search_term_string\"}],\"inLanguage\":\"en-US\"},{\"@type\":\"Organization\",\"@id\":\"https:\/\/att-investments.eu\/#organization\",\"name\":\"Investujte do budoucnosti - ATT Investments\",\"url\":\"https:\/\/att-investments.eu\/\",\"logo\":{\"@type\":\"ImageObject\",\"inLanguage\":\"en-US\",\"@id\":\"https:\/\/att-investments.eu\/#\/schema\/logo\/image\/\",\"url\":\"https:\/\/att-investments.eu\/wp-content\/uploads\/2021\/10\/SvgjsG1008.png\",\"contentUrl\":\"https:\/\/att-investments.eu\/wp-content\/uploads\/2021\/10\/SvgjsG1008.png\",\"width\":857,\"height\":138,\"caption\":\"Investujte do budoucnosti - ATT Investments\"},\"image\":{\"@id\":\"https:\/\/att-investments.eu\/#\/schema\/logo\/image\/\"}}]}<\/script>\n<!-- \/ Yoast SEO plugin. -->","yoast_head_json":{"title":"TEREZA ring - Investujte do budoucnosti - ATT Investments","robots":{"index":"index","follow":"follow","max-snippet":"max-snippet:-1","max-image-preview":"max-image-preview:large","max-video-preview":"max-video-preview:-1"},"canonical":"https:\/\/att-investments.eu\/en\/produkt\/tereza-ring\/","og_locale":"en_US","og_type":"article","og_title":"TEREZA ring - Investujte do budoucnosti - ATT Investments","og_description":"The price includes VAT","og_url":"https:\/\/att-investments.eu\/en\/produkt\/tereza-ring\/","og_site_name":"Investujte do budoucnosti - ATT Investments","article_modified_time":"2022-01-16T10:52:58+00:00","og_image":[{"width":1800,"height":1119,"url":"https:\/\/att-investments.eu\/wp-content\/uploads\/2021\/11\/1-5.jpg","type":"image\/jpeg"}],"twitter_card":"summary_large_image","schema":{"@context":"https:\/\/schema.org","@graph":[{"@type":"WebPage","@id":"https:\/\/att-investments.eu\/en\/produkt\/tereza-ring\/","url":"https:\/\/att-investments.eu\/en\/produkt\/tereza-ring\/","name":"TEREZA ring - Investujte do budoucnosti - ATT Investments","isPartOf":{"@id":"https:\/\/att-investments.eu\/#website"},"primaryImageOfPage":{"@id":"https:\/\/att-investments.eu\/en\/produkt\/tereza-ring\/#primaryimage"},"image":{"@id":"https:\/\/att-investments.eu\/en\/produkt\/tereza-ring\/#primaryimage"},"thumbnailUrl":"https:\/\/att-investments.eu\/wp-content\/uploads\/2021\/11\/1-5.jpg","datePublished":"2021-11-29T19:45:41+00:00","dateModified":"2022-01-16T10:52:58+00:00","breadcrumb":{"@id":"https:\/\/att-investments.eu\/en\/produkt\/tereza-ring\/#breadcrumb"},"inLanguage":"en-US","potentialAction":[{"@type":"ReadAction","target":["https:\/\/att-investments.eu\/en\/produkt\/tereza-ring\/"]}]},{"@type":"ImageObject","inLanguage":"en-US","@id":"https:\/\/att-investments.eu\/en\/produkt\/tereza-ring\/#primaryimage","url":"https:\/\/att-investments.eu\/wp-content\/uploads\/2021\/11\/1-5.jpg","contentUrl":"https:\/\/att-investments.eu\/wp-content\/uploads\/2021\/11\/1-5.jpg","width":1800,"height":1119},{"@type":"BreadcrumbList","@id":"https:\/\/att-investments.eu\/en\/produkt\/tereza-ring\/#breadcrumb","itemListElement":[{"@type":"ListItem","position":1,"name":"Dom\u016f","item":"https:\/\/att-investments.eu\/en\/"},{"@type":"ListItem","position":2,"name":"Shop","item":"https:\/\/att-investments.eu\/en\/shop\/"},{"@type":"ListItem","position":3,"name":"TEREZA ring"}]},{"@type":"WebSite","@id":"https:\/\/att-investments.eu\/#website","url":"https:\/\/att-investments.eu\/","name":"Investujte do budoucnosti - ATT Investments","description":"Chr\u00e1n\u00edme hodnotu Va\u0161ich pen\u011bz","publisher":{"@id":"https:\/\/att-investments.eu\/#organization"},"potentialAction":[{"@type":"SearchAction","target":{"@type":"EntryPoint","urlTemplate":"https:\/\/att-investments.eu\/?s={search_term_string}"},"query-input":"required name=search_term_string"}],"inLanguage":"en-US"},{"@type":"Organization","@id":"https:\/\/att-investments.eu\/#organization","name":"Investujte do budoucnosti - ATT Investments","url":"https:\/\/att-investments.eu\/","logo":{"@type":"ImageObject","inLanguage":"en-US","@id":"https:\/\/att-investments.eu\/#\/schema\/logo\/image\/","url":"https:\/\/att-investments.eu\/wp-content\/uploads\/2021\/10\/SvgjsG1008.png","contentUrl":"https:\/\/att-investments.eu\/wp-content\/uploads\/2021\/10\/SvgjsG1008.png","width":857,"height":138,"caption":"Investujte do budoucnosti - ATT Investments"},"image":{"@id":"https:\/\/att-investments.eu\/#\/schema\/logo\/image\/"}}]}},"_links":{"self":[{"href":"https:\/\/att-investments.eu\/en\/wp-json\/wp\/v2\/product\/8152","targetHints":{"allow":["GET"]}}],"collection":[{"href":"https:\/\/att-investments.eu\/en\/wp-json\/wp\/v2\/product"}],"about":[{"href":"https:\/\/att-investments.eu\/en\/wp-json\/wp\/v2\/types\/product"}],"wp:featuredmedia":[{"embeddable":true,"href":"https:\/\/att-investments.eu\/en\/wp-json\/wp\/v2\/media\/6821"}],"wp:attachment":[{"href":"https:\/\/att-investments.eu\/en\/wp-json\/wp\/v2\/media?parent=8152"}],"wp:term":[{"taxonomy":"product_cat","embeddable":true,"href":"https:\/\/att-investments.eu\/en\/wp-json\/wp\/v2\/product_cat?post=8152"},{"taxonomy":"product_tag","embeddable":true,"href":"https:\/\/att-investments.eu\/en\/wp-json\/wp\/v2\/product_tag?post=8152"}],"curies":[{"name":"wp","href":"https:\/\/api.w.org\/{rel}","templated":true}]}}