{"id":7958,"date":"2022-01-13T14:42:04","date_gmt":"2022-01-13T13:42:04","guid":{"rendered":"https:\/\/att-investments.eu\/produkt\/exkluzivni-kozene-pouzdro\/"},"modified":"2022-01-16T11:22:33","modified_gmt":"2022-01-16T10:22:33","slug":"exclusive-leather-case","status":"publish","type":"product","link":"https:\/\/att-investments.eu\/en\/produkt\/exclusive-leather-case\/","title":{"rendered":"Exclusive leather case"},"content":{"rendered":"","protected":false},"excerpt":{"rendered":"<p><strong>The price includes VAT<\/strong><\/p>\n<p>Exclusive leather case with Cuervo y Sobrinos logo for 3 cigars.<\/p>\n","protected":false},"featured_media":7959,"template":"","meta":{"_acf_changed":false},"product_cat":[341,327],"product_tag":[],"class_list":{"0":"post-7958","1":"product","2":"type-product","3":"status-publish","4":"has-post-thumbnail","6":"product_cat-accessories","7":"product_cat-watches","9":"first","10":"instock","11":"shipping-taxable","12":"product-type-simple"},"acf":[],"yoast_head":"<!-- This site is optimized with the Yoast SEO plugin v22.8 - https:\/\/yoast.com\/wordpress\/plugins\/seo\/ -->\n<title>Exclusive leather case - Investujte do budoucnosti - ATT Investments<\/title>\n<meta name=\"description\" content=\"Exkluzivn\u00ed ko\u017een\u00e9 pouzdro s logem Cuervo y Sobrinos pro 3 kusy doutn\u00edk\u016f. P\u00e1nske hodinky a D\u00e1mske hodinky Cuervo y Sobrinos v nab\u00eddce od ATT Investments.\" \/>\n<meta name=\"robots\" content=\"index, follow, max-snippet:-1, max-image-preview:large, max-video-preview:-1\" \/>\n<link rel=\"canonical\" href=\"https:\/\/att-investments.eu\/en\/produkt\/exclusive-leather-case\/\" \/>\n<meta property=\"og:locale\" content=\"en_US\" \/>\n<meta property=\"og:type\" content=\"article\" \/>\n<meta property=\"og:title\" content=\"Exclusive leather case - Investujte do budoucnosti - ATT Investments\" \/>\n<meta property=\"og:description\" content=\"Exkluzivn\u00ed ko\u017een\u00e9 pouzdro s logem Cuervo y Sobrinos pro 3 kusy doutn\u00edk\u016f. P\u00e1nske hodinky a D\u00e1mske hodinky Cuervo y Sobrinos v nab\u00eddce od ATT Investments.\" \/>\n<meta property=\"og:url\" content=\"https:\/\/att-investments.eu\/en\/produkt\/exclusive-leather-case\/\" \/>\n<meta property=\"og:site_name\" content=\"Investujte do budoucnosti - ATT Investments\" \/>\n<meta property=\"article:modified_time\" content=\"2022-01-16T10:22:33+00:00\" \/>\n<meta property=\"og:image\" content=\"https:\/\/att-investments.eu\/wp-content\/uploads\/2022\/01\/Puzdro-cigary-3-ks.png\" \/>\n\t<meta property=\"og:image:width\" content=\"2000\" \/>\n\t<meta property=\"og:image:height\" content=\"2000\" \/>\n\t<meta property=\"og:image:type\" content=\"image\/png\" \/>\n<meta name=\"twitter:card\" content=\"summary_large_image\" \/>\n<script type=\"application\/ld+json\" class=\"yoast-schema-graph\">{\"@context\":\"https:\/\/schema.org\",\"@graph\":[{\"@type\":\"WebPage\",\"@id\":\"https:\/\/att-investments.eu\/en\/produkt\/exclusive-leather-case\/\",\"url\":\"https:\/\/att-investments.eu\/en\/produkt\/exclusive-leather-case\/\",\"name\":\"Exclusive leather case - Investujte do budoucnosti - ATT Investments\",\"isPartOf\":{\"@id\":\"https:\/\/att-investments.eu\/#website\"},\"primaryImageOfPage\":{\"@id\":\"https:\/\/att-investments.eu\/en\/produkt\/exclusive-leather-case\/#primaryimage\"},\"image\":{\"@id\":\"https:\/\/att-investments.eu\/en\/produkt\/exclusive-leather-case\/#primaryimage\"},\"thumbnailUrl\":\"https:\/\/att-investments.eu\/wp-content\/uploads\/2022\/01\/Puzdro-cigary-3-ks.png\",\"datePublished\":\"2022-01-13T13:42:04+00:00\",\"dateModified\":\"2022-01-16T10:22:33+00:00\",\"description\":\"Exkluzivn\u00ed ko\u017een\u00e9 pouzdro s logem Cuervo y Sobrinos pro 3 kusy doutn\u00edk\u016f. P\u00e1nske hodinky a D\u00e1mske hodinky Cuervo y Sobrinos v nab\u00eddce od ATT Investments.\",\"breadcrumb\":{\"@id\":\"https:\/\/att-investments.eu\/en\/produkt\/exclusive-leather-case\/#breadcrumb\"},\"inLanguage\":\"en-US\",\"potentialAction\":[{\"@type\":\"ReadAction\",\"target\":[\"https:\/\/att-investments.eu\/en\/produkt\/exclusive-leather-case\/\"]}]},{\"@type\":\"ImageObject\",\"inLanguage\":\"en-US\",\"@id\":\"https:\/\/att-investments.eu\/en\/produkt\/exclusive-leather-case\/#primaryimage\",\"url\":\"https:\/\/att-investments.eu\/wp-content\/uploads\/2022\/01\/Puzdro-cigary-3-ks.png\",\"contentUrl\":\"https:\/\/att-investments.eu\/wp-content\/uploads\/2022\/01\/Puzdro-cigary-3-ks.png\",\"width\":2000,\"height\":2000},{\"@type\":\"BreadcrumbList\",\"@id\":\"https:\/\/att-investments.eu\/en\/produkt\/exclusive-leather-case\/#breadcrumb\",\"itemListElement\":[{\"@type\":\"ListItem\",\"position\":1,\"name\":\"Dom\u016f\",\"item\":\"https:\/\/att-investments.eu\/en\/\"},{\"@type\":\"ListItem\",\"position\":2,\"name\":\"Shop\",\"item\":\"https:\/\/att-investments.eu\/en\/shop\/\"},{\"@type\":\"ListItem\",\"position\":3,\"name\":\"Exclusive leather case\"}]},{\"@type\":\"WebSite\",\"@id\":\"https:\/\/att-investments.eu\/#website\",\"url\":\"https:\/\/att-investments.eu\/\",\"name\":\"Investujte do budoucnosti - ATT Investments\",\"description\":\"Chr\u00e1n\u00edme hodnotu Va\u0161ich pen\u011bz\",\"publisher\":{\"@id\":\"https:\/\/att-investments.eu\/#organization\"},\"potentialAction\":[{\"@type\":\"SearchAction\",\"target\":{\"@type\":\"EntryPoint\",\"urlTemplate\":\"https:\/\/att-investments.eu\/?s={search_term_string}\"},\"query-input\":\"required name=search_term_string\"}],\"inLanguage\":\"en-US\"},{\"@type\":\"Organization\",\"@id\":\"https:\/\/att-investments.eu\/#organization\",\"name\":\"Investujte do budoucnosti - ATT Investments\",\"url\":\"https:\/\/att-investments.eu\/\",\"logo\":{\"@type\":\"ImageObject\",\"inLanguage\":\"en-US\",\"@id\":\"https:\/\/att-investments.eu\/#\/schema\/logo\/image\/\",\"url\":\"https:\/\/att-investments.eu\/wp-content\/uploads\/2021\/10\/SvgjsG1008.png\",\"contentUrl\":\"https:\/\/att-investments.eu\/wp-content\/uploads\/2021\/10\/SvgjsG1008.png\",\"width\":857,\"height\":138,\"caption\":\"Investujte do budoucnosti - ATT Investments\"},\"image\":{\"@id\":\"https:\/\/att-investments.eu\/#\/schema\/logo\/image\/\"}}]}<\/script>\n<!-- \/ Yoast SEO plugin. -->","yoast_head_json":{"title":"Exclusive leather case - Investujte do budoucnosti - ATT Investments","description":"Exkluzivn\u00ed ko\u017een\u00e9 pouzdro s logem Cuervo y Sobrinos pro 3 kusy doutn\u00edk\u016f. P\u00e1nske hodinky a D\u00e1mske hodinky Cuervo y Sobrinos v nab\u00eddce od ATT Investments.","robots":{"index":"index","follow":"follow","max-snippet":"max-snippet:-1","max-image-preview":"max-image-preview:large","max-video-preview":"max-video-preview:-1"},"canonical":"https:\/\/att-investments.eu\/en\/produkt\/exclusive-leather-case\/","og_locale":"en_US","og_type":"article","og_title":"Exclusive leather case - Investujte do budoucnosti - ATT Investments","og_description":"Exkluzivn\u00ed ko\u017een\u00e9 pouzdro s logem Cuervo y Sobrinos pro 3 kusy doutn\u00edk\u016f. P\u00e1nske hodinky a D\u00e1mske hodinky Cuervo y Sobrinos v nab\u00eddce od ATT Investments.","og_url":"https:\/\/att-investments.eu\/en\/produkt\/exclusive-leather-case\/","og_site_name":"Investujte do budoucnosti - ATT Investments","article_modified_time":"2022-01-16T10:22:33+00:00","og_image":[{"width":2000,"height":2000,"url":"https:\/\/att-investments.eu\/wp-content\/uploads\/2022\/01\/Puzdro-cigary-3-ks.png","type":"image\/png"}],"twitter_card":"summary_large_image","schema":{"@context":"https:\/\/schema.org","@graph":[{"@type":"WebPage","@id":"https:\/\/att-investments.eu\/en\/produkt\/exclusive-leather-case\/","url":"https:\/\/att-investments.eu\/en\/produkt\/exclusive-leather-case\/","name":"Exclusive leather case - Investujte do budoucnosti - ATT Investments","isPartOf":{"@id":"https:\/\/att-investments.eu\/#website"},"primaryImageOfPage":{"@id":"https:\/\/att-investments.eu\/en\/produkt\/exclusive-leather-case\/#primaryimage"},"image":{"@id":"https:\/\/att-investments.eu\/en\/produkt\/exclusive-leather-case\/#primaryimage"},"thumbnailUrl":"https:\/\/att-investments.eu\/wp-content\/uploads\/2022\/01\/Puzdro-cigary-3-ks.png","datePublished":"2022-01-13T13:42:04+00:00","dateModified":"2022-01-16T10:22:33+00:00","description":"Exkluzivn\u00ed ko\u017een\u00e9 pouzdro s logem Cuervo y Sobrinos pro 3 kusy doutn\u00edk\u016f. P\u00e1nske hodinky a D\u00e1mske hodinky Cuervo y Sobrinos v nab\u00eddce od ATT Investments.","breadcrumb":{"@id":"https:\/\/att-investments.eu\/en\/produkt\/exclusive-leather-case\/#breadcrumb"},"inLanguage":"en-US","potentialAction":[{"@type":"ReadAction","target":["https:\/\/att-investments.eu\/en\/produkt\/exclusive-leather-case\/"]}]},{"@type":"ImageObject","inLanguage":"en-US","@id":"https:\/\/att-investments.eu\/en\/produkt\/exclusive-leather-case\/#primaryimage","url":"https:\/\/att-investments.eu\/wp-content\/uploads\/2022\/01\/Puzdro-cigary-3-ks.png","contentUrl":"https:\/\/att-investments.eu\/wp-content\/uploads\/2022\/01\/Puzdro-cigary-3-ks.png","width":2000,"height":2000},{"@type":"BreadcrumbList","@id":"https:\/\/att-investments.eu\/en\/produkt\/exclusive-leather-case\/#breadcrumb","itemListElement":[{"@type":"ListItem","position":1,"name":"Dom\u016f","item":"https:\/\/att-investments.eu\/en\/"},{"@type":"ListItem","position":2,"name":"Shop","item":"https:\/\/att-investments.eu\/en\/shop\/"},{"@type":"ListItem","position":3,"name":"Exclusive leather case"}]},{"@type":"WebSite","@id":"https:\/\/att-investments.eu\/#website","url":"https:\/\/att-investments.eu\/","name":"Investujte do budoucnosti - ATT Investments","description":"Chr\u00e1n\u00edme hodnotu Va\u0161ich pen\u011bz","publisher":{"@id":"https:\/\/att-investments.eu\/#organization"},"potentialAction":[{"@type":"SearchAction","target":{"@type":"EntryPoint","urlTemplate":"https:\/\/att-investments.eu\/?s={search_term_string}"},"query-input":"required name=search_term_string"}],"inLanguage":"en-US"},{"@type":"Organization","@id":"https:\/\/att-investments.eu\/#organization","name":"Investujte do budoucnosti - ATT Investments","url":"https:\/\/att-investments.eu\/","logo":{"@type":"ImageObject","inLanguage":"en-US","@id":"https:\/\/att-investments.eu\/#\/schema\/logo\/image\/","url":"https:\/\/att-investments.eu\/wp-content\/uploads\/2021\/10\/SvgjsG1008.png","contentUrl":"https:\/\/att-investments.eu\/wp-content\/uploads\/2021\/10\/SvgjsG1008.png","width":857,"height":138,"caption":"Investujte do budoucnosti - ATT Investments"},"image":{"@id":"https:\/\/att-investments.eu\/#\/schema\/logo\/image\/"}}]}},"_links":{"self":[{"href":"https:\/\/att-investments.eu\/en\/wp-json\/wp\/v2\/product\/7958","targetHints":{"allow":["GET"]}}],"collection":[{"href":"https:\/\/att-investments.eu\/en\/wp-json\/wp\/v2\/product"}],"about":[{"href":"https:\/\/att-investments.eu\/en\/wp-json\/wp\/v2\/types\/product"}],"wp:featuredmedia":[{"embeddable":true,"href":"https:\/\/att-investments.eu\/en\/wp-json\/wp\/v2\/media\/7959"}],"wp:attachment":[{"href":"https:\/\/att-investments.eu\/en\/wp-json\/wp\/v2\/media?parent=7958"}],"wp:term":[{"taxonomy":"product_cat","embeddable":true,"href":"https:\/\/att-investments.eu\/en\/wp-json\/wp\/v2\/product_cat?post=7958"},{"taxonomy":"product_tag","embeddable":true,"href":"https:\/\/att-investments.eu\/en\/wp-json\/wp\/v2\/product_tag?post=7958"}],"curies":[{"name":"wp","href":"https:\/\/api.w.org\/{rel}","templated":true}]}}