{"id":7927,"date":"2021-11-08T09:58:24","date_gmt":"2021-11-08T08:58:24","guid":{"rendered":"https:\/\/att-investments.eu\/vykup-zlomkoveho-zlata-a-stribra\/"},"modified":"2022-01-16T10:49:32","modified_gmt":"2022-01-16T09:49:32","slug":"purchasing-fractional-gold-and-silver","status":"publish","type":"page","link":"https:\/\/att-investments.eu\/en\/purchasing-fractional-gold-and-silver\/","title":{"rendered":"Purchasing fractional gold and silver"},"content":{"rendered":"<p style=\"text-align: center;\">After taking ownership of the assets, we perform a chemical authenticity test, determine the purity of the gold or silver alloy and weigh it. Then we inform you by phone about the purchase price. If mutual consent is expressed, we will transfer the agreed upon amount to your bank account. We will be happy to welcome you at our branches.<\/p>\n","protected":false},"excerpt":{"rendered":"<p>After taking ownership of the assets, we perform a chemical authenticity test, determine the purity of the gold or silver alloy and&#8230;<\/p>\n","protected":false},"author":2,"featured_media":0,"parent":0,"menu_order":0,"comment_status":"closed","ping_status":"closed","template":"","meta":{"_acf_changed":false,"footnotes":""},"class_list":["post-7927","page","type-page","status-publish","hentry"],"acf":[],"yoast_head":"<!-- This site is optimized with the Yoast SEO plugin v22.8 - https:\/\/yoast.com\/wordpress\/plugins\/seo\/ -->\n<title>Purchasing fractional gold and silver - Investujte do budoucnosti - ATT Investments<\/title>\n<meta name=\"description\" content=\"Chra\u0148te hodnotu sv\u00fdch pen\u011bz. ATT Investments nab\u00edz\u00ed: investi\u010dn\u00ed zlato, st\u0159\u00edbro, platinu, zlat\u00e9 a st\u0159\u00edbrn\u00e9 mince, rub\u00edny, diamanty, \u0161perky a hodinky.\" \/>\n<meta name=\"robots\" content=\"index, follow, max-snippet:-1, max-image-preview:large, max-video-preview:-1\" \/>\n<link rel=\"canonical\" href=\"https:\/\/att-investments.eu\/en\/purchasing-fractional-gold-and-silver\/\" \/>\n<meta property=\"og:locale\" content=\"en_US\" \/>\n<meta property=\"og:type\" content=\"article\" \/>\n<meta property=\"og:title\" content=\"Purchasing fractional gold and silver - Investujte do budoucnosti - ATT Investments\" \/>\n<meta property=\"og:description\" content=\"Chra\u0148te hodnotu sv\u00fdch pen\u011bz. ATT Investments nab\u00edz\u00ed: investi\u010dn\u00ed zlato, st\u0159\u00edbro, platinu, zlat\u00e9 a st\u0159\u00edbrn\u00e9 mince, rub\u00edny, diamanty, \u0161perky a hodinky.\" \/>\n<meta property=\"og:url\" content=\"https:\/\/att-investments.eu\/en\/purchasing-fractional-gold-and-silver\/\" \/>\n<meta property=\"og:site_name\" content=\"Investujte do budoucnosti - ATT Investments\" \/>\n<meta property=\"article:modified_time\" content=\"2022-01-16T09:49:32+00:00\" \/>\n<meta name=\"twitter:card\" content=\"summary_large_image\" \/>\n<meta name=\"twitter:label1\" content=\"Est. reading time\" \/>\n\t<meta name=\"twitter:data1\" content=\"1 minute\" \/>\n<script type=\"application\/ld+json\" class=\"yoast-schema-graph\">{\"@context\":\"https:\/\/schema.org\",\"@graph\":[{\"@type\":\"WebPage\",\"@id\":\"https:\/\/att-investments.eu\/en\/purchasing-fractional-gold-and-silver\/\",\"url\":\"https:\/\/att-investments.eu\/en\/purchasing-fractional-gold-and-silver\/\",\"name\":\"Purchasing fractional gold and silver - Investujte do budoucnosti - ATT Investments\",\"isPartOf\":{\"@id\":\"https:\/\/att-investments.eu\/#website\"},\"datePublished\":\"2021-11-08T08:58:24+00:00\",\"dateModified\":\"2022-01-16T09:49:32+00:00\",\"description\":\"Chra\u0148te hodnotu sv\u00fdch pen\u011bz. ATT Investments nab\u00edz\u00ed: investi\u010dn\u00ed zlato, st\u0159\u00edbro, platinu, zlat\u00e9 a st\u0159\u00edbrn\u00e9 mince, rub\u00edny, diamanty, \u0161perky a hodinky.\",\"breadcrumb\":{\"@id\":\"https:\/\/att-investments.eu\/en\/purchasing-fractional-gold-and-silver\/#breadcrumb\"},\"inLanguage\":\"en-US\",\"potentialAction\":[{\"@type\":\"ReadAction\",\"target\":[\"https:\/\/att-investments.eu\/en\/purchasing-fractional-gold-and-silver\/\"]}]},{\"@type\":\"BreadcrumbList\",\"@id\":\"https:\/\/att-investments.eu\/en\/purchasing-fractional-gold-and-silver\/#breadcrumb\",\"itemListElement\":[{\"@type\":\"ListItem\",\"position\":1,\"name\":\"Dom\u016f\",\"item\":\"https:\/\/att-investments.eu\/en\/\"},{\"@type\":\"ListItem\",\"position\":2,\"name\":\"Purchasing fractional gold and silver\"}]},{\"@type\":\"WebSite\",\"@id\":\"https:\/\/att-investments.eu\/#website\",\"url\":\"https:\/\/att-investments.eu\/\",\"name\":\"Investujte do budoucnosti - ATT Investments\",\"description\":\"Chr\u00e1n\u00edme hodnotu Va\u0161ich pen\u011bz\",\"publisher\":{\"@id\":\"https:\/\/att-investments.eu\/#organization\"},\"potentialAction\":[{\"@type\":\"SearchAction\",\"target\":{\"@type\":\"EntryPoint\",\"urlTemplate\":\"https:\/\/att-investments.eu\/?s={search_term_string}\"},\"query-input\":\"required name=search_term_string\"}],\"inLanguage\":\"en-US\"},{\"@type\":\"Organization\",\"@id\":\"https:\/\/att-investments.eu\/#organization\",\"name\":\"Investujte do budoucnosti - ATT Investments\",\"url\":\"https:\/\/att-investments.eu\/\",\"logo\":{\"@type\":\"ImageObject\",\"inLanguage\":\"en-US\",\"@id\":\"https:\/\/att-investments.eu\/#\/schema\/logo\/image\/\",\"url\":\"https:\/\/att-investments.eu\/wp-content\/uploads\/2021\/10\/SvgjsG1008.png\",\"contentUrl\":\"https:\/\/att-investments.eu\/wp-content\/uploads\/2021\/10\/SvgjsG1008.png\",\"width\":857,\"height\":138,\"caption\":\"Investujte do budoucnosti - ATT Investments\"},\"image\":{\"@id\":\"https:\/\/att-investments.eu\/#\/schema\/logo\/image\/\"}}]}<\/script>\n<!-- \/ Yoast SEO plugin. -->","yoast_head_json":{"title":"Purchasing fractional gold and silver - Investujte do budoucnosti - ATT Investments","description":"Chra\u0148te hodnotu sv\u00fdch pen\u011bz. ATT Investments nab\u00edz\u00ed: investi\u010dn\u00ed zlato, st\u0159\u00edbro, platinu, zlat\u00e9 a st\u0159\u00edbrn\u00e9 mince, rub\u00edny, diamanty, \u0161perky a hodinky.","robots":{"index":"index","follow":"follow","max-snippet":"max-snippet:-1","max-image-preview":"max-image-preview:large","max-video-preview":"max-video-preview:-1"},"canonical":"https:\/\/att-investments.eu\/en\/purchasing-fractional-gold-and-silver\/","og_locale":"en_US","og_type":"article","og_title":"Purchasing fractional gold and silver - Investujte do budoucnosti - ATT Investments","og_description":"Chra\u0148te hodnotu sv\u00fdch pen\u011bz. ATT Investments nab\u00edz\u00ed: investi\u010dn\u00ed zlato, st\u0159\u00edbro, platinu, zlat\u00e9 a st\u0159\u00edbrn\u00e9 mince, rub\u00edny, diamanty, \u0161perky a hodinky.","og_url":"https:\/\/att-investments.eu\/en\/purchasing-fractional-gold-and-silver\/","og_site_name":"Investujte do budoucnosti - ATT Investments","article_modified_time":"2022-01-16T09:49:32+00:00","twitter_card":"summary_large_image","twitter_misc":{"Est. reading time":"1 minute"},"schema":{"@context":"https:\/\/schema.org","@graph":[{"@type":"WebPage","@id":"https:\/\/att-investments.eu\/en\/purchasing-fractional-gold-and-silver\/","url":"https:\/\/att-investments.eu\/en\/purchasing-fractional-gold-and-silver\/","name":"Purchasing fractional gold and silver - Investujte do budoucnosti - ATT Investments","isPartOf":{"@id":"https:\/\/att-investments.eu\/#website"},"datePublished":"2021-11-08T08:58:24+00:00","dateModified":"2022-01-16T09:49:32+00:00","description":"Chra\u0148te hodnotu sv\u00fdch pen\u011bz. ATT Investments nab\u00edz\u00ed: investi\u010dn\u00ed zlato, st\u0159\u00edbro, platinu, zlat\u00e9 a st\u0159\u00edbrn\u00e9 mince, rub\u00edny, diamanty, \u0161perky a hodinky.","breadcrumb":{"@id":"https:\/\/att-investments.eu\/en\/purchasing-fractional-gold-and-silver\/#breadcrumb"},"inLanguage":"en-US","potentialAction":[{"@type":"ReadAction","target":["https:\/\/att-investments.eu\/en\/purchasing-fractional-gold-and-silver\/"]}]},{"@type":"BreadcrumbList","@id":"https:\/\/att-investments.eu\/en\/purchasing-fractional-gold-and-silver\/#breadcrumb","itemListElement":[{"@type":"ListItem","position":1,"name":"Dom\u016f","item":"https:\/\/att-investments.eu\/en\/"},{"@type":"ListItem","position":2,"name":"Purchasing fractional gold and silver"}]},{"@type":"WebSite","@id":"https:\/\/att-investments.eu\/#website","url":"https:\/\/att-investments.eu\/","name":"Investujte do budoucnosti - ATT Investments","description":"Chr\u00e1n\u00edme hodnotu Va\u0161ich pen\u011bz","publisher":{"@id":"https:\/\/att-investments.eu\/#organization"},"potentialAction":[{"@type":"SearchAction","target":{"@type":"EntryPoint","urlTemplate":"https:\/\/att-investments.eu\/?s={search_term_string}"},"query-input":"required name=search_term_string"}],"inLanguage":"en-US"},{"@type":"Organization","@id":"https:\/\/att-investments.eu\/#organization","name":"Investujte do budoucnosti - ATT Investments","url":"https:\/\/att-investments.eu\/","logo":{"@type":"ImageObject","inLanguage":"en-US","@id":"https:\/\/att-investments.eu\/#\/schema\/logo\/image\/","url":"https:\/\/att-investments.eu\/wp-content\/uploads\/2021\/10\/SvgjsG1008.png","contentUrl":"https:\/\/att-investments.eu\/wp-content\/uploads\/2021\/10\/SvgjsG1008.png","width":857,"height":138,"caption":"Investujte do budoucnosti - ATT Investments"},"image":{"@id":"https:\/\/att-investments.eu\/#\/schema\/logo\/image\/"}}]}},"_links":{"self":[{"href":"https:\/\/att-investments.eu\/en\/wp-json\/wp\/v2\/pages\/7927","targetHints":{"allow":["GET"]}}],"collection":[{"href":"https:\/\/att-investments.eu\/en\/wp-json\/wp\/v2\/pages"}],"about":[{"href":"https:\/\/att-investments.eu\/en\/wp-json\/wp\/v2\/types\/page"}],"author":[{"embeddable":true,"href":"https:\/\/att-investments.eu\/en\/wp-json\/wp\/v2\/users\/2"}],"replies":[{"embeddable":true,"href":"https:\/\/att-investments.eu\/en\/wp-json\/wp\/v2\/comments?post=7927"}],"version-history":[{"count":4,"href":"https:\/\/att-investments.eu\/en\/wp-json\/wp\/v2\/pages\/7927\/revisions"}],"predecessor-version":[{"id":7931,"href":"https:\/\/att-investments.eu\/en\/wp-json\/wp\/v2\/pages\/7927\/revisions\/7931"}],"wp:attachment":[{"href":"https:\/\/att-investments.eu\/en\/wp-json\/wp\/v2\/media?parent=7927"}],"curies":[{"name":"wp","href":"https:\/\/api.w.org\/{rel}","templated":true}]}}