{"id":2022,"date":"2021-09-24T19:49:50","date_gmt":"2021-09-24T17:49:50","guid":{"rendered":"https:\/\/att-investments.eu\/diamanty\/"},"modified":"2022-01-15T18:07:03","modified_gmt":"2022-01-15T17:07:03","slug":"diamonds","status":"publish","type":"page","link":"https:\/\/att-investments.eu\/en\/diamonds\/","title":{"rendered":"Diamonds"},"content":{"rendered":"","protected":false},"excerpt":{"rendered":"","protected":false},"author":2,"featured_media":0,"parent":0,"menu_order":0,"comment_status":"closed","ping_status":"closed","template":"template-parts\/page-ponuka-diamanty.php","meta":{"_acf_changed":false,"footnotes":""},"class_list":["post-2022","page","type-page","status-publish","hentry"],"acf":[],"yoast_head":"<!-- This site is optimized with the Yoast SEO plugin v22.8 - https:\/\/yoast.com\/wordpress\/plugins\/seo\/ -->\n<title>Diamonds - Investujte do budoucnosti - ATT Investments<\/title>\n<meta name=\"robots\" content=\"index, follow, max-snippet:-1, max-image-preview:large, max-video-preview:-1\" \/>\n<link rel=\"canonical\" href=\"https:\/\/att-investments.eu\/en\/diamonds\/\" \/>\n<meta property=\"og:locale\" content=\"en_US\" \/>\n<meta property=\"og:type\" content=\"article\" \/>\n<meta property=\"og:title\" content=\"Diamonds - Investujte do budoucnosti - ATT Investments\" \/>\n<meta property=\"og:url\" content=\"https:\/\/att-investments.eu\/en\/diamonds\/\" \/>\n<meta property=\"og:site_name\" content=\"Investujte do budoucnosti - ATT Investments\" \/>\n<meta property=\"article:modified_time\" content=\"2022-01-15T17:07:03+00:00\" \/>\n<meta name=\"twitter:card\" content=\"summary_large_image\" \/>\n<script type=\"application\/ld+json\" class=\"yoast-schema-graph\">{\"@context\":\"https:\/\/schema.org\",\"@graph\":[{\"@type\":\"WebPage\",\"@id\":\"https:\/\/att-investments.eu\/en\/diamonds\/\",\"url\":\"https:\/\/att-investments.eu\/en\/diamonds\/\",\"name\":\"Diamonds - Investujte do budoucnosti - ATT Investments\",\"isPartOf\":{\"@id\":\"https:\/\/att-investments.eu\/#website\"},\"datePublished\":\"2021-09-24T17:49:50+00:00\",\"dateModified\":\"2022-01-15T17:07:03+00:00\",\"breadcrumb\":{\"@id\":\"https:\/\/att-investments.eu\/en\/diamonds\/#breadcrumb\"},\"inLanguage\":\"en-US\",\"potentialAction\":[{\"@type\":\"ReadAction\",\"target\":[\"https:\/\/att-investments.eu\/en\/diamonds\/\"]}]},{\"@type\":\"BreadcrumbList\",\"@id\":\"https:\/\/att-investments.eu\/en\/diamonds\/#breadcrumb\",\"itemListElement\":[{\"@type\":\"ListItem\",\"position\":1,\"name\":\"Dom\u016f\",\"item\":\"https:\/\/att-investments.eu\/en\/\"},{\"@type\":\"ListItem\",\"position\":2,\"name\":\"Diamonds\"}]},{\"@type\":\"WebSite\",\"@id\":\"https:\/\/att-investments.eu\/#website\",\"url\":\"https:\/\/att-investments.eu\/\",\"name\":\"Investujte do budoucnosti - ATT Investments\",\"description\":\"Chr\u00e1n\u00edme hodnotu Va\u0161ich pen\u011bz\",\"publisher\":{\"@id\":\"https:\/\/att-investments.eu\/#organization\"},\"potentialAction\":[{\"@type\":\"SearchAction\",\"target\":{\"@type\":\"EntryPoint\",\"urlTemplate\":\"https:\/\/att-investments.eu\/?s={search_term_string}\"},\"query-input\":\"required name=search_term_string\"}],\"inLanguage\":\"en-US\"},{\"@type\":\"Organization\",\"@id\":\"https:\/\/att-investments.eu\/#organization\",\"name\":\"Investujte do budoucnosti - ATT Investments\",\"url\":\"https:\/\/att-investments.eu\/\",\"logo\":{\"@type\":\"ImageObject\",\"inLanguage\":\"en-US\",\"@id\":\"https:\/\/att-investments.eu\/#\/schema\/logo\/image\/\",\"url\":\"https:\/\/att-investments.eu\/wp-content\/uploads\/2021\/10\/SvgjsG1008.png\",\"contentUrl\":\"https:\/\/att-investments.eu\/wp-content\/uploads\/2021\/10\/SvgjsG1008.png\",\"width\":857,\"height\":138,\"caption\":\"Investujte do budoucnosti - ATT Investments\"},\"image\":{\"@id\":\"https:\/\/att-investments.eu\/#\/schema\/logo\/image\/\"}}]}<\/script>\n<!-- \/ Yoast SEO plugin. -->","yoast_head_json":{"title":"Diamonds - Investujte do budoucnosti - ATT Investments","robots":{"index":"index","follow":"follow","max-snippet":"max-snippet:-1","max-image-preview":"max-image-preview:large","max-video-preview":"max-video-preview:-1"},"canonical":"https:\/\/att-investments.eu\/en\/diamonds\/","og_locale":"en_US","og_type":"article","og_title":"Diamonds - Investujte do budoucnosti - ATT Investments","og_url":"https:\/\/att-investments.eu\/en\/diamonds\/","og_site_name":"Investujte do budoucnosti - ATT Investments","article_modified_time":"2022-01-15T17:07:03+00:00","twitter_card":"summary_large_image","schema":{"@context":"https:\/\/schema.org","@graph":[{"@type":"WebPage","@id":"https:\/\/att-investments.eu\/en\/diamonds\/","url":"https:\/\/att-investments.eu\/en\/diamonds\/","name":"Diamonds - Investujte do budoucnosti - ATT Investments","isPartOf":{"@id":"https:\/\/att-investments.eu\/#website"},"datePublished":"2021-09-24T17:49:50+00:00","dateModified":"2022-01-15T17:07:03+00:00","breadcrumb":{"@id":"https:\/\/att-investments.eu\/en\/diamonds\/#breadcrumb"},"inLanguage":"en-US","potentialAction":[{"@type":"ReadAction","target":["https:\/\/att-investments.eu\/en\/diamonds\/"]}]},{"@type":"BreadcrumbList","@id":"https:\/\/att-investments.eu\/en\/diamonds\/#breadcrumb","itemListElement":[{"@type":"ListItem","position":1,"name":"Dom\u016f","item":"https:\/\/att-investments.eu\/en\/"},{"@type":"ListItem","position":2,"name":"Diamonds"}]},{"@type":"WebSite","@id":"https:\/\/att-investments.eu\/#website","url":"https:\/\/att-investments.eu\/","name":"Investujte do budoucnosti - ATT Investments","description":"Chr\u00e1n\u00edme hodnotu Va\u0161ich pen\u011bz","publisher":{"@id":"https:\/\/att-investments.eu\/#organization"},"potentialAction":[{"@type":"SearchAction","target":{"@type":"EntryPoint","urlTemplate":"https:\/\/att-investments.eu\/?s={search_term_string}"},"query-input":"required name=search_term_string"}],"inLanguage":"en-US"},{"@type":"Organization","@id":"https:\/\/att-investments.eu\/#organization","name":"Investujte do budoucnosti - ATT Investments","url":"https:\/\/att-investments.eu\/","logo":{"@type":"ImageObject","inLanguage":"en-US","@id":"https:\/\/att-investments.eu\/#\/schema\/logo\/image\/","url":"https:\/\/att-investments.eu\/wp-content\/uploads\/2021\/10\/SvgjsG1008.png","contentUrl":"https:\/\/att-investments.eu\/wp-content\/uploads\/2021\/10\/SvgjsG1008.png","width":857,"height":138,"caption":"Investujte do budoucnosti - ATT Investments"},"image":{"@id":"https:\/\/att-investments.eu\/#\/schema\/logo\/image\/"}}]}},"_links":{"self":[{"href":"https:\/\/att-investments.eu\/en\/wp-json\/wp\/v2\/pages\/2022","targetHints":{"allow":["GET"]}}],"collection":[{"href":"https:\/\/att-investments.eu\/en\/wp-json\/wp\/v2\/pages"}],"about":[{"href":"https:\/\/att-investments.eu\/en\/wp-json\/wp\/v2\/types\/page"}],"author":[{"embeddable":true,"href":"https:\/\/att-investments.eu\/en\/wp-json\/wp\/v2\/users\/2"}],"replies":[{"embeddable":true,"href":"https:\/\/att-investments.eu\/en\/wp-json\/wp\/v2\/comments?post=2022"}],"version-history":[{"count":3,"href":"https:\/\/att-investments.eu\/en\/wp-json\/wp\/v2\/pages\/2022\/revisions"}],"predecessor-version":[{"id":7787,"href":"https:\/\/att-investments.eu\/en\/wp-json\/wp\/v2\/pages\/2022\/revisions\/7787"}],"wp:attachment":[{"href":"https:\/\/att-investments.eu\/en\/wp-json\/wp\/v2\/media?parent=2022"}],"curies":[{"name":"wp","href":"https:\/\/api.w.org\/{rel}","templated":true}]}}